{"id":11266,"date":"2026-01-15T09:24:29","date_gmt":"2026-01-15T08:24:29","guid":{"rendered":"https:\/\/calendula.hu\/?page_id=11266"},"modified":"2026-02-20T15:57:55","modified_gmt":"2026-02-20T14:57:55","slug":"vastagbeltukrozes","status":"publish","type":"page","link":"https:\/\/calendula.hu\/de\/vastagbeltukrozes\/","title":{"rendered":"Koloskopie"},"content":{"rendered":"<div data-elementor-type=\"wp-page\" data-elementor-id=\"11266\" class=\"elementor elementor-11266\" data-elementor-post-type=\"page\">\n\t\t\t\t<div class=\"elementor-element elementor-element-a0cc2ad e-con-full e-flex e-con e-parent\" data-id=\"a0cc2ad\" data-element_type=\"container\" data-e-type=\"container\">\n\t\t\t\t<div class=\"elementor-element elementor-element-3bf4c1d elementor-align-left elementor-widget elementor-widget-pages-banner\" data-id=\"3bf4c1d\" data-element_type=\"widget\" data-e-type=\"widget\" data-widget_type=\"pages-banner.default\">\n\t\t\t\t<div class=\"elementor-widget-container\">\n\t\t\t\t\t\r\n\t\t\t\t<div class=\"banner-header section-padding valign bg-img bg-fixed\" data-overlay-dark=\"4\" data-background=\"https:\/\/calendula.hu\/wp-content\/uploads\/2026\/01\/calendula-vastagbel-tukrozes-banner.jpg\">\r\n\t\t\t\t\t<div class=\"container\">\r\n\t\t\t\t<div class=\"row\">\r\n\t\t\t\t\t<div class=\"col-md-12 caption mt-90\">\r\n\t\t\t\t\t\t\t\t\t\t\t\t\t\t\t\t\t\t<h1>Koloskopie<\/h1>\r\n\t\t\t\t\t\t\t\t\t\t\t<\/div>\r\n\t\t\t\t<\/div>\r\n\t\t\t<\/div>\r\n\t\t<\/div>\r\n\r\n\t\t\t\t\t<\/div>\n\t\t\t\t<\/div>\n\t\t\t\t<\/div>\n\t\t<div class=\"elementor-element elementor-element-de62664 e-flex e-con-boxed e-con e-parent\" data-id=\"de62664\" data-element_type=\"container\" data-e-type=\"container\" data-settings=\"{&quot;shape_divider_top&quot;:&quot;opacity-fan&quot;,&quot;shape_divider_bottom&quot;:&quot;opacity-fan&quot;}\">\n\t\t\t\t\t<div class=\"e-con-inner\">\n\t\t\t\t<div class=\"elementor-shape elementor-shape-top\" aria-hidden=\"true\" data-negative=\"false\">\n\t\t\t<svg xmlns=\"http:\/\/www.w3.org\/2000\/svg\" viewbox=\"0 0 283.5 19.6\" preserveaspectratio=\"none\">\n\t<path class=\"elementor-shape-fill\" style=\"opacity:0.33\" d=\"M0 0L0 18.8 141.8 4.1 283.5 18.8 283.5 0z\"\/>\n\t<path class=\"elementor-shape-fill\" style=\"opacity:0.33\" d=\"M0 0L0 12.6 141.8 4 283.5 12.6 283.5 0z\"\/>\n\t<path class=\"elementor-shape-fill\" style=\"opacity:0.33\" d=\"M0 0L0 6.4 141.8 4 283.5 6.4 283.5 0z\"\/>\n\t<path class=\"elementor-shape-fill\" d=\"M0 0L0 1.2 141.8 4 283.5 1.2 283.5 0z\"\/>\n<\/svg>\t\t<\/div>\n\t\t\t\t<div class=\"elementor-shape elementor-shape-bottom\" aria-hidden=\"true\" data-negative=\"false\">\n\t\t\t<svg xmlns=\"http:\/\/www.w3.org\/2000\/svg\" viewbox=\"0 0 283.5 19.6\" preserveaspectratio=\"none\">\n\t<path class=\"elementor-shape-fill\" style=\"opacity:0.33\" d=\"M0 0L0 18.8 141.8 4.1 283.5 18.8 283.5 0z\"\/>\n\t<path class=\"elementor-shape-fill\" style=\"opacity:0.33\" d=\"M0 0L0 12.6 141.8 4 283.5 12.6 283.5 0z\"\/>\n\t<path class=\"elementor-shape-fill\" style=\"opacity:0.33\" d=\"M0 0L0 6.4 141.8 4 283.5 6.4 283.5 0z\"\/>\n\t<path class=\"elementor-shape-fill\" d=\"M0 0L0 1.2 141.8 4 283.5 1.2 283.5 0z\"\/>\n<\/svg>\t\t<\/div>\n\t\t<div class=\"elementor-element elementor-element-4e3d930 e-grid e-con-full e-con e-child\" data-id=\"4e3d930\" data-element_type=\"container\" data-e-type=\"container\">\n\t\t<div class=\"elementor-element elementor-element-31f9fb4 e-con-full e-flex e-con e-child\" data-id=\"31f9fb4\" data-element_type=\"container\" data-e-type=\"container\">\n\t\t\t\t<div class=\"elementor-element elementor-element-bd90a4b elementor-widget elementor-widget-heading\" data-id=\"bd90a4b\" data-element_type=\"widget\" data-e-type=\"widget\" data-widget_type=\"heading.default\">\n\t\t\t\t<div class=\"elementor-widget-container\">\n\t\t\t\t\t<h3 class=\"elementor-heading-title elementor-size-default\">Dr. J\u00e1nos Kers\u00e1k empf\u00e4ngt Patienten in unserer Klinik zu gastroenterologischen Untersuchungen mit jahrzehntelanger Erfahrung und herausragender fachlicher Kompetenz. W\u00e4hrend der Koloskopie untersucht er die gesamte innere Oberfl\u00e4che des Dickdarms sowie den letzten Abschnitt des D\u00fcnndarms mit einem flexiblen Instrument, das mit Kamera und Lichtquelle ausgestattet ist. Ziel der Koloskopie ist die fr\u00fchzeitige Erkennung von Dickdarmerkrankungen \u2013 wie Entz\u00fcndungen, Polypen und Tumoren \u2013 oder die Abkl\u00e4rung der Ursachen von Symptomen (Blutungen, Durchfall, Schmerzen). Die Untersuchungen werden unter Sedierung durchgef\u00fchrt.<\/h3>\t\t\t\t<\/div>\n\t\t\t\t<\/div>\n\t\t\t\t<\/div>\n\t\t<div class=\"elementor-element elementor-element-7705ac4 e-con-full e-flex e-con e-child\" data-id=\"7705ac4\" data-element_type=\"container\" data-e-type=\"container\">\n\t\t\t\t<div class=\"elementor-element elementor-element-22eef3c elementor-widget elementor-widget-image\" data-id=\"22eef3c\" data-element_type=\"widget\" data-e-type=\"widget\" data-widget_type=\"image.default\">\n\t\t\t\t<div class=\"elementor-widget-container\">\n\t\t\t\t\t\t\t\t\t\t\t\t\t\t\t<img loading=\"lazy\" decoding=\"async\" width=\"2000\" height=\"2437\" src=\"https:\/\/calendula.hu\/wp-content\/uploads\/2026\/01\/calendula-vastagbel-tukrozes.jpg\" class=\"attachment-full size-full wp-image-11418\" alt=\"calendula-vastagbel-tukrozes\" srcset=\"https:\/\/calendula.hu\/wp-content\/uploads\/2026\/01\/calendula-vastagbel-tukrozes.jpg 2000w, https:\/\/calendula.hu\/wp-content\/uploads\/2026\/01\/calendula-vastagbel-tukrozes-246x300.jpg 246w, https:\/\/calendula.hu\/wp-content\/uploads\/2026\/01\/calendula-vastagbel-tukrozes-840x1024.jpg 840w, https:\/\/calendula.hu\/wp-content\/uploads\/2026\/01\/calendula-vastagbel-tukrozes-768x936.jpg 768w, https:\/\/calendula.hu\/wp-content\/uploads\/2026\/01\/calendula-vastagbel-tukrozes-1261x1536.jpg 1261w, https:\/\/calendula.hu\/wp-content\/uploads\/2026\/01\/calendula-vastagbel-tukrozes-1681x2048.jpg 1681w\" sizes=\"auto, (max-width: 2000px) 100vw, 2000px\" \/>\t\t\t\t\t\t\t\t\t\t\t\t\t\t\t<\/div>\n\t\t\t\t<\/div>\n\t\t\t\t<\/div>\n\t\t\t\t<\/div>\n\t\t\t\t\t<\/div>\n\t\t\t\t<\/div>\n\t\t\t\t<\/div>","protected":false},"excerpt":{"rendered":"<p>Vastagb\u00e9lt\u00fckr\u00f6z\u00e9s Dr. Kers\u00e1k J\u00e1nos, t\u00f6bb \u00e9vtizedes tapasztalat\u00e1val \u00e9s kiemelked\u0151 szakmai tud\u00e1s\u00e1val v\u00e1rja a p\u00e1cienseket klinik\u00e1nkon gasztroenteorol\u00f3giai vizsg\u00e1latokra. A vastagb\u00e9lt\u00fckr\u00f6z\u00e9s sor\u00e1n hajl\u00e9kony, kamer\u00e1val \u00e9s f\u00e9nyforr\u00e1ssal ell\u00e1tott eszk\u00f6zzel vizsg\u00e1lja \u00e1t a teljes vastagb\u00e9l bels\u0151 felsz\u00edn\u00e9t, valamint a v\u00e9konyb\u00e9l utols\u00f3 szakasz\u00e1t. A kolonoszk\u00f3pia c\u00e9lje a vastagb\u00e9lbetegs\u00e9gek &#8211; gyullad\u00e1sok, polipok, daganatok &#8211; korai felismer\u00e9se vagy a t\u00fcnetek (v\u00e9rz\u00e9s, hasmen\u00e9s, [&hellip;]<\/p>\n","protected":false},"author":9,"featured_media":0,"parent":0,"menu_order":0,"comment_status":"closed","ping_status":"closed","template":"page-templates\/dark-sidebar.php","meta":{"footnotes":""},"class_list":["post-11266","page","type-page","status-publish","hentry"],"yoast_head":"<!-- This site is optimized with the Yoast SEO Premium plugin v19.5 (Yoast SEO v27.4) - https:\/\/yoast.com\/product\/yoast-seo-premium-wordpress\/ -->\n<title>Vastagb\u00e9lt\u00fckr\u00f6z\u00e9s - Calendula Klinika - Si\u00f3fok<\/title>\n<meta name=\"robots\" content=\"index, follow, max-snippet:-1, max-image-preview:large, max-video-preview:-1\" \/>\n<link rel=\"canonical\" href=\"https:\/\/calendula.hu\/de\/vastagbeltukrozes\/\" \/>\n<meta property=\"og:locale\" content=\"de_DE\" \/>\n<meta property=\"og:type\" content=\"article\" \/>\n<meta property=\"og:title\" content=\"Vastagb\u00e9lt\u00fckr\u00f6z\u00e9s\" \/>\n<meta property=\"og:description\" content=\"Vastagb\u00e9lt\u00fckr\u00f6z\u00e9s Dr. Kers\u00e1k J\u00e1nos, t\u00f6bb \u00e9vtizedes tapasztalat\u00e1val \u00e9s kiemelked\u0151 szakmai tud\u00e1s\u00e1val v\u00e1rja a p\u00e1cienseket klinik\u00e1nkon gasztroenteorol\u00f3giai vizsg\u00e1latokra. A vastagb\u00e9lt\u00fckr\u00f6z\u00e9s sor\u00e1n hajl\u00e9kony, kamer\u00e1val \u00e9s f\u00e9nyforr\u00e1ssal ell\u00e1tott eszk\u00f6zzel vizsg\u00e1lja \u00e1t a teljes vastagb\u00e9l bels\u0151 felsz\u00edn\u00e9t, valamint a v\u00e9konyb\u00e9l utols\u00f3 szakasz\u00e1t. A kolonoszk\u00f3pia c\u00e9lje a vastagb\u00e9lbetegs\u00e9gek &#8211; gyullad\u00e1sok, polipok, daganatok &#8211; korai felismer\u00e9se vagy a t\u00fcnetek (v\u00e9rz\u00e9s, hasmen\u00e9s, [&hellip;]\" \/>\n<meta property=\"og:url\" content=\"https:\/\/calendula.hu\/de\/vastagbeltukrozes\/\" \/>\n<meta property=\"og:site_name\" content=\"Calendula Klinika - Si\u00f3fok\" \/>\n<meta property=\"article:modified_time\" content=\"2026-02-20T14:57:55+00:00\" \/>\n<meta property=\"og:image\" content=\"https:\/\/calendula.hu\/wp-content\/uploads\/2026\/01\/calendula-vastagbel-tukrozes.jpg\" \/>\n\t<meta property=\"og:image:width\" content=\"2000\" \/>\n\t<meta property=\"og:image:height\" content=\"2437\" \/>\n\t<meta property=\"og:image:type\" content=\"image\/jpeg\" \/>\n<meta name=\"twitter:card\" content=\"summary_large_image\" \/>\n<meta name=\"twitter:label1\" content=\"Gesch\u00e4tzte Lesezeit\" \/>\n\t<meta name=\"twitter:data1\" content=\"1\u00a0Minute\" \/>\n<script type=\"application\/ld+json\" class=\"yoast-schema-graph\">{\"@context\":\"https:\\\/\\\/schema.org\",\"@graph\":[{\"@type\":\"WebPage\",\"@id\":\"https:\\\/\\\/calendula.hu\\\/vastagbeltukrozes\\\/\",\"url\":\"https:\\\/\\\/calendula.hu\\\/vastagbeltukrozes\\\/\",\"name\":\"Vastagb\u00e9lt\u00fckr\u00f6z\u00e9s - Calendula Klinika - Si\u00f3fok\",\"isPartOf\":{\"@id\":\"https:\\\/\\\/calendula.hu\\\/#website\"},\"primaryImageOfPage\":{\"@id\":\"https:\\\/\\\/calendula.hu\\\/vastagbeltukrozes\\\/#primaryimage\"},\"image\":{\"@id\":\"https:\\\/\\\/calendula.hu\\\/vastagbeltukrozes\\\/#primaryimage\"},\"thumbnailUrl\":\"https:\\\/\\\/calendula.hu\\\/wp-content\\\/uploads\\\/2026\\\/01\\\/calendula-vastagbel-tukrozes.jpg\",\"datePublished\":\"2026-01-15T08:24:29+00:00\",\"dateModified\":\"2026-02-20T14:57:55+00:00\",\"breadcrumb\":{\"@id\":\"https:\\\/\\\/calendula.hu\\\/vastagbeltukrozes\\\/#breadcrumb\"},\"inLanguage\":\"de\",\"potentialAction\":[{\"@type\":\"ReadAction\",\"target\":[\"https:\\\/\\\/calendula.hu\\\/vastagbeltukrozes\\\/\"]}]},{\"@type\":\"ImageObject\",\"inLanguage\":\"de\",\"@id\":\"https:\\\/\\\/calendula.hu\\\/vastagbeltukrozes\\\/#primaryimage\",\"url\":\"https:\\\/\\\/calendula.hu\\\/wp-content\\\/uploads\\\/2026\\\/01\\\/calendula-vastagbel-tukrozes.jpg\",\"contentUrl\":\"https:\\\/\\\/calendula.hu\\\/wp-content\\\/uploads\\\/2026\\\/01\\\/calendula-vastagbel-tukrozes.jpg\"},{\"@type\":\"BreadcrumbList\",\"@id\":\"https:\\\/\\\/calendula.hu\\\/vastagbeltukrozes\\\/#breadcrumb\",\"itemListElement\":[{\"@type\":\"ListItem\",\"position\":1,\"name\":\"Home\",\"item\":\"https:\\\/\\\/calendula.hu\\\/\"},{\"@type\":\"ListItem\",\"position\":2,\"name\":\"Vastagb\u00e9lt\u00fckr\u00f6z\u00e9s\"}]},{\"@type\":\"WebSite\",\"@id\":\"https:\\\/\\\/calendula.hu\\\/#website\",\"url\":\"https:\\\/\\\/calendula.hu\\\/\",\"name\":\"Calendula Klinika - Si\u00f3fok\",\"description\":\"\",\"potentialAction\":[{\"@type\":\"SearchAction\",\"target\":{\"@type\":\"EntryPoint\",\"urlTemplate\":\"https:\\\/\\\/calendula.hu\\\/?s={search_term_string}\"},\"query-input\":{\"@type\":\"PropertyValueSpecification\",\"valueRequired\":true,\"valueName\":\"search_term_string\"}}],\"inLanguage\":\"de\"}]}<\/script>\n<!-- \/ Yoast SEO Premium plugin. -->","yoast_head_json":{"title":"Vastagb\u00e9lt\u00fckr\u00f6z\u00e9s - Calendula Klinika - Si\u00f3fok","robots":{"index":"index","follow":"follow","max-snippet":"max-snippet:-1","max-image-preview":"max-image-preview:large","max-video-preview":"max-video-preview:-1"},"canonical":"https:\/\/calendula.hu\/de\/vastagbeltukrozes\/","og_locale":"de_DE","og_type":"article","og_title":"Vastagb\u00e9lt\u00fckr\u00f6z\u00e9s","og_description":"Vastagb\u00e9lt\u00fckr\u00f6z\u00e9s Dr. Kers\u00e1k J\u00e1nos, t\u00f6bb \u00e9vtizedes tapasztalat\u00e1val \u00e9s kiemelked\u0151 szakmai tud\u00e1s\u00e1val v\u00e1rja a p\u00e1cienseket klinik\u00e1nkon gasztroenteorol\u00f3giai vizsg\u00e1latokra. A vastagb\u00e9lt\u00fckr\u00f6z\u00e9s sor\u00e1n hajl\u00e9kony, kamer\u00e1val \u00e9s f\u00e9nyforr\u00e1ssal ell\u00e1tott eszk\u00f6zzel vizsg\u00e1lja \u00e1t a teljes vastagb\u00e9l bels\u0151 felsz\u00edn\u00e9t, valamint a v\u00e9konyb\u00e9l utols\u00f3 szakasz\u00e1t. A kolonoszk\u00f3pia c\u00e9lje a vastagb\u00e9lbetegs\u00e9gek &#8211; gyullad\u00e1sok, polipok, daganatok &#8211; korai felismer\u00e9se vagy a t\u00fcnetek (v\u00e9rz\u00e9s, hasmen\u00e9s, [&hellip;]","og_url":"https:\/\/calendula.hu\/de\/vastagbeltukrozes\/","og_site_name":"Calendula Klinika - Si\u00f3fok","article_modified_time":"2026-02-20T14:57:55+00:00","og_image":[{"width":2000,"height":2437,"url":"https:\/\/calendula.hu\/wp-content\/uploads\/2026\/01\/calendula-vastagbel-tukrozes.jpg","type":"image\/jpeg"}],"twitter_card":"summary_large_image","twitter_misc":{"Gesch\u00e4tzte Lesezeit":"1\u00a0Minute"},"schema":{"@context":"https:\/\/schema.org","@graph":[{"@type":"WebPage","@id":"https:\/\/calendula.hu\/vastagbeltukrozes\/","url":"https:\/\/calendula.hu\/vastagbeltukrozes\/","name":"Vastagb\u00e9lt\u00fckr\u00f6z\u00e9s - Calendula Klinika - Si\u00f3fok","isPartOf":{"@id":"https:\/\/calendula.hu\/#website"},"primaryImageOfPage":{"@id":"https:\/\/calendula.hu\/vastagbeltukrozes\/#primaryimage"},"image":{"@id":"https:\/\/calendula.hu\/vastagbeltukrozes\/#primaryimage"},"thumbnailUrl":"https:\/\/calendula.hu\/wp-content\/uploads\/2026\/01\/calendula-vastagbel-tukrozes.jpg","datePublished":"2026-01-15T08:24:29+00:00","dateModified":"2026-02-20T14:57:55+00:00","breadcrumb":{"@id":"https:\/\/calendula.hu\/vastagbeltukrozes\/#breadcrumb"},"inLanguage":"de","potentialAction":[{"@type":"ReadAction","target":["https:\/\/calendula.hu\/vastagbeltukrozes\/"]}]},{"@type":"ImageObject","inLanguage":"de","@id":"https:\/\/calendula.hu\/vastagbeltukrozes\/#primaryimage","url":"https:\/\/calendula.hu\/wp-content\/uploads\/2026\/01\/calendula-vastagbel-tukrozes.jpg","contentUrl":"https:\/\/calendula.hu\/wp-content\/uploads\/2026\/01\/calendula-vastagbel-tukrozes.jpg"},{"@type":"BreadcrumbList","@id":"https:\/\/calendula.hu\/vastagbeltukrozes\/#breadcrumb","itemListElement":[{"@type":"ListItem","position":1,"name":"Home","item":"https:\/\/calendula.hu\/"},{"@type":"ListItem","position":2,"name":"Vastagb\u00e9lt\u00fckr\u00f6z\u00e9s"}]},{"@type":"WebSite","@id":"https:\/\/calendula.hu\/#website","url":"https:\/\/calendula.hu\/","name":"Calendula-Klinik - Siofok","description":"","potentialAction":[{"@type":"SearchAction","target":{"@type":"EntryPoint","urlTemplate":"https:\/\/calendula.hu\/?s={search_term_string}"},"query-input":{"@type":"PropertyValueSpecification","valueRequired":true,"valueName":"search_term_string"}}],"inLanguage":"de"}]}},"_links":{"self":[{"href":"https:\/\/calendula.hu\/de\/wp-json\/wp\/v2\/pages\/11266","targetHints":{"allow":["GET"]}}],"collection":[{"href":"https:\/\/calendula.hu\/de\/wp-json\/wp\/v2\/pages"}],"about":[{"href":"https:\/\/calendula.hu\/de\/wp-json\/wp\/v2\/types\/page"}],"author":[{"embeddable":true,"href":"https:\/\/calendula.hu\/de\/wp-json\/wp\/v2\/users\/9"}],"replies":[{"embeddable":true,"href":"https:\/\/calendula.hu\/de\/wp-json\/wp\/v2\/comments?post=11266"}],"version-history":[{"count":22,"href":"https:\/\/calendula.hu\/de\/wp-json\/wp\/v2\/pages\/11266\/revisions"}],"predecessor-version":[{"id":12414,"href":"https:\/\/calendula.hu\/de\/wp-json\/wp\/v2\/pages\/11266\/revisions\/12414"}],"wp:attachment":[{"href":"https:\/\/calendula.hu\/de\/wp-json\/wp\/v2\/media?parent=11266"}],"curies":[{"name":"wp","href":"https:\/\/api.w.org\/{rel}","templated":true}]}}