{"id":11268,"date":"2026-01-15T09:24:48","date_gmt":"2026-01-15T08:24:48","guid":{"rendered":"https:\/\/calendula.hu\/?page_id=11268"},"modified":"2026-02-20T15:58:39","modified_gmt":"2026-02-20T14:58:39","slug":"gyomortukrozes","status":"publish","type":"page","link":"https:\/\/calendula.hu\/de\/gyomortukrozes\/","title":{"rendered":"Gastroskopie"},"content":{"rendered":"<div data-elementor-type=\"wp-page\" data-elementor-id=\"11268\" class=\"elementor elementor-11268\" data-elementor-post-type=\"page\">\n\t\t\t\t<div class=\"elementor-element elementor-element-0b5d68f e-con-full e-flex e-con e-parent\" data-id=\"0b5d68f\" data-element_type=\"container\" data-e-type=\"container\">\n\t\t\t\t<div class=\"elementor-element elementor-element-097067f elementor-align-left elementor-widget elementor-widget-pages-banner\" data-id=\"097067f\" data-element_type=\"widget\" data-e-type=\"widget\" data-widget_type=\"pages-banner.default\">\n\t\t\t\t<div class=\"elementor-widget-container\">\n\t\t\t\t\t\r\n\t\t\t\t<div class=\"banner-header section-padding valign bg-img bg-fixed\" data-overlay-dark=\"4\" data-background=\"https:\/\/calendula.hu\/wp-content\/uploads\/2026\/01\/calendula-gyomortukrozes-banner.jpg\">\r\n\t\t\t\t\t<div class=\"container\">\r\n\t\t\t\t<div class=\"row\">\r\n\t\t\t\t\t<div class=\"col-md-12 caption mt-90\">\r\n\t\t\t\t\t\t\t\t\t\t\t\t\t\t\t\t\t\t<h1>Gastroskopie<\/h1>\r\n\t\t\t\t\t\t\t\t\t\t\t<\/div>\r\n\t\t\t\t<\/div>\r\n\t\t\t<\/div>\r\n\t\t<\/div>\r\n\r\n\t\t\t\t\t<\/div>\n\t\t\t\t<\/div>\n\t\t\t\t<\/div>\n\t\t<div class=\"elementor-element elementor-element-82f4867 e-flex e-con-boxed e-con e-parent\" data-id=\"82f4867\" data-element_type=\"container\" data-e-type=\"container\" data-settings=\"{&quot;shape_divider_top&quot;:&quot;opacity-fan&quot;,&quot;shape_divider_bottom&quot;:&quot;opacity-fan&quot;}\">\n\t\t\t\t\t<div class=\"e-con-inner\">\n\t\t\t\t<div class=\"elementor-shape elementor-shape-top\" aria-hidden=\"true\" data-negative=\"false\">\n\t\t\t<svg xmlns=\"http:\/\/www.w3.org\/2000\/svg\" viewbox=\"0 0 283.5 19.6\" preserveaspectratio=\"none\">\n\t<path class=\"elementor-shape-fill\" style=\"opacity:0.33\" d=\"M0 0L0 18.8 141.8 4.1 283.5 18.8 283.5 0z\"\/>\n\t<path class=\"elementor-shape-fill\" style=\"opacity:0.33\" d=\"M0 0L0 12.6 141.8 4 283.5 12.6 283.5 0z\"\/>\n\t<path class=\"elementor-shape-fill\" style=\"opacity:0.33\" d=\"M0 0L0 6.4 141.8 4 283.5 6.4 283.5 0z\"\/>\n\t<path class=\"elementor-shape-fill\" d=\"M0 0L0 1.2 141.8 4 283.5 1.2 283.5 0z\"\/>\n<\/svg>\t\t<\/div>\n\t\t\t\t<div class=\"elementor-shape elementor-shape-bottom\" aria-hidden=\"true\" data-negative=\"false\">\n\t\t\t<svg xmlns=\"http:\/\/www.w3.org\/2000\/svg\" viewbox=\"0 0 283.5 19.6\" preserveaspectratio=\"none\">\n\t<path class=\"elementor-shape-fill\" style=\"opacity:0.33\" d=\"M0 0L0 18.8 141.8 4.1 283.5 18.8 283.5 0z\"\/>\n\t<path class=\"elementor-shape-fill\" style=\"opacity:0.33\" d=\"M0 0L0 12.6 141.8 4 283.5 12.6 283.5 0z\"\/>\n\t<path class=\"elementor-shape-fill\" style=\"opacity:0.33\" d=\"M0 0L0 6.4 141.8 4 283.5 6.4 283.5 0z\"\/>\n\t<path class=\"elementor-shape-fill\" d=\"M0 0L0 1.2 141.8 4 283.5 1.2 283.5 0z\"\/>\n<\/svg>\t\t<\/div>\n\t\t<div class=\"elementor-element elementor-element-a01c9f1 e-grid e-con-full e-con e-child\" data-id=\"a01c9f1\" data-element_type=\"container\" data-e-type=\"container\">\n\t\t<div class=\"elementor-element elementor-element-fccc51b e-con-full e-flex e-con e-child\" data-id=\"fccc51b\" data-element_type=\"container\" data-e-type=\"container\">\n\t\t\t\t<div class=\"elementor-element elementor-element-76a9a97 elementor-widget elementor-widget-heading\" data-id=\"76a9a97\" data-element_type=\"widget\" data-e-type=\"widget\" data-widget_type=\"heading.default\">\n\t\t\t\t<div class=\"elementor-widget-container\">\n\t\t\t\t\t<h3 class=\"elementor-heading-title elementor-size-default\">Dr. J\u00e1nos Kers\u00e1k, unser erfahrener Spezialist f\u00fcr Gastroenterologie, f\u00fchrt eine Gastroskopie mit einem Endoskop durch, um die innere Oberfl\u00e4che der Speiser\u00f6hre, des Magens und des Zw\u00f6lffingerdarms (erster Abschnitt des D\u00fcnndarms) zu untersuchen. Das Verfahren dient dazu, die Ursachen von Beschwerden (Schmerzen, Reflux, Schluckbeschwerden) zu identifizieren und Erkrankungen wie Entz\u00fcndungen, Geschw\u00fcre, Polypen und Tumoren zu diagnostizieren.<\/h3>\t\t\t\t<\/div>\n\t\t\t\t<\/div>\n\t\t\t\t<\/div>\n\t\t<div class=\"elementor-element elementor-element-bc39429 e-con-full e-flex e-con e-child\" data-id=\"bc39429\" data-element_type=\"container\" data-e-type=\"container\">\n\t\t\t\t<div class=\"elementor-element elementor-element-124cf74 elementor-widget elementor-widget-image\" data-id=\"124cf74\" data-element_type=\"widget\" data-e-type=\"widget\" data-widget_type=\"image.default\">\n\t\t\t\t<div class=\"elementor-widget-container\">\n\t\t\t\t\t\t\t\t\t\t\t\t\t\t\t<img loading=\"lazy\" decoding=\"async\" width=\"1024\" height=\"1536\" src=\"https:\/\/calendula.hu\/wp-content\/uploads\/2026\/01\/calendula-gyomortukrozes.jpg\" class=\"attachment-full size-full wp-image-11394\" alt=\"calendula-gyomortukrozes\" srcset=\"https:\/\/calendula.hu\/wp-content\/uploads\/2026\/01\/calendula-gyomortukrozes.jpg 1024w, https:\/\/calendula.hu\/wp-content\/uploads\/2026\/01\/calendula-gyomortukrozes-200x300.jpg 200w, https:\/\/calendula.hu\/wp-content\/uploads\/2026\/01\/calendula-gyomortukrozes-683x1024.jpg 683w, https:\/\/calendula.hu\/wp-content\/uploads\/2026\/01\/calendula-gyomortukrozes-768x1152.jpg 768w\" sizes=\"auto, (max-width: 1024px) 100vw, 1024px\" \/>\t\t\t\t\t\t\t\t\t\t\t\t\t\t\t<\/div>\n\t\t\t\t<\/div>\n\t\t\t\t<\/div>\n\t\t\t\t<\/div>\n\t\t\t\t\t<\/div>\n\t\t\t\t<\/div>\n\t\t\t\t<\/div>","protected":false},"excerpt":{"rendered":"<p>Gyomort\u00fckr\u00f6z\u00e9s Dr. Kers\u00e1k J\u00e1nos, kiv\u00e1l\u00f3 orvosunk a gasztroszk\u00f3pia sor\u00e1n endoszk\u00f3p seg\u00edts\u00e9g\u00e9vel megvizsg\u00e1lja a nyel\u0151cs\u0151, gyomor \u00e9s a nyomb\u00e9l (v\u00e9konyb\u00e9l els\u0151 szakasza) bels\u0151 felsz\u00edn\u00e9t. A vizsg\u00e1lat c\u00e9lja a panaszok (f\u00e1jdalom, reflux, nyel\u00e9si neh\u00e9zs\u00e9gek) ok\u00e1nak felt\u00e1r\u00e1sa, gyullad\u00e1sok, fek\u00e9lyek, polipok \u00e9s daganatok diagnosztiz\u00e1l\u00e1sa.<\/p>","protected":false},"author":9,"featured_media":0,"parent":0,"menu_order":0,"comment_status":"closed","ping_status":"closed","template":"page-templates\/dark-sidebar.php","meta":{"footnotes":""},"class_list":["post-11268","page","type-page","status-publish","hentry"],"yoast_head":"<!-- This site is optimized with the Yoast SEO Premium plugin v19.5 (Yoast SEO v27.4) - https:\/\/yoast.com\/product\/yoast-seo-premium-wordpress\/ -->\n<title>Gyomort\u00fckr\u00f6z\u00e9s - Calendula Klinika - Si\u00f3fok<\/title>\n<meta name=\"robots\" content=\"index, follow, max-snippet:-1, max-image-preview:large, max-video-preview:-1\" \/>\n<link rel=\"canonical\" href=\"https:\/\/calendula.hu\/de\/gyomortukrozes\/\" \/>\n<meta property=\"og:locale\" content=\"de_DE\" \/>\n<meta property=\"og:type\" content=\"article\" \/>\n<meta property=\"og:title\" content=\"Gyomort\u00fckr\u00f6z\u00e9s\" \/>\n<meta property=\"og:description\" content=\"Gyomort\u00fckr\u00f6z\u00e9s Dr. Kers\u00e1k J\u00e1nos, kiv\u00e1l\u00f3 orvosunk a gasztroszk\u00f3pia sor\u00e1n endoszk\u00f3p seg\u00edts\u00e9g\u00e9vel megvizsg\u00e1lja a nyel\u0151cs\u0151, gyomor \u00e9s a nyomb\u00e9l (v\u00e9konyb\u00e9l els\u0151 szakasza) bels\u0151 felsz\u00edn\u00e9t. A vizsg\u00e1lat c\u00e9lja a panaszok (f\u00e1jdalom, reflux, nyel\u00e9si neh\u00e9zs\u00e9gek) ok\u00e1nak felt\u00e1r\u00e1sa, gyullad\u00e1sok, fek\u00e9lyek, polipok \u00e9s daganatok diagnosztiz\u00e1l\u00e1sa.\" \/>\n<meta property=\"og:url\" content=\"https:\/\/calendula.hu\/de\/gyomortukrozes\/\" \/>\n<meta property=\"og:site_name\" content=\"Calendula Klinika - Si\u00f3fok\" \/>\n<meta property=\"article:modified_time\" content=\"2026-02-20T14:58:39+00:00\" \/>\n<meta property=\"og:image\" content=\"https:\/\/calendula.hu\/wp-content\/uploads\/2026\/01\/calendula-gyomortukrozes.jpg\" \/>\n\t<meta property=\"og:image:width\" content=\"1024\" \/>\n\t<meta property=\"og:image:height\" content=\"1536\" \/>\n\t<meta property=\"og:image:type\" content=\"image\/jpeg\" \/>\n<meta name=\"twitter:card\" content=\"summary_large_image\" \/>\n<meta name=\"twitter:label1\" content=\"Gesch\u00e4tzte Lesezeit\" \/>\n\t<meta name=\"twitter:data1\" content=\"1\u00a0Minute\" \/>\n<script type=\"application\/ld+json\" class=\"yoast-schema-graph\">{\"@context\":\"https:\\\/\\\/schema.org\",\"@graph\":[{\"@type\":\"WebPage\",\"@id\":\"https:\\\/\\\/calendula.hu\\\/gyomortukrozes\\\/\",\"url\":\"https:\\\/\\\/calendula.hu\\\/gyomortukrozes\\\/\",\"name\":\"Gyomort\u00fckr\u00f6z\u00e9s - Calendula Klinika - Si\u00f3fok\",\"isPartOf\":{\"@id\":\"https:\\\/\\\/calendula.hu\\\/#website\"},\"primaryImageOfPage\":{\"@id\":\"https:\\\/\\\/calendula.hu\\\/gyomortukrozes\\\/#primaryimage\"},\"image\":{\"@id\":\"https:\\\/\\\/calendula.hu\\\/gyomortukrozes\\\/#primaryimage\"},\"thumbnailUrl\":\"https:\\\/\\\/calendula.hu\\\/wp-content\\\/uploads\\\/2026\\\/01\\\/calendula-gyomortukrozes.jpg\",\"datePublished\":\"2026-01-15T08:24:48+00:00\",\"dateModified\":\"2026-02-20T14:58:39+00:00\",\"breadcrumb\":{\"@id\":\"https:\\\/\\\/calendula.hu\\\/gyomortukrozes\\\/#breadcrumb\"},\"inLanguage\":\"de\",\"potentialAction\":[{\"@type\":\"ReadAction\",\"target\":[\"https:\\\/\\\/calendula.hu\\\/gyomortukrozes\\\/\"]}]},{\"@type\":\"ImageObject\",\"inLanguage\":\"de\",\"@id\":\"https:\\\/\\\/calendula.hu\\\/gyomortukrozes\\\/#primaryimage\",\"url\":\"https:\\\/\\\/calendula.hu\\\/wp-content\\\/uploads\\\/2026\\\/01\\\/calendula-gyomortukrozes.jpg\",\"contentUrl\":\"https:\\\/\\\/calendula.hu\\\/wp-content\\\/uploads\\\/2026\\\/01\\\/calendula-gyomortukrozes.jpg\"},{\"@type\":\"BreadcrumbList\",\"@id\":\"https:\\\/\\\/calendula.hu\\\/gyomortukrozes\\\/#breadcrumb\",\"itemListElement\":[{\"@type\":\"ListItem\",\"position\":1,\"name\":\"Home\",\"item\":\"https:\\\/\\\/calendula.hu\\\/\"},{\"@type\":\"ListItem\",\"position\":2,\"name\":\"Gyomort\u00fckr\u00f6z\u00e9s\"}]},{\"@type\":\"WebSite\",\"@id\":\"https:\\\/\\\/calendula.hu\\\/#website\",\"url\":\"https:\\\/\\\/calendula.hu\\\/\",\"name\":\"Calendula Klinika - Si\u00f3fok\",\"description\":\"\",\"potentialAction\":[{\"@type\":\"SearchAction\",\"target\":{\"@type\":\"EntryPoint\",\"urlTemplate\":\"https:\\\/\\\/calendula.hu\\\/?s={search_term_string}\"},\"query-input\":{\"@type\":\"PropertyValueSpecification\",\"valueRequired\":true,\"valueName\":\"search_term_string\"}}],\"inLanguage\":\"de\"}]}<\/script>\n<!-- \/ Yoast SEO Premium plugin. -->","yoast_head_json":{"title":"Gyomort\u00fckr\u00f6z\u00e9s - Calendula Klinika - Si\u00f3fok","robots":{"index":"index","follow":"follow","max-snippet":"max-snippet:-1","max-image-preview":"max-image-preview:large","max-video-preview":"max-video-preview:-1"},"canonical":"https:\/\/calendula.hu\/de\/gyomortukrozes\/","og_locale":"de_DE","og_type":"article","og_title":"Gyomort\u00fckr\u00f6z\u00e9s","og_description":"Gyomort\u00fckr\u00f6z\u00e9s Dr. Kers\u00e1k J\u00e1nos, kiv\u00e1l\u00f3 orvosunk a gasztroszk\u00f3pia sor\u00e1n endoszk\u00f3p seg\u00edts\u00e9g\u00e9vel megvizsg\u00e1lja a nyel\u0151cs\u0151, gyomor \u00e9s a nyomb\u00e9l (v\u00e9konyb\u00e9l els\u0151 szakasza) bels\u0151 felsz\u00edn\u00e9t. A vizsg\u00e1lat c\u00e9lja a panaszok (f\u00e1jdalom, reflux, nyel\u00e9si neh\u00e9zs\u00e9gek) ok\u00e1nak felt\u00e1r\u00e1sa, gyullad\u00e1sok, fek\u00e9lyek, polipok \u00e9s daganatok diagnosztiz\u00e1l\u00e1sa.","og_url":"https:\/\/calendula.hu\/de\/gyomortukrozes\/","og_site_name":"Calendula Klinika - Si\u00f3fok","article_modified_time":"2026-02-20T14:58:39+00:00","og_image":[{"width":1024,"height":1536,"url":"https:\/\/calendula.hu\/wp-content\/uploads\/2026\/01\/calendula-gyomortukrozes.jpg","type":"image\/jpeg"}],"twitter_card":"summary_large_image","twitter_misc":{"Gesch\u00e4tzte Lesezeit":"1\u00a0Minute"},"schema":{"@context":"https:\/\/schema.org","@graph":[{"@type":"WebPage","@id":"https:\/\/calendula.hu\/gyomortukrozes\/","url":"https:\/\/calendula.hu\/gyomortukrozes\/","name":"Gyomort\u00fckr\u00f6z\u00e9s - Calendula Klinika - Si\u00f3fok","isPartOf":{"@id":"https:\/\/calendula.hu\/#website"},"primaryImageOfPage":{"@id":"https:\/\/calendula.hu\/gyomortukrozes\/#primaryimage"},"image":{"@id":"https:\/\/calendula.hu\/gyomortukrozes\/#primaryimage"},"thumbnailUrl":"https:\/\/calendula.hu\/wp-content\/uploads\/2026\/01\/calendula-gyomortukrozes.jpg","datePublished":"2026-01-15T08:24:48+00:00","dateModified":"2026-02-20T14:58:39+00:00","breadcrumb":{"@id":"https:\/\/calendula.hu\/gyomortukrozes\/#breadcrumb"},"inLanguage":"de","potentialAction":[{"@type":"ReadAction","target":["https:\/\/calendula.hu\/gyomortukrozes\/"]}]},{"@type":"ImageObject","inLanguage":"de","@id":"https:\/\/calendula.hu\/gyomortukrozes\/#primaryimage","url":"https:\/\/calendula.hu\/wp-content\/uploads\/2026\/01\/calendula-gyomortukrozes.jpg","contentUrl":"https:\/\/calendula.hu\/wp-content\/uploads\/2026\/01\/calendula-gyomortukrozes.jpg"},{"@type":"BreadcrumbList","@id":"https:\/\/calendula.hu\/gyomortukrozes\/#breadcrumb","itemListElement":[{"@type":"ListItem","position":1,"name":"Home","item":"https:\/\/calendula.hu\/"},{"@type":"ListItem","position":2,"name":"Gyomort\u00fckr\u00f6z\u00e9s"}]},{"@type":"WebSite","@id":"https:\/\/calendula.hu\/#website","url":"https:\/\/calendula.hu\/","name":"Calendula-Klinik - Siofok","description":"","potentialAction":[{"@type":"SearchAction","target":{"@type":"EntryPoint","urlTemplate":"https:\/\/calendula.hu\/?s={search_term_string}"},"query-input":{"@type":"PropertyValueSpecification","valueRequired":true,"valueName":"search_term_string"}}],"inLanguage":"de"}]}},"_links":{"self":[{"href":"https:\/\/calendula.hu\/de\/wp-json\/wp\/v2\/pages\/11268","targetHints":{"allow":["GET"]}}],"collection":[{"href":"https:\/\/calendula.hu\/de\/wp-json\/wp\/v2\/pages"}],"about":[{"href":"https:\/\/calendula.hu\/de\/wp-json\/wp\/v2\/types\/page"}],"author":[{"embeddable":true,"href":"https:\/\/calendula.hu\/de\/wp-json\/wp\/v2\/users\/9"}],"replies":[{"embeddable":true,"href":"https:\/\/calendula.hu\/de\/wp-json\/wp\/v2\/comments?post=11268"}],"version-history":[{"count":22,"href":"https:\/\/calendula.hu\/de\/wp-json\/wp\/v2\/pages\/11268\/revisions"}],"predecessor-version":[{"id":12417,"href":"https:\/\/calendula.hu\/de\/wp-json\/wp\/v2\/pages\/11268\/revisions\/12417"}],"wp:attachment":[{"href":"https:\/\/calendula.hu\/de\/wp-json\/wp\/v2\/media?parent=11268"}],"curies":[{"name":"wp","href":"https:\/\/api.w.org\/{rel}","templated":true}]}}