{"id":11473,"date":"2026-01-23T08:41:34","date_gmt":"2026-01-23T07:41:34","guid":{"rendered":"https:\/\/calendula.hu\/?page_id=11473"},"modified":"2026-02-20T16:13:56","modified_gmt":"2026-02-20T15:13:56","slug":"hylauronsavas-feltoltesek","status":"publish","type":"page","link":"https:\/\/calendula.hu\/de\/hylauronsavas-feltoltesek\/","title":{"rendered":"Hylaurons\u00e4ure-Auff\u00fcllungen"},"content":{"rendered":"<div data-elementor-type=\"wp-page\" data-elementor-id=\"11473\" class=\"elementor elementor-11473\" data-elementor-post-type=\"page\">\n\t\t\t\t<div class=\"elementor-element elementor-element-88d792c e-con-full e-flex e-con e-parent\" data-id=\"88d792c\" data-element_type=\"container\" data-e-type=\"container\">\n\t\t\t\t<div class=\"elementor-element elementor-element-6fe1a16 elementor-align-left elementor-widget elementor-widget-pages-banner\" data-id=\"6fe1a16\" data-element_type=\"widget\" data-e-type=\"widget\" data-widget_type=\"pages-banner.default\">\n\t\t\t\t<div class=\"elementor-widget-container\">\n\t\t\t\t\t\r\n\t\t\t\t<div class=\"banner-header section-padding valign bg-img bg-fixed\" data-overlay-dark=\"4\" data-background=\"https:\/\/calendula.hu\/wp-content\/uploads\/2026\/01\/calendula-hyaluron-toltes.png\">\r\n\t\t\t\t\t<div class=\"container\">\r\n\t\t\t\t<div class=\"row\">\r\n\t\t\t\t\t<div class=\"col-md-12 caption mt-90\">\r\n\t\t\t\t\t\t\t\t\t\t\t\t\t\t\t\t\t\t<h1>Hylaurons\u00e4ure-Auff\u00fcllungen<\/h1>\r\n\t\t\t\t\t\t\t\t\t\t\t<\/div>\r\n\t\t\t\t<\/div>\r\n\t\t\t<\/div>\r\n\t\t<\/div>\r\n\r\n\t\t\t\t\t<\/div>\n\t\t\t\t<\/div>\n\t\t\t\t<\/div>\n\t\t<div class=\"elementor-element elementor-element-bdd95a7 e-flex e-con-boxed e-con e-parent\" data-id=\"bdd95a7\" data-element_type=\"container\" data-e-type=\"container\" data-settings=\"{&quot;shape_divider_top&quot;:&quot;opacity-fan&quot;,&quot;shape_divider_bottom&quot;:&quot;opacity-fan&quot;}\">\n\t\t\t\t\t<div class=\"e-con-inner\">\n\t\t\t\t<div class=\"elementor-shape elementor-shape-top\" aria-hidden=\"true\" data-negative=\"false\">\n\t\t\t<svg xmlns=\"http:\/\/www.w3.org\/2000\/svg\" viewbox=\"0 0 283.5 19.6\" preserveaspectratio=\"none\">\n\t<path class=\"elementor-shape-fill\" style=\"opacity:0.33\" d=\"M0 0L0 18.8 141.8 4.1 283.5 18.8 283.5 0z\"\/>\n\t<path class=\"elementor-shape-fill\" style=\"opacity:0.33\" d=\"M0 0L0 12.6 141.8 4 283.5 12.6 283.5 0z\"\/>\n\t<path class=\"elementor-shape-fill\" style=\"opacity:0.33\" d=\"M0 0L0 6.4 141.8 4 283.5 6.4 283.5 0z\"\/>\n\t<path class=\"elementor-shape-fill\" d=\"M0 0L0 1.2 141.8 4 283.5 1.2 283.5 0z\"\/>\n<\/svg>\t\t<\/div>\n\t\t\t\t<div class=\"elementor-shape elementor-shape-bottom\" aria-hidden=\"true\" data-negative=\"false\">\n\t\t\t<svg xmlns=\"http:\/\/www.w3.org\/2000\/svg\" viewbox=\"0 0 283.5 19.6\" preserveaspectratio=\"none\">\n\t<path class=\"elementor-shape-fill\" style=\"opacity:0.33\" d=\"M0 0L0 18.8 141.8 4.1 283.5 18.8 283.5 0z\"\/>\n\t<path class=\"elementor-shape-fill\" style=\"opacity:0.33\" d=\"M0 0L0 12.6 141.8 4 283.5 12.6 283.5 0z\"\/>\n\t<path class=\"elementor-shape-fill\" style=\"opacity:0.33\" d=\"M0 0L0 6.4 141.8 4 283.5 6.4 283.5 0z\"\/>\n\t<path class=\"elementor-shape-fill\" d=\"M0 0L0 1.2 141.8 4 283.5 1.2 283.5 0z\"\/>\n<\/svg>\t\t<\/div>\n\t\t<div class=\"elementor-element elementor-element-db13bae e-grid e-con-full e-con e-child\" data-id=\"db13bae\" data-element_type=\"container\" data-e-type=\"container\">\n\t\t<div class=\"elementor-element elementor-element-e9be59d e-con-full e-flex e-con e-child\" data-id=\"e9be59d\" data-element_type=\"container\" data-e-type=\"container\">\n\t\t\t\t<div class=\"elementor-element elementor-element-5d949a7 elementor-widget elementor-widget-heading\" data-id=\"5d949a7\" data-element_type=\"widget\" data-e-type=\"widget\" data-widget_type=\"heading.default\">\n\t\t\t\t<div class=\"elementor-widget-container\">\n\t\t\t\t\t<h3 class=\"elementor-heading-title elementor-size-default\">Hyalurons\u00e4ure-\u00e4sthetische Filler tragen zur Revitalisierung des Gesichts bei und erhalten gleichzeitig die Hautgesundheit und nat\u00fcrliche Sch\u00f6nheit. Ziel der Behandlung ist die Wiederherstellung der Frische des Gesichts, die Erhaltung eines harmonischen Erscheinungsbildes, die Hautbefeuchtung sowie der Ersatz verlorenen Volumens. Alle Eingriffe werden mit medizinischer Expertise und unter An\u00e4sthesie durchgef\u00fchrt. Dies ist eine nat\u00fcrliche L\u00f6sung, da Hyalurons\u00e4ure ein im K\u00f6rper nat\u00fcrlich vorkommender Stoff ist. Dr. Di\u00e1na Proszeny\u00e1k, \u00c4rztin der Calendula Klinik, legt besonderen Wert darauf, w\u00e4hrend der Behandlungen die nat\u00fcrlichen Proportionen und die individuelle Sch\u00f6nheit zu bewahren. Unsere Leistungen stehen allen offen, und in unserer Klinik in Si\u00f3fok bieten wir schnelle Termine und wartungsfreie Versorgung.<\/h3>\t\t\t\t<\/div>\n\t\t\t\t<\/div>\n\t\t\t\t<\/div>\n\t\t<div class=\"elementor-element elementor-element-a512579 e-con-full e-flex e-con e-child\" data-id=\"a512579\" data-element_type=\"container\" data-e-type=\"container\">\n\t\t\t\t<div class=\"elementor-element elementor-element-07b03b9 elementor-widget elementor-widget-image\" data-id=\"07b03b9\" data-element_type=\"widget\" data-e-type=\"widget\" data-widget_type=\"image.default\">\n\t\t\t\t<div class=\"elementor-widget-container\">\n\t\t\t\t\t\t\t\t\t\t\t\t\t\t\t<img loading=\"lazy\" decoding=\"async\" width=\"667\" height=\"1000\" src=\"https:\/\/calendula.hu\/wp-content\/uploads\/2026\/01\/calendula-hyaluron-toltes.png\" class=\"attachment-full size-full wp-image-11578\" alt=\"calendula-hyaluron-toltes\" srcset=\"https:\/\/calendula.hu\/wp-content\/uploads\/2026\/01\/calendula-hyaluron-toltes.png 667w, https:\/\/calendula.hu\/wp-content\/uploads\/2026\/01\/calendula-hyaluron-toltes-200x300.png 200w, https:\/\/calendula.hu\/wp-content\/uploads\/2026\/01\/calendula-hyaluron-toltes-8x12.png 8w\" sizes=\"auto, (max-width: 667px) 100vw, 667px\" \/>\t\t\t\t\t\t\t\t\t\t\t\t\t\t\t<\/div>\n\t\t\t\t<\/div>\n\t\t\t\t<\/div>\n\t\t\t\t<\/div>\n\t\t\t\t\t<\/div>\n\t\t\t\t<\/div>\n\t\t\t\t<\/div>","protected":false},"excerpt":{"rendered":"<p>Hylauronsavas felt\u00f6lt\u00e9sek A hylauronsavas eszt\u00e9tikai felt\u00f6lt\u00e9s seg\u00edt arc revitaliz\u00e1ci\u00f3j\u00e1ban, a b\u0151r eg\u00e9szs\u00e9g\u00e9nek \u00e9s term\u00e9szetes sz\u00e9ps\u00e9g\u00e9nek meg\u0151rz\u00e9s\u00e9ben. C\u00e9lja az arc frissess\u00e9g\u00e9nek vissza\u00e1ll\u00edt\u00e1sa \u00e9s a harmonikus megjelen\u00e9s fenntart\u00e1sa, a b\u0151r hidrat\u00e1l\u00e1sa, valamint az elvesztett volumen p\u00f3tl\u00e1sa. Minden beavatkoz\u00e1s orvosi szak\u00e9rtelemmel, \u00e9rz\u00e9stelen\u00edt\u00e9s mellett t\u00f6rt\u00e9nik.\u00a0 Term\u00e9szetes megold\u00e1s hiszen a hylauronsav a szervezet\u00fcnkben is jelen l\u00e9v\u0151 anyag. Dr. Proszeny\u00e1k Di\u00e1na, [&hellip;]<\/p>\n","protected":false},"author":9,"featured_media":0,"parent":0,"menu_order":0,"comment_status":"closed","ping_status":"closed","template":"page-templates\/dark-sidebar.php","meta":{"footnotes":""},"class_list":["post-11473","page","type-page","status-publish","hentry"],"yoast_head":"<!-- This site is optimized with the Yoast SEO Premium plugin v19.5 (Yoast SEO v27.4) - https:\/\/yoast.com\/product\/yoast-seo-premium-wordpress\/ -->\n<title>Hylauronsavas felt\u00f6lt\u00e9sek - Calendula Klinika - Si\u00f3fok<\/title>\n<meta name=\"robots\" content=\"index, follow, max-snippet:-1, max-image-preview:large, max-video-preview:-1\" \/>\n<link rel=\"canonical\" href=\"https:\/\/calendula.hu\/de\/hylauronsavas-feltoltesek\/\" \/>\n<meta property=\"og:locale\" content=\"de_DE\" \/>\n<meta property=\"og:type\" content=\"article\" \/>\n<meta property=\"og:title\" content=\"Hylauronsavas felt\u00f6lt\u00e9sek\" \/>\n<meta property=\"og:description\" content=\"Hylauronsavas felt\u00f6lt\u00e9sek A hylauronsavas eszt\u00e9tikai felt\u00f6lt\u00e9s seg\u00edt arc revitaliz\u00e1ci\u00f3j\u00e1ban, a b\u0151r eg\u00e9szs\u00e9g\u00e9nek \u00e9s term\u00e9szetes sz\u00e9ps\u00e9g\u00e9nek meg\u0151rz\u00e9s\u00e9ben. C\u00e9lja az arc frissess\u00e9g\u00e9nek vissza\u00e1ll\u00edt\u00e1sa \u00e9s a harmonikus megjelen\u00e9s fenntart\u00e1sa, a b\u0151r hidrat\u00e1l\u00e1sa, valamint az elvesztett volumen p\u00f3tl\u00e1sa. Minden beavatkoz\u00e1s orvosi szak\u00e9rtelemmel, \u00e9rz\u00e9stelen\u00edt\u00e9s mellett t\u00f6rt\u00e9nik.\u00a0 Term\u00e9szetes megold\u00e1s hiszen a hylauronsav a szervezet\u00fcnkben is jelen l\u00e9v\u0151 anyag. Dr. Proszeny\u00e1k Di\u00e1na, [&hellip;]\" \/>\n<meta property=\"og:url\" content=\"https:\/\/calendula.hu\/de\/hylauronsavas-feltoltesek\/\" \/>\n<meta property=\"og:site_name\" content=\"Calendula Klinika - Si\u00f3fok\" \/>\n<meta property=\"article:modified_time\" content=\"2026-02-20T15:13:56+00:00\" \/>\n<meta property=\"og:image\" content=\"https:\/\/calendula.hu\/wp-content\/uploads\/2026\/01\/calendula-hyaluron-toltes.png\" \/>\n\t<meta property=\"og:image:width\" content=\"667\" \/>\n\t<meta property=\"og:image:height\" content=\"1000\" \/>\n\t<meta property=\"og:image:type\" content=\"image\/png\" \/>\n<meta name=\"twitter:card\" content=\"summary_large_image\" \/>\n<meta name=\"twitter:label1\" content=\"Gesch\u00e4tzte Lesezeit\" \/>\n\t<meta name=\"twitter:data1\" content=\"1\u00a0Minute\" \/>\n<script type=\"application\/ld+json\" class=\"yoast-schema-graph\">{\"@context\":\"https:\\\/\\\/schema.org\",\"@graph\":[{\"@type\":\"WebPage\",\"@id\":\"https:\\\/\\\/calendula.hu\\\/hylauronsavas-feltoltesek\\\/\",\"url\":\"https:\\\/\\\/calendula.hu\\\/hylauronsavas-feltoltesek\\\/\",\"name\":\"Hylauronsavas felt\u00f6lt\u00e9sek - Calendula Klinika - Si\u00f3fok\",\"isPartOf\":{\"@id\":\"https:\\\/\\\/calendula.hu\\\/#website\"},\"primaryImageOfPage\":{\"@id\":\"https:\\\/\\\/calendula.hu\\\/hylauronsavas-feltoltesek\\\/#primaryimage\"},\"image\":{\"@id\":\"https:\\\/\\\/calendula.hu\\\/hylauronsavas-feltoltesek\\\/#primaryimage\"},\"thumbnailUrl\":\"https:\\\/\\\/calendula.hu\\\/wp-content\\\/uploads\\\/2026\\\/01\\\/calendula-hyaluron-toltes.png\",\"datePublished\":\"2026-01-23T07:41:34+00:00\",\"dateModified\":\"2026-02-20T15:13:56+00:00\",\"breadcrumb\":{\"@id\":\"https:\\\/\\\/calendula.hu\\\/hylauronsavas-feltoltesek\\\/#breadcrumb\"},\"inLanguage\":\"de\",\"potentialAction\":[{\"@type\":\"ReadAction\",\"target\":[\"https:\\\/\\\/calendula.hu\\\/hylauronsavas-feltoltesek\\\/\"]}]},{\"@type\":\"ImageObject\",\"inLanguage\":\"de\",\"@id\":\"https:\\\/\\\/calendula.hu\\\/hylauronsavas-feltoltesek\\\/#primaryimage\",\"url\":\"https:\\\/\\\/calendula.hu\\\/wp-content\\\/uploads\\\/2026\\\/01\\\/calendula-hyaluron-toltes.png\",\"contentUrl\":\"https:\\\/\\\/calendula.hu\\\/wp-content\\\/uploads\\\/2026\\\/01\\\/calendula-hyaluron-toltes.png\"},{\"@type\":\"BreadcrumbList\",\"@id\":\"https:\\\/\\\/calendula.hu\\\/hylauronsavas-feltoltesek\\\/#breadcrumb\",\"itemListElement\":[{\"@type\":\"ListItem\",\"position\":1,\"name\":\"Home\",\"item\":\"https:\\\/\\\/calendula.hu\\\/\"},{\"@type\":\"ListItem\",\"position\":2,\"name\":\"Hylauronsavas felt\u00f6lt\u00e9sek\"}]},{\"@type\":\"WebSite\",\"@id\":\"https:\\\/\\\/calendula.hu\\\/#website\",\"url\":\"https:\\\/\\\/calendula.hu\\\/\",\"name\":\"Calendula Klinika - Si\u00f3fok\",\"description\":\"\",\"potentialAction\":[{\"@type\":\"SearchAction\",\"target\":{\"@type\":\"EntryPoint\",\"urlTemplate\":\"https:\\\/\\\/calendula.hu\\\/?s={search_term_string}\"},\"query-input\":{\"@type\":\"PropertyValueSpecification\",\"valueRequired\":true,\"valueName\":\"search_term_string\"}}],\"inLanguage\":\"de\"}]}<\/script>\n<!-- \/ Yoast SEO Premium plugin. -->","yoast_head_json":{"title":"Hylauronsavas felt\u00f6lt\u00e9sek - Calendula Klinika - Si\u00f3fok","robots":{"index":"index","follow":"follow","max-snippet":"max-snippet:-1","max-image-preview":"max-image-preview:large","max-video-preview":"max-video-preview:-1"},"canonical":"https:\/\/calendula.hu\/de\/hylauronsavas-feltoltesek\/","og_locale":"de_DE","og_type":"article","og_title":"Hylauronsavas felt\u00f6lt\u00e9sek","og_description":"Hylauronsavas felt\u00f6lt\u00e9sek A hylauronsavas eszt\u00e9tikai felt\u00f6lt\u00e9s seg\u00edt arc revitaliz\u00e1ci\u00f3j\u00e1ban, a b\u0151r eg\u00e9szs\u00e9g\u00e9nek \u00e9s term\u00e9szetes sz\u00e9ps\u00e9g\u00e9nek meg\u0151rz\u00e9s\u00e9ben. C\u00e9lja az arc frissess\u00e9g\u00e9nek vissza\u00e1ll\u00edt\u00e1sa \u00e9s a harmonikus megjelen\u00e9s fenntart\u00e1sa, a b\u0151r hidrat\u00e1l\u00e1sa, valamint az elvesztett volumen p\u00f3tl\u00e1sa. Minden beavatkoz\u00e1s orvosi szak\u00e9rtelemmel, \u00e9rz\u00e9stelen\u00edt\u00e9s mellett t\u00f6rt\u00e9nik.\u00a0 Term\u00e9szetes megold\u00e1s hiszen a hylauronsav a szervezet\u00fcnkben is jelen l\u00e9v\u0151 anyag. Dr. Proszeny\u00e1k Di\u00e1na, [&hellip;]","og_url":"https:\/\/calendula.hu\/de\/hylauronsavas-feltoltesek\/","og_site_name":"Calendula Klinika - Si\u00f3fok","article_modified_time":"2026-02-20T15:13:56+00:00","og_image":[{"width":667,"height":1000,"url":"https:\/\/calendula.hu\/wp-content\/uploads\/2026\/01\/calendula-hyaluron-toltes.png","type":"image\/png"}],"twitter_card":"summary_large_image","twitter_misc":{"Gesch\u00e4tzte Lesezeit":"1\u00a0Minute"},"schema":{"@context":"https:\/\/schema.org","@graph":[{"@type":"WebPage","@id":"https:\/\/calendula.hu\/hylauronsavas-feltoltesek\/","url":"https:\/\/calendula.hu\/hylauronsavas-feltoltesek\/","name":"Hylauronsavas felt\u00f6lt\u00e9sek - Calendula Klinika - Si\u00f3fok","isPartOf":{"@id":"https:\/\/calendula.hu\/#website"},"primaryImageOfPage":{"@id":"https:\/\/calendula.hu\/hylauronsavas-feltoltesek\/#primaryimage"},"image":{"@id":"https:\/\/calendula.hu\/hylauronsavas-feltoltesek\/#primaryimage"},"thumbnailUrl":"https:\/\/calendula.hu\/wp-content\/uploads\/2026\/01\/calendula-hyaluron-toltes.png","datePublished":"2026-01-23T07:41:34+00:00","dateModified":"2026-02-20T15:13:56+00:00","breadcrumb":{"@id":"https:\/\/calendula.hu\/hylauronsavas-feltoltesek\/#breadcrumb"},"inLanguage":"de","potentialAction":[{"@type":"ReadAction","target":["https:\/\/calendula.hu\/hylauronsavas-feltoltesek\/"]}]},{"@type":"ImageObject","inLanguage":"de","@id":"https:\/\/calendula.hu\/hylauronsavas-feltoltesek\/#primaryimage","url":"https:\/\/calendula.hu\/wp-content\/uploads\/2026\/01\/calendula-hyaluron-toltes.png","contentUrl":"https:\/\/calendula.hu\/wp-content\/uploads\/2026\/01\/calendula-hyaluron-toltes.png"},{"@type":"BreadcrumbList","@id":"https:\/\/calendula.hu\/hylauronsavas-feltoltesek\/#breadcrumb","itemListElement":[{"@type":"ListItem","position":1,"name":"Home","item":"https:\/\/calendula.hu\/"},{"@type":"ListItem","position":2,"name":"Hylauronsavas felt\u00f6lt\u00e9sek"}]},{"@type":"WebSite","@id":"https:\/\/calendula.hu\/#website","url":"https:\/\/calendula.hu\/","name":"Calendula-Klinik - Siofok","description":"","potentialAction":[{"@type":"SearchAction","target":{"@type":"EntryPoint","urlTemplate":"https:\/\/calendula.hu\/?s={search_term_string}"},"query-input":{"@type":"PropertyValueSpecification","valueRequired":true,"valueName":"search_term_string"}}],"inLanguage":"de"}]}},"_links":{"self":[{"href":"https:\/\/calendula.hu\/de\/wp-json\/wp\/v2\/pages\/11473","targetHints":{"allow":["GET"]}}],"collection":[{"href":"https:\/\/calendula.hu\/de\/wp-json\/wp\/v2\/pages"}],"about":[{"href":"https:\/\/calendula.hu\/de\/wp-json\/wp\/v2\/types\/page"}],"author":[{"embeddable":true,"href":"https:\/\/calendula.hu\/de\/wp-json\/wp\/v2\/users\/9"}],"replies":[{"embeddable":true,"href":"https:\/\/calendula.hu\/de\/wp-json\/wp\/v2\/comments?post=11473"}],"version-history":[{"count":37,"href":"https:\/\/calendula.hu\/de\/wp-json\/wp\/v2\/pages\/11473\/revisions"}],"predecessor-version":[{"id":12468,"href":"https:\/\/calendula.hu\/de\/wp-json\/wp\/v2\/pages\/11473\/revisions\/12468"}],"wp:attachment":[{"href":"https:\/\/calendula.hu\/de\/wp-json\/wp\/v2\/media?parent=11473"}],"curies":[{"name":"wp","href":"https:\/\/api.w.org\/{rel}","templated":true}]}}