{"id":1882,"date":"2023-01-28T12:01:09","date_gmt":"2023-01-28T11:01:09","guid":{"rendered":"https:\/\/calendula.hu\/?page_id=1882"},"modified":"2023-04-12T13:06:58","modified_gmt":"2023-04-12T11:06:58","slug":"rolunk-laboratoriumunk","status":"publish","type":"page","link":"https:\/\/calendula.hu\/de\/rolunk-laboratoriumunk\/","title":{"rendered":"R\u00f3lunk-laborat\u00f3riumunk"},"content":{"rendered":"<div data-elementor-type=\"wp-page\" data-elementor-id=\"1882\" class=\"elementor elementor-1882\" data-elementor-post-type=\"page\">\n\t\t\t\t\t\t<section class=\"elementor-section elementor-top-section elementor-element elementor-element-6190c2c elementor-section-full_width elementor-section-height-default elementor-section-height-default\" data-id=\"6190c2c\" data-element_type=\"section\" data-e-type=\"section\">\n\t\t\t\t\t\t<div class=\"elementor-container elementor-column-gap-no\">\n\t\t\t\t\t<div class=\"elementor-column elementor-col-100 elementor-top-column elementor-element elementor-element-1b7124e\" data-id=\"1b7124e\" data-element_type=\"column\" data-e-type=\"column\">\n\t\t\t<div class=\"elementor-widget-wrap elementor-element-populated\">\n\t\t\t\t\t\t<div class=\"elementor-element elementor-element-71f1641 elementor-align-left elementor-widget elementor-widget-pages-banner\" data-id=\"71f1641\" data-element_type=\"widget\" data-e-type=\"widget\" data-widget_type=\"pages-banner.default\">\n\t\t\t\t<div class=\"elementor-widget-container\">\n\t\t\t\t\t\r\n\t\t\t\t<div class=\"banner-header section-padding valign bg-img bg-fixed\" data-overlay-dark=\"4\" data-background=\"https:\/\/calendula.hu\/wp-content\/uploads\/2023\/04\/IMG7587.jpg\">\r\n\t\t\t\t\t<div class=\"container\">\r\n\t\t\t\t<div class=\"row\">\r\n\t\t\t\t\t<div class=\"col-md-12 caption mt-90\">\r\n\t\t\t\t\t\t\t\t\t\t\t\t<h5>Mehr erfahren<\/h5>\r\n\t\t\t\t\t\t\t\t\t\t\t\t\t\t\t\t\t\t<h1>Calendula Pharma Co.<\/h1>\r\n\t\t\t\t\t\t\t\t\t\t\t<\/div>\r\n\t\t\t\t<\/div>\r\n\t\t\t<\/div>\r\n\t\t<\/div>\r\n\r\n\t\t\t\t\t<\/div>\n\t\t\t\t<\/div>\n\t\t\t\t\t<\/div>\n\t\t<\/div>\n\t\t\t\t\t<\/div>\n\t\t<\/section>\n\t\t\t\t<section class=\"elementor-section elementor-top-section elementor-element elementor-element-1e6dca8 elementor-section-full_width elementor-section-height-default elementor-section-height-default\" data-id=\"1e6dca8\" data-element_type=\"section\" data-e-type=\"section\">\n\t\t\t\t\t\t<div class=\"elementor-container elementor-column-gap-no\">\n\t\t\t\t\t<div class=\"elementor-column elementor-col-100 elementor-top-column elementor-element elementor-element-1f2ff29\" data-id=\"1f2ff29\" data-element_type=\"column\" data-e-type=\"column\">\n\t\t\t<div class=\"elementor-widget-wrap elementor-element-populated\">\n\t\t\t\t\t\t<div class=\"elementor-element elementor-element-405c631 elementor-align-left no-star-content elementor-widget elementor-widget-pages-restaurant-content\" data-id=\"405c631\" data-element_type=\"widget\" data-e-type=\"widget\" data-widget_type=\"pages-restaurant-content.default\">\n\t\t\t\t<div class=\"elementor-widget-container\">\n\t\t\t\t\t\n\t\t<section class=\"rooms-page section-padding\" data-scroll-index=\"1\">\n\t\t\t<div class=\"container\">\n\t\t\t\t<div class=\"row\">\n\t\t\t\t\t<div class=\"col-md-12 text-left\"> \n\t\t\t\t\t\t\t\t\t\t\t\t<span>\n\t\t\t\t\t\t\t\t\t\t\t\t\t\t\t<i class=\"star-rating\"><\/i>\n\t\t\t\t\t\t\t\t<i class=\"star-rating\"><\/i>\n\t\t\t\t\t\t\t\t<i class=\"star-rating\"><\/i>\n\t\t\t\t\t\t\t\t<i class=\"star-rating\"><\/i>\n\t\t\t\t\t\t\t\t\t\t\t\t\t<\/span>\n\t\t\t\t\t\t\t\t\t\t\t\t\t\t\t\t\t\t\t<div class=\"section-subtitle\">Unser Kr\u00e4uterlabor<\/div>\n\t\t\t\t\t\t\t\t\t\t\t\t\t\t\t\t\t\t\t<div class=\"section-title\">Eigene Herstellung von pflanzlichen Arzneimitteln<\/div>\n\t\t\t\t\t\t\t\t\t\t\t<\/div>\n\t\t\t\t\t<div class=\"col-md-12\">\n\t\t\t\t\t\t\t\t\t\t\t\t<p class=\"mb-30\">Die CALENDULA Clinic hat vor mehr als 30 Jahren begonnen, die Phytorezeptoren der Volksmedizin und der orientalischen Medizin in der medizinischen Praxis anzuwenden. Jeder, der Hilfe sucht, ist ein Einzelfall, was f\u00fcr den Arzt immer eine Herausforderung darstellt. Als wir dar\u00fcber nachdachten, wie die \u00c4rzte der Antike heilten, untersuchten wir Avicennas Werk \u201eDer Kanon der Medizin\u201d. Wir waren entschlossen, die von ihm beschriebenen Heilmittel herzustellen, und so machten wir uns auf den Weg in den Nahen Osten, um die arabische Pharmakop\u00f6e kennen zu lernen. In Indien und China suchten wir nach spezifischen Phytoformeln und Behandlungsmethoden, und schlie\u00dflich kamen wir zur ayurvedischen Medizin und Pharmazie.<br>\n\n<br>In unserer Klinik haben wir unter unseren eigenen Bedingungen die Wirksamkeit und Effizienz der seit Jahrtausenden bew\u00e4hrten Phytorezepte wiederhergestellt, angewandt und \u00fcberwachen sie weiterhin t\u00e4glich. <br>Die Geschichte der Calendula Pharma Co. begann mit vier Koffern, die aus \u00c4gypten mitgebracht wurden. Heute haben wir zweieinhalbtausend Phytopr\u00e4parate entwickelt. Die Rohstoffe f\u00fcr ihre Herstellung werden aus Indien, China und Vietnam importiert, aber wir schlie\u00dfen die europ\u00e4ischen L\u00e4nder und die Kr\u00e4utersch\u00e4tze der \u00f6kologisch sauberen Teile Ungarns nicht aus. All dies tun wir, um personalisierte Arzneimittel f\u00fcr jedermann herstellen zu k\u00f6nnen.<\/p>\n\n<h6>Unsere Berufung ist das Heilen<\/h6>\nDie Herstellung von pflanzlichen Arzneimitteln begann in unserem Land zu nichtkommerziellen Zwecken, hat sich aber dank ihres Erfolgs zu einem unabh\u00e4ngigen Sektor entwickelt. Wir bereiten unsere Produkte zu und verwenden sie in unseren Kliniken f\u00fcr die Behandlung von Patienten, die auf Rezept zu uns kommen, und f\u00fcr station\u00e4re Patienten in unseren Kliniken, und wir geben sie den Patienten nach ihrer Entlassung, damit sie ihre Behandlung zu Hause fortsetzen k\u00f6nnen. Dies ist unsere eigene Apotheke, in der wir unsere eigenen pflanzlichen Arzneimittel f\u00fcr unsere Patienten herstellen. Diese Arzneimittel werden den Patienten von unseren \u00e4rztlichen Kollegen verschrieben - und zwar auf individueller Basis.<br>\n<br>Wir haben unsere pflanzlichen Pr\u00e4parate f\u00fcr die h\u00e4ufigsten Probleme und zur Vorbeugung, die ohne Rezept verwendet werden k\u00f6nnen, f\u00fcr den Einzelhandel verf\u00fcgbar gemacht. Es handelt sich um biologisch aktive Lebensmittelzusatzstoffe (BAA), die als Nahrungserg\u00e4nzungsmittel eingestuft werden, um Stoffwechselprozesse zu optimieren, Organ- und K\u00f6rperfunktionen zu verbessern, das Krankheitsrisiko zu verringern und die Magen-Darm-Mikroflora zu normalisieren.<br>\n\n<br><h6>Unsere Produkte<\/h6>\nTraditionelle Arzneimittel und Nahrungserg\u00e4nzungsmittel<br>\n\n<br>Verschreibungspflichtige Arzneimittel - Arzneimittel, die von einem Arzt verschrieben werden. Sie werden von einem Apotheker f\u00fcr die Patienten zubereitet. Wir verf\u00fcgen bereits \u00fcber mehr als tausend dieser Medikamente, wobei jede Woche ein neues f\u00fcr jeden Patienten zubereitet wird.<br>\n\n<br>BAA (biologisch aktives Nahrungserg\u00e4nzungsmittel) - eine Quelle von erg\u00e4nzenden Nahrungsmitteln und biologisch aktiven Substanzen zur Optimierung des Stoffwechsels, zur Verbesserung des Funktionsstatus von Organen und Organsystemen, zur Verringerung des Krankheitsrisikos und zur Normalisierung der Magen-Darm-Mikroflora.<br>\n\n<br>Zubereitung von medizinischen Pr\u00e4paraten: Ayurveda, traditionelle chinesische Medizin (TCM), Avicenna, Galena, eigene Rezepte von Dr. Dmitry Skopincev.<br>\n\nDarreichungsformen: Kapseln, Tabletten, Pulver, Konfit\u00fcren, Tinkturen (Destillate), Abkochungen (Dekokte), \u00d6le, Cremes.<br>\n\n\n\n<br><h6>Ayurvedische Arzneimittel<\/h6>\n<p>Der Vorteil der ayurvedischen Arzneimittel liegt in der Herstellungstechnologie. <br>Ihre Zusammensetzung besteht nicht nur aus zerkleinerten Pflanzen, sondern auch aus Substanzen mit verst\u00e4rkter Wirkung. Einige der Kr\u00e4uter werden zu Pulver gemahlen, w\u00e4hrend andere zur Herstellung von Abkochungen oder Extrakten verwendet werden. Sie werden nacheinander gemahlen (das Mahlen st\u00e4rkt die Pflanzen: je aktiver der Prozess, desto h\u00f6her der Energiewert und die therapeutische Wirkung). Die fl\u00fcssigen und trockenen Teile werden dann gemischt, bei einer bestimmten Temperatur getrocknet und erneut gemahlen. <br> Die Besonderheit von Mehrkomponentenpr\u00e4paraten besteht darin, dass einige Inhaltsstoffe die Absorption des Arzneimittels verbessern, andere als Transportmittel zu den Zielzellen dienen und wieder andere als funktionelle Synergisten oder S\u00e4ttigungsmittel wirken (S\u00e4ttigung bedeutet, dass die Konzentration der Wirkstoffe im gleichen Volumen erh\u00f6ht wird).<br>\n\n\n<br><h6>Calendula Pharma Co.<\/h6> Alle importierten Pflanzen, die wir in unseren eigenen Phytorezepten verwenden, sind zertifiziert.\n\nIn unserem einzigartigen System der Arzneimittelherstellung schreibt der Arzt alle Rezepte! Alle Medikamente, die nach den Rezepten von Ayurveda, TCM und Avicenna zubereitet werden, sind an das Verdauungssystem der Europ\u00e4er angepasst.<br>\n\nAlle Pr\u00e4parate, die wir in unserem Labor f\u00fcr Pflanzengesundheit herstellen, werden ausschlie\u00dflich zur Behandlung von Patienten verwendet. <br>Wir sind offen f\u00fcr die Zusammenarbeit mit anderen \u00c4rzten und bereit, Kr\u00e4utertherapie, ayurvedische Grundlagen und chinesische pharmakologische Systeme zu lehren, damit unsere Kollegen ein breites Spektrum von Patienten behandeln k\u00f6nnen. Wir wissen bereits, dass die Phytotherapie ein enormes Potenzial f\u00fcr diese Aufgabe hat.\n<\/p>\t\t\t\t\t\t\t\t\t\t\t\t<ul class=\"list-unstyled page-list mb-30\">\n\t\t\t\t\t\t\t\t\t\t\t\t\t<\/ul>\n\t\t\t\t\t<\/div>\n\t\t\t\t<\/div>\n\t\t\t<\/div>\n\t\t<\/section>\n\n\t\t\t\t\t<\/div>\n\t\t\t\t<\/div>\n\t\t\t\t<div class=\"elementor-element elementor-element-517227d elementor-align-center elementor-widget elementor-widget-button\" data-id=\"517227d\" data-element_type=\"widget\" data-e-type=\"widget\" data-widget_type=\"button.default\">\n\t\t\t\t<div class=\"elementor-widget-container\">\n\t\t\t\t\t\t\t\t\t<div class=\"elementor-button-wrapper\">\n\t\t\t\t\t<a class=\"elementor-button elementor-button-link elementor-size-md\" href=\"https:\/\/calendulapharma.com\/\" target=\"_blank\">\n\t\t\t\t\t\t<span class=\"elementor-button-content-wrapper\">\n\t\t\t\t\t\t\t\t\t<span class=\"elementor-button-text\">Besuchen Sie den Calendula Pharma Webshop<\/span>\n\t\t\t\t\t<\/span>\n\t\t\t\t\t<\/a>\n\t\t\t\t<\/div>\n\t\t\t\t\t\t\t\t<\/div>\n\t\t\t\t<\/div>\n\t\t\t\t<div class=\"elementor-element elementor-element-d68c4b8 elementor-align-left four-star-section elementor-widget elementor-widget-home-video\" data-id=\"d68c4b8\" data-element_type=\"widget\" data-e-type=\"widget\" data-widget_type=\"home-video.default\">\n\t\t\t\t<div class=\"elementor-widget-container\">\n\t\t\t\t\t\r\n\t\t\t\t<section class=\"video-wrapper video section-padding bg-img bg-fixed\" data-overlay-dark=\"3\" data-background=\"https:\/\/calendula.hu\/wp-content\/uploads\/2023\/02\/CALENDULA_193.jpg\">\r\n\t\t\t\t\t<h2 style=\"display: none!important;\">Die Cappa<\/h2>\r\n\t\t\t<div class=\"container\">\r\n\t\t\t\t<div class=\"row\">\r\n\t\t\t\t\t<div class=\"col-md-8 offset-md-2 text-center\">\r\n\t\t\t\t\t\t<span><i class=\"star-rating\"><\/i><i class=\"star-rating\"><\/i><i class=\"star-rating\"><\/i><i class=\"star-rating\"><\/i><i class=\"star-rating\"><\/i><\/span>\r\n\t\t\t\t\t\t\t\t\t\t\t\t<div class=\"section-subtitle\"><span>Pr\u00e4sentiert von<\/span><\/div>\r\n\t\t\t\t\t\t\t\t\t\t\t\t\t\t\t\t\t\t<div class=\"section-title\"><span>Calendula Pharma Co.<\/span><\/div>\r\n\t\t\t\t\t\t\t\t\t\t\t<\/div>\r\n\t\t\t\t<\/div>\r\n\t\t\t\t<div class=\"row\">\r\n\t\t\t\t\t\t\t\t\t\t\t<div class=\"text-center col-md-12\">\r\n\t\t\t\t\t\t\t<a class=\"vid\" href=\"https:\/\/youtu.be\/7HRr2FzjuoY\">\r\n\t\t\t\t\t\t\t\t<div class=\"vid-butn\">\r\n\t\t\t\t\t\t\t\t\t<span class=\"icon\">\r\n\t\t\t\t\t\t\t\t\t\t<i class=\"ti-control-play\"><\/i>\r\n\t\t\t\t\t\t\t\t\t<\/span>\r\n\t\t\t\t\t\t\t\t<\/div>\r\n\t\t\t\t\t\t\t<\/a>\r\n\t\t\t\t\t\t<\/div>\r\n\t\t\t\t\t\t\t\t\t<\/div>\r\n\t\t\t<\/div>\r\n\t\t<\/section>\r\n\t\t\t\t\t\t\t<\/div>\n\t\t\t\t<\/div>\n\t\t\t\t\t<\/div>\n\t\t<\/div>\n\t\t\t\t\t<\/div>\n\t\t<\/section>\n\t\t\t\t<\/div>","protected":false},"excerpt":{"rendered":"<p>Ismerje meg Calendula Pharma Co. Gy\u00f3gyn\u00f6v\u00e9ny laborat\u00f3riumunk N\u00f6v\u00e9nyi gy\u00f3gyk\u00e9sz\u00edtm\u00e9nyek saj\u00e1t el\u0151\u00e1ll\u00edt\u00e1sa A CALENDULA Klinika t\u00f6bb mint 30 \u00e9vvel ezel\u0151tt kezdte el a n\u00e9pi \u00e9s a keleti orvostudom\u00e1ny fitorecept\u00far\u00e1inak alkalmaz\u00e1s\u00e1t az orvosi gyakorlatban. B\u00e1rki, aki seg\u00edts\u00e9get keres, egyedi eset, amely mindig kih\u00edv\u00e1st jelent az orvos sz\u00e1m\u00e1ra. \u00c1tgondolva azt, hogy az \u00f3kori orvosok mik\u00e9ppen gy\u00f3gy\u00edtottak, megvizsg\u00e1ltuk Avicenna [&hellip;]<\/p>\n","protected":false},"author":9,"featured_media":0,"parent":0,"menu_order":0,"comment_status":"closed","ping_status":"closed","template":"page-templates\/dark-sidebar.php","meta":{"footnotes":""},"class_list":["post-1882","page","type-page","status-publish","hentry"],"yoast_head":"<!-- This site is optimized with the Yoast SEO Premium plugin v19.5 (Yoast SEO v27.4) - https:\/\/yoast.com\/product\/yoast-seo-premium-wordpress\/ -->\n<title>R\u00f3lunk-laborat\u00f3riumunk - Calendula Klinika - Si\u00f3fok<\/title>\n<meta name=\"robots\" content=\"index, follow, max-snippet:-1, max-image-preview:large, max-video-preview:-1\" \/>\n<link rel=\"canonical\" href=\"https:\/\/calendula.hu\/de\/rolunk-laboratoriumunk\/\" \/>\n<meta property=\"og:locale\" content=\"de_DE\" \/>\n<meta property=\"og:type\" content=\"article\" \/>\n<meta property=\"og:title\" content=\"R\u00f3lunk-laborat\u00f3riumunk\" \/>\n<meta property=\"og:description\" content=\"Ismerje meg Calendula Pharma Co. Gy\u00f3gyn\u00f6v\u00e9ny laborat\u00f3riumunk N\u00f6v\u00e9nyi gy\u00f3gyk\u00e9sz\u00edtm\u00e9nyek saj\u00e1t el\u0151\u00e1ll\u00edt\u00e1sa A CALENDULA Klinika t\u00f6bb mint 30 \u00e9vvel ezel\u0151tt kezdte el a n\u00e9pi \u00e9s a keleti orvostudom\u00e1ny fitorecept\u00far\u00e1inak alkalmaz\u00e1s\u00e1t az orvosi gyakorlatban. B\u00e1rki, aki seg\u00edts\u00e9get keres, egyedi eset, amely mindig kih\u00edv\u00e1st jelent az orvos sz\u00e1m\u00e1ra. \u00c1tgondolva azt, hogy az \u00f3kori orvosok mik\u00e9ppen gy\u00f3gy\u00edtottak, megvizsg\u00e1ltuk Avicenna [&hellip;]\" \/>\n<meta property=\"og:url\" content=\"https:\/\/calendula.hu\/de\/rolunk-laboratoriumunk\/\" \/>\n<meta property=\"og:site_name\" content=\"Calendula Klinika - Si\u00f3fok\" \/>\n<meta property=\"article:modified_time\" content=\"2023-04-12T11:06:58+00:00\" \/>\n<meta name=\"twitter:card\" content=\"summary_large_image\" \/>\n<meta name=\"twitter:label1\" content=\"Gesch\u00e4tzte Lesezeit\" \/>\n\t<meta name=\"twitter:data1\" content=\"4\u00a0Minuten\" \/>\n<script type=\"application\/ld+json\" class=\"yoast-schema-graph\">{\"@context\":\"https:\\\/\\\/schema.org\",\"@graph\":[{\"@type\":\"WebPage\",\"@id\":\"https:\\\/\\\/calendula.hu\\\/rolunk-laboratoriumunk\\\/\",\"url\":\"https:\\\/\\\/calendula.hu\\\/rolunk-laboratoriumunk\\\/\",\"name\":\"R\u00f3lunk-laborat\u00f3riumunk - Calendula Klinika - Si\u00f3fok\",\"isPartOf\":{\"@id\":\"https:\\\/\\\/calendula.hu\\\/#website\"},\"datePublished\":\"2023-01-28T11:01:09+00:00\",\"dateModified\":\"2023-04-12T11:06:58+00:00\",\"breadcrumb\":{\"@id\":\"https:\\\/\\\/calendula.hu\\\/rolunk-laboratoriumunk\\\/#breadcrumb\"},\"inLanguage\":\"de\",\"potentialAction\":[{\"@type\":\"ReadAction\",\"target\":[\"https:\\\/\\\/calendula.hu\\\/rolunk-laboratoriumunk\\\/\"]}]},{\"@type\":\"BreadcrumbList\",\"@id\":\"https:\\\/\\\/calendula.hu\\\/rolunk-laboratoriumunk\\\/#breadcrumb\",\"itemListElement\":[{\"@type\":\"ListItem\",\"position\":1,\"name\":\"Home\",\"item\":\"https:\\\/\\\/calendula.hu\\\/\"},{\"@type\":\"ListItem\",\"position\":2,\"name\":\"R\u00f3lunk-laborat\u00f3riumunk\"}]},{\"@type\":\"WebSite\",\"@id\":\"https:\\\/\\\/calendula.hu\\\/#website\",\"url\":\"https:\\\/\\\/calendula.hu\\\/\",\"name\":\"Calendula Klinika - Si\u00f3fok\",\"description\":\"\",\"potentialAction\":[{\"@type\":\"SearchAction\",\"target\":{\"@type\":\"EntryPoint\",\"urlTemplate\":\"https:\\\/\\\/calendula.hu\\\/?s={search_term_string}\"},\"query-input\":{\"@type\":\"PropertyValueSpecification\",\"valueRequired\":true,\"valueName\":\"search_term_string\"}}],\"inLanguage\":\"de\"}]}<\/script>\n<!-- \/ Yoast SEO Premium plugin. -->","yoast_head_json":{"title":"R\u00f3lunk-laborat\u00f3riumunk - Calendula Klinika - Si\u00f3fok","robots":{"index":"index","follow":"follow","max-snippet":"max-snippet:-1","max-image-preview":"max-image-preview:large","max-video-preview":"max-video-preview:-1"},"canonical":"https:\/\/calendula.hu\/de\/rolunk-laboratoriumunk\/","og_locale":"de_DE","og_type":"article","og_title":"R\u00f3lunk-laborat\u00f3riumunk","og_description":"Ismerje meg Calendula Pharma Co. Gy\u00f3gyn\u00f6v\u00e9ny laborat\u00f3riumunk N\u00f6v\u00e9nyi gy\u00f3gyk\u00e9sz\u00edtm\u00e9nyek saj\u00e1t el\u0151\u00e1ll\u00edt\u00e1sa A CALENDULA Klinika t\u00f6bb mint 30 \u00e9vvel ezel\u0151tt kezdte el a n\u00e9pi \u00e9s a keleti orvostudom\u00e1ny fitorecept\u00far\u00e1inak alkalmaz\u00e1s\u00e1t az orvosi gyakorlatban. B\u00e1rki, aki seg\u00edts\u00e9get keres, egyedi eset, amely mindig kih\u00edv\u00e1st jelent az orvos sz\u00e1m\u00e1ra. \u00c1tgondolva azt, hogy az \u00f3kori orvosok mik\u00e9ppen gy\u00f3gy\u00edtottak, megvizsg\u00e1ltuk Avicenna [&hellip;]","og_url":"https:\/\/calendula.hu\/de\/rolunk-laboratoriumunk\/","og_site_name":"Calendula Klinika - Si\u00f3fok","article_modified_time":"2023-04-12T11:06:58+00:00","twitter_card":"summary_large_image","twitter_misc":{"Gesch\u00e4tzte Lesezeit":"4\u00a0Minuten"},"schema":{"@context":"https:\/\/schema.org","@graph":[{"@type":"WebPage","@id":"https:\/\/calendula.hu\/rolunk-laboratoriumunk\/","url":"https:\/\/calendula.hu\/rolunk-laboratoriumunk\/","name":"R\u00f3lunk-laborat\u00f3riumunk - Calendula Klinika - Si\u00f3fok","isPartOf":{"@id":"https:\/\/calendula.hu\/#website"},"datePublished":"2023-01-28T11:01:09+00:00","dateModified":"2023-04-12T11:06:58+00:00","breadcrumb":{"@id":"https:\/\/calendula.hu\/rolunk-laboratoriumunk\/#breadcrumb"},"inLanguage":"de","potentialAction":[{"@type":"ReadAction","target":["https:\/\/calendula.hu\/rolunk-laboratoriumunk\/"]}]},{"@type":"BreadcrumbList","@id":"https:\/\/calendula.hu\/rolunk-laboratoriumunk\/#breadcrumb","itemListElement":[{"@type":"ListItem","position":1,"name":"Home","item":"https:\/\/calendula.hu\/"},{"@type":"ListItem","position":2,"name":"R\u00f3lunk-laborat\u00f3riumunk"}]},{"@type":"WebSite","@id":"https:\/\/calendula.hu\/#website","url":"https:\/\/calendula.hu\/","name":"Calendula-Klinik - Siofok","description":"","potentialAction":[{"@type":"SearchAction","target":{"@type":"EntryPoint","urlTemplate":"https:\/\/calendula.hu\/?s={search_term_string}"},"query-input":{"@type":"PropertyValueSpecification","valueRequired":true,"valueName":"search_term_string"}}],"inLanguage":"de"}]}},"_links":{"self":[{"href":"https:\/\/calendula.hu\/de\/wp-json\/wp\/v2\/pages\/1882","targetHints":{"allow":["GET"]}}],"collection":[{"href":"https:\/\/calendula.hu\/de\/wp-json\/wp\/v2\/pages"}],"about":[{"href":"https:\/\/calendula.hu\/de\/wp-json\/wp\/v2\/types\/page"}],"author":[{"embeddable":true,"href":"https:\/\/calendula.hu\/de\/wp-json\/wp\/v2\/users\/9"}],"replies":[{"embeddable":true,"href":"https:\/\/calendula.hu\/de\/wp-json\/wp\/v2\/comments?post=1882"}],"version-history":[{"count":67,"href":"https:\/\/calendula.hu\/de\/wp-json\/wp\/v2\/pages\/1882\/revisions"}],"predecessor-version":[{"id":6092,"href":"https:\/\/calendula.hu\/de\/wp-json\/wp\/v2\/pages\/1882\/revisions\/6092"}],"wp:attachment":[{"href":"https:\/\/calendula.hu\/de\/wp-json\/wp\/v2\/media?parent=1882"}],"curies":[{"name":"wp","href":"https:\/\/api.w.org\/{rel}","templated":true}]}}