{"id":982,"date":"2022-06-30T03:51:47","date_gmt":"2022-06-30T01:51:47","guid":{"rendered":"https:\/\/shtheme.com\/demosd\/thecappa\/?page_id=982"},"modified":"2023-03-19T15:40:17","modified_gmt":"2023-03-19T14:40:17","slug":"gyik","status":"publish","type":"page","link":"https:\/\/calendula.hu\/de\/gyik\/","title":{"rendered":"FAQ"},"content":{"rendered":"<div data-elementor-type=\"wp-page\" data-elementor-id=\"982\" class=\"elementor elementor-982\" data-elementor-post-type=\"page\">\n\t\t\t\t\t\t<section class=\"elementor-section elementor-top-section elementor-element elementor-element-4970d8b elementor-section-full_width elementor-section-height-min-height elementor-section-height-default elementor-section-items-middle\" data-id=\"4970d8b\" data-element_type=\"section\" data-e-type=\"section\">\n\t\t\t\t\t\t<div class=\"elementor-container elementor-column-gap-no\">\n\t\t\t\t\t<div class=\"elementor-column elementor-col-100 elementor-top-column elementor-element elementor-element-96fe3d9\" data-id=\"96fe3d9\" data-element_type=\"column\" data-e-type=\"column\">\n\t\t\t<div class=\"elementor-widget-wrap elementor-element-populated\">\n\t\t\t\t\t\t<div class=\"elementor-element elementor-element-308d4e7 elementor-align-left elementor-widget elementor-widget-pages-restaurant-banner\" data-id=\"308d4e7\" data-element_type=\"widget\" data-e-type=\"widget\" data-widget_type=\"pages-restaurant-banner.default\">\n\t\t\t\t<div class=\"elementor-widget-container\">\n\t\t\t\t\t\r\n\t\t<header class=\"header slider\">\r\n\t\t\t<div class=\"owl-carousel owl-theme\">\r\n\t\t\t\t<!-- The opacity on the image is made with \"data-overlay-dark=\"number\". You can change it using the numbers 0-9. -->\r\n\t\t\t\t\t\t\t\t\t\t\t\t\t\t\t<div class=\"text-center item bg-img\" data-overlay-dark=\"3\" data-background=\"https:\/\/calendula.hu\/wp-content\/uploads\/2023\/02\/CALENDULA_269.jpg\"><\/div>\r\n\t\t\t\t\t\t\t\t\t\t\t\t\t\t\t\t\t\t\t\t<div class=\"text-center item bg-img\" data-overlay-dark=\"3\" data-background=\"https:\/\/calendula.hu\/wp-content\/uploads\/2023\/02\/CALENDULA_270.jpg\"><\/div>\r\n\t\t\t\t\t\t\t\t\t\t\t\t\t\t\t\t\t\t\t\t<div class=\"text-center item bg-img\" data-overlay-dark=\"3\" data-background=\"https:\/\/calendula.hu\/wp-content\/uploads\/2023\/02\/CALENDULA_271.jpg\"><\/div>\r\n\t\t\t\t\t\t\t\t\t\t\t\t<\/div>\r\n\t\t\t<!-- arrow down -->\r\n\t\t\t<div class=\"arrow bounce text-center\">\r\n\t\t\t\t<a href=\"#\" data-scroll-nav=\"1\" class=\"\"> <i class=\"ti-arrow-down\"><\/i> <\/a>\r\n\t\t\t<\/div>\r\n\t\t<\/header>\r\n\r\n\t\t\r\n\t\t\t\t\t<\/div>\n\t\t\t\t<\/div>\n\t\t\t\t\t<\/div>\n\t\t<\/div>\n\t\t\t\t\t<\/div>\n\t\t<\/section>\n\t\t\t\t<section class=\"elementor-section elementor-top-section elementor-element elementor-element-0560cec elementor-section-full_width elementor-section-height-default elementor-section-height-default\" data-id=\"0560cec\" data-element_type=\"section\" data-e-type=\"section\">\n\t\t\t\t\t\t<div class=\"elementor-container elementor-column-gap-no\">\n\t\t\t\t\t<div class=\"elementor-column elementor-col-100 elementor-top-column elementor-element elementor-element-99e86e8\" data-id=\"99e86e8\" data-element_type=\"column\" data-e-type=\"column\">\n\t\t\t<div class=\"elementor-widget-wrap elementor-element-populated\">\n\t\t\t\t\t\t<div class=\"elementor-element elementor-element-63d96d8 elementor-align-left elementor-widget elementor-widget-pages-faq\" data-id=\"63d96d8\" data-element_type=\"widget\" data-e-type=\"widget\" data-widget_type=\"pages-faq.default\">\n\t\t\t\t<div class=\"elementor-widget-container\">\n\t\t\t\t\t\r\n\t\t\t\t<section class=\"section-padding bg-black\">\r\n\t\t \r\n\t\t\t<div class=\"container\">\r\n\t\t\t\t<div class=\"row\">\r\n\t\t\t\t\t<div class=\"col-md-12\">\r\n\t\t\t\t\t\t\t\t\t\t\t\t\t<div class=\"section-subtitle\">FAQ<\/div>\r\n\t\t\t\t\t\t\t\t\t\t\t\t\t\t\t\t\t\t\t<div class=\"section-title\">H\u00e4ufig gestellte Fragen<\/div>\r\n\t\t\t\t\t\t\t\t\t\t\t<\/div>\r\n\t\t\t\t\t<div class=\"col-md-12\">\r\n\t\t\t\t\t\t<ul class=\"accordion-box clearfix\">\r\n\t\t\t\t\t\t\t\t\t\t\t\t\t\t\t<li class=\"accordion block\">\r\n\t\t\t\t\t\t\t\t\t\t\t\t\t\t\t\t\t\t\t<div class=\"acc-btn\">Wie kann ich ein Patient der Klinik werden?<\/div>\r\n\t\t\t\t\t\t\t\t\t\t\t\t\t\t\t\t\t\t\t\t\t\t\t\t\t\t\t\t<div class=\"acc-content\">\r\n\t\t\t\t\t\t\t\t\t\t\t<div class=\"content\">\r\n\t\t\t\t\t\t\t\t\t\t\t\t<div class=\"text\">Sie k\u00f6nnen auf dieser Website eine Reservierung vornehmen, und wir rufen Sie per E-Mail oder telefonisch zur\u00fcck, um einen Termin zu vereinbaren, oder Sie k\u00f6nnen uns unter der Nummer 06 84 330 754 von Montag bis Sonntag von 9 bis 17 Uhr anrufen. <\/div>\r\n\t\t\t\t\t\t\t\t\t\t\t<\/div>\r\n\t\t\t\t\t\t\t\t\t\t<\/div>\r\n\t\t\t\t\t\t\t\t\t\t\t\t\t\t\t\t\t<\/li>\r\n\t\t\t\t\t\t\t\t\t\t\t\t\t\t\t<li class=\"accordion block\">\r\n\t\t\t\t\t\t\t\t\t\t\t\t\t\t\t\t\t\t\t<div class=\"acc-btn\">Welche Krankheiten werden in der Calendula-Klinik behandelt?<\/div>\r\n\t\t\t\t\t\t\t\t\t\t\t\t\t\t\t\t\t\t\t\t\t\t\t\t\t\t\t\t<div class=\"acc-content\">\r\n\t\t\t\t\t\t\t\t\t\t\t<div class=\"content\">\r\n\t\t\t\t\t\t\t\t\t\t\t\t<div class=\"text\">Klicken Sie auf den folgenden Link, um sich \u00fcber die in unserer Klinik behandelten Krankheiten zu informieren: https:\/\/calendula.hu\/kezelt-betegsegek\/<\/div>\r\n\t\t\t\t\t\t\t\t\t\t\t<\/div>\r\n\t\t\t\t\t\t\t\t\t\t<\/div>\r\n\t\t\t\t\t\t\t\t\t\t\t\t\t\t\t\t\t<\/li>\r\n\t\t\t\t\t\t\t\t\t\t\t\t\t\t\t<li class=\"accordion block\">\r\n\t\t\t\t\t\t\t\t\t\t\t\t\t\t\t\t\t\t\t<div class=\"acc-btn\">Welche Krankheiten werden in der Klinik nicht behandelt?<\/div>\r\n\t\t\t\t\t\t\t\t\t\t\t\t\t\t\t\t\t\t\t\t\t\t\t\t\t\t\t\t<div class=\"acc-content\">\r\n\t\t\t\t\t\t\t\t\t\t\t<div class=\"content\">\r\n\t\t\t\t\t\t\t\t\t\t\t\t<div class=\"text\">In unserer Klinik werden keine Krebserkrankungen im akuten Stadium oder w\u00e4hrend einer Strahlentherapie behandelt. <br> Da es sich bei unserer Klinik nicht um eine geschlossene Einrichtung handelt, k\u00f6nnen wir auch keine Suchterkrankungen abdecken. <br><br>Bitte kontaktieren Sie uns immer, wenn Sie eine bestimmte Krankheit haben, damit wir Ihnen individuelle Antworten geben und Therapien vorschlagen k\u00f6nnen. <\/div>\r\n\t\t\t\t\t\t\t\t\t\t\t<\/div>\r\n\t\t\t\t\t\t\t\t\t\t<\/div>\r\n\t\t\t\t\t\t\t\t\t\t\t\t\t\t\t\t\t<\/li>\r\n\t\t\t\t\t\t\t\t\t\t\t\t\t\t\t<li class=\"accordion block\">\r\n\t\t\t\t\t\t\t\t\t\t\t\t\t\t\t\t\t\t\t<div class=\"acc-btn\">Welches Therapieprogramm soll ich w\u00e4hlen?<\/div>\r\n\t\t\t\t\t\t\t\t\t\t\t\t\t\t\t\t\t\t\t\t\t\t\t\t\t\t\t\t<div class=\"acc-content\">\r\n\t\t\t\t\t\t\t\t\t\t\t<div class=\"content\">\r\n\t\t\t\t\t\t\t\t\t\t\t\t<div class=\"text\">Das Behandlungsprogramm richtet sich nach dem Ergebnis der \u00e4rztlichen Voruntersuchung.\num unseren Patienten eine individuell abgestimmte Therapie zu erm\u00f6glichen.\nTermine f\u00fcr Konsultationen k\u00f6nnen unter der folgenden Telefonnummer vereinbart werden:\n06 84 330 754 von Montag bis Sonntag von 09:00 bis 17:00 Uhr.\nWenn Sie eine Reservierung in unserer Klinik haben, aber noch nicht teilgenommen haben\naber noch keine Konsultation hatten, k\u00f6nnen Sie Ihren ersten Termin am Tag Ihrer Ankunft vereinbaren\num mit unseren \u00c4rzten Ihre Behandlungsbed\u00fcrfnisse sowie Ihre Gesundheit und Ihr Wohlbefinden zu besprechen.\nSie k\u00f6nnen gemeinsam entscheiden, welche Leistungen wir Ihnen anbieten k\u00f6nnen.<\/div>\r\n\t\t\t\t\t\t\t\t\t\t\t<\/div>\r\n\t\t\t\t\t\t\t\t\t\t<\/div>\r\n\t\t\t\t\t\t\t\t\t\t\t\t\t\t\t\t\t<\/li>\r\n\t\t\t\t\t\t\t\t\t\t\t\t\t\t\t<li class=\"accordion block\">\r\n\t\t\t\t\t\t\t\t\t\t\t\t\t\t\t\t\t\t\t<div class=\"acc-btn\">Wie viele Tage werden f\u00fcr das Panchakarma-Programm empfohlen?<\/div>\r\n\t\t\t\t\t\t\t\t\t\t\t\t\t\t\t\t\t\t\t\t\t\t\t\t\t\t\t\t<div class=\"acc-content\">\r\n\t\t\t\t\t\t\t\t\t\t\t<div class=\"content\">\r\n\t\t\t\t\t\t\t\t\t\t\t\t<div class=\"text\">Das klassische Panchakarma erfordert eine 21-t\u00e4gige Therapie. Wenn der Patient keine\nZeit hat, ist es m\u00f6glich, die Behandlung in 14 Tagen abzuschlie\u00dfen.\nder reinigungsprozess.\nDie Therapie besteht aus f\u00fcnf Phasen, die die nat\u00fcrlichen Reinigungs- und Wiederherstellungsprozesse des K\u00f6rpers aktivieren.\nWiederherstellungsprozesse des K\u00f6rpers aktivieren. Jede Phase wird je nach dem Grad der\nder K\u00f6rper f\u00fcr die Reinigung bereit ist. Die Therapie ber\u00fccksichtigt die K\u00f6rperzusammensetzung des Patienten\ndie K\u00f6rperzusammensetzung des Patienten, den Grad der Lahmheit zu einem bestimmten Zeitpunkt und die jahreszeitlichen\nFaktoren und andere Gesundheitsfaktoren.<\/div>\r\n\t\t\t\t\t\t\t\t\t\t\t<\/div>\r\n\t\t\t\t\t\t\t\t\t\t<\/div>\r\n\t\t\t\t\t\t\t\t\t\t\t\t\t\t\t\t\t<\/li>\r\n\t\t\t\t\t\t\t\t\t\t\t\t\t\t\t<li class=\"accordion block\">\r\n\t\t\t\t\t\t\t\t\t\t\t\t\t\t\t\t\t\t\t<div class=\"acc-btn\">Sollte ich zuerst ein Beratungsgespr\u00e4ch f\u00fchren oder kann ich gleich\nmit einer Reservierung kommen?<\/div>\r\n\t\t\t\t\t\t\t\t\t\t\t\t\t\t\t\t\t\t\t\t\t\t\t\t\t\t\t\t<div class=\"acc-content\">\r\n\t\t\t\t\t\t\t\t\t\t\t<div class=\"content\">\r\n\t\t\t\t\t\t\t\t\t\t\t\t<div class=\"text\">Sie haben die M\u00f6glichkeit, ohne vorherige Absprache eine Unterkunft und ein Programm in unserer Klinik zu buchen\naber wir empfehlen unseren ungarischen Patienten, einen Arzttermin im Voraus zu buchen.\nvorherige Konsultation.\nWenn Sie eine Reservierung in unserer Klinik haben, aber noch nicht teilgenommen haben\n\nWenn Sie eine Reservierung in unserer Klinik haben, aber noch nicht an einer Konsultation teilgenommen haben, k\u00f6nnen Sie Ihren Termin am Tag Ihrer Ankunft, w\u00e4hrend Ihres ersten Besuchs, vereinbaren.\nSie k\u00f6nnen mit unseren \u00c4rzten Ihren Behandlungsbedarf und Ihren Gesundheitszustand besprechen\nSie k\u00f6nnen gemeinsam entscheiden, welche Leistungen wir Ihnen anbieten k\u00f6nnen.<\/div>\r\n\t\t\t\t\t\t\t\t\t\t\t<\/div>\r\n\t\t\t\t\t\t\t\t\t\t<\/div>\r\n\t\t\t\t\t\t\t\t\t\t\t\t\t\t\t\t\t<\/li>\r\n\t\t\t\t\t\t\t\t\t\t\t\t\t\t\t<li class=\"accordion block\">\r\n\t\t\t\t\t\t\t\t\t\t\t\t\t\t\t\t\t\t\t<div class=\"acc-btn\">Wie viele Tage im Voraus sollte ich buchen?<\/div>\r\n\t\t\t\t\t\t\t\t\t\t\t\t\t\t\t\t\t\t\t\t\t\t\t\t\t\t\t\t<div class=\"acc-content\">\r\n\t\t\t\t\t\t\t\t\t\t\t<div class=\"content\">\r\n\t\t\t\t\t\t\t\t\t\t\t\t<div class=\"text\">Es ist ratsam, mindestens 1 Monat vor Ihrer Ankunft zu buchen, aber das Jahr\nf\u00fcr das Ende des Jahres, Anfang des Jahres empfehlen wir, mindestens 2 Monate im Voraus zu buchen\nim Voraus zu buchen. Wenn Sie jedoch zu jeder Zeit in unsere Klinik kommen m\u00f6chten, nehmen Sie bitte\nkontaktieren Sie uns bitte per E-Mail (info@calendula.hu) oder per Telefon (06 84 330 754),\ndenn es kann jederzeit ein Platz frei werden, was durch eine spontane Idee erleichtert werden kann\neiner spontanen Buchung.<\/div>\r\n\t\t\t\t\t\t\t\t\t\t\t<\/div>\r\n\t\t\t\t\t\t\t\t\t\t<\/div>\r\n\t\t\t\t\t\t\t\t\t\t\t\t\t\t\t\t\t<\/li>\r\n\t\t\t\t\t\t\t\t\t\t\t\t\t\t\t<li class=\"accordion block\">\r\n\t\t\t\t\t\t\t\t\t\t\t\t\t\t\t\t\t\t\t<div class=\"acc-btn\">Ich habe eine Unterkunft in der N\u00e4he. Ich kann ein Zimmer ohne Reservierung buchen\nf\u00fcr eine mehrt\u00e4gige Therapie buchen?<\/div>\r\n\t\t\t\t\t\t\t\t\t\t\t\t\t\t\t\t\t\t\t\t\t\t\t\t\t\t\t\t<div class=\"acc-content\">\r\n\t\t\t\t\t\t\t\t\t\t\t<div class=\"content\">\r\n\t\t\t\t\t\t\t\t\t\t\t\t<div class=\"text\">Ja, nat\u00fcrlich. Sie k\u00f6nnen die Behandlungen in unserer Klinik auch nutzen, ohne eine Unterkunft zu buchen.<\/div>\r\n\t\t\t\t\t\t\t\t\t\t\t<\/div>\r\n\t\t\t\t\t\t\t\t\t\t<\/div>\r\n\t\t\t\t\t\t\t\t\t\t\t\t\t\t\t\t\t<\/li>\r\n\t\t\t\t\t\t\t\t\t\t\t\t\t\t\t<li class=\"accordion block\">\r\n\t\t\t\t\t\t\t\t\t\t\t\t\t\t\t\t\t\t\t<div class=\"acc-btn\">Wie l\u00e4uft ein Therapietag in der Klinik ab?<\/div>\r\n\t\t\t\t\t\t\t\t\t\t\t\t\t\t\t\t\t\t\t\t\t\t\t\t\t\t\t\t<div class=\"acc-content\">\r\n\t\t\t\t\t\t\t\t\t\t\t<div class=\"content\">\r\n\t\t\t\t\t\t\t\t\t\t\t\t<div class=\"text\">Die therapeutischen Programme sind Teil des t\u00e4glichen Men\u00fcs, das in unserem Ayurveda-Restaurant\ndrei Mahlzeiten pro Tag, wobei das Fr\u00fchst\u00fcck ab 8 Uhr angeboten wird.\nDavor besteht die M\u00f6glichkeit, ab 7:30 Uhr am Morgen-Yoga teilzunehmen. Das Fr\u00fchst\u00fcck wird serviert\nDie medizinischen Besuche beginnen um 9 Uhr und werden von einer 90\n90-min\u00fctigen Therapien. Das Mittagessen wird ab 12 Uhr serviert, und ab 14 Uhr\nbeginnen die 60-min\u00fctigen Therapien. Vortr\u00e4ge und zus\u00e4tzliche Bewegungstherapien sind ebenfalls ab\nauch am Nachmittag vorgesehen. Ein Therapietag in der Calendula-Klinik\nist f\u00fcr unsere Patienten ein Tag von etwa 7-8 Stunden.<\/div>\r\n\t\t\t\t\t\t\t\t\t\t\t<\/div>\r\n\t\t\t\t\t\t\t\t\t\t<\/div>\r\n\t\t\t\t\t\t\t\t\t\t\t\t\t\t\t\t\t<\/li>\r\n\t\t\t\t\t\t\t\t\t\t\t\t\t\t\t<li class=\"accordion block\">\r\n\t\t\t\t\t\t\t\t\t\t\t\t\t\t\t\t\t\t\t<div class=\"acc-btn\">K\u00f6nnen w\u00e4hrend der Behandlung andere Mahlzeiten in den Speiseplan aufgenommen werden?<\/div>\r\n\t\t\t\t\t\t\t\t\t\t\t\t\t\t\t\t\t\t\t\t\t\t\t\t\t\t\t\t<div class=\"acc-content\">\r\n\t\t\t\t\t\t\t\t\t\t\t<div class=\"content\">\r\n\t\t\t\t\t\t\t\t\t\t\t\t<div class=\"text\">Die therapeutischen Pakete der Calendula-Klinik umfassen\ndrei fleischlose, vegetarische Mahlzeiten pro Tag, die von unserem Ayurveda-Restaurant angeboten werden\nMahlzeiten (Fisch und Eier sind in unseren Mahlzeiten enthalten), die f\u00fcr den\nf\u00fcr den Erfolg der Behandlungsprogramme notwendig sind. Andere Mahlzeiten nur auf \u00e4rztlichen Rat\nvorbehaltlich \u00e4rztlicher Beratung.<\/div>\r\n\t\t\t\t\t\t\t\t\t\t\t<\/div>\r\n\t\t\t\t\t\t\t\t\t\t<\/div>\r\n\t\t\t\t\t\t\t\t\t\t\t\t\t\t\t\t\t<\/li>\r\n\t\t\t\t\t\t\t\t\t\t\t\t\t\t\t<li class=\"accordion block\">\r\n\t\t\t\t\t\t\t\t\t\t\t\t\t\t\t\t\t\t\t<div class=\"acc-btn\">Ich habe eine Lebensmittelunvertr\u00e4glichkeit. Ist es m\u00f6glich, frei zu essen?<\/div>\r\n\t\t\t\t\t\t\t\t\t\t\t\t\t\t\t\t\t\t\t\t\t\t\t\t\t\t\t\t<div class=\"acc-content\">\r\n\t\t\t\t\t\t\t\t\t\t\t<div class=\"content\">\r\n\t\t\t\t\t\t\t\t\t\t\t\t<div class=\"text\">Ja, nat\u00fcrlich. Wir k\u00f6nnen auch f\u00fcr G\u00e4ste mit Lebensmittelunvertr\u00e4glichkeiten sorgen\n\naber bitte informieren Sie uns vor Ihrer Ankunft \u00fcber die\nvor Ihrer Ankunft.<\/div>\r\n\t\t\t\t\t\t\t\t\t\t\t<\/div>\r\n\t\t\t\t\t\t\t\t\t\t<\/div>\r\n\t\t\t\t\t\t\t\t\t\t\t\t\t\t\t\t\t<\/li>\r\n\t\t\t\t\t\t\t\t\t\t\t\t\t\t\t<li class=\"accordion block\">\r\n\t\t\t\t\t\t\t\t\t\t\t\t\t\t\t\t\t\t\t<div class=\"acc-btn\">Was sollte ich mitbringen?<\/div>\r\n\t\t\t\t\t\t\t\t\t\t\t\t\t\t\t\t\t\t\t\t\t\t\t\t\t\t\t\t<div class=\"acc-content\">\r\n\t\t\t\t\t\t\t\t\t\t\t<div class=\"content\">\r\n\t\t\t\t\t\t\t\t\t\t\t\t<div class=\"text\">Wir empfehlen unseren Patienten bequeme Kleidung, damit sie sich w\u00e4hrend ihres Aufenthalts in der Klinik so wohl wie m\u00f6glich f\u00fchlen. Wegen der \u00d6lbehandlungen ist es au\u00dferdem ratsam, Kleidung mitzubringen, die keine Probleme verursacht, wenn Sie mit \u00d6l in Kontakt kommen. Tr\u00e4nen, Hausschuhe und Handt\u00fccher werden unseren G\u00e4sten zur Verf\u00fcgung gestellt, aber es ist ratsam, eigene Gummipantoffeln mitzubringen.<\/div>\r\n\t\t\t\t\t\t\t\t\t\t\t<\/div>\r\n\t\t\t\t\t\t\t\t\t\t<\/div>\r\n\t\t\t\t\t\t\t\t\t\t\t\t\t\t\t\t\t<\/li>\r\n\t\t\t\t\t\t\t\t\t\t\t\t\t\t\t<li class=\"accordion block\">\r\n\t\t\t\t\t\t\t\t\t\t\t\t\t\t\t\t\t\t\t<div class=\"acc-btn\">Mit welchen zus\u00e4tzlichen Kosten muss ich neben der Therapie und der Unterkunft rechnen?<\/div>\r\n\t\t\t\t\t\t\t\t\t\t\t\t\t\t\t\t\t\t\t\t\t\t\t\t\t\t\t\t<div class=\"acc-content\">\r\n\t\t\t\t\t\t\t\t\t\t\t<div class=\"content\">\r\n\t\t\t\t\t\t\t\t\t\t\t\t<div class=\"text\">Wenn Sie zus\u00e4tzliche erg\u00e4nzende Therapien ben\u00f6tigen, die nicht in Ihrem Behandlungsprogramm enthalten sind, m\u00fcssen Sie daf\u00fcr extra bezahlen. Solche Behandlungen k\u00f6nnen je nach Programm manuelle Therapie, Metamer-Therapie, Kollageninjektionen, Plasmatherapie, therapeutische Blockade und andere von Ihrem Arzt empfohlene Untersuchungen wie Ultraschall, Bluttests oder andere bildgebende Verfahren umfassen. <\/div>\r\n\t\t\t\t\t\t\t\t\t\t\t<\/div>\r\n\t\t\t\t\t\t\t\t\t\t<\/div>\r\n\t\t\t\t\t\t\t\t\t\t\t\t\t\t\t\t\t<\/li>\r\n\t\t\t\t\t\t\t\t\t\t\t\t\t\t\t<li class=\"accordion block\">\r\n\t\t\t\t\t\t\t\t\t\t\t\t\t\t\t\t\t\t\t<div class=\"acc-btn\">Wann, wie und in welcher W\u00e4hrung muss ich f\u00fcr meine Buchung bezahlen?\nkann ich bezahlen?<\/div>\r\n\t\t\t\t\t\t\t\t\t\t\t\t\t\t\t\t\t\t\t\t\t\t\t\t\t\t\t\t<div class=\"acc-content\">\r\n\t\t\t\t\t\t\t\t\t\t\t<div class=\"content\">\r\n\t\t\t\t\t\t\t\t\t\t\t\t<div class=\"text\">Es ist m\u00f6glich, die Proformarechnung, die den Preis f\u00fcr die Unterkunft und das Programm enth\u00e4lt, sp\u00e4testens am 2. und 3. Tag nach der Ankunft zu bezahlen. Die zus\u00e4tzlichen Behandlungskosten und die Kosten f\u00fcr das medizinische Paket werden zu einem sp\u00e4teren Zeitpunkt beglichen. Die Zahlung kann per Bank\u00fcberweisung, Kreditkarte oder in bar erfolgen (wir akzeptieren sowohl EUR als auch HUF). Sie haben auch die M\u00f6glichkeit, eine Rechnung der Krankenkasse anzufordern, falls Sie eine haben.\n<\/div>\r\n\t\t\t\t\t\t\t\t\t\t\t<\/div>\r\n\t\t\t\t\t\t\t\t\t\t<\/div>\r\n\t\t\t\t\t\t\t\t\t\t\t\t\t\t\t\t\t<\/li>\r\n\t\t\t\t\t\t\t\t\t\t\t\t\t\t\t<li class=\"accordion block\">\r\n\t\t\t\t\t\t\t\t\t\t\t\t\t\t\t\t\t\t\t<div class=\"acc-btn\">Wie unterscheidet sich das Programm der Calendula-Klinik in Siofok von dem in Sri Lanka?\nPanchakarma-Programm?<\/div>\r\n\t\t\t\t\t\t\t\t\t\t\t\t\t\t\t\t\t\t\t\t\t\t\t\t\t\t\t\t<div class=\"acc-content\">\r\n\t\t\t\t\t\t\t\t\t\t\t<div class=\"content\">\r\n\t\t\t\t\t\t\t\t\t\t\t\t<div class=\"text\">Die Zusammensetzung der ayurvedischen Therapien und die Dauer der Behandlungen sind in den beiden L\u00e4ndern unterschiedlich. Dar\u00fcber hinaus kombinieren wir in der Calendula-Klinik \u00f6stliche Medizin mit westlicher Technologie, so dass wir unseren Patienten f\u00fcr die Dauer ihrer Therapie, wie vom Arzt verordnet, die Diagnoseverfahren der modernen Medizin zur Verf\u00fcgung stellen k\u00f6nnen.<\/div>\r\n\t\t\t\t\t\t\t\t\t\t\t<\/div>\r\n\t\t\t\t\t\t\t\t\t\t<\/div>\r\n\t\t\t\t\t\t\t\t\t\t\t\t\t\t\t\t\t<\/li>\r\n\t\t\t\t\t\t\t\t\t\t\t\t\t\t\t<li class=\"accordion block\">\r\n\t\t\t\t\t\t\t\t\t\t\t\t\t\t\t\t\t\t\t<div class=\"acc-btn\">K\u00f6nnen Massagen und andere Therapien \u201evon au\u00dfen\u201d durchgef\u00fchrt werden?<\/div>\r\n\t\t\t\t\t\t\t\t\t\t\t\t\t\t\t\t\t\t\t\t\t\t\t\t\t\t\t\t<div class=\"acc-content\">\r\n\t\t\t\t\t\t\t\t\t\t\t<div class=\"content\">\r\n\t\t\t\t\t\t\t\t\t\t\t\t<div class=\"text\">Unsere Klinik bietet die M\u00f6glichkeit, unsere Therapien ambulant zu erhalten. Bitte kontaktieren Sie uns telefonisch, um einen Termin zu vereinbaren.<\/div>\r\n\t\t\t\t\t\t\t\t\t\t\t<\/div>\r\n\t\t\t\t\t\t\t\t\t\t<\/div>\r\n\t\t\t\t\t\t\t\t\t\t\t\t\t\t\t\t\t<\/li>\r\n\t\t\t\t\t\t\t\t\t\t\t\t\t\t\t<li class=\"accordion block\">\r\n\t\t\t\t\t\t\t\t\t\t\t\t\t\t\t\t\t\t\t<div class=\"acc-btn\">Sind sie an Feiertagen und Wochenenden ge\u00f6ffnet?<\/div>\r\n\t\t\t\t\t\t\t\t\t\t\t\t\t\t\t\t\t\t\t\t\t\t\t\t\t\t\t\t<div class=\"acc-content\">\r\n\t\t\t\t\t\t\t\t\t\t\t<div class=\"content\">\r\n\t\t\t\t\t\t\t\t\t\t\t\t<div class=\"text\">Ja, die ayurvedische und medizinische Privatklinik Calendula ist an 7 Tagen in der Woche, an Wochenenden und Feiertagen ge\u00f6ffnet und verf\u00fcgt \u00fcber einen 7\/24-Stunden-Empfangsdienst. Termine und Buchungen k\u00f6nnen telefonisch zwischen 9 Uhr und 17 Uhr vereinbart werden. <\/div>\r\n\t\t\t\t\t\t\t\t\t\t\t<\/div>\r\n\t\t\t\t\t\t\t\t\t\t<\/div>\r\n\t\t\t\t\t\t\t\t\t\t\t\t\t\t\t\t\t<\/li>\r\n\t\t\t\t\t\t\t\t\t\t\t\t\t<\/ul>\r\n\t\t\t\t\t<\/div>\r\n\t\t\t\t<\/div>\r\n\t\t\t<\/div>\r\n\t\t<\/section>\r\n\r\n\t\t\r\n\t\t\t\t\t<\/div>\n\t\t\t\t<\/div>\n\t\t\t\t\t<\/div>\n\t\t<\/div>\n\t\t\t\t\t<\/div>\n\t\t<\/section>\n\t\t\t\t<\/div>","protected":false},"excerpt":{"rendered":"<p>GYIK Gyakran ism\u00e9telt k\u00e9rd\u00e9sek Hogyan lehetek a klinika p\u00e1ciense? R\u00f6gz\u00edtheti foglal\u00e1si ig\u00e9ny\u00e9t ezen a weboldalon, mellyel kapcsolatban emailben vagy telefonon visszah\u00edvjuk \u00d6nt az id\u0151pont egyeztet\u00e9se v\u00e9gett vagy h\u00edvhat minket a 06 84 330 754-es telefonsz\u00e1mon h\u00e9tf\u0151t\u0151l &#8211; vas\u00e1rnapig 9-17 \u00f3r\u00e1ig. Milyen betegs\u00e9geket kezelnek a Calendula klinik\u00e1n? Az al\u00e1bbi linkre kattintva t\u00e1j\u00e9koz\u00f3dhat klinik\u00e1nkon kezelt betegs\u00e9gekr\u0151l: https:\/\/calendula.hu\/kezelt-betegsegek\/ [&hellip;]<\/p>\n","protected":false},"author":9,"featured_media":0,"parent":0,"menu_order":0,"comment_status":"closed","ping_status":"closed","template":"page-templates\/dark-sidebar.php","meta":{"footnotes":""},"class_list":["post-982","page","type-page","status-publish","hentry"],"yoast_head":"<!-- This site is optimized with the Yoast SEO Premium plugin v19.5 (Yoast SEO v27.4) - https:\/\/yoast.com\/product\/yoast-seo-premium-wordpress\/ -->\n<title>GYIK - Calendula Klinika - Si\u00f3fok<\/title>\n<meta name=\"robots\" content=\"index, follow, max-snippet:-1, max-image-preview:large, max-video-preview:-1\" \/>\n<link rel=\"canonical\" href=\"https:\/\/calendula.hu\/de\/gyik\/\" \/>\n<meta property=\"og:locale\" content=\"de_DE\" \/>\n<meta property=\"og:type\" content=\"article\" \/>\n<meta property=\"og:title\" content=\"GYIK\" \/>\n<meta property=\"og:description\" content=\"GYIK Gyakran ism\u00e9telt k\u00e9rd\u00e9sek Hogyan lehetek a klinika p\u00e1ciense? R\u00f6gz\u00edtheti foglal\u00e1si ig\u00e9ny\u00e9t ezen a weboldalon, mellyel kapcsolatban emailben vagy telefonon visszah\u00edvjuk \u00d6nt az id\u0151pont egyeztet\u00e9se v\u00e9gett vagy h\u00edvhat minket a 06 84 330 754-es telefonsz\u00e1mon h\u00e9tf\u0151t\u0151l &#8211; vas\u00e1rnapig 9-17 \u00f3r\u00e1ig. Milyen betegs\u00e9geket kezelnek a Calendula klinik\u00e1n? Az al\u00e1bbi linkre kattintva t\u00e1j\u00e9koz\u00f3dhat klinik\u00e1nkon kezelt betegs\u00e9gekr\u0151l: https:\/\/calendula.hu\/kezelt-betegsegek\/ [&hellip;]\" \/>\n<meta property=\"og:url\" content=\"https:\/\/calendula.hu\/de\/gyik\/\" \/>\n<meta property=\"og:site_name\" content=\"Calendula Klinika - Si\u00f3fok\" \/>\n<meta property=\"article:modified_time\" content=\"2023-03-19T14:40:17+00:00\" \/>\n<meta name=\"twitter:card\" content=\"summary_large_image\" \/>\n<meta name=\"twitter:label1\" content=\"Gesch\u00e4tzte Lesezeit\" \/>\n\t<meta name=\"twitter:data1\" content=\"5\u00a0Minuten\" \/>\n<script type=\"application\/ld+json\" class=\"yoast-schema-graph\">{\"@context\":\"https:\\\/\\\/schema.org\",\"@graph\":[{\"@type\":\"WebPage\",\"@id\":\"https:\\\/\\\/calendula.hu\\\/gyik\\\/\",\"url\":\"https:\\\/\\\/calendula.hu\\\/gyik\\\/\",\"name\":\"GYIK - Calendula Klinika - Si\u00f3fok\",\"isPartOf\":{\"@id\":\"https:\\\/\\\/calendula.hu\\\/#website\"},\"datePublished\":\"2022-06-30T01:51:47+00:00\",\"dateModified\":\"2023-03-19T14:40:17+00:00\",\"breadcrumb\":{\"@id\":\"https:\\\/\\\/calendula.hu\\\/gyik\\\/#breadcrumb\"},\"inLanguage\":\"de\",\"potentialAction\":[{\"@type\":\"ReadAction\",\"target\":[\"https:\\\/\\\/calendula.hu\\\/gyik\\\/\"]}]},{\"@type\":\"BreadcrumbList\",\"@id\":\"https:\\\/\\\/calendula.hu\\\/gyik\\\/#breadcrumb\",\"itemListElement\":[{\"@type\":\"ListItem\",\"position\":1,\"name\":\"Home\",\"item\":\"https:\\\/\\\/calendula.hu\\\/\"},{\"@type\":\"ListItem\",\"position\":2,\"name\":\"GYIK\"}]},{\"@type\":\"WebSite\",\"@id\":\"https:\\\/\\\/calendula.hu\\\/#website\",\"url\":\"https:\\\/\\\/calendula.hu\\\/\",\"name\":\"Calendula Klinika - Si\u00f3fok\",\"description\":\"\",\"potentialAction\":[{\"@type\":\"SearchAction\",\"target\":{\"@type\":\"EntryPoint\",\"urlTemplate\":\"https:\\\/\\\/calendula.hu\\\/?s={search_term_string}\"},\"query-input\":{\"@type\":\"PropertyValueSpecification\",\"valueRequired\":true,\"valueName\":\"search_term_string\"}}],\"inLanguage\":\"de\"}]}<\/script>\n<!-- \/ Yoast SEO Premium plugin. -->","yoast_head_json":{"title":"GYIK - Calendula Klinika - Si\u00f3fok","robots":{"index":"index","follow":"follow","max-snippet":"max-snippet:-1","max-image-preview":"max-image-preview:large","max-video-preview":"max-video-preview:-1"},"canonical":"https:\/\/calendula.hu\/de\/gyik\/","og_locale":"de_DE","og_type":"article","og_title":"GYIK","og_description":"GYIK Gyakran ism\u00e9telt k\u00e9rd\u00e9sek Hogyan lehetek a klinika p\u00e1ciense? R\u00f6gz\u00edtheti foglal\u00e1si ig\u00e9ny\u00e9t ezen a weboldalon, mellyel kapcsolatban emailben vagy telefonon visszah\u00edvjuk \u00d6nt az id\u0151pont egyeztet\u00e9se v\u00e9gett vagy h\u00edvhat minket a 06 84 330 754-es telefonsz\u00e1mon h\u00e9tf\u0151t\u0151l &#8211; vas\u00e1rnapig 9-17 \u00f3r\u00e1ig. Milyen betegs\u00e9geket kezelnek a Calendula klinik\u00e1n? Az al\u00e1bbi linkre kattintva t\u00e1j\u00e9koz\u00f3dhat klinik\u00e1nkon kezelt betegs\u00e9gekr\u0151l: https:\/\/calendula.hu\/kezelt-betegsegek\/ [&hellip;]","og_url":"https:\/\/calendula.hu\/de\/gyik\/","og_site_name":"Calendula Klinika - Si\u00f3fok","article_modified_time":"2023-03-19T14:40:17+00:00","twitter_card":"summary_large_image","twitter_misc":{"Gesch\u00e4tzte Lesezeit":"5\u00a0Minuten"},"schema":{"@context":"https:\/\/schema.org","@graph":[{"@type":"WebPage","@id":"https:\/\/calendula.hu\/gyik\/","url":"https:\/\/calendula.hu\/gyik\/","name":"GYIK - Calendula Klinika - Si\u00f3fok","isPartOf":{"@id":"https:\/\/calendula.hu\/#website"},"datePublished":"2022-06-30T01:51:47+00:00","dateModified":"2023-03-19T14:40:17+00:00","breadcrumb":{"@id":"https:\/\/calendula.hu\/gyik\/#breadcrumb"},"inLanguage":"de","potentialAction":[{"@type":"ReadAction","target":["https:\/\/calendula.hu\/gyik\/"]}]},{"@type":"BreadcrumbList","@id":"https:\/\/calendula.hu\/gyik\/#breadcrumb","itemListElement":[{"@type":"ListItem","position":1,"name":"Home","item":"https:\/\/calendula.hu\/"},{"@type":"ListItem","position":2,"name":"GYIK"}]},{"@type":"WebSite","@id":"https:\/\/calendula.hu\/#website","url":"https:\/\/calendula.hu\/","name":"Calendula-Klinik - Siofok","description":"","potentialAction":[{"@type":"SearchAction","target":{"@type":"EntryPoint","urlTemplate":"https:\/\/calendula.hu\/?s={search_term_string}"},"query-input":{"@type":"PropertyValueSpecification","valueRequired":true,"valueName":"search_term_string"}}],"inLanguage":"de"}]}},"_links":{"self":[{"href":"https:\/\/calendula.hu\/de\/wp-json\/wp\/v2\/pages\/982","targetHints":{"allow":["GET"]}}],"collection":[{"href":"https:\/\/calendula.hu\/de\/wp-json\/wp\/v2\/pages"}],"about":[{"href":"https:\/\/calendula.hu\/de\/wp-json\/wp\/v2\/types\/page"}],"author":[{"embeddable":true,"href":"https:\/\/calendula.hu\/de\/wp-json\/wp\/v2\/users\/9"}],"replies":[{"embeddable":true,"href":"https:\/\/calendula.hu\/de\/wp-json\/wp\/v2\/comments?post=982"}],"version-history":[{"count":64,"href":"https:\/\/calendula.hu\/de\/wp-json\/wp\/v2\/pages\/982\/revisions"}],"predecessor-version":[{"id":5422,"href":"https:\/\/calendula.hu\/de\/wp-json\/wp\/v2\/pages\/982\/revisions\/5422"}],"wp:attachment":[{"href":"https:\/\/calendula.hu\/de\/wp-json\/wp\/v2\/media?parent=982"}],"curies":[{"name":"wp","href":"https:\/\/api.w.org\/{rel}","templated":true}]}}