{"id":11262,"date":"2026-01-15T09:23:44","date_gmt":"2026-01-15T08:23:44","guid":{"rendered":"https:\/\/calendula.hu\/?page_id=11262"},"modified":"2026-02-20T15:53:15","modified_gmt":"2026-02-20T14:53:15","slug":"kardiologiai-vizsgalatok","status":"publish","type":"page","link":"https:\/\/calendula.hu\/en\/kardiologiai-vizsgalatok\/","title":{"rendered":"Cardiological tests"},"content":{"rendered":"<div data-elementor-type=\"wp-page\" data-elementor-id=\"11262\" class=\"elementor elementor-11262\" data-elementor-post-type=\"page\">\n\t\t\t\t<div class=\"elementor-element elementor-element-13962d2 e-con-full e-flex e-con e-parent\" data-id=\"13962d2\" data-element_type=\"container\" data-e-type=\"container\">\n\t\t\t\t<div class=\"elementor-element elementor-element-1214c96 elementor-align-left elementor-widget elementor-widget-pages-banner\" data-id=\"1214c96\" data-element_type=\"widget\" data-e-type=\"widget\" data-widget_type=\"pages-banner.default\">\n\t\t\t\t<div class=\"elementor-widget-container\">\n\t\t\t\t\t\r\n\t\t\t\t<div class=\"banner-header section-padding valign bg-img bg-fixed\" data-overlay-dark=\"4\" data-background=\"https:\/\/calendula.hu\/wp-content\/uploads\/2026\/01\/calendula-kardiologiai-vizsgalatok-banner.jpg\">\r\n\t\t\t\t\t<div class=\"container\">\r\n\t\t\t\t<div class=\"row\">\r\n\t\t\t\t\t<div class=\"col-md-12 caption mt-90\">\r\n\t\t\t\t\t\t\t\t\t\t\t\t\t\t\t\t\t\t<h1>Cardiological tests<\/h1>\r\n\t\t\t\t\t\t\t\t\t\t\t<\/div>\r\n\t\t\t\t<\/div>\r\n\t\t\t<\/div>\r\n\t\t<\/div>\r\n\r\n\t\t\t\t\t<\/div>\n\t\t\t\t<\/div>\n\t\t\t\t<\/div>\n\t\t<div class=\"elementor-element elementor-element-fff080e e-flex e-con-boxed e-con e-parent\" data-id=\"fff080e\" data-element_type=\"container\" data-e-type=\"container\" data-settings=\"{&quot;shape_divider_top&quot;:&quot;opacity-fan&quot;,&quot;shape_divider_bottom&quot;:&quot;opacity-fan&quot;}\">\n\t\t\t\t\t<div class=\"e-con-inner\">\n\t\t\t\t<div class=\"elementor-shape elementor-shape-top\" aria-hidden=\"true\" data-negative=\"false\">\n\t\t\t<svg xmlns=\"http:\/\/www.w3.org\/2000\/svg\" viewbox=\"0 0 283.5 19.6\" preserveaspectratio=\"none\">\n\t<path class=\"elementor-shape-fill\" style=\"opacity:0.33\" d=\"M0 0L0 18.8 141.8 4.1 283.5 18.8 283.5 0z\"\/>\n\t<path class=\"elementor-shape-fill\" style=\"opacity:0.33\" d=\"M0 0L0 12.6 141.8 4 283.5 12.6 283.5 0z\"\/>\n\t<path class=\"elementor-shape-fill\" style=\"opacity:0.33\" d=\"M0 0L0 6.4 141.8 4 283.5 6.4 283.5 0z\"\/>\n\t<path class=\"elementor-shape-fill\" d=\"M0 0L0 1.2 141.8 4 283.5 1.2 283.5 0z\"\/>\n<\/svg>\t\t<\/div>\n\t\t\t\t<div class=\"elementor-shape elementor-shape-bottom\" aria-hidden=\"true\" data-negative=\"false\">\n\t\t\t<svg xmlns=\"http:\/\/www.w3.org\/2000\/svg\" viewbox=\"0 0 283.5 19.6\" preserveaspectratio=\"none\">\n\t<path class=\"elementor-shape-fill\" style=\"opacity:0.33\" d=\"M0 0L0 18.8 141.8 4.1 283.5 18.8 283.5 0z\"\/>\n\t<path class=\"elementor-shape-fill\" style=\"opacity:0.33\" d=\"M0 0L0 12.6 141.8 4 283.5 12.6 283.5 0z\"\/>\n\t<path class=\"elementor-shape-fill\" style=\"opacity:0.33\" d=\"M0 0L0 6.4 141.8 4 283.5 6.4 283.5 0z\"\/>\n\t<path class=\"elementor-shape-fill\" d=\"M0 0L0 1.2 141.8 4 283.5 1.2 283.5 0z\"\/>\n<\/svg>\t\t<\/div>\n\t\t<div class=\"elementor-element elementor-element-987042b e-grid e-con-full e-con e-child\" data-id=\"987042b\" data-element_type=\"container\" data-e-type=\"container\">\n\t\t<div class=\"elementor-element elementor-element-bbe0512 e-con-full e-flex e-con e-child\" data-id=\"bbe0512\" data-element_type=\"container\" data-e-type=\"container\">\n\t\t\t\t<div class=\"elementor-element elementor-element-8917b9a elementor-widget elementor-widget-heading\" data-id=\"8917b9a\" data-element_type=\"widget\" data-e-type=\"widget\" data-widget_type=\"heading.default\">\n\t\t\t\t<div class=\"elementor-widget-container\">\n\t\t\t\t\t<h3 class=\"elementor-heading-title elementor-size-default\">During the examination, we assess the condition of the cardiovascular system. Its purpose is to diagnose heart diseases and evaluate blood pressure and cholesterol levels. We perform blood pressure and pulse measurements, listen to the heart and lungs, and conduct an ECG examination. The procedure is painless.<\/h3>\t\t\t\t<\/div>\n\t\t\t\t<\/div>\n\t\t\t\t<\/div>\n\t\t<div class=\"elementor-element elementor-element-21ababb e-con-full e-flex e-con e-child\" data-id=\"21ababb\" data-element_type=\"container\" data-e-type=\"container\">\n\t\t\t\t<div class=\"elementor-element elementor-element-1ef2a47 elementor-widget elementor-widget-image\" data-id=\"1ef2a47\" data-element_type=\"widget\" data-e-type=\"widget\" data-widget_type=\"image.default\">\n\t\t\t\t<div class=\"elementor-widget-container\">\n\t\t\t\t\t\t\t\t\t\t\t\t\t\t\t<img loading=\"lazy\" decoding=\"async\" width=\"1024\" height=\"1536\" src=\"https:\/\/calendula.hu\/wp-content\/uploads\/2026\/01\/calendula-kardiologiai-vizsgalatok.jpg\" class=\"attachment-full size-full wp-image-11358\" alt=\"calendula-kardiologiai-vizsgalatok\" srcset=\"https:\/\/calendula.hu\/wp-content\/uploads\/2026\/01\/calendula-kardiologiai-vizsgalatok.jpg 1024w, https:\/\/calendula.hu\/wp-content\/uploads\/2026\/01\/calendula-kardiologiai-vizsgalatok-200x300.jpg 200w, https:\/\/calendula.hu\/wp-content\/uploads\/2026\/01\/calendula-kardiologiai-vizsgalatok-683x1024.jpg 683w, https:\/\/calendula.hu\/wp-content\/uploads\/2026\/01\/calendula-kardiologiai-vizsgalatok-768x1152.jpg 768w\" sizes=\"auto, (max-width: 1024px) 100vw, 1024px\" \/>\t\t\t\t\t\t\t\t\t\t\t\t\t\t\t<\/div>\n\t\t\t\t<\/div>\n\t\t\t\t<\/div>\n\t\t\t\t<\/div>\n\t\t\t\t\t<\/div>\n\t\t\t\t<\/div>\n\t\t\t\t<\/div>","protected":false},"excerpt":{"rendered":"<p>Kardiol\u00f3giai vizsg\u00e1latok A vizsg\u00e1lat sor\u00e1n felt\u00e9rk\u00e9pezz\u00fck a sz\u00edv- \u00e9s \u00e9rrendszer \u00e1llapot\u00e1t. C\u00e9lja a sz\u00edvbetegs\u00e9gek diagnosztiz\u00e1l\u00e1sa, magas v\u00e9rnyom\u00e1s illetve koleszterinszint felm\u00e9r\u00e9se. Elv\u00e9gezz\u00fck a v\u00e9rnyom\u00e1s- \u00e9s pulzusm\u00e9r\u00e9st, sz\u00edv- \u00e9s t\u00fcd\u0151 meghallgat\u00e1s\u00e1t, EKG vizsg\u00e1latot k\u00e9sz\u00edt\u00fcnk. A vizsg\u00e1lat f\u00e1jdalommentes.<\/p>","protected":false},"author":9,"featured_media":0,"parent":0,"menu_order":0,"comment_status":"closed","ping_status":"closed","template":"page-templates\/dark-sidebar.php","meta":{"footnotes":""},"class_list":["post-11262","page","type-page","status-publish","hentry"],"yoast_head":"<!-- This site is optimized with the Yoast SEO Premium plugin v19.5 (Yoast SEO v27.4) - https:\/\/yoast.com\/product\/yoast-seo-premium-wordpress\/ -->\n<title>Kardiol\u00f3giai vizsg\u00e1latok - Calendula Klinika - Si\u00f3fok<\/title>\n<meta name=\"robots\" content=\"index, follow, max-snippet:-1, max-image-preview:large, max-video-preview:-1\" \/>\n<link rel=\"canonical\" href=\"https:\/\/calendula.hu\/en\/kardiologiai-vizsgalatok\/\" \/>\n<meta property=\"og:locale\" content=\"en_GB\" \/>\n<meta property=\"og:type\" content=\"article\" \/>\n<meta property=\"og:title\" content=\"Kardiol\u00f3giai vizsg\u00e1latok\" \/>\n<meta property=\"og:description\" content=\"Kardiol\u00f3giai vizsg\u00e1latok A vizsg\u00e1lat sor\u00e1n felt\u00e9rk\u00e9pezz\u00fck a sz\u00edv- \u00e9s \u00e9rrendszer \u00e1llapot\u00e1t. C\u00e9lja a sz\u00edvbetegs\u00e9gek diagnosztiz\u00e1l\u00e1sa, magas v\u00e9rnyom\u00e1s illetve koleszterinszint felm\u00e9r\u00e9se. Elv\u00e9gezz\u00fck a v\u00e9rnyom\u00e1s- \u00e9s pulzusm\u00e9r\u00e9st, sz\u00edv- \u00e9s t\u00fcd\u0151 meghallgat\u00e1s\u00e1t, EKG vizsg\u00e1latot k\u00e9sz\u00edt\u00fcnk. A vizsg\u00e1lat f\u00e1jdalommentes.\" \/>\n<meta property=\"og:url\" content=\"https:\/\/calendula.hu\/en\/kardiologiai-vizsgalatok\/\" \/>\n<meta property=\"og:site_name\" content=\"Calendula Klinika - Si\u00f3fok\" \/>\n<meta property=\"article:modified_time\" content=\"2026-02-20T14:53:15+00:00\" \/>\n<meta property=\"og:image\" content=\"https:\/\/calendula.hu\/wp-content\/uploads\/2026\/01\/calendula-kardiologiai-vizsgalatok.jpg\" \/>\n\t<meta property=\"og:image:width\" content=\"1024\" \/>\n\t<meta property=\"og:image:height\" content=\"1536\" \/>\n\t<meta property=\"og:image:type\" content=\"image\/jpeg\" \/>\n<meta name=\"twitter:card\" content=\"summary_large_image\" \/>\n<meta name=\"twitter:label1\" content=\"Estimated reading time\" \/>\n\t<meta name=\"twitter:data1\" content=\"1 minute\" \/>\n<script type=\"application\/ld+json\" class=\"yoast-schema-graph\">{\"@context\":\"https:\\\/\\\/schema.org\",\"@graph\":[{\"@type\":\"WebPage\",\"@id\":\"https:\\\/\\\/calendula.hu\\\/kardiologiai-vizsgalatok\\\/\",\"url\":\"https:\\\/\\\/calendula.hu\\\/kardiologiai-vizsgalatok\\\/\",\"name\":\"Kardiol\u00f3giai vizsg\u00e1latok - Calendula Klinika - Si\u00f3fok\",\"isPartOf\":{\"@id\":\"https:\\\/\\\/calendula.hu\\\/#website\"},\"primaryImageOfPage\":{\"@id\":\"https:\\\/\\\/calendula.hu\\\/kardiologiai-vizsgalatok\\\/#primaryimage\"},\"image\":{\"@id\":\"https:\\\/\\\/calendula.hu\\\/kardiologiai-vizsgalatok\\\/#primaryimage\"},\"thumbnailUrl\":\"https:\\\/\\\/calendula.hu\\\/wp-content\\\/uploads\\\/2026\\\/01\\\/calendula-kardiologiai-vizsgalatok.jpg\",\"datePublished\":\"2026-01-15T08:23:44+00:00\",\"dateModified\":\"2026-02-20T14:53:15+00:00\",\"breadcrumb\":{\"@id\":\"https:\\\/\\\/calendula.hu\\\/kardiologiai-vizsgalatok\\\/#breadcrumb\"},\"inLanguage\":\"en-GB\",\"potentialAction\":[{\"@type\":\"ReadAction\",\"target\":[\"https:\\\/\\\/calendula.hu\\\/kardiologiai-vizsgalatok\\\/\"]}]},{\"@type\":\"ImageObject\",\"inLanguage\":\"en-GB\",\"@id\":\"https:\\\/\\\/calendula.hu\\\/kardiologiai-vizsgalatok\\\/#primaryimage\",\"url\":\"https:\\\/\\\/calendula.hu\\\/wp-content\\\/uploads\\\/2026\\\/01\\\/calendula-kardiologiai-vizsgalatok.jpg\",\"contentUrl\":\"https:\\\/\\\/calendula.hu\\\/wp-content\\\/uploads\\\/2026\\\/01\\\/calendula-kardiologiai-vizsgalatok.jpg\"},{\"@type\":\"BreadcrumbList\",\"@id\":\"https:\\\/\\\/calendula.hu\\\/kardiologiai-vizsgalatok\\\/#breadcrumb\",\"itemListElement\":[{\"@type\":\"ListItem\",\"position\":1,\"name\":\"Home\",\"item\":\"https:\\\/\\\/calendula.hu\\\/\"},{\"@type\":\"ListItem\",\"position\":2,\"name\":\"Kardiol\u00f3giai vizsg\u00e1latok\"}]},{\"@type\":\"WebSite\",\"@id\":\"https:\\\/\\\/calendula.hu\\\/#website\",\"url\":\"https:\\\/\\\/calendula.hu\\\/\",\"name\":\"Calendula Klinika - Si\u00f3fok\",\"description\":\"\",\"potentialAction\":[{\"@type\":\"SearchAction\",\"target\":{\"@type\":\"EntryPoint\",\"urlTemplate\":\"https:\\\/\\\/calendula.hu\\\/?s={search_term_string}\"},\"query-input\":{\"@type\":\"PropertyValueSpecification\",\"valueRequired\":true,\"valueName\":\"search_term_string\"}}],\"inLanguage\":\"en-GB\"}]}<\/script>\n<!-- \/ Yoast SEO Premium plugin. -->","yoast_head_json":{"title":"Kardiol\u00f3giai vizsg\u00e1latok - Calendula Klinika - Si\u00f3fok","robots":{"index":"index","follow":"follow","max-snippet":"max-snippet:-1","max-image-preview":"max-image-preview:large","max-video-preview":"max-video-preview:-1"},"canonical":"https:\/\/calendula.hu\/en\/kardiologiai-vizsgalatok\/","og_locale":"en_GB","og_type":"article","og_title":"Kardiol\u00f3giai vizsg\u00e1latok","og_description":"Kardiol\u00f3giai vizsg\u00e1latok A vizsg\u00e1lat sor\u00e1n felt\u00e9rk\u00e9pezz\u00fck a sz\u00edv- \u00e9s \u00e9rrendszer \u00e1llapot\u00e1t. C\u00e9lja a sz\u00edvbetegs\u00e9gek diagnosztiz\u00e1l\u00e1sa, magas v\u00e9rnyom\u00e1s illetve koleszterinszint felm\u00e9r\u00e9se. Elv\u00e9gezz\u00fck a v\u00e9rnyom\u00e1s- \u00e9s pulzusm\u00e9r\u00e9st, sz\u00edv- \u00e9s t\u00fcd\u0151 meghallgat\u00e1s\u00e1t, EKG vizsg\u00e1latot k\u00e9sz\u00edt\u00fcnk. A vizsg\u00e1lat f\u00e1jdalommentes.","og_url":"https:\/\/calendula.hu\/en\/kardiologiai-vizsgalatok\/","og_site_name":"Calendula Klinika - Si\u00f3fok","article_modified_time":"2026-02-20T14:53:15+00:00","og_image":[{"width":1024,"height":1536,"url":"https:\/\/calendula.hu\/wp-content\/uploads\/2026\/01\/calendula-kardiologiai-vizsgalatok.jpg","type":"image\/jpeg"}],"twitter_card":"summary_large_image","twitter_misc":{"Estimated reading time":"1 minute"},"schema":{"@context":"https:\/\/schema.org","@graph":[{"@type":"WebPage","@id":"https:\/\/calendula.hu\/kardiologiai-vizsgalatok\/","url":"https:\/\/calendula.hu\/kardiologiai-vizsgalatok\/","name":"Kardiol\u00f3giai vizsg\u00e1latok - Calendula Klinika - Si\u00f3fok","isPartOf":{"@id":"https:\/\/calendula.hu\/#website"},"primaryImageOfPage":{"@id":"https:\/\/calendula.hu\/kardiologiai-vizsgalatok\/#primaryimage"},"image":{"@id":"https:\/\/calendula.hu\/kardiologiai-vizsgalatok\/#primaryimage"},"thumbnailUrl":"https:\/\/calendula.hu\/wp-content\/uploads\/2026\/01\/calendula-kardiologiai-vizsgalatok.jpg","datePublished":"2026-01-15T08:23:44+00:00","dateModified":"2026-02-20T14:53:15+00:00","breadcrumb":{"@id":"https:\/\/calendula.hu\/kardiologiai-vizsgalatok\/#breadcrumb"},"inLanguage":"en-GB","potentialAction":[{"@type":"ReadAction","target":["https:\/\/calendula.hu\/kardiologiai-vizsgalatok\/"]}]},{"@type":"ImageObject","inLanguage":"en-GB","@id":"https:\/\/calendula.hu\/kardiologiai-vizsgalatok\/#primaryimage","url":"https:\/\/calendula.hu\/wp-content\/uploads\/2026\/01\/calendula-kardiologiai-vizsgalatok.jpg","contentUrl":"https:\/\/calendula.hu\/wp-content\/uploads\/2026\/01\/calendula-kardiologiai-vizsgalatok.jpg"},{"@type":"BreadcrumbList","@id":"https:\/\/calendula.hu\/kardiologiai-vizsgalatok\/#breadcrumb","itemListElement":[{"@type":"ListItem","position":1,"name":"Home","item":"https:\/\/calendula.hu\/"},{"@type":"ListItem","position":2,"name":"Kardiol\u00f3giai vizsg\u00e1latok"}]},{"@type":"WebSite","@id":"https:\/\/calendula.hu\/#website","url":"https:\/\/calendula.hu\/","name":"Calendula Clinic - Siofok","description":"","potentialAction":[{"@type":"SearchAction","target":{"@type":"EntryPoint","urlTemplate":"https:\/\/calendula.hu\/?s={search_term_string}"},"query-input":{"@type":"PropertyValueSpecification","valueRequired":true,"valueName":"search_term_string"}}],"inLanguage":"en-GB"}]}},"_links":{"self":[{"href":"https:\/\/calendula.hu\/en\/wp-json\/wp\/v2\/pages\/11262","targetHints":{"allow":["GET"]}}],"collection":[{"href":"https:\/\/calendula.hu\/en\/wp-json\/wp\/v2\/pages"}],"about":[{"href":"https:\/\/calendula.hu\/en\/wp-json\/wp\/v2\/types\/page"}],"author":[{"embeddable":true,"href":"https:\/\/calendula.hu\/en\/wp-json\/wp\/v2\/users\/9"}],"replies":[{"embeddable":true,"href":"https:\/\/calendula.hu\/en\/wp-json\/wp\/v2\/comments?post=11262"}],"version-history":[{"count":55,"href":"https:\/\/calendula.hu\/en\/wp-json\/wp\/v2\/pages\/11262\/revisions"}],"predecessor-version":[{"id":12407,"href":"https:\/\/calendula.hu\/en\/wp-json\/wp\/v2\/pages\/11262\/revisions\/12407"}],"wp:attachment":[{"href":"https:\/\/calendula.hu\/en\/wp-json\/wp\/v2\/media?parent=11262"}],"curies":[{"name":"wp","href":"https:\/\/api.w.org\/{rel}","templated":true}]}}