{"id":11270,"date":"2026-01-15T09:25:03","date_gmt":"2026-01-15T08:25:03","guid":{"rendered":"https:\/\/calendula.hu\/?page_id=11270"},"modified":"2026-02-20T15:56:43","modified_gmt":"2026-02-20T14:56:43","slug":"ultrahang","status":"publish","type":"page","link":"https:\/\/calendula.hu\/en\/ultrahang\/","title":{"rendered":"Ultrasound"},"content":{"rendered":"<div data-elementor-type=\"wp-page\" data-elementor-id=\"11270\" class=\"elementor elementor-11270\" data-elementor-post-type=\"page\">\n\t\t\t\t<div class=\"elementor-element elementor-element-0c40db1 e-con-full e-flex e-con e-parent\" data-id=\"0c40db1\" data-element_type=\"container\" data-e-type=\"container\">\n\t\t\t\t<div class=\"elementor-element elementor-element-4676cc0 elementor-align-left elementor-widget elementor-widget-pages-banner\" data-id=\"4676cc0\" data-element_type=\"widget\" data-e-type=\"widget\" data-widget_type=\"pages-banner.default\">\n\t\t\t\t<div class=\"elementor-widget-container\">\n\t\t\t\t\t\r\n\t\t\t\t<div class=\"banner-header section-padding valign bg-img bg-fixed\" data-overlay-dark=\"4\" data-background=\"https:\/\/calendula.hu\/wp-content\/uploads\/2026\/01\/calendula-ultrahang-banner.jpg\">\r\n\t\t\t\t\t<div class=\"container\">\r\n\t\t\t\t<div class=\"row\">\r\n\t\t\t\t\t<div class=\"col-md-12 caption mt-90\">\r\n\t\t\t\t\t\t\t\t\t\t\t\t\t\t\t\t\t\t<h1>Ultrasound<\/h1>\r\n\t\t\t\t\t\t\t\t\t\t\t<\/div>\r\n\t\t\t\t<\/div>\r\n\t\t\t<\/div>\r\n\t\t<\/div>\r\n\r\n\t\t\t\t\t<\/div>\n\t\t\t\t<\/div>\n\t\t\t\t<\/div>\n\t\t<div class=\"elementor-element elementor-element-68f9265 e-flex e-con-boxed e-con e-parent\" data-id=\"68f9265\" data-element_type=\"container\" data-e-type=\"container\" data-settings=\"{&quot;shape_divider_top&quot;:&quot;opacity-fan&quot;,&quot;shape_divider_bottom&quot;:&quot;opacity-fan&quot;}\">\n\t\t\t\t\t<div class=\"e-con-inner\">\n\t\t\t\t<div class=\"elementor-shape elementor-shape-top\" aria-hidden=\"true\" data-negative=\"false\">\n\t\t\t<svg xmlns=\"http:\/\/www.w3.org\/2000\/svg\" viewbox=\"0 0 283.5 19.6\" preserveaspectratio=\"none\">\n\t<path class=\"elementor-shape-fill\" style=\"opacity:0.33\" d=\"M0 0L0 18.8 141.8 4.1 283.5 18.8 283.5 0z\"\/>\n\t<path class=\"elementor-shape-fill\" style=\"opacity:0.33\" d=\"M0 0L0 12.6 141.8 4 283.5 12.6 283.5 0z\"\/>\n\t<path class=\"elementor-shape-fill\" style=\"opacity:0.33\" d=\"M0 0L0 6.4 141.8 4 283.5 6.4 283.5 0z\"\/>\n\t<path class=\"elementor-shape-fill\" d=\"M0 0L0 1.2 141.8 4 283.5 1.2 283.5 0z\"\/>\n<\/svg>\t\t<\/div>\n\t\t\t\t<div class=\"elementor-shape elementor-shape-bottom\" aria-hidden=\"true\" data-negative=\"false\">\n\t\t\t<svg xmlns=\"http:\/\/www.w3.org\/2000\/svg\" viewbox=\"0 0 283.5 19.6\" preserveaspectratio=\"none\">\n\t<path class=\"elementor-shape-fill\" style=\"opacity:0.33\" d=\"M0 0L0 18.8 141.8 4.1 283.5 18.8 283.5 0z\"\/>\n\t<path class=\"elementor-shape-fill\" style=\"opacity:0.33\" d=\"M0 0L0 12.6 141.8 4 283.5 12.6 283.5 0z\"\/>\n\t<path class=\"elementor-shape-fill\" style=\"opacity:0.33\" d=\"M0 0L0 6.4 141.8 4 283.5 6.4 283.5 0z\"\/>\n\t<path class=\"elementor-shape-fill\" d=\"M0 0L0 1.2 141.8 4 283.5 1.2 283.5 0z\"\/>\n<\/svg>\t\t<\/div>\n\t\t<div class=\"elementor-element elementor-element-c50296b e-grid e-con-full e-con e-child\" data-id=\"c50296b\" data-element_type=\"container\" data-e-type=\"container\">\n\t\t<div class=\"elementor-element elementor-element-0484fb5 e-con-full e-flex e-con e-child\" data-id=\"0484fb5\" data-element_type=\"container\" data-e-type=\"container\">\n\t\t\t\t<div class=\"elementor-element elementor-element-141a646 elementor-widget elementor-widget-heading\" data-id=\"141a646\" data-element_type=\"widget\" data-e-type=\"widget\" data-widget_type=\"heading.default\">\n\t\t\t\t<div class=\"elementor-widget-container\">\n\t\t\t\t\t<h3 class=\"elementor-heading-title elementor-size-default\">Dr. Gizella Barn\u00e1k, our excellent physician, welcomes patients at our clinic with decades of professional knowledge and experience and performs ultrasound examinations. During this radiation-free imaging procedure, she examines the internal organs, tissues, and blood flow, helping to diagnose various conditions (inflammation, tumors, cysts, vascular problems) in the abdominal, pelvic, cervical, joint, and vascular areas.<\/h3>\t\t\t\t<\/div>\n\t\t\t\t<\/div>\n\t\t\t\t<\/div>\n\t\t<div class=\"elementor-element elementor-element-b01417f e-con-full e-flex e-con e-child\" data-id=\"b01417f\" data-element_type=\"container\" data-e-type=\"container\">\n\t\t\t\t<div class=\"elementor-element elementor-element-ce22186 elementor-widget elementor-widget-image\" data-id=\"ce22186\" data-element_type=\"widget\" data-e-type=\"widget\" data-widget_type=\"image.default\">\n\t\t\t\t<div class=\"elementor-widget-container\">\n\t\t\t\t\t\t\t\t\t\t\t\t\t\t\t<img loading=\"lazy\" decoding=\"async\" width=\"1024\" height=\"1536\" src=\"https:\/\/calendula.hu\/wp-content\/uploads\/2026\/01\/calendula-ultrahang.jpg\" class=\"attachment-full size-full wp-image-11388\" alt=\"calendula-ultrahang\" srcset=\"https:\/\/calendula.hu\/wp-content\/uploads\/2026\/01\/calendula-ultrahang.jpg 1024w, https:\/\/calendula.hu\/wp-content\/uploads\/2026\/01\/calendula-ultrahang-200x300.jpg 200w, https:\/\/calendula.hu\/wp-content\/uploads\/2026\/01\/calendula-ultrahang-683x1024.jpg 683w, https:\/\/calendula.hu\/wp-content\/uploads\/2026\/01\/calendula-ultrahang-768x1152.jpg 768w\" sizes=\"auto, (max-width: 1024px) 100vw, 1024px\" \/>\t\t\t\t\t\t\t\t\t\t\t\t\t\t\t<\/div>\n\t\t\t\t<\/div>\n\t\t\t\t<\/div>\n\t\t\t\t<\/div>\n\t\t\t\t\t<\/div>\n\t\t\t\t<\/div>\n\t\t\t\t<\/div>","protected":false},"excerpt":{"rendered":"<p>Ultrahang Dr. Barn\u00e1k Gizella, kiv\u00e1l\u00f3 orvosunk, t\u00f6bb \u00e9vtizedes szakmai tud\u00e1s\u00e1val \u00e9s tapasztalat\u00e1val fogadja p\u00e1cienseket \u00e9s v\u00e9gez ultrahangos vizsg\u00e1latokat klinik\u00e1nkon. A sug\u00e1rz\u00e1smentes k\u00e9palkot\u00f3 elj\u00e1r\u00e1s sor\u00e1n megvizsg\u00e1lja a test bels\u0151 szerveit, sz\u00f6veteit, v\u00e9r\u00e1raml\u00e1s\u00e1t, seg\u00edtve k\u00fcl\u00f6nf\u00e9le betegs\u00e9gek (gyullad\u00e1s, daganat, ciszt\u00e1k, \u00e9rprobl\u00e9m\u00e1k) diagnosztiz\u00e1l\u00e1s\u00e1t hasi, kismedencei, nyaki, iz\u00fcleti \u00e9s \u00e9rrendszeri ter\u00fcleteken.<\/p>","protected":false},"author":9,"featured_media":0,"parent":0,"menu_order":0,"comment_status":"closed","ping_status":"closed","template":"page-templates\/dark-sidebar.php","meta":{"footnotes":""},"class_list":["post-11270","page","type-page","status-publish","hentry"],"yoast_head":"<!-- This site is optimized with the Yoast SEO Premium plugin v19.5 (Yoast SEO v27.4) - https:\/\/yoast.com\/product\/yoast-seo-premium-wordpress\/ -->\n<title>Ultrahang - Calendula Klinika - Si\u00f3fok<\/title>\n<meta name=\"robots\" content=\"index, follow, max-snippet:-1, max-image-preview:large, max-video-preview:-1\" \/>\n<link rel=\"canonical\" href=\"https:\/\/calendula.hu\/en\/ultrahang\/\" \/>\n<meta property=\"og:locale\" content=\"en_GB\" \/>\n<meta property=\"og:type\" content=\"article\" \/>\n<meta property=\"og:title\" content=\"Ultrahang\" \/>\n<meta property=\"og:description\" content=\"Ultrahang Dr. Barn\u00e1k Gizella, kiv\u00e1l\u00f3 orvosunk, t\u00f6bb \u00e9vtizedes szakmai tud\u00e1s\u00e1val \u00e9s tapasztalat\u00e1val fogadja p\u00e1cienseket \u00e9s v\u00e9gez ultrahangos vizsg\u00e1latokat klinik\u00e1nkon. A sug\u00e1rz\u00e1smentes k\u00e9palkot\u00f3 elj\u00e1r\u00e1s sor\u00e1n megvizsg\u00e1lja a test bels\u0151 szerveit, sz\u00f6veteit, v\u00e9r\u00e1raml\u00e1s\u00e1t, seg\u00edtve k\u00fcl\u00f6nf\u00e9le betegs\u00e9gek (gyullad\u00e1s, daganat, ciszt\u00e1k, \u00e9rprobl\u00e9m\u00e1k) diagnosztiz\u00e1l\u00e1s\u00e1t hasi, kismedencei, nyaki, iz\u00fcleti \u00e9s \u00e9rrendszeri ter\u00fcleteken.\" \/>\n<meta property=\"og:url\" content=\"https:\/\/calendula.hu\/en\/ultrahang\/\" \/>\n<meta property=\"og:site_name\" content=\"Calendula Klinika - Si\u00f3fok\" \/>\n<meta property=\"article:modified_time\" content=\"2026-02-20T14:56:43+00:00\" \/>\n<meta property=\"og:image\" content=\"https:\/\/calendula.hu\/wp-content\/uploads\/2026\/01\/calendula-ultrahang.jpg\" \/>\n\t<meta property=\"og:image:width\" content=\"1024\" \/>\n\t<meta property=\"og:image:height\" content=\"1536\" \/>\n\t<meta property=\"og:image:type\" content=\"image\/jpeg\" \/>\n<meta name=\"twitter:card\" content=\"summary_large_image\" \/>\n<meta name=\"twitter:label1\" content=\"Estimated reading time\" \/>\n\t<meta name=\"twitter:data1\" content=\"1 minute\" \/>\n<script type=\"application\/ld+json\" class=\"yoast-schema-graph\">{\"@context\":\"https:\\\/\\\/schema.org\",\"@graph\":[{\"@type\":\"WebPage\",\"@id\":\"https:\\\/\\\/calendula.hu\\\/ultrahang\\\/\",\"url\":\"https:\\\/\\\/calendula.hu\\\/ultrahang\\\/\",\"name\":\"Ultrahang - Calendula Klinika - Si\u00f3fok\",\"isPartOf\":{\"@id\":\"https:\\\/\\\/calendula.hu\\\/#website\"},\"primaryImageOfPage\":{\"@id\":\"https:\\\/\\\/calendula.hu\\\/ultrahang\\\/#primaryimage\"},\"image\":{\"@id\":\"https:\\\/\\\/calendula.hu\\\/ultrahang\\\/#primaryimage\"},\"thumbnailUrl\":\"https:\\\/\\\/calendula.hu\\\/wp-content\\\/uploads\\\/2026\\\/01\\\/calendula-ultrahang.jpg\",\"datePublished\":\"2026-01-15T08:25:03+00:00\",\"dateModified\":\"2026-02-20T14:56:43+00:00\",\"breadcrumb\":{\"@id\":\"https:\\\/\\\/calendula.hu\\\/ultrahang\\\/#breadcrumb\"},\"inLanguage\":\"en-GB\",\"potentialAction\":[{\"@type\":\"ReadAction\",\"target\":[\"https:\\\/\\\/calendula.hu\\\/ultrahang\\\/\"]}]},{\"@type\":\"ImageObject\",\"inLanguage\":\"en-GB\",\"@id\":\"https:\\\/\\\/calendula.hu\\\/ultrahang\\\/#primaryimage\",\"url\":\"https:\\\/\\\/calendula.hu\\\/wp-content\\\/uploads\\\/2026\\\/01\\\/calendula-ultrahang.jpg\",\"contentUrl\":\"https:\\\/\\\/calendula.hu\\\/wp-content\\\/uploads\\\/2026\\\/01\\\/calendula-ultrahang.jpg\"},{\"@type\":\"BreadcrumbList\",\"@id\":\"https:\\\/\\\/calendula.hu\\\/ultrahang\\\/#breadcrumb\",\"itemListElement\":[{\"@type\":\"ListItem\",\"position\":1,\"name\":\"Home\",\"item\":\"https:\\\/\\\/calendula.hu\\\/\"},{\"@type\":\"ListItem\",\"position\":2,\"name\":\"Ultrahang\"}]},{\"@type\":\"WebSite\",\"@id\":\"https:\\\/\\\/calendula.hu\\\/#website\",\"url\":\"https:\\\/\\\/calendula.hu\\\/\",\"name\":\"Calendula Klinika - Si\u00f3fok\",\"description\":\"\",\"potentialAction\":[{\"@type\":\"SearchAction\",\"target\":{\"@type\":\"EntryPoint\",\"urlTemplate\":\"https:\\\/\\\/calendula.hu\\\/?s={search_term_string}\"},\"query-input\":{\"@type\":\"PropertyValueSpecification\",\"valueRequired\":true,\"valueName\":\"search_term_string\"}}],\"inLanguage\":\"en-GB\"}]}<\/script>\n<!-- \/ Yoast SEO Premium plugin. -->","yoast_head_json":{"title":"Ultrahang - Calendula Klinika - Si\u00f3fok","robots":{"index":"index","follow":"follow","max-snippet":"max-snippet:-1","max-image-preview":"max-image-preview:large","max-video-preview":"max-video-preview:-1"},"canonical":"https:\/\/calendula.hu\/en\/ultrahang\/","og_locale":"en_GB","og_type":"article","og_title":"Ultrahang","og_description":"Ultrahang Dr. Barn\u00e1k Gizella, kiv\u00e1l\u00f3 orvosunk, t\u00f6bb \u00e9vtizedes szakmai tud\u00e1s\u00e1val \u00e9s tapasztalat\u00e1val fogadja p\u00e1cienseket \u00e9s v\u00e9gez ultrahangos vizsg\u00e1latokat klinik\u00e1nkon. A sug\u00e1rz\u00e1smentes k\u00e9palkot\u00f3 elj\u00e1r\u00e1s sor\u00e1n megvizsg\u00e1lja a test bels\u0151 szerveit, sz\u00f6veteit, v\u00e9r\u00e1raml\u00e1s\u00e1t, seg\u00edtve k\u00fcl\u00f6nf\u00e9le betegs\u00e9gek (gyullad\u00e1s, daganat, ciszt\u00e1k, \u00e9rprobl\u00e9m\u00e1k) diagnosztiz\u00e1l\u00e1s\u00e1t hasi, kismedencei, nyaki, iz\u00fcleti \u00e9s \u00e9rrendszeri ter\u00fcleteken.","og_url":"https:\/\/calendula.hu\/en\/ultrahang\/","og_site_name":"Calendula Klinika - Si\u00f3fok","article_modified_time":"2026-02-20T14:56:43+00:00","og_image":[{"width":1024,"height":1536,"url":"https:\/\/calendula.hu\/wp-content\/uploads\/2026\/01\/calendula-ultrahang.jpg","type":"image\/jpeg"}],"twitter_card":"summary_large_image","twitter_misc":{"Estimated reading time":"1 minute"},"schema":{"@context":"https:\/\/schema.org","@graph":[{"@type":"WebPage","@id":"https:\/\/calendula.hu\/ultrahang\/","url":"https:\/\/calendula.hu\/ultrahang\/","name":"Ultrahang - Calendula Klinika - Si\u00f3fok","isPartOf":{"@id":"https:\/\/calendula.hu\/#website"},"primaryImageOfPage":{"@id":"https:\/\/calendula.hu\/ultrahang\/#primaryimage"},"image":{"@id":"https:\/\/calendula.hu\/ultrahang\/#primaryimage"},"thumbnailUrl":"https:\/\/calendula.hu\/wp-content\/uploads\/2026\/01\/calendula-ultrahang.jpg","datePublished":"2026-01-15T08:25:03+00:00","dateModified":"2026-02-20T14:56:43+00:00","breadcrumb":{"@id":"https:\/\/calendula.hu\/ultrahang\/#breadcrumb"},"inLanguage":"en-GB","potentialAction":[{"@type":"ReadAction","target":["https:\/\/calendula.hu\/ultrahang\/"]}]},{"@type":"ImageObject","inLanguage":"en-GB","@id":"https:\/\/calendula.hu\/ultrahang\/#primaryimage","url":"https:\/\/calendula.hu\/wp-content\/uploads\/2026\/01\/calendula-ultrahang.jpg","contentUrl":"https:\/\/calendula.hu\/wp-content\/uploads\/2026\/01\/calendula-ultrahang.jpg"},{"@type":"BreadcrumbList","@id":"https:\/\/calendula.hu\/ultrahang\/#breadcrumb","itemListElement":[{"@type":"ListItem","position":1,"name":"Home","item":"https:\/\/calendula.hu\/"},{"@type":"ListItem","position":2,"name":"Ultrahang"}]},{"@type":"WebSite","@id":"https:\/\/calendula.hu\/#website","url":"https:\/\/calendula.hu\/","name":"Calendula Clinic - Siofok","description":"","potentialAction":[{"@type":"SearchAction","target":{"@type":"EntryPoint","urlTemplate":"https:\/\/calendula.hu\/?s={search_term_string}"},"query-input":{"@type":"PropertyValueSpecification","valueRequired":true,"valueName":"search_term_string"}}],"inLanguage":"en-GB"}]}},"_links":{"self":[{"href":"https:\/\/calendula.hu\/en\/wp-json\/wp\/v2\/pages\/11270","targetHints":{"allow":["GET"]}}],"collection":[{"href":"https:\/\/calendula.hu\/en\/wp-json\/wp\/v2\/pages"}],"about":[{"href":"https:\/\/calendula.hu\/en\/wp-json\/wp\/v2\/types\/page"}],"author":[{"embeddable":true,"href":"https:\/\/calendula.hu\/en\/wp-json\/wp\/v2\/users\/9"}],"replies":[{"embeddable":true,"href":"https:\/\/calendula.hu\/en\/wp-json\/wp\/v2\/comments?post=11270"}],"version-history":[{"count":22,"href":"https:\/\/calendula.hu\/en\/wp-json\/wp\/v2\/pages\/11270\/revisions"}],"predecessor-version":[{"id":12411,"href":"https:\/\/calendula.hu\/en\/wp-json\/wp\/v2\/pages\/11270\/revisions\/12411"}],"wp:attachment":[{"href":"https:\/\/calendula.hu\/en\/wp-json\/wp\/v2\/media?parent=11270"}],"curies":[{"name":"wp","href":"https:\/\/api.w.org\/{rel}","templated":true}]}}