{"id":1882,"date":"2023-01-28T12:01:09","date_gmt":"2023-01-28T11:01:09","guid":{"rendered":"https:\/\/calendula.hu\/?page_id=1882"},"modified":"2023-04-12T13:06:58","modified_gmt":"2023-04-12T11:06:58","slug":"rolunk-laboratoriumunk","status":"publish","type":"page","link":"https:\/\/calendula.hu\/en\/rolunk-laboratoriumunk\/","title":{"rendered":"R\u00f3lunk-laborat\u00f3riumunk"},"content":{"rendered":"<div data-elementor-type=\"wp-page\" data-elementor-id=\"1882\" class=\"elementor elementor-1882\" data-elementor-post-type=\"page\">\n\t\t\t\t\t\t<section class=\"elementor-section elementor-top-section elementor-element elementor-element-6190c2c elementor-section-full_width elementor-section-height-default elementor-section-height-default\" data-id=\"6190c2c\" data-element_type=\"section\" data-e-type=\"section\">\n\t\t\t\t\t\t<div class=\"elementor-container elementor-column-gap-no\">\n\t\t\t\t\t<div class=\"elementor-column elementor-col-100 elementor-top-column elementor-element elementor-element-1b7124e\" data-id=\"1b7124e\" data-element_type=\"column\" data-e-type=\"column\">\n\t\t\t<div class=\"elementor-widget-wrap elementor-element-populated\">\n\t\t\t\t\t\t<div class=\"elementor-element elementor-element-71f1641 elementor-align-left elementor-widget elementor-widget-pages-banner\" data-id=\"71f1641\" data-element_type=\"widget\" data-e-type=\"widget\" data-widget_type=\"pages-banner.default\">\n\t\t\t\t<div class=\"elementor-widget-container\">\n\t\t\t\t\t\r\n\t\t\t\t<div class=\"banner-header section-padding valign bg-img bg-fixed\" data-overlay-dark=\"4\" data-background=\"https:\/\/calendula.hu\/wp-content\/uploads\/2023\/04\/IMG7587.jpg\">\r\n\t\t\t\t\t<div class=\"container\">\r\n\t\t\t\t<div class=\"row\">\r\n\t\t\t\t\t<div class=\"col-md-12 caption mt-90\">\r\n\t\t\t\t\t\t\t\t\t\t\t\t<h5>Learn more<\/h5>\r\n\t\t\t\t\t\t\t\t\t\t\t\t\t\t\t\t\t\t<h1>Calendula Pharma Co.<\/h1>\r\n\t\t\t\t\t\t\t\t\t\t\t<\/div>\r\n\t\t\t\t<\/div>\r\n\t\t\t<\/div>\r\n\t\t<\/div>\r\n\r\n\t\t\t\t\t<\/div>\n\t\t\t\t<\/div>\n\t\t\t\t\t<\/div>\n\t\t<\/div>\n\t\t\t\t\t<\/div>\n\t\t<\/section>\n\t\t\t\t<section class=\"elementor-section elementor-top-section elementor-element elementor-element-1e6dca8 elementor-section-full_width elementor-section-height-default elementor-section-height-default\" data-id=\"1e6dca8\" data-element_type=\"section\" data-e-type=\"section\">\n\t\t\t\t\t\t<div class=\"elementor-container elementor-column-gap-no\">\n\t\t\t\t\t<div class=\"elementor-column elementor-col-100 elementor-top-column elementor-element elementor-element-1f2ff29\" data-id=\"1f2ff29\" data-element_type=\"column\" data-e-type=\"column\">\n\t\t\t<div class=\"elementor-widget-wrap elementor-element-populated\">\n\t\t\t\t\t\t<div class=\"elementor-element elementor-element-405c631 elementor-align-left no-star-content elementor-widget elementor-widget-pages-restaurant-content\" data-id=\"405c631\" data-element_type=\"widget\" data-e-type=\"widget\" data-widget_type=\"pages-restaurant-content.default\">\n\t\t\t\t<div class=\"elementor-widget-container\">\n\t\t\t\t\t\n\t\t<section class=\"rooms-page section-padding\" data-scroll-index=\"1\">\n\t\t\t<div class=\"container\">\n\t\t\t\t<div class=\"row\">\n\t\t\t\t\t<div class=\"col-md-12 text-left\"> \n\t\t\t\t\t\t\t\t\t\t\t\t<span>\n\t\t\t\t\t\t\t\t\t\t\t\t\t\t\t<i class=\"star-rating\"><\/i>\n\t\t\t\t\t\t\t\t<i class=\"star-rating\"><\/i>\n\t\t\t\t\t\t\t\t<i class=\"star-rating\"><\/i>\n\t\t\t\t\t\t\t\t<i class=\"star-rating\"><\/i>\n\t\t\t\t\t\t\t\t\t\t\t\t\t<\/span>\n\t\t\t\t\t\t\t\t\t\t\t\t\t\t\t\t\t\t\t<div class=\"section-subtitle\">Our herbal laboratory<\/div>\n\t\t\t\t\t\t\t\t\t\t\t\t\t\t\t\t\t\t\t<div class=\"section-title\">Own production of herbal medicinal products<\/div>\n\t\t\t\t\t\t\t\t\t\t\t<\/div>\n\t\t\t\t\t<div class=\"col-md-12\">\n\t\t\t\t\t\t\t\t\t\t\t\t<p class=\"mb-30\">The CALENDULA Clinic began applying the phytoreceptors of folk and oriental medicine to medical practice more than 30 years ago. Anyone who seeks help is a unique case, which is always a challenge for the doctor. Reflecting on how ancient physicians healed, we examined Avicenna's work \u201eThe Canon of Medicine\u201d. We were determined to create the remedies he described, so we set off to the Middle East with the aim of learning about the Arabic pharmacopoeia. In India and China we searched for specific phyto-formulas and treatment methods, and finally we came to Ayurvedic medicine and pharmacy.<br>\n\n<br>In our clinic, under our own conditions, we have rebuilt, applied and continue to monitor on a daily basis the effectiveness and efficiency of the phytorecipes that have been established over thousands of years. <br>The story of Calendula Pharma Co. began with four suitcases brought from Egypt. Today we have developed two and a half thousand phytopreparations. The raw materials for their production are imported from India, China and Vietnam, but we do not exclude European countries and the herbal treasures of the ecologically clean parts of Hungary. We do all this to make it possible to produce personalised medicines for everyone.<\/p>\n\n<h6>Our vocation is healing<\/h6>\nThe production of herbal medicinal products started in our country for non-commercial purposes, but thanks to its success it has become an independent sector. We prepare and use our products in our clinics for the treatment of patients who come to us for prescriptions, and for in-patients in our clinics, and we give them to patients after they leave to continue their treatment at home. This is our own pharmacy, where we produce our own proprietary herbal strain medicines for our patients. These medicines are prescribed to patients by our medical colleagues - on a personalised basis.<br>\n<br>We have made our herbal preparations for the most common problems and prevention, which can be used without a prescription, available on the retail market. These are biologically active food additives (BAA) classified as dietary supplements to optimise metabolic processes, improve organ and body function, reduce the risk of disease and normalise the gastrointestinal microflora.<br>\n\n<br><h6>Our products<\/h6>\nTraditional medicines and food supplements<br>\n\n<br>Prescription medicines - medicines that are prescribed by a doctor. They are prepared for patients by a pharmacist. We already have more than a thousand of these medicines, with a new one being prepared for each patient every week.<br>\n\n<br>BAA (biologically active food supplement) - a source of complementary food and biologically active substances to optimise metabolism, improve the functional status of organs and organ systems, reduce the risk of diseases, normalise the gastrointestinal microflora.<br>\n\n<br>Preparation of medicinal preparations: ayurvedic, traditional Chinese medicine (TCM), Avicenna, Galena, Dr. Dmitry Skopincev's own recipes.<br>\n\nDosage forms: capsules, pills, powders, jams, tinctures (distillates), decoctions (decoctions), oils, creams.<br>\n\n\n\n<br><h6>Ayurvedic medicines<\/h6>\n<p>The advantage of Ayurvedic medicines lies in the manufacturing technology. <br>Their composition is not only a collection of crushed plants, but also of substances with enhanced effects. Some of the herbs are ground into powder, while others are used to make decoctions or extracts. Each is ground in turn (the grinding process strengthens the plants: the more active the process, the greater the energy value and the therapeutic effect). The liquid and dry parts are then mixed, dried at a specific temperature and ground again. <br> The specificity of multicomponent preparations is that some ingredients are designed to improve the absorption of the medicine, others act as delivery agents to target cells, others act as functional synergists or saturants (saturation is when the concentration of active ingredients is increased in the same volume.)<br>\n\n\n<br><h6>Calendula Pharma Co.<\/h6> All imported plants used in our own phytorecipes are certified.\n\nIn our unique drug manufacturing system, the doctor writes all the prescriptions! All medicines prepared according to Ayurveda, TCM, Avicenna recipes are adapted to the digestive system of European people.<br>\n\nAll the preparations we produce in our plant health laboratory are used exclusively to treat patients. <br>We are open to collaborating with other doctors, and are willing to teach herbal therapy, Ayurvedic basics and Chinese pharmacological systems to enable our colleagues to treat a wide range of patients. We already know that herbal therapy has huge potential to do this.\n<\/p>\t\t\t\t\t\t\t\t\t\t\t\t<ul class=\"list-unstyled page-list mb-30\">\n\t\t\t\t\t\t\t\t\t\t\t\t\t<\/ul>\n\t\t\t\t\t<\/div>\n\t\t\t\t<\/div>\n\t\t\t<\/div>\n\t\t<\/section>\n\n\t\t\t\t\t<\/div>\n\t\t\t\t<\/div>\n\t\t\t\t<div class=\"elementor-element elementor-element-517227d elementor-align-center elementor-widget elementor-widget-button\" data-id=\"517227d\" data-element_type=\"widget\" data-e-type=\"widget\" data-widget_type=\"button.default\">\n\t\t\t\t<div class=\"elementor-widget-container\">\n\t\t\t\t\t\t\t\t\t<div class=\"elementor-button-wrapper\">\n\t\t\t\t\t<a class=\"elementor-button elementor-button-link elementor-size-md\" href=\"https:\/\/calendulapharma.com\/\" target=\"_blank\">\n\t\t\t\t\t\t<span class=\"elementor-button-content-wrapper\">\n\t\t\t\t\t\t\t\t\t<span class=\"elementor-button-text\">Go to the Calendula Pharma webshop<\/span>\n\t\t\t\t\t<\/span>\n\t\t\t\t\t<\/a>\n\t\t\t\t<\/div>\n\t\t\t\t\t\t\t\t<\/div>\n\t\t\t\t<\/div>\n\t\t\t\t<div class=\"elementor-element elementor-element-d68c4b8 elementor-align-left four-star-section elementor-widget elementor-widget-home-video\" data-id=\"d68c4b8\" data-element_type=\"widget\" data-e-type=\"widget\" data-widget_type=\"home-video.default\">\n\t\t\t\t<div class=\"elementor-widget-container\">\n\t\t\t\t\t\r\n\t\t\t\t<section class=\"video-wrapper video section-padding bg-img bg-fixed\" data-overlay-dark=\"3\" data-background=\"https:\/\/calendula.hu\/wp-content\/uploads\/2023\/02\/CALENDULA_193.jpg\">\r\n\t\t\t\t\t<h2 style=\"display: none!important;\">The Cappa<\/h2>\r\n\t\t\t<div class=\"container\">\r\n\t\t\t\t<div class=\"row\">\r\n\t\t\t\t\t<div class=\"col-md-8 offset-md-2 text-center\">\r\n\t\t\t\t\t\t<span><i class=\"star-rating\"><\/i><i class=\"star-rating\"><\/i><i class=\"star-rating\"><\/i><i class=\"star-rating\"><\/i><i class=\"star-rating\"><\/i><\/span>\r\n\t\t\t\t\t\t\t\t\t\t\t\t<div class=\"section-subtitle\"><span>Presented by<\/span><\/div>\r\n\t\t\t\t\t\t\t\t\t\t\t\t\t\t\t\t\t\t<div class=\"section-title\"><span>Calendula Pharma Co.<\/span><\/div>\r\n\t\t\t\t\t\t\t\t\t\t\t<\/div>\r\n\t\t\t\t<\/div>\r\n\t\t\t\t<div class=\"row\">\r\n\t\t\t\t\t\t\t\t\t\t\t<div class=\"text-center col-md-12\">\r\n\t\t\t\t\t\t\t<a class=\"vid\" href=\"https:\/\/youtu.be\/7HRr2FzjuoY\">\r\n\t\t\t\t\t\t\t\t<div class=\"vid-butn\">\r\n\t\t\t\t\t\t\t\t\t<span class=\"icon\">\r\n\t\t\t\t\t\t\t\t\t\t<i class=\"ti-control-play\"><\/i>\r\n\t\t\t\t\t\t\t\t\t<\/span>\r\n\t\t\t\t\t\t\t\t<\/div>\r\n\t\t\t\t\t\t\t<\/a>\r\n\t\t\t\t\t\t<\/div>\r\n\t\t\t\t\t\t\t\t\t<\/div>\r\n\t\t\t<\/div>\r\n\t\t<\/section>\r\n\t\t\t\t\t\t\t<\/div>\n\t\t\t\t<\/div>\n\t\t\t\t\t<\/div>\n\t\t<\/div>\n\t\t\t\t\t<\/div>\n\t\t<\/section>\n\t\t\t\t<\/div>","protected":false},"excerpt":{"rendered":"<p>Ismerje meg Calendula Pharma Co. Gy\u00f3gyn\u00f6v\u00e9ny laborat\u00f3riumunk N\u00f6v\u00e9nyi gy\u00f3gyk\u00e9sz\u00edtm\u00e9nyek saj\u00e1t el\u0151\u00e1ll\u00edt\u00e1sa A CALENDULA Klinika t\u00f6bb mint 30 \u00e9vvel ezel\u0151tt kezdte el a n\u00e9pi \u00e9s a keleti orvostudom\u00e1ny fitorecept\u00far\u00e1inak alkalmaz\u00e1s\u00e1t az orvosi gyakorlatban. B\u00e1rki, aki seg\u00edts\u00e9get keres, egyedi eset, amely mindig kih\u00edv\u00e1st jelent az orvos sz\u00e1m\u00e1ra. \u00c1tgondolva azt, hogy az \u00f3kori orvosok mik\u00e9ppen gy\u00f3gy\u00edtottak, megvizsg\u00e1ltuk Avicenna [&hellip;]<\/p>\n","protected":false},"author":9,"featured_media":0,"parent":0,"menu_order":0,"comment_status":"closed","ping_status":"closed","template":"page-templates\/dark-sidebar.php","meta":{"footnotes":""},"class_list":["post-1882","page","type-page","status-publish","hentry"],"yoast_head":"<!-- This site is optimized with the Yoast SEO Premium plugin v19.5 (Yoast SEO v27.3) - https:\/\/yoast.com\/product\/yoast-seo-premium-wordpress\/ -->\n<title>R\u00f3lunk-laborat\u00f3riumunk - Calendula Klinika - Si\u00f3fok<\/title>\n<meta name=\"robots\" content=\"index, follow, max-snippet:-1, max-image-preview:large, max-video-preview:-1\" \/>\n<link rel=\"canonical\" href=\"https:\/\/calendula.hu\/en\/rolunk-laboratoriumunk\/\" \/>\n<meta property=\"og:locale\" content=\"en_GB\" \/>\n<meta property=\"og:type\" content=\"article\" \/>\n<meta property=\"og:title\" content=\"R\u00f3lunk-laborat\u00f3riumunk\" \/>\n<meta property=\"og:description\" content=\"Ismerje meg Calendula Pharma Co. Gy\u00f3gyn\u00f6v\u00e9ny laborat\u00f3riumunk N\u00f6v\u00e9nyi gy\u00f3gyk\u00e9sz\u00edtm\u00e9nyek saj\u00e1t el\u0151\u00e1ll\u00edt\u00e1sa A CALENDULA Klinika t\u00f6bb mint 30 \u00e9vvel ezel\u0151tt kezdte el a n\u00e9pi \u00e9s a keleti orvostudom\u00e1ny fitorecept\u00far\u00e1inak alkalmaz\u00e1s\u00e1t az orvosi gyakorlatban. B\u00e1rki, aki seg\u00edts\u00e9get keres, egyedi eset, amely mindig kih\u00edv\u00e1st jelent az orvos sz\u00e1m\u00e1ra. \u00c1tgondolva azt, hogy az \u00f3kori orvosok mik\u00e9ppen gy\u00f3gy\u00edtottak, megvizsg\u00e1ltuk Avicenna [&hellip;]\" \/>\n<meta property=\"og:url\" content=\"https:\/\/calendula.hu\/en\/rolunk-laboratoriumunk\/\" \/>\n<meta property=\"og:site_name\" content=\"Calendula Klinika - Si\u00f3fok\" \/>\n<meta property=\"article:modified_time\" content=\"2023-04-12T11:06:58+00:00\" \/>\n<meta name=\"twitter:card\" content=\"summary_large_image\" \/>\n<meta name=\"twitter:label1\" content=\"Estimated reading time\" \/>\n\t<meta name=\"twitter:data1\" content=\"4 minutes\" \/>\n<script type=\"application\/ld+json\" class=\"yoast-schema-graph\">{\"@context\":\"https:\\\/\\\/schema.org\",\"@graph\":[{\"@type\":\"WebPage\",\"@id\":\"https:\\\/\\\/calendula.hu\\\/rolunk-laboratoriumunk\\\/\",\"url\":\"https:\\\/\\\/calendula.hu\\\/rolunk-laboratoriumunk\\\/\",\"name\":\"R\u00f3lunk-laborat\u00f3riumunk - Calendula Klinika - Si\u00f3fok\",\"isPartOf\":{\"@id\":\"https:\\\/\\\/calendula.hu\\\/#website\"},\"datePublished\":\"2023-01-28T11:01:09+00:00\",\"dateModified\":\"2023-04-12T11:06:58+00:00\",\"breadcrumb\":{\"@id\":\"https:\\\/\\\/calendula.hu\\\/rolunk-laboratoriumunk\\\/#breadcrumb\"},\"inLanguage\":\"en-GB\",\"potentialAction\":[{\"@type\":\"ReadAction\",\"target\":[\"https:\\\/\\\/calendula.hu\\\/rolunk-laboratoriumunk\\\/\"]}]},{\"@type\":\"BreadcrumbList\",\"@id\":\"https:\\\/\\\/calendula.hu\\\/rolunk-laboratoriumunk\\\/#breadcrumb\",\"itemListElement\":[{\"@type\":\"ListItem\",\"position\":1,\"name\":\"Home\",\"item\":\"https:\\\/\\\/calendula.hu\\\/\"},{\"@type\":\"ListItem\",\"position\":2,\"name\":\"R\u00f3lunk-laborat\u00f3riumunk\"}]},{\"@type\":\"WebSite\",\"@id\":\"https:\\\/\\\/calendula.hu\\\/#website\",\"url\":\"https:\\\/\\\/calendula.hu\\\/\",\"name\":\"Calendula Klinika - Si\u00f3fok\",\"description\":\"\",\"potentialAction\":[{\"@type\":\"SearchAction\",\"target\":{\"@type\":\"EntryPoint\",\"urlTemplate\":\"https:\\\/\\\/calendula.hu\\\/?s={search_term_string}\"},\"query-input\":{\"@type\":\"PropertyValueSpecification\",\"valueRequired\":true,\"valueName\":\"search_term_string\"}}],\"inLanguage\":\"en-GB\"}]}<\/script>\n<!-- \/ Yoast SEO Premium plugin. -->","yoast_head_json":{"title":"R\u00f3lunk-laborat\u00f3riumunk - Calendula Klinika - Si\u00f3fok","robots":{"index":"index","follow":"follow","max-snippet":"max-snippet:-1","max-image-preview":"max-image-preview:large","max-video-preview":"max-video-preview:-1"},"canonical":"https:\/\/calendula.hu\/en\/rolunk-laboratoriumunk\/","og_locale":"en_GB","og_type":"article","og_title":"R\u00f3lunk-laborat\u00f3riumunk","og_description":"Ismerje meg Calendula Pharma Co. Gy\u00f3gyn\u00f6v\u00e9ny laborat\u00f3riumunk N\u00f6v\u00e9nyi gy\u00f3gyk\u00e9sz\u00edtm\u00e9nyek saj\u00e1t el\u0151\u00e1ll\u00edt\u00e1sa A CALENDULA Klinika t\u00f6bb mint 30 \u00e9vvel ezel\u0151tt kezdte el a n\u00e9pi \u00e9s a keleti orvostudom\u00e1ny fitorecept\u00far\u00e1inak alkalmaz\u00e1s\u00e1t az orvosi gyakorlatban. B\u00e1rki, aki seg\u00edts\u00e9get keres, egyedi eset, amely mindig kih\u00edv\u00e1st jelent az orvos sz\u00e1m\u00e1ra. \u00c1tgondolva azt, hogy az \u00f3kori orvosok mik\u00e9ppen gy\u00f3gy\u00edtottak, megvizsg\u00e1ltuk Avicenna [&hellip;]","og_url":"https:\/\/calendula.hu\/en\/rolunk-laboratoriumunk\/","og_site_name":"Calendula Klinika - Si\u00f3fok","article_modified_time":"2023-04-12T11:06:58+00:00","twitter_card":"summary_large_image","twitter_misc":{"Estimated reading time":"4 minutes"},"schema":{"@context":"https:\/\/schema.org","@graph":[{"@type":"WebPage","@id":"https:\/\/calendula.hu\/rolunk-laboratoriumunk\/","url":"https:\/\/calendula.hu\/rolunk-laboratoriumunk\/","name":"R\u00f3lunk-laborat\u00f3riumunk - Calendula Klinika - Si\u00f3fok","isPartOf":{"@id":"https:\/\/calendula.hu\/#website"},"datePublished":"2023-01-28T11:01:09+00:00","dateModified":"2023-04-12T11:06:58+00:00","breadcrumb":{"@id":"https:\/\/calendula.hu\/rolunk-laboratoriumunk\/#breadcrumb"},"inLanguage":"en-GB","potentialAction":[{"@type":"ReadAction","target":["https:\/\/calendula.hu\/rolunk-laboratoriumunk\/"]}]},{"@type":"BreadcrumbList","@id":"https:\/\/calendula.hu\/rolunk-laboratoriumunk\/#breadcrumb","itemListElement":[{"@type":"ListItem","position":1,"name":"Home","item":"https:\/\/calendula.hu\/"},{"@type":"ListItem","position":2,"name":"R\u00f3lunk-laborat\u00f3riumunk"}]},{"@type":"WebSite","@id":"https:\/\/calendula.hu\/#website","url":"https:\/\/calendula.hu\/","name":"Calendula Clinic - Siofok","description":"","potentialAction":[{"@type":"SearchAction","target":{"@type":"EntryPoint","urlTemplate":"https:\/\/calendula.hu\/?s={search_term_string}"},"query-input":{"@type":"PropertyValueSpecification","valueRequired":true,"valueName":"search_term_string"}}],"inLanguage":"en-GB"}]}},"_links":{"self":[{"href":"https:\/\/calendula.hu\/en\/wp-json\/wp\/v2\/pages\/1882","targetHints":{"allow":["GET"]}}],"collection":[{"href":"https:\/\/calendula.hu\/en\/wp-json\/wp\/v2\/pages"}],"about":[{"href":"https:\/\/calendula.hu\/en\/wp-json\/wp\/v2\/types\/page"}],"author":[{"embeddable":true,"href":"https:\/\/calendula.hu\/en\/wp-json\/wp\/v2\/users\/9"}],"replies":[{"embeddable":true,"href":"https:\/\/calendula.hu\/en\/wp-json\/wp\/v2\/comments?post=1882"}],"version-history":[{"count":67,"href":"https:\/\/calendula.hu\/en\/wp-json\/wp\/v2\/pages\/1882\/revisions"}],"predecessor-version":[{"id":6092,"href":"https:\/\/calendula.hu\/en\/wp-json\/wp\/v2\/pages\/1882\/revisions\/6092"}],"wp:attachment":[{"href":"https:\/\/calendula.hu\/en\/wp-json\/wp\/v2\/media?parent=1882"}],"curies":[{"name":"wp","href":"https:\/\/api.w.org\/{rel}","templated":true}]}}