{"id":982,"date":"2022-06-30T03:51:47","date_gmt":"2022-06-30T01:51:47","guid":{"rendered":"https:\/\/shtheme.com\/demosd\/thecappa\/?page_id=982"},"modified":"2023-03-19T15:40:17","modified_gmt":"2023-03-19T14:40:17","slug":"gyik","status":"publish","type":"page","link":"https:\/\/calendula.hu\/en\/gyik\/","title":{"rendered":"FAQ"},"content":{"rendered":"<div data-elementor-type=\"wp-page\" data-elementor-id=\"982\" class=\"elementor elementor-982\" data-elementor-post-type=\"page\">\n\t\t\t\t\t\t<section class=\"elementor-section elementor-top-section elementor-element elementor-element-4970d8b elementor-section-full_width elementor-section-height-min-height elementor-section-height-default elementor-section-items-middle\" data-id=\"4970d8b\" data-element_type=\"section\" data-e-type=\"section\">\n\t\t\t\t\t\t<div class=\"elementor-container elementor-column-gap-no\">\n\t\t\t\t\t<div class=\"elementor-column elementor-col-100 elementor-top-column elementor-element elementor-element-96fe3d9\" data-id=\"96fe3d9\" data-element_type=\"column\" data-e-type=\"column\">\n\t\t\t<div class=\"elementor-widget-wrap elementor-element-populated\">\n\t\t\t\t\t\t<div class=\"elementor-element elementor-element-308d4e7 elementor-align-left elementor-widget elementor-widget-pages-restaurant-banner\" data-id=\"308d4e7\" data-element_type=\"widget\" data-e-type=\"widget\" data-widget_type=\"pages-restaurant-banner.default\">\n\t\t\t\t<div class=\"elementor-widget-container\">\n\t\t\t\t\t\r\n\t\t<header class=\"header slider\">\r\n\t\t\t<div class=\"owl-carousel owl-theme\">\r\n\t\t\t\t<!-- The opacity on the image is made with \"data-overlay-dark=\"number\". You can change it using the numbers 0-9. -->\r\n\t\t\t\t\t\t\t\t\t\t\t\t\t\t\t<div class=\"text-center item bg-img\" data-overlay-dark=\"3\" data-background=\"https:\/\/calendula.hu\/wp-content\/uploads\/2023\/02\/CALENDULA_269.jpg\"><\/div>\r\n\t\t\t\t\t\t\t\t\t\t\t\t\t\t\t\t\t\t\t\t<div class=\"text-center item bg-img\" data-overlay-dark=\"3\" data-background=\"https:\/\/calendula.hu\/wp-content\/uploads\/2023\/02\/CALENDULA_270.jpg\"><\/div>\r\n\t\t\t\t\t\t\t\t\t\t\t\t\t\t\t\t\t\t\t\t<div class=\"text-center item bg-img\" data-overlay-dark=\"3\" data-background=\"https:\/\/calendula.hu\/wp-content\/uploads\/2023\/02\/CALENDULA_271.jpg\"><\/div>\r\n\t\t\t\t\t\t\t\t\t\t\t\t<\/div>\r\n\t\t\t<!-- arrow down -->\r\n\t\t\t<div class=\"arrow bounce text-center\">\r\n\t\t\t\t<a href=\"#\" data-scroll-nav=\"1\" class=\"\"> <i class=\"ti-arrow-down\"><\/i> <\/a>\r\n\t\t\t<\/div>\r\n\t\t<\/header>\r\n\r\n\t\t\r\n\t\t\t\t\t<\/div>\n\t\t\t\t<\/div>\n\t\t\t\t\t<\/div>\n\t\t<\/div>\n\t\t\t\t\t<\/div>\n\t\t<\/section>\n\t\t\t\t<section class=\"elementor-section elementor-top-section elementor-element elementor-element-0560cec elementor-section-full_width elementor-section-height-default elementor-section-height-default\" data-id=\"0560cec\" data-element_type=\"section\" data-e-type=\"section\">\n\t\t\t\t\t\t<div class=\"elementor-container elementor-column-gap-no\">\n\t\t\t\t\t<div class=\"elementor-column elementor-col-100 elementor-top-column elementor-element elementor-element-99e86e8\" data-id=\"99e86e8\" data-element_type=\"column\" data-e-type=\"column\">\n\t\t\t<div class=\"elementor-widget-wrap elementor-element-populated\">\n\t\t\t\t\t\t<div class=\"elementor-element elementor-element-63d96d8 elementor-align-left elementor-widget elementor-widget-pages-faq\" data-id=\"63d96d8\" data-element_type=\"widget\" data-e-type=\"widget\" data-widget_type=\"pages-faq.default\">\n\t\t\t\t<div class=\"elementor-widget-container\">\n\t\t\t\t\t\r\n\t\t\t\t<section class=\"section-padding bg-black\">\r\n\t\t \r\n\t\t\t<div class=\"container\">\r\n\t\t\t\t<div class=\"row\">\r\n\t\t\t\t\t<div class=\"col-md-12\">\r\n\t\t\t\t\t\t\t\t\t\t\t\t\t<div class=\"section-subtitle\">FAQ<\/div>\r\n\t\t\t\t\t\t\t\t\t\t\t\t\t\t\t\t\t\t\t<div class=\"section-title\">Frequently asked questions<\/div>\r\n\t\t\t\t\t\t\t\t\t\t\t<\/div>\r\n\t\t\t\t\t<div class=\"col-md-12\">\r\n\t\t\t\t\t\t<ul class=\"accordion-box clearfix\">\r\n\t\t\t\t\t\t\t\t\t\t\t\t\t\t\t<li class=\"accordion block\">\r\n\t\t\t\t\t\t\t\t\t\t\t\t\t\t\t\t\t\t\t<div class=\"acc-btn\">How can I become a patient of the clinic?<\/div>\r\n\t\t\t\t\t\t\t\t\t\t\t\t\t\t\t\t\t\t\t\t\t\t\t\t\t\t\t\t<div class=\"acc-content\">\r\n\t\t\t\t\t\t\t\t\t\t\t<div class=\"content\">\r\n\t\t\t\t\t\t\t\t\t\t\t\t<div class=\"text\">You can make a reservation on this website and we will call you back by email or phone to arrange an appointment, or you can call us on 06 84 330 754 Monday - Sunday 9am - 5pm. <\/div>\r\n\t\t\t\t\t\t\t\t\t\t\t<\/div>\r\n\t\t\t\t\t\t\t\t\t\t<\/div>\r\n\t\t\t\t\t\t\t\t\t\t\t\t\t\t\t\t\t<\/li>\r\n\t\t\t\t\t\t\t\t\t\t\t\t\t\t\t<li class=\"accordion block\">\r\n\t\t\t\t\t\t\t\t\t\t\t\t\t\t\t\t\t\t\t<div class=\"acc-btn\">What diseases are treated at the Calendula Clinic?<\/div>\r\n\t\t\t\t\t\t\t\t\t\t\t\t\t\t\t\t\t\t\t\t\t\t\t\t\t\t\t\t<div class=\"acc-content\">\r\n\t\t\t\t\t\t\t\t\t\t\t<div class=\"content\">\r\n\t\t\t\t\t\t\t\t\t\t\t\t<div class=\"text\">Click on the link below to find out about the diseases treated in our clinic: https:\/\/calendula.hu\/kezelt-betegsegek\/<\/div>\r\n\t\t\t\t\t\t\t\t\t\t\t<\/div>\r\n\t\t\t\t\t\t\t\t\t\t<\/div>\r\n\t\t\t\t\t\t\t\t\t\t\t\t\t\t\t\t\t<\/li>\r\n\t\t\t\t\t\t\t\t\t\t\t\t\t\t\t<li class=\"accordion block\">\r\n\t\t\t\t\t\t\t\t\t\t\t\t\t\t\t\t\t\t\t<div class=\"acc-btn\">What diseases are not treated at the clinic?<\/div>\r\n\t\t\t\t\t\t\t\t\t\t\t\t\t\t\t\t\t\t\t\t\t\t\t\t\t\t\t\t<div class=\"acc-content\">\r\n\t\t\t\t\t\t\t\t\t\t\t<div class=\"content\">\r\n\t\t\t\t\t\t\t\t\t\t\t\t<div class=\"text\">Our clinic does not treat cancer in the acute stage or during radiotherapy. <br> In addition, given that our clinic is not a closed institution, we are also unable to cover addiction-related illnesses. <br><br>Please always contact us if you have a specific disease, so that we can give you personalised answers and suggest therapies. <\/div>\r\n\t\t\t\t\t\t\t\t\t\t\t<\/div>\r\n\t\t\t\t\t\t\t\t\t\t<\/div>\r\n\t\t\t\t\t\t\t\t\t\t\t\t\t\t\t\t\t<\/li>\r\n\t\t\t\t\t\t\t\t\t\t\t\t\t\t\t<li class=\"accordion block\">\r\n\t\t\t\t\t\t\t\t\t\t\t\t\t\t\t\t\t\t\t<div class=\"acc-btn\">Which therapy programme should I choose?<\/div>\r\n\t\t\t\t\t\t\t\t\t\t\t\t\t\t\t\t\t\t\t\t\t\t\t\t\t\t\t\t<div class=\"acc-content\">\r\n\t\t\t\t\t\t\t\t\t\t\t<div class=\"content\">\r\n\t\t\t\t\t\t\t\t\t\t\t\t<div class=\"text\">The treatment programme will depend on the outcome of the preliminary medical consultation, its\nin order to provide our patients with a personalised therapy.\nAppointments for consultation can be made by calling the following telephone number:\n06 84 330 754 from Monday to Sunday from 09:00 to 17:00.\nIf you have a reservation at our clinic, but have not yet participated\nbut you have not yet had a consultation, you will be able to make your first appointment on the day of your arrival\nto discuss your treatment needs with our doctors and your health and wellbeing.\nyou can decide together on the services we can offer you.<\/div>\r\n\t\t\t\t\t\t\t\t\t\t\t<\/div>\r\n\t\t\t\t\t\t\t\t\t\t<\/div>\r\n\t\t\t\t\t\t\t\t\t\t\t\t\t\t\t\t\t<\/li>\r\n\t\t\t\t\t\t\t\t\t\t\t\t\t\t\t<li class=\"accordion block\">\r\n\t\t\t\t\t\t\t\t\t\t\t\t\t\t\t\t\t\t\t<div class=\"acc-btn\">How many days are recommended for the panchakarma programme?<\/div>\r\n\t\t\t\t\t\t\t\t\t\t\t\t\t\t\t\t\t\t\t\t\t\t\t\t\t\t\t\t<div class=\"acc-content\">\r\n\t\t\t\t\t\t\t\t\t\t\t<div class=\"content\">\r\n\t\t\t\t\t\t\t\t\t\t\t\t<div class=\"text\">Classic Panchakarma requires 21 days of therapy. If the patient has no\nsufficient time, it is possible to complete the treatment in 14 days.\nthe cleansing process.\nThe therapy consists of five phases which activate the body's natural cleansing and\nrestoration processes of the body. Each stage is prescribed depending on the degree of\nthe body is ready for cleansing. The therapy takes into account the patient's\nthe patient's body composition, the level of lameness at any given moment, and the seasonal\nfactors and other health factors.<\/div>\r\n\t\t\t\t\t\t\t\t\t\t\t<\/div>\r\n\t\t\t\t\t\t\t\t\t\t<\/div>\r\n\t\t\t\t\t\t\t\t\t\t\t\t\t\t\t\t\t<\/li>\r\n\t\t\t\t\t\t\t\t\t\t\t\t\t\t\t<li class=\"accordion block\">\r\n\t\t\t\t\t\t\t\t\t\t\t\t\t\t\t\t\t\t\t<div class=\"acc-btn\">Should I have a consultation first or can I come straight away\nwith a reservation?<\/div>\r\n\t\t\t\t\t\t\t\t\t\t\t\t\t\t\t\t\t\t\t\t\t\t\t\t\t\t\t\t<div class=\"acc-content\">\r\n\t\t\t\t\t\t\t\t\t\t\t<div class=\"content\">\r\n\t\t\t\t\t\t\t\t\t\t\t\t<div class=\"text\">You have the possibility to book accommodation and a programme at our clinic without prior consultation\nbut we recommend that our Hungarian patients book a medical appointment in advance.\nprior consultation.\nIf you have a reservation at our clinic but have not yet attended\n\nconsultation, you will be able to make your appointment on the day of your arrival, during your first visit.\nyou will be able to discuss with our doctors your treatment needs and your health\nyou can decide together on the services we can offer you.<\/div>\r\n\t\t\t\t\t\t\t\t\t\t\t<\/div>\r\n\t\t\t\t\t\t\t\t\t\t<\/div>\r\n\t\t\t\t\t\t\t\t\t\t\t\t\t\t\t\t\t<\/li>\r\n\t\t\t\t\t\t\t\t\t\t\t\t\t\t\t<li class=\"accordion block\">\r\n\t\t\t\t\t\t\t\t\t\t\t\t\t\t\t\t\t\t\t<div class=\"acc-btn\">How many days in advance should I book?<\/div>\r\n\t\t\t\t\t\t\t\t\t\t\t\t\t\t\t\t\t\t\t\t\t\t\t\t\t\t\t\t<div class=\"acc-content\">\r\n\t\t\t\t\t\t\t\t\t\t\t<div class=\"content\">\r\n\t\t\t\t\t\t\t\t\t\t\t\t<div class=\"text\">It is advisable to book at least 1 month in advance of your arrival, but the year\nfor the end of the year, beginning of the year we recommend to book at least 2 months in advance\nin advance. However, if you would like to come to our clinic at any time, please\nplease contact us by email (info@calendula.hu) or by phone (06 84 330 754),\nbecause there may be a vacancy at any time, which can be made easier by a sudden idea\nof a spur-of-the-moment booking.<\/div>\r\n\t\t\t\t\t\t\t\t\t\t\t<\/div>\r\n\t\t\t\t\t\t\t\t\t\t<\/div>\r\n\t\t\t\t\t\t\t\t\t\t\t\t\t\t\t\t\t<\/li>\r\n\t\t\t\t\t\t\t\t\t\t\t\t\t\t\t<li class=\"accordion block\">\r\n\t\t\t\t\t\t\t\t\t\t\t\t\t\t\t\t\t\t\t<div class=\"acc-btn\">I have accommodation in the area. I can book a room without a reservation\nfor several days of therapy?<\/div>\r\n\t\t\t\t\t\t\t\t\t\t\t\t\t\t\t\t\t\t\t\t\t\t\t\t\t\t\t\t<div class=\"acc-content\">\r\n\t\t\t\t\t\t\t\t\t\t\t<div class=\"content\">\r\n\t\t\t\t\t\t\t\t\t\t\t\t<div class=\"text\">Of course. You can also use our clinic's treatments without booking accommodation.<\/div>\r\n\t\t\t\t\t\t\t\t\t\t\t<\/div>\r\n\t\t\t\t\t\t\t\t\t\t<\/div>\r\n\t\t\t\t\t\t\t\t\t\t\t\t\t\t\t\t\t<\/li>\r\n\t\t\t\t\t\t\t\t\t\t\t\t\t\t\t<li class=\"accordion block\">\r\n\t\t\t\t\t\t\t\t\t\t\t\t\t\t\t\t\t\t\t<div class=\"acc-btn\">How does a therapy day at the clinic work?<\/div>\r\n\t\t\t\t\t\t\t\t\t\t\t\t\t\t\t\t\t\t\t\t\t\t\t\t\t\t\t\t<div class=\"acc-content\">\r\n\t\t\t\t\t\t\t\t\t\t\t<div class=\"content\">\r\n\t\t\t\t\t\t\t\t\t\t\t\t<div class=\"text\">The therapeutic programmes are part of the daily menu offered by our Ayurveda restaurant\nthree meals a day, with breakfast available from 8am.\nPrior to this, it is possible to participate in morning yoga from 7:30 am. Breakfast is served\nmedical visits start at 9 am and are followed by a 90\n90-minute therapies. Lunch will be served from 12 noon, and from 2 p.m.\nthe 60-minute therapies start. Lectures and additional movement therapies are also available from\nare also scheduled during the afternoon. A day of therapy at the Calendula Clinic\nis an approximately 7-8 hour day for our patients.<\/div>\r\n\t\t\t\t\t\t\t\t\t\t\t<\/div>\r\n\t\t\t\t\t\t\t\t\t\t<\/div>\r\n\t\t\t\t\t\t\t\t\t\t\t\t\t\t\t\t\t<\/li>\r\n\t\t\t\t\t\t\t\t\t\t\t\t\t\t\t<li class=\"accordion block\">\r\n\t\t\t\t\t\t\t\t\t\t\t\t\t\t\t\t\t\t\t<div class=\"acc-btn\">Can other meals be included in the diet during treatment?<\/div>\r\n\t\t\t\t\t\t\t\t\t\t\t\t\t\t\t\t\t\t\t\t\t\t\t\t\t\t\t\t<div class=\"acc-content\">\r\n\t\t\t\t\t\t\t\t\t\t\t<div class=\"content\">\r\n\t\t\t\t\t\t\t\t\t\t\t\t<div class=\"text\">The therapeutic packages provided by the Calendula Clinic include\nmeat-free, vegetarian three meals a day offered by our Ayurveda restaurant\nmeals (fish and eggs are included in our meals), which are necessary for\nnecessary for the success of the treatment programmes. Other meals only on medical advice\nsubject to medical advice.<\/div>\r\n\t\t\t\t\t\t\t\t\t\t\t<\/div>\r\n\t\t\t\t\t\t\t\t\t\t<\/div>\r\n\t\t\t\t\t\t\t\t\t\t\t\t\t\t\t\t\t<\/li>\r\n\t\t\t\t\t\t\t\t\t\t\t\t\t\t\t<li class=\"accordion block\">\r\n\t\t\t\t\t\t\t\t\t\t\t\t\t\t\t\t\t\t\t<div class=\"acc-btn\">I have a food intolerance. Is it possible to eat free?<\/div>\r\n\t\t\t\t\t\t\t\t\t\t\t\t\t\t\t\t\t\t\t\t\t\t\t\t\t\t\t\t<div class=\"acc-content\">\r\n\t\t\t\t\t\t\t\t\t\t\t<div class=\"content\">\r\n\t\t\t\t\t\t\t\t\t\t\t\t<div class=\"text\">Yes, of course. We can also cater for guests with food intolerances\n\nfree diets, but please let us know before you arrive\nprior to your arrival.<\/div>\r\n\t\t\t\t\t\t\t\t\t\t\t<\/div>\r\n\t\t\t\t\t\t\t\t\t\t<\/div>\r\n\t\t\t\t\t\t\t\t\t\t\t\t\t\t\t\t\t<\/li>\r\n\t\t\t\t\t\t\t\t\t\t\t\t\t\t\t<li class=\"accordion block\">\r\n\t\t\t\t\t\t\t\t\t\t\t\t\t\t\t\t\t\t\t<div class=\"acc-btn\">What should I bring with me?<\/div>\r\n\t\t\t\t\t\t\t\t\t\t\t\t\t\t\t\t\t\t\t\t\t\t\t\t\t\t\t\t<div class=\"acc-content\">\r\n\t\t\t\t\t\t\t\t\t\t\t<div class=\"content\">\r\n\t\t\t\t\t\t\t\t\t\t\t\t<div class=\"text\">Comfortable clothing is recommended for our patients to ensure they are as comfortable as possible during their time in the clinic. Also, because of the oil treatments, it is advisable to bring clothing that does not cause any problems if you come into contact with oil. Tears, slippers and towels are provided for our guests, but it is advisable to bring your own rubber slippers.<\/div>\r\n\t\t\t\t\t\t\t\t\t\t\t<\/div>\r\n\t\t\t\t\t\t\t\t\t\t<\/div>\r\n\t\t\t\t\t\t\t\t\t\t\t\t\t\t\t\t\t<\/li>\r\n\t\t\t\t\t\t\t\t\t\t\t\t\t\t\t<li class=\"accordion block\">\r\n\t\t\t\t\t\t\t\t\t\t\t\t\t\t\t\t\t\t\t<div class=\"acc-btn\">What extra costs should I expect in addition to therapy and accommodation?<\/div>\r\n\t\t\t\t\t\t\t\t\t\t\t\t\t\t\t\t\t\t\t\t\t\t\t\t\t\t\t\t<div class=\"acc-content\">\r\n\t\t\t\t\t\t\t\t\t\t\t<div class=\"content\">\r\n\t\t\t\t\t\t\t\t\t\t\t\t<div class=\"text\">If you need extra complementary therapies that are not included in your treatment programme, you will have to pay extra. Such treatments may include, depending on the programme, manual therapy, metamer therapy, collagen injections, plasma therapy, therapeutic blockade, and any other tests recommended by your doctor, such as ultrasound, blood tests, other imaging tests. <\/div>\r\n\t\t\t\t\t\t\t\t\t\t\t<\/div>\r\n\t\t\t\t\t\t\t\t\t\t<\/div>\r\n\t\t\t\t\t\t\t\t\t\t\t\t\t\t\t\t\t<\/li>\r\n\t\t\t\t\t\t\t\t\t\t\t\t\t\t\t<li class=\"accordion block\">\r\n\t\t\t\t\t\t\t\t\t\t\t\t\t\t\t\t\t\t\t<div class=\"acc-btn\">When do I have to pay for my booking, how and in what currency\ncan I pay?<\/div>\r\n\t\t\t\t\t\t\t\t\t\t\t\t\t\t\t\t\t\t\t\t\t\t\t\t\t\t\t\t<div class=\"acc-content\">\r\n\t\t\t\t\t\t\t\t\t\t\t<div class=\"content\">\r\n\t\t\t\t\t\t\t\t\t\t\t\t<div class=\"text\">It is possible to pay the proforma invoice, which includes the price of accommodation and the programme, on the 2-3rd day after arrival at the latest. The cost of any additional treatment costs and the cost of the medical package will be settled at a later date. Payment can be made by bank transfer, credit card or cash (we accept EUR as well as HUF). You also have the possibility to request a health insurance bill if you have one.\n<\/div>\r\n\t\t\t\t\t\t\t\t\t\t\t<\/div>\r\n\t\t\t\t\t\t\t\t\t\t<\/div>\r\n\t\t\t\t\t\t\t\t\t\t\t\t\t\t\t\t\t<\/li>\r\n\t\t\t\t\t\t\t\t\t\t\t\t\t\t\t<li class=\"accordion block\">\r\n\t\t\t\t\t\t\t\t\t\t\t\t\t\t\t\t\t\t\t<div class=\"acc-btn\">How the Calendula Clinic programme in Siofok differs from the one in Sri Lanka\npanchakarma programme?<\/div>\r\n\t\t\t\t\t\t\t\t\t\t\t\t\t\t\t\t\t\t\t\t\t\t\t\t\t\t\t\t<div class=\"acc-content\">\r\n\t\t\t\t\t\t\t\t\t\t\t<div class=\"content\">\r\n\t\t\t\t\t\t\t\t\t\t\t\t<div class=\"text\">The composition of Ayurvedic therapies and the duration of treatments differ between the two countries. In addition, at the Calendula Clinic we combine Eastern medicine with Western technology, so we can provide our patients with the diagnostic procedures of modern medicine for the duration of their therapy, as prescribed by their doctor.<\/div>\r\n\t\t\t\t\t\t\t\t\t\t\t<\/div>\r\n\t\t\t\t\t\t\t\t\t\t<\/div>\r\n\t\t\t\t\t\t\t\t\t\t\t\t\t\t\t\t\t<\/li>\r\n\t\t\t\t\t\t\t\t\t\t\t\t\t\t\t<li class=\"accordion block\">\r\n\t\t\t\t\t\t\t\t\t\t\t\t\t\t\t\t\t\t\t<div class=\"acc-btn\">Can massage and other therapies be provided \u201eexternally\u201d?<\/div>\r\n\t\t\t\t\t\t\t\t\t\t\t\t\t\t\t\t\t\t\t\t\t\t\t\t\t\t\t\t<div class=\"acc-content\">\r\n\t\t\t\t\t\t\t\t\t\t\t<div class=\"content\">\r\n\t\t\t\t\t\t\t\t\t\t\t\t<div class=\"text\">Our clinic offers the possibility to receive our therapies as an outpatient. Please contact us by telephone to book an appointment.<\/div>\r\n\t\t\t\t\t\t\t\t\t\t\t<\/div>\r\n\t\t\t\t\t\t\t\t\t\t<\/div>\r\n\t\t\t\t\t\t\t\t\t\t\t\t\t\t\t\t\t<\/li>\r\n\t\t\t\t\t\t\t\t\t\t\t\t\t\t\t<li class=\"accordion block\">\r\n\t\t\t\t\t\t\t\t\t\t\t\t\t\t\t\t\t\t\t<div class=\"acc-btn\">Are they open on public holidays and weekends?<\/div>\r\n\t\t\t\t\t\t\t\t\t\t\t\t\t\t\t\t\t\t\t\t\t\t\t\t\t\t\t\t<div class=\"acc-content\">\r\n\t\t\t\t\t\t\t\t\t\t\t<div class=\"content\">\r\n\t\t\t\t\t\t\t\t\t\t\t\t<div class=\"text\">Yes. The Calendula Ayurvedic and Medical Private Clinic is open 7 days a week, weekends and holidays, with a 7\/24-hour reception service. Appointments and bookings can be made by telephone between 9 am and 5 pm. <\/div>\r\n\t\t\t\t\t\t\t\t\t\t\t<\/div>\r\n\t\t\t\t\t\t\t\t\t\t<\/div>\r\n\t\t\t\t\t\t\t\t\t\t\t\t\t\t\t\t\t<\/li>\r\n\t\t\t\t\t\t\t\t\t\t\t\t\t<\/ul>\r\n\t\t\t\t\t<\/div>\r\n\t\t\t\t<\/div>\r\n\t\t\t<\/div>\r\n\t\t<\/section>\r\n\r\n\t\t\r\n\t\t\t\t\t<\/div>\n\t\t\t\t<\/div>\n\t\t\t\t\t<\/div>\n\t\t<\/div>\n\t\t\t\t\t<\/div>\n\t\t<\/section>\n\t\t\t\t<\/div>","protected":false},"excerpt":{"rendered":"<p>GYIK Gyakran ism\u00e9telt k\u00e9rd\u00e9sek Hogyan lehetek a klinika p\u00e1ciense? R\u00f6gz\u00edtheti foglal\u00e1si ig\u00e9ny\u00e9t ezen a weboldalon, mellyel kapcsolatban emailben vagy telefonon visszah\u00edvjuk \u00d6nt az id\u0151pont egyeztet\u00e9se v\u00e9gett vagy h\u00edvhat minket a 06 84 330 754-es telefonsz\u00e1mon h\u00e9tf\u0151t\u0151l &#8211; vas\u00e1rnapig 9-17 \u00f3r\u00e1ig. Milyen betegs\u00e9geket kezelnek a Calendula klinik\u00e1n? Az al\u00e1bbi linkre kattintva t\u00e1j\u00e9koz\u00f3dhat klinik\u00e1nkon kezelt betegs\u00e9gekr\u0151l: https:\/\/calendula.hu\/kezelt-betegsegek\/ [&hellip;]<\/p>\n","protected":false},"author":9,"featured_media":0,"parent":0,"menu_order":0,"comment_status":"closed","ping_status":"closed","template":"page-templates\/dark-sidebar.php","meta":{"footnotes":""},"class_list":["post-982","page","type-page","status-publish","hentry"],"yoast_head":"<!-- This site is optimized with the Yoast SEO Premium plugin v19.5 (Yoast SEO v27.4) - https:\/\/yoast.com\/product\/yoast-seo-premium-wordpress\/ -->\n<title>GYIK - Calendula Klinika - Si\u00f3fok<\/title>\n<meta name=\"robots\" content=\"index, follow, max-snippet:-1, max-image-preview:large, max-video-preview:-1\" \/>\n<link rel=\"canonical\" href=\"https:\/\/calendula.hu\/en\/gyik\/\" \/>\n<meta property=\"og:locale\" content=\"en_GB\" \/>\n<meta property=\"og:type\" content=\"article\" \/>\n<meta property=\"og:title\" content=\"GYIK\" \/>\n<meta property=\"og:description\" content=\"GYIK Gyakran ism\u00e9telt k\u00e9rd\u00e9sek Hogyan lehetek a klinika p\u00e1ciense? R\u00f6gz\u00edtheti foglal\u00e1si ig\u00e9ny\u00e9t ezen a weboldalon, mellyel kapcsolatban emailben vagy telefonon visszah\u00edvjuk \u00d6nt az id\u0151pont egyeztet\u00e9se v\u00e9gett vagy h\u00edvhat minket a 06 84 330 754-es telefonsz\u00e1mon h\u00e9tf\u0151t\u0151l &#8211; vas\u00e1rnapig 9-17 \u00f3r\u00e1ig. Milyen betegs\u00e9geket kezelnek a Calendula klinik\u00e1n? Az al\u00e1bbi linkre kattintva t\u00e1j\u00e9koz\u00f3dhat klinik\u00e1nkon kezelt betegs\u00e9gekr\u0151l: https:\/\/calendula.hu\/kezelt-betegsegek\/ [&hellip;]\" \/>\n<meta property=\"og:url\" content=\"https:\/\/calendula.hu\/en\/gyik\/\" \/>\n<meta property=\"og:site_name\" content=\"Calendula Klinika - Si\u00f3fok\" \/>\n<meta property=\"article:modified_time\" content=\"2023-03-19T14:40:17+00:00\" \/>\n<meta name=\"twitter:card\" content=\"summary_large_image\" \/>\n<meta name=\"twitter:label1\" content=\"Estimated reading time\" \/>\n\t<meta name=\"twitter:data1\" content=\"5 minutes\" \/>\n<script type=\"application\/ld+json\" class=\"yoast-schema-graph\">{\"@context\":\"https:\\\/\\\/schema.org\",\"@graph\":[{\"@type\":\"WebPage\",\"@id\":\"https:\\\/\\\/calendula.hu\\\/gyik\\\/\",\"url\":\"https:\\\/\\\/calendula.hu\\\/gyik\\\/\",\"name\":\"GYIK - Calendula Klinika - Si\u00f3fok\",\"isPartOf\":{\"@id\":\"https:\\\/\\\/calendula.hu\\\/#website\"},\"datePublished\":\"2022-06-30T01:51:47+00:00\",\"dateModified\":\"2023-03-19T14:40:17+00:00\",\"breadcrumb\":{\"@id\":\"https:\\\/\\\/calendula.hu\\\/gyik\\\/#breadcrumb\"},\"inLanguage\":\"en-GB\",\"potentialAction\":[{\"@type\":\"ReadAction\",\"target\":[\"https:\\\/\\\/calendula.hu\\\/gyik\\\/\"]}]},{\"@type\":\"BreadcrumbList\",\"@id\":\"https:\\\/\\\/calendula.hu\\\/gyik\\\/#breadcrumb\",\"itemListElement\":[{\"@type\":\"ListItem\",\"position\":1,\"name\":\"Home\",\"item\":\"https:\\\/\\\/calendula.hu\\\/\"},{\"@type\":\"ListItem\",\"position\":2,\"name\":\"GYIK\"}]},{\"@type\":\"WebSite\",\"@id\":\"https:\\\/\\\/calendula.hu\\\/#website\",\"url\":\"https:\\\/\\\/calendula.hu\\\/\",\"name\":\"Calendula Klinika - Si\u00f3fok\",\"description\":\"\",\"potentialAction\":[{\"@type\":\"SearchAction\",\"target\":{\"@type\":\"EntryPoint\",\"urlTemplate\":\"https:\\\/\\\/calendula.hu\\\/?s={search_term_string}\"},\"query-input\":{\"@type\":\"PropertyValueSpecification\",\"valueRequired\":true,\"valueName\":\"search_term_string\"}}],\"inLanguage\":\"en-GB\"}]}<\/script>\n<!-- \/ Yoast SEO Premium plugin. -->","yoast_head_json":{"title":"GYIK - Calendula Klinika - Si\u00f3fok","robots":{"index":"index","follow":"follow","max-snippet":"max-snippet:-1","max-image-preview":"max-image-preview:large","max-video-preview":"max-video-preview:-1"},"canonical":"https:\/\/calendula.hu\/en\/gyik\/","og_locale":"en_GB","og_type":"article","og_title":"GYIK","og_description":"GYIK Gyakran ism\u00e9telt k\u00e9rd\u00e9sek Hogyan lehetek a klinika p\u00e1ciense? R\u00f6gz\u00edtheti foglal\u00e1si ig\u00e9ny\u00e9t ezen a weboldalon, mellyel kapcsolatban emailben vagy telefonon visszah\u00edvjuk \u00d6nt az id\u0151pont egyeztet\u00e9se v\u00e9gett vagy h\u00edvhat minket a 06 84 330 754-es telefonsz\u00e1mon h\u00e9tf\u0151t\u0151l &#8211; vas\u00e1rnapig 9-17 \u00f3r\u00e1ig. Milyen betegs\u00e9geket kezelnek a Calendula klinik\u00e1n? Az al\u00e1bbi linkre kattintva t\u00e1j\u00e9koz\u00f3dhat klinik\u00e1nkon kezelt betegs\u00e9gekr\u0151l: https:\/\/calendula.hu\/kezelt-betegsegek\/ [&hellip;]","og_url":"https:\/\/calendula.hu\/en\/gyik\/","og_site_name":"Calendula Klinika - Si\u00f3fok","article_modified_time":"2023-03-19T14:40:17+00:00","twitter_card":"summary_large_image","twitter_misc":{"Estimated reading time":"5 minutes"},"schema":{"@context":"https:\/\/schema.org","@graph":[{"@type":"WebPage","@id":"https:\/\/calendula.hu\/gyik\/","url":"https:\/\/calendula.hu\/gyik\/","name":"GYIK - Calendula Klinika - Si\u00f3fok","isPartOf":{"@id":"https:\/\/calendula.hu\/#website"},"datePublished":"2022-06-30T01:51:47+00:00","dateModified":"2023-03-19T14:40:17+00:00","breadcrumb":{"@id":"https:\/\/calendula.hu\/gyik\/#breadcrumb"},"inLanguage":"en-GB","potentialAction":[{"@type":"ReadAction","target":["https:\/\/calendula.hu\/gyik\/"]}]},{"@type":"BreadcrumbList","@id":"https:\/\/calendula.hu\/gyik\/#breadcrumb","itemListElement":[{"@type":"ListItem","position":1,"name":"Home","item":"https:\/\/calendula.hu\/"},{"@type":"ListItem","position":2,"name":"GYIK"}]},{"@type":"WebSite","@id":"https:\/\/calendula.hu\/#website","url":"https:\/\/calendula.hu\/","name":"Calendula Clinic - Siofok","description":"","potentialAction":[{"@type":"SearchAction","target":{"@type":"EntryPoint","urlTemplate":"https:\/\/calendula.hu\/?s={search_term_string}"},"query-input":{"@type":"PropertyValueSpecification","valueRequired":true,"valueName":"search_term_string"}}],"inLanguage":"en-GB"}]}},"_links":{"self":[{"href":"https:\/\/calendula.hu\/en\/wp-json\/wp\/v2\/pages\/982","targetHints":{"allow":["GET"]}}],"collection":[{"href":"https:\/\/calendula.hu\/en\/wp-json\/wp\/v2\/pages"}],"about":[{"href":"https:\/\/calendula.hu\/en\/wp-json\/wp\/v2\/types\/page"}],"author":[{"embeddable":true,"href":"https:\/\/calendula.hu\/en\/wp-json\/wp\/v2\/users\/9"}],"replies":[{"embeddable":true,"href":"https:\/\/calendula.hu\/en\/wp-json\/wp\/v2\/comments?post=982"}],"version-history":[{"count":64,"href":"https:\/\/calendula.hu\/en\/wp-json\/wp\/v2\/pages\/982\/revisions"}],"predecessor-version":[{"id":5422,"href":"https:\/\/calendula.hu\/en\/wp-json\/wp\/v2\/pages\/982\/revisions\/5422"}],"wp:attachment":[{"href":"https:\/\/calendula.hu\/en\/wp-json\/wp\/v2\/media?parent=982"}],"curies":[{"name":"wp","href":"https:\/\/api.w.org\/{rel}","templated":true}]}}