{"id":11262,"date":"2026-01-15T09:23:44","date_gmt":"2026-01-15T08:23:44","guid":{"rendered":"https:\/\/calendula.hu\/?page_id=11262"},"modified":"2026-02-20T15:53:15","modified_gmt":"2026-02-20T14:53:15","slug":"kardiologiai-vizsgalatok","status":"publish","type":"page","link":"https:\/\/calendula.hu\/ru\/kardiologiai-vizsgalatok\/","title":{"rendered":"\u041a\u0430\u0440\u0434\u0438\u043e\u043b\u043e\u0433\u0438\u0447\u0435\u0441\u043a\u0438\u0435 \u0438\u0441\u0441\u043b\u0435\u0434\u043e\u0432\u0430\u043d\u0438\u044f"},"content":{"rendered":"<div data-elementor-type=\"wp-page\" data-elementor-id=\"11262\" class=\"elementor elementor-11262\" data-elementor-post-type=\"page\">\n\t\t\t\t<div class=\"elementor-element elementor-element-13962d2 e-con-full e-flex e-con e-parent\" data-id=\"13962d2\" data-element_type=\"container\" data-e-type=\"container\">\n\t\t\t\t<div class=\"elementor-element elementor-element-1214c96 elementor-align-left elementor-widget elementor-widget-pages-banner\" data-id=\"1214c96\" data-element_type=\"widget\" data-e-type=\"widget\" data-widget_type=\"pages-banner.default\">\n\t\t\t\t<div class=\"elementor-widget-container\">\n\t\t\t\t\t\r\n\t\t\t\t<div class=\"banner-header section-padding valign bg-img bg-fixed\" data-overlay-dark=\"4\" data-background=\"https:\/\/calendula.hu\/wp-content\/uploads\/2026\/01\/calendula-kardiologiai-vizsgalatok-banner.jpg\">\r\n\t\t\t\t\t<div class=\"container\">\r\n\t\t\t\t<div class=\"row\">\r\n\t\t\t\t\t<div class=\"col-md-12 caption mt-90\">\r\n\t\t\t\t\t\t\t\t\t\t\t\t\t\t\t\t\t\t<h1>\u041a\u0430\u0440\u0434\u0438\u043e\u043b\u043e\u0433\u0438\u0447\u0435\u0441\u043a\u0438\u0435 \u0438\u0441\u0441\u043b\u0435\u0434\u043e\u0432\u0430\u043d\u0438\u044f<\/h1>\r\n\t\t\t\t\t\t\t\t\t\t\t<\/div>\r\n\t\t\t\t<\/div>\r\n\t\t\t<\/div>\r\n\t\t<\/div>\r\n\r\n\t\t\t\t\t<\/div>\n\t\t\t\t<\/div>\n\t\t\t\t<\/div>\n\t\t<div class=\"elementor-element elementor-element-fff080e e-flex e-con-boxed e-con e-parent\" data-id=\"fff080e\" data-element_type=\"container\" data-e-type=\"container\" data-settings=\"{&quot;shape_divider_top&quot;:&quot;opacity-fan&quot;,&quot;shape_divider_bottom&quot;:&quot;opacity-fan&quot;}\">\n\t\t\t\t\t<div class=\"e-con-inner\">\n\t\t\t\t<div class=\"elementor-shape elementor-shape-top\" aria-hidden=\"true\" data-negative=\"false\">\n\t\t\t<svg xmlns=\"http:\/\/www.w3.org\/2000\/svg\" viewbox=\"0 0 283.5 19.6\" preserveaspectratio=\"none\">\n\t<path class=\"elementor-shape-fill\" style=\"opacity:0.33\" d=\"M0 0L0 18.8 141.8 4.1 283.5 18.8 283.5 0z\"\/>\n\t<path class=\"elementor-shape-fill\" style=\"opacity:0.33\" d=\"M0 0L0 12.6 141.8 4 283.5 12.6 283.5 0z\"\/>\n\t<path class=\"elementor-shape-fill\" style=\"opacity:0.33\" d=\"M0 0L0 6.4 141.8 4 283.5 6.4 283.5 0z\"\/>\n\t<path class=\"elementor-shape-fill\" d=\"M0 0L0 1.2 141.8 4 283.5 1.2 283.5 0z\"\/>\n<\/svg>\t\t<\/div>\n\t\t\t\t<div class=\"elementor-shape elementor-shape-bottom\" aria-hidden=\"true\" data-negative=\"false\">\n\t\t\t<svg xmlns=\"http:\/\/www.w3.org\/2000\/svg\" viewbox=\"0 0 283.5 19.6\" preserveaspectratio=\"none\">\n\t<path class=\"elementor-shape-fill\" style=\"opacity:0.33\" d=\"M0 0L0 18.8 141.8 4.1 283.5 18.8 283.5 0z\"\/>\n\t<path class=\"elementor-shape-fill\" style=\"opacity:0.33\" d=\"M0 0L0 12.6 141.8 4 283.5 12.6 283.5 0z\"\/>\n\t<path class=\"elementor-shape-fill\" style=\"opacity:0.33\" d=\"M0 0L0 6.4 141.8 4 283.5 6.4 283.5 0z\"\/>\n\t<path class=\"elementor-shape-fill\" d=\"M0 0L0 1.2 141.8 4 283.5 1.2 283.5 0z\"\/>\n<\/svg>\t\t<\/div>\n\t\t<div class=\"elementor-element elementor-element-987042b e-grid e-con-full e-con e-child\" data-id=\"987042b\" data-element_type=\"container\" data-e-type=\"container\">\n\t\t<div class=\"elementor-element elementor-element-bbe0512 e-con-full e-flex e-con e-child\" data-id=\"bbe0512\" data-element_type=\"container\" data-e-type=\"container\">\n\t\t\t\t<div class=\"elementor-element elementor-element-8917b9a elementor-widget elementor-widget-heading\" data-id=\"8917b9a\" data-element_type=\"widget\" data-e-type=\"widget\" data-widget_type=\"heading.default\">\n\t\t\t\t<div class=\"elementor-widget-container\">\n\t\t\t\t\t<h3 class=\"elementor-heading-title elementor-size-default\">\u0412\u043e \u0432\u0440\u0435\u043c\u044f \u043e\u0431\u0441\u043b\u0435\u0434\u043e\u0432\u0430\u043d\u0438\u044f \u043c\u044b \u043e\u0446\u0435\u043d\u0438\u0432\u0430\u0435\u043c \u0441\u043e\u0441\u0442\u043e\u044f\u043d\u0438\u0435 \u0441\u0435\u0440\u0434\u0435\u0447\u043d\u043e-\u0441\u043e\u0441\u0443\u0434\u0438\u0441\u0442\u043e\u0439 \u0441\u0438\u0441\u0442\u0435\u043c\u044b. \u0415\u0433\u043e \u0446\u0435\u043b\u044c \u2014 \u0434\u0438\u0430\u0433\u043d\u043e\u0441\u0442\u0438\u043a\u0430 \u0441\u0435\u0440\u0434\u0435\u0447\u043d\u044b\u0445 \u0437\u0430\u0431\u043e\u043b\u0435\u0432\u0430\u043d\u0438\u0439, \u0430 \u0442\u0430\u043a\u0436\u0435 \u043e\u0446\u0435\u043d\u043a\u0430 \u0430\u0440\u0442\u0435\u0440\u0438\u0430\u043b\u044c\u043d\u043e\u0433\u043e \u0434\u0430\u0432\u043b\u0435\u043d\u0438\u044f \u0438 \u0443\u0440\u043e\u0432\u043d\u044f \u0445\u043e\u043b\u0435\u0441\u0442\u0435\u0440\u0438\u043d\u0430. \u041f\u0440\u043e\u0432\u043e\u0434\u044f\u0442\u0441\u044f \u0438\u0437\u043c\u0435\u0440\u0435\u043d\u0438\u0435 \u0434\u0430\u0432\u043b\u0435\u043d\u0438\u044f \u0438 \u043f\u0443\u043b\u044c\u0441\u0430, \u0430\u0443\u0441\u043a\u0443\u043b\u044c\u0442\u0430\u0446\u0438\u044f \u0441\u0435\u0440\u0434\u0446\u0430 \u0438 \u043b\u0451\u0433\u043a\u0438\u0445, \u0430 \u0442\u0430\u043a\u0436\u0435 \u0432\u044b\u043f\u043e\u043b\u043d\u044f\u0435\u0442\u0441\u044f \u042d\u041a\u0413. \u041e\u0431\u0441\u043b\u0435\u0434\u043e\u0432\u0430\u043d\u0438\u0435 \u044f\u0432\u043b\u044f\u0435\u0442\u0441\u044f \u0431\u0435\u0437\u0431\u043e\u043b\u0435\u0437\u043d\u0435\u043d\u043d\u044b\u043c.<\/h3>\t\t\t\t<\/div>\n\t\t\t\t<\/div>\n\t\t\t\t<\/div>\n\t\t<div class=\"elementor-element elementor-element-21ababb e-con-full e-flex e-con e-child\" data-id=\"21ababb\" data-element_type=\"container\" data-e-type=\"container\">\n\t\t\t\t<div class=\"elementor-element elementor-element-1ef2a47 elementor-widget elementor-widget-image\" data-id=\"1ef2a47\" data-element_type=\"widget\" data-e-type=\"widget\" data-widget_type=\"image.default\">\n\t\t\t\t<div class=\"elementor-widget-container\">\n\t\t\t\t\t\t\t\t\t\t\t\t\t\t\t<img loading=\"lazy\" decoding=\"async\" width=\"1024\" height=\"1536\" src=\"https:\/\/calendula.hu\/wp-content\/uploads\/2026\/01\/calendula-kardiologiai-vizsgalatok.jpg\" class=\"attachment-full size-full wp-image-11358\" alt=\"calendula-kardiologiai-vizsgalatok\" srcset=\"https:\/\/calendula.hu\/wp-content\/uploads\/2026\/01\/calendula-kardiologiai-vizsgalatok.jpg 1024w, https:\/\/calendula.hu\/wp-content\/uploads\/2026\/01\/calendula-kardiologiai-vizsgalatok-200x300.jpg 200w, https:\/\/calendula.hu\/wp-content\/uploads\/2026\/01\/calendula-kardiologiai-vizsgalatok-683x1024.jpg 683w, https:\/\/calendula.hu\/wp-content\/uploads\/2026\/01\/calendula-kardiologiai-vizsgalatok-768x1152.jpg 768w\" sizes=\"auto, (max-width: 1024px) 100vw, 1024px\" \/>\t\t\t\t\t\t\t\t\t\t\t\t\t\t\t<\/div>\n\t\t\t\t<\/div>\n\t\t\t\t<\/div>\n\t\t\t\t<\/div>\n\t\t\t\t\t<\/div>\n\t\t\t\t<\/div>\n\t\t\t\t<\/div>","protected":false},"excerpt":{"rendered":"<p>Kardiol\u00f3giai vizsg\u00e1latok A vizsg\u00e1lat sor\u00e1n felt\u00e9rk\u00e9pezz\u00fck a sz\u00edv- \u00e9s \u00e9rrendszer \u00e1llapot\u00e1t. C\u00e9lja a sz\u00edvbetegs\u00e9gek diagnosztiz\u00e1l\u00e1sa, magas v\u00e9rnyom\u00e1s illetve koleszterinszint felm\u00e9r\u00e9se. Elv\u00e9gezz\u00fck a v\u00e9rnyom\u00e1s- \u00e9s pulzusm\u00e9r\u00e9st, sz\u00edv- \u00e9s t\u00fcd\u0151 meghallgat\u00e1s\u00e1t, EKG vizsg\u00e1latot k\u00e9sz\u00edt\u00fcnk. A vizsg\u00e1lat f\u00e1jdalommentes.<\/p>","protected":false},"author":9,"featured_media":0,"parent":0,"menu_order":0,"comment_status":"closed","ping_status":"closed","template":"page-templates\/dark-sidebar.php","meta":{"footnotes":""},"class_list":["post-11262","page","type-page","status-publish","hentry"],"yoast_head":"<!-- This site is optimized with the Yoast SEO Premium plugin v19.5 (Yoast SEO v27.4) - https:\/\/yoast.com\/product\/yoast-seo-premium-wordpress\/ -->\n<title>Kardiol\u00f3giai vizsg\u00e1latok - Calendula Klinika - Si\u00f3fok<\/title>\n<meta name=\"robots\" content=\"index, follow, max-snippet:-1, max-image-preview:large, max-video-preview:-1\" \/>\n<link rel=\"canonical\" href=\"https:\/\/calendula.hu\/ru\/kardiologiai-vizsgalatok\/\" \/>\n<meta property=\"og:locale\" content=\"ru_RU\" \/>\n<meta property=\"og:type\" content=\"article\" \/>\n<meta property=\"og:title\" content=\"Kardiol\u00f3giai vizsg\u00e1latok\" \/>\n<meta property=\"og:description\" content=\"Kardiol\u00f3giai vizsg\u00e1latok A vizsg\u00e1lat sor\u00e1n felt\u00e9rk\u00e9pezz\u00fck a sz\u00edv- \u00e9s \u00e9rrendszer \u00e1llapot\u00e1t. C\u00e9lja a sz\u00edvbetegs\u00e9gek diagnosztiz\u00e1l\u00e1sa, magas v\u00e9rnyom\u00e1s illetve koleszterinszint felm\u00e9r\u00e9se. Elv\u00e9gezz\u00fck a v\u00e9rnyom\u00e1s- \u00e9s pulzusm\u00e9r\u00e9st, sz\u00edv- \u00e9s t\u00fcd\u0151 meghallgat\u00e1s\u00e1t, EKG vizsg\u00e1latot k\u00e9sz\u00edt\u00fcnk. A vizsg\u00e1lat f\u00e1jdalommentes.\" \/>\n<meta property=\"og:url\" content=\"https:\/\/calendula.hu\/ru\/kardiologiai-vizsgalatok\/\" \/>\n<meta property=\"og:site_name\" content=\"Calendula Klinika - Si\u00f3fok\" \/>\n<meta property=\"article:modified_time\" content=\"2026-02-20T14:53:15+00:00\" \/>\n<meta property=\"og:image\" content=\"https:\/\/calendula.hu\/wp-content\/uploads\/2026\/01\/calendula-kardiologiai-vizsgalatok.jpg\" \/>\n\t<meta property=\"og:image:width\" content=\"1024\" \/>\n\t<meta property=\"og:image:height\" content=\"1536\" \/>\n\t<meta property=\"og:image:type\" content=\"image\/jpeg\" \/>\n<meta name=\"twitter:card\" content=\"summary_large_image\" \/>\n<meta name=\"twitter:label1\" content=\"\u041f\u0440\u0438\u043c\u0435\u0440\u043d\u043e\u0435 \u0432\u0440\u0435\u043c\u044f \u0434\u043b\u044f \u0447\u0442\u0435\u043d\u0438\u044f\" \/>\n\t<meta name=\"twitter:data1\" content=\"1 \u043c\u0438\u043d\u0443\u0442\u0430\" \/>\n<script type=\"application\/ld+json\" class=\"yoast-schema-graph\">{\"@context\":\"https:\\\/\\\/schema.org\",\"@graph\":[{\"@type\":\"WebPage\",\"@id\":\"https:\\\/\\\/calendula.hu\\\/kardiologiai-vizsgalatok\\\/\",\"url\":\"https:\\\/\\\/calendula.hu\\\/kardiologiai-vizsgalatok\\\/\",\"name\":\"Kardiol\u00f3giai vizsg\u00e1latok - Calendula Klinika - Si\u00f3fok\",\"isPartOf\":{\"@id\":\"https:\\\/\\\/calendula.hu\\\/#website\"},\"primaryImageOfPage\":{\"@id\":\"https:\\\/\\\/calendula.hu\\\/kardiologiai-vizsgalatok\\\/#primaryimage\"},\"image\":{\"@id\":\"https:\\\/\\\/calendula.hu\\\/kardiologiai-vizsgalatok\\\/#primaryimage\"},\"thumbnailUrl\":\"https:\\\/\\\/calendula.hu\\\/wp-content\\\/uploads\\\/2026\\\/01\\\/calendula-kardiologiai-vizsgalatok.jpg\",\"datePublished\":\"2026-01-15T08:23:44+00:00\",\"dateModified\":\"2026-02-20T14:53:15+00:00\",\"breadcrumb\":{\"@id\":\"https:\\\/\\\/calendula.hu\\\/kardiologiai-vizsgalatok\\\/#breadcrumb\"},\"inLanguage\":\"ru-RU\",\"potentialAction\":[{\"@type\":\"ReadAction\",\"target\":[\"https:\\\/\\\/calendula.hu\\\/kardiologiai-vizsgalatok\\\/\"]}]},{\"@type\":\"ImageObject\",\"inLanguage\":\"ru-RU\",\"@id\":\"https:\\\/\\\/calendula.hu\\\/kardiologiai-vizsgalatok\\\/#primaryimage\",\"url\":\"https:\\\/\\\/calendula.hu\\\/wp-content\\\/uploads\\\/2026\\\/01\\\/calendula-kardiologiai-vizsgalatok.jpg\",\"contentUrl\":\"https:\\\/\\\/calendula.hu\\\/wp-content\\\/uploads\\\/2026\\\/01\\\/calendula-kardiologiai-vizsgalatok.jpg\"},{\"@type\":\"BreadcrumbList\",\"@id\":\"https:\\\/\\\/calendula.hu\\\/kardiologiai-vizsgalatok\\\/#breadcrumb\",\"itemListElement\":[{\"@type\":\"ListItem\",\"position\":1,\"name\":\"Home\",\"item\":\"https:\\\/\\\/calendula.hu\\\/\"},{\"@type\":\"ListItem\",\"position\":2,\"name\":\"Kardiol\u00f3giai vizsg\u00e1latok\"}]},{\"@type\":\"WebSite\",\"@id\":\"https:\\\/\\\/calendula.hu\\\/#website\",\"url\":\"https:\\\/\\\/calendula.hu\\\/\",\"name\":\"Calendula Klinika - Si\u00f3fok\",\"description\":\"\",\"potentialAction\":[{\"@type\":\"SearchAction\",\"target\":{\"@type\":\"EntryPoint\",\"urlTemplate\":\"https:\\\/\\\/calendula.hu\\\/?s={search_term_string}\"},\"query-input\":{\"@type\":\"PropertyValueSpecification\",\"valueRequired\":true,\"valueName\":\"search_term_string\"}}],\"inLanguage\":\"ru-RU\"}]}<\/script>\n<!-- \/ Yoast SEO Premium plugin. -->","yoast_head_json":{"title":"Kardiol\u00f3giai vizsg\u00e1latok - Calendula Klinika - Si\u00f3fok","robots":{"index":"index","follow":"follow","max-snippet":"max-snippet:-1","max-image-preview":"max-image-preview:large","max-video-preview":"max-video-preview:-1"},"canonical":"https:\/\/calendula.hu\/ru\/kardiologiai-vizsgalatok\/","og_locale":"ru_RU","og_type":"article","og_title":"Kardiol\u00f3giai vizsg\u00e1latok","og_description":"Kardiol\u00f3giai vizsg\u00e1latok A vizsg\u00e1lat sor\u00e1n felt\u00e9rk\u00e9pezz\u00fck a sz\u00edv- \u00e9s \u00e9rrendszer \u00e1llapot\u00e1t. C\u00e9lja a sz\u00edvbetegs\u00e9gek diagnosztiz\u00e1l\u00e1sa, magas v\u00e9rnyom\u00e1s illetve koleszterinszint felm\u00e9r\u00e9se. Elv\u00e9gezz\u00fck a v\u00e9rnyom\u00e1s- \u00e9s pulzusm\u00e9r\u00e9st, sz\u00edv- \u00e9s t\u00fcd\u0151 meghallgat\u00e1s\u00e1t, EKG vizsg\u00e1latot k\u00e9sz\u00edt\u00fcnk. A vizsg\u00e1lat f\u00e1jdalommentes.","og_url":"https:\/\/calendula.hu\/ru\/kardiologiai-vizsgalatok\/","og_site_name":"Calendula Klinika - Si\u00f3fok","article_modified_time":"2026-02-20T14:53:15+00:00","og_image":[{"width":1024,"height":1536,"url":"https:\/\/calendula.hu\/wp-content\/uploads\/2026\/01\/calendula-kardiologiai-vizsgalatok.jpg","type":"image\/jpeg"}],"twitter_card":"summary_large_image","twitter_misc":{"\u041f\u0440\u0438\u043c\u0435\u0440\u043d\u043e\u0435 \u0432\u0440\u0435\u043c\u044f \u0434\u043b\u044f \u0447\u0442\u0435\u043d\u0438\u044f":"1 \u043c\u0438\u043d\u0443\u0442\u0430"},"schema":{"@context":"https:\/\/schema.org","@graph":[{"@type":"WebPage","@id":"https:\/\/calendula.hu\/kardiologiai-vizsgalatok\/","url":"https:\/\/calendula.hu\/kardiologiai-vizsgalatok\/","name":"Kardiol\u00f3giai vizsg\u00e1latok - Calendula Klinika - Si\u00f3fok","isPartOf":{"@id":"https:\/\/calendula.hu\/#website"},"primaryImageOfPage":{"@id":"https:\/\/calendula.hu\/kardiologiai-vizsgalatok\/#primaryimage"},"image":{"@id":"https:\/\/calendula.hu\/kardiologiai-vizsgalatok\/#primaryimage"},"thumbnailUrl":"https:\/\/calendula.hu\/wp-content\/uploads\/2026\/01\/calendula-kardiologiai-vizsgalatok.jpg","datePublished":"2026-01-15T08:23:44+00:00","dateModified":"2026-02-20T14:53:15+00:00","breadcrumb":{"@id":"https:\/\/calendula.hu\/kardiologiai-vizsgalatok\/#breadcrumb"},"inLanguage":"ru-RU","potentialAction":[{"@type":"ReadAction","target":["https:\/\/calendula.hu\/kardiologiai-vizsgalatok\/"]}]},{"@type":"ImageObject","inLanguage":"ru-RU","@id":"https:\/\/calendula.hu\/kardiologiai-vizsgalatok\/#primaryimage","url":"https:\/\/calendula.hu\/wp-content\/uploads\/2026\/01\/calendula-kardiologiai-vizsgalatok.jpg","contentUrl":"https:\/\/calendula.hu\/wp-content\/uploads\/2026\/01\/calendula-kardiologiai-vizsgalatok.jpg"},{"@type":"BreadcrumbList","@id":"https:\/\/calendula.hu\/kardiologiai-vizsgalatok\/#breadcrumb","itemListElement":[{"@type":"ListItem","position":1,"name":"Home","item":"https:\/\/calendula.hu\/"},{"@type":"ListItem","position":2,"name":"Kardiol\u00f3giai vizsg\u00e1latok"}]},{"@type":"WebSite","@id":"https:\/\/calendula.hu\/#website","url":"https:\/\/calendula.hu\/","name":"Calendula Klinika - Si\u00f3fok","description":"","potentialAction":[{"@type":"SearchAction","target":{"@type":"EntryPoint","urlTemplate":"https:\/\/calendula.hu\/?s={search_term_string}"},"query-input":{"@type":"PropertyValueSpecification","valueRequired":true,"valueName":"search_term_string"}}],"inLanguage":"ru-RU"}]}},"_links":{"self":[{"href":"https:\/\/calendula.hu\/ru\/wp-json\/wp\/v2\/pages\/11262","targetHints":{"allow":["GET"]}}],"collection":[{"href":"https:\/\/calendula.hu\/ru\/wp-json\/wp\/v2\/pages"}],"about":[{"href":"https:\/\/calendula.hu\/ru\/wp-json\/wp\/v2\/types\/page"}],"author":[{"embeddable":true,"href":"https:\/\/calendula.hu\/ru\/wp-json\/wp\/v2\/users\/9"}],"replies":[{"embeddable":true,"href":"https:\/\/calendula.hu\/ru\/wp-json\/wp\/v2\/comments?post=11262"}],"version-history":[{"count":55,"href":"https:\/\/calendula.hu\/ru\/wp-json\/wp\/v2\/pages\/11262\/revisions"}],"predecessor-version":[{"id":12407,"href":"https:\/\/calendula.hu\/ru\/wp-json\/wp\/v2\/pages\/11262\/revisions\/12407"}],"wp:attachment":[{"href":"https:\/\/calendula.hu\/ru\/wp-json\/wp\/v2\/media?parent=11262"}],"curies":[{"name":"wp","href":"https:\/\/api.w.org\/{rel}","templated":true}]}}