{"id":11266,"date":"2026-01-15T09:24:29","date_gmt":"2026-01-15T08:24:29","guid":{"rendered":"https:\/\/calendula.hu\/?page_id=11266"},"modified":"2026-02-20T15:57:55","modified_gmt":"2026-02-20T14:57:55","slug":"vastagbeltukrozes","status":"publish","type":"page","link":"https:\/\/calendula.hu\/ru\/vastagbeltukrozes\/","title":{"rendered":"\u041a\u043e\u043b\u043e\u043d\u043e\u0441\u043a\u043e\u043f\u0438\u044f"},"content":{"rendered":"<div data-elementor-type=\"wp-page\" data-elementor-id=\"11266\" class=\"elementor elementor-11266\" data-elementor-post-type=\"page\">\n\t\t\t\t<div class=\"elementor-element elementor-element-a0cc2ad e-con-full e-flex e-con e-parent\" data-id=\"a0cc2ad\" data-element_type=\"container\" data-e-type=\"container\">\n\t\t\t\t<div class=\"elementor-element elementor-element-3bf4c1d elementor-align-left elementor-widget elementor-widget-pages-banner\" data-id=\"3bf4c1d\" data-element_type=\"widget\" data-e-type=\"widget\" data-widget_type=\"pages-banner.default\">\n\t\t\t\t<div class=\"elementor-widget-container\">\n\t\t\t\t\t\r\n\t\t\t\t<div class=\"banner-header section-padding valign bg-img bg-fixed\" data-overlay-dark=\"4\" data-background=\"https:\/\/calendula.hu\/wp-content\/uploads\/2026\/01\/calendula-vastagbel-tukrozes-banner.jpg\">\r\n\t\t\t\t\t<div class=\"container\">\r\n\t\t\t\t<div class=\"row\">\r\n\t\t\t\t\t<div class=\"col-md-12 caption mt-90\">\r\n\t\t\t\t\t\t\t\t\t\t\t\t\t\t\t\t\t\t<h1>\u041a\u043e\u043b\u043e\u043d\u043e\u0441\u043a\u043e\u043f\u0438\u044f<\/h1>\r\n\t\t\t\t\t\t\t\t\t\t\t<\/div>\r\n\t\t\t\t<\/div>\r\n\t\t\t<\/div>\r\n\t\t<\/div>\r\n\r\n\t\t\t\t\t<\/div>\n\t\t\t\t<\/div>\n\t\t\t\t<\/div>\n\t\t<div class=\"elementor-element elementor-element-de62664 e-flex e-con-boxed e-con e-parent\" data-id=\"de62664\" data-element_type=\"container\" data-e-type=\"container\" data-settings=\"{&quot;shape_divider_top&quot;:&quot;opacity-fan&quot;,&quot;shape_divider_bottom&quot;:&quot;opacity-fan&quot;}\">\n\t\t\t\t\t<div class=\"e-con-inner\">\n\t\t\t\t<div class=\"elementor-shape elementor-shape-top\" aria-hidden=\"true\" data-negative=\"false\">\n\t\t\t<svg xmlns=\"http:\/\/www.w3.org\/2000\/svg\" viewbox=\"0 0 283.5 19.6\" preserveaspectratio=\"none\">\n\t<path class=\"elementor-shape-fill\" style=\"opacity:0.33\" d=\"M0 0L0 18.8 141.8 4.1 283.5 18.8 283.5 0z\"\/>\n\t<path class=\"elementor-shape-fill\" style=\"opacity:0.33\" d=\"M0 0L0 12.6 141.8 4 283.5 12.6 283.5 0z\"\/>\n\t<path class=\"elementor-shape-fill\" style=\"opacity:0.33\" d=\"M0 0L0 6.4 141.8 4 283.5 6.4 283.5 0z\"\/>\n\t<path class=\"elementor-shape-fill\" d=\"M0 0L0 1.2 141.8 4 283.5 1.2 283.5 0z\"\/>\n<\/svg>\t\t<\/div>\n\t\t\t\t<div class=\"elementor-shape elementor-shape-bottom\" aria-hidden=\"true\" data-negative=\"false\">\n\t\t\t<svg xmlns=\"http:\/\/www.w3.org\/2000\/svg\" viewbox=\"0 0 283.5 19.6\" preserveaspectratio=\"none\">\n\t<path class=\"elementor-shape-fill\" style=\"opacity:0.33\" d=\"M0 0L0 18.8 141.8 4.1 283.5 18.8 283.5 0z\"\/>\n\t<path class=\"elementor-shape-fill\" style=\"opacity:0.33\" d=\"M0 0L0 12.6 141.8 4 283.5 12.6 283.5 0z\"\/>\n\t<path class=\"elementor-shape-fill\" style=\"opacity:0.33\" d=\"M0 0L0 6.4 141.8 4 283.5 6.4 283.5 0z\"\/>\n\t<path class=\"elementor-shape-fill\" d=\"M0 0L0 1.2 141.8 4 283.5 1.2 283.5 0z\"\/>\n<\/svg>\t\t<\/div>\n\t\t<div class=\"elementor-element elementor-element-4e3d930 e-grid e-con-full e-con e-child\" data-id=\"4e3d930\" data-element_type=\"container\" data-e-type=\"container\">\n\t\t<div class=\"elementor-element elementor-element-31f9fb4 e-con-full e-flex e-con e-child\" data-id=\"31f9fb4\" data-element_type=\"container\" data-e-type=\"container\">\n\t\t\t\t<div class=\"elementor-element elementor-element-bd90a4b elementor-widget elementor-widget-heading\" data-id=\"bd90a4b\" data-element_type=\"widget\" data-e-type=\"widget\" data-widget_type=\"heading.default\">\n\t\t\t\t<div class=\"elementor-widget-container\">\n\t\t\t\t\t<h3 class=\"elementor-heading-title elementor-size-default\">\u0414\u043e\u043a\u0442\u043e\u0440 \u042f\u043d\u043e\u0448 \u041a\u0435\u0440\u0448\u0430\u043a, \u043e\u0431\u043b\u0430\u0434\u0430\u044e\u0449\u0438\u0439 \u043c\u043d\u043e\u0433\u043e\u043b\u0435\u0442\u043d\u0438\u043c \u043e\u043f\u044b\u0442\u043e\u043c \u0438 \u0432\u044b\u0441\u043e\u043a\u043e\u0439 \u043f\u0440\u043e\u0444\u0435\u0441\u0441\u0438\u043e\u043d\u0430\u043b\u044c\u043d\u043e\u0439 \u043a\u0432\u0430\u043b\u0438\u0444\u0438\u043a\u0430\u0446\u0438\u0435\u0439, \u043f\u0440\u0438\u043d\u0438\u043c\u0430\u0435\u0442 \u043f\u0430\u0446\u0438\u0435\u043d\u0442\u043e\u0432 \u0432 \u043d\u0430\u0448\u0435\u0439 \u043a\u043b\u0438\u043d\u0438\u043a\u0435 \u043d\u0430 \u0433\u0430\u0441\u0442\u0440\u043e\u044d\u043d\u0442\u0435\u0440\u043e\u043b\u043e\u0433\u0438\u0447\u0435\u0441\u043a\u0438\u0435 \u043e\u0431\u0441\u043b\u0435\u0434\u043e\u0432\u0430\u043d\u0438\u044f. \u0412\u043e \u0432\u0440\u0435\u043c\u044f \u043a\u043e\u043b\u043e\u043d\u043e\u0441\u043a\u043e\u043f\u0438\u0438 \u043e\u043d \u0438\u0441\u0441\u043b\u0435\u0434\u0443\u0435\u0442 \u0432\u0441\u044e \u0432\u043d\u0443\u0442\u0440\u0435\u043d\u043d\u044e\u044e \u043f\u043e\u0432\u0435\u0440\u0445\u043d\u043e\u0441\u0442\u044c \u0442\u043e\u043b\u0441\u0442\u043e\u0433\u043e \u043a\u0438\u0448\u0435\u0447\u043d\u0438\u043a\u0430, \u0430 \u0442\u0430\u043a\u0436\u0435 \u043a\u043e\u043d\u0435\u0447\u043d\u044b\u0439 \u043e\u0442\u0434\u0435\u043b \u0442\u043e\u043d\u043a\u043e\u0433\u043e \u043a\u0438\u0448\u0435\u0447\u043d\u0438\u043a\u0430 \u0441 \u043f\u043e\u043c\u043e\u0449\u044c\u044e \u0433\u0438\u0431\u043a\u043e\u0433\u043e \u0438\u043d\u0441\u0442\u0440\u0443\u043c\u0435\u043d\u0442\u0430, \u043e\u0441\u043d\u0430\u0449\u0451\u043d\u043d\u043e\u0433\u043e \u043a\u0430\u043c\u0435\u0440\u043e\u0439 \u0438 \u0438\u0441\u0442\u043e\u0447\u043d\u0438\u043a\u043e\u043c \u0441\u0432\u0435\u0442\u0430. \u0426\u0435\u043b\u044c \u043a\u043e\u043b\u043e\u043d\u043e\u0441\u043a\u043e\u043f\u0438\u0438 \u2014 \u0440\u0430\u043d\u043d\u0435\u0435 \u0432\u044b\u044f\u0432\u043b\u0435\u043d\u0438\u0435 \u0437\u0430\u0431\u043e\u043b\u0435\u0432\u0430\u043d\u0438\u0439 \u0442\u043e\u043b\u0441\u0442\u043e\u0433\u043e \u043a\u0438\u0448\u0435\u0447\u043d\u0438\u043a\u0430 (\u0432\u043e\u0441\u043f\u0430\u043b\u0435\u043d\u0438\u044f, \u043f\u043e\u043b\u0438\u043f\u044b, \u043e\u043f\u0443\u0445\u043e\u043b\u0438) \u0438\u043b\u0438 \u0432\u044b\u044f\u0441\u043d\u0435\u043d\u0438\u0435 \u043f\u0440\u0438\u0447\u0438\u043d \u0441\u0438\u043c\u043f\u0442\u043e\u043c\u043e\u0432 (\u043a\u0440\u043e\u0432\u043e\u0442\u0435\u0447\u0435\u043d\u0438\u0435, \u0434\u0438\u0430\u0440\u0435\u044f, \u0431\u043e\u043b\u044c). \u041e\u0431\u0441\u043b\u0435\u0434\u043e\u0432\u0430\u043d\u0438\u044f \u043f\u0440\u043e\u0432\u043e\u0434\u044f\u0442\u0441\u044f \u043f\u043e\u0434 \u0441\u0435\u0434\u0430\u0446\u0438\u0435\u0439.<\/h3>\t\t\t\t<\/div>\n\t\t\t\t<\/div>\n\t\t\t\t<\/div>\n\t\t<div class=\"elementor-element elementor-element-7705ac4 e-con-full e-flex e-con e-child\" data-id=\"7705ac4\" data-element_type=\"container\" data-e-type=\"container\">\n\t\t\t\t<div class=\"elementor-element elementor-element-22eef3c elementor-widget elementor-widget-image\" data-id=\"22eef3c\" data-element_type=\"widget\" data-e-type=\"widget\" data-widget_type=\"image.default\">\n\t\t\t\t<div class=\"elementor-widget-container\">\n\t\t\t\t\t\t\t\t\t\t\t\t\t\t\t<img loading=\"lazy\" decoding=\"async\" width=\"2000\" height=\"2437\" src=\"https:\/\/calendula.hu\/wp-content\/uploads\/2026\/01\/calendula-vastagbel-tukrozes.jpg\" class=\"attachment-full size-full wp-image-11418\" alt=\"calendula-vastagbel-tukrozes\" srcset=\"https:\/\/calendula.hu\/wp-content\/uploads\/2026\/01\/calendula-vastagbel-tukrozes.jpg 2000w, https:\/\/calendula.hu\/wp-content\/uploads\/2026\/01\/calendula-vastagbel-tukrozes-246x300.jpg 246w, https:\/\/calendula.hu\/wp-content\/uploads\/2026\/01\/calendula-vastagbel-tukrozes-840x1024.jpg 840w, https:\/\/calendula.hu\/wp-content\/uploads\/2026\/01\/calendula-vastagbel-tukrozes-768x936.jpg 768w, https:\/\/calendula.hu\/wp-content\/uploads\/2026\/01\/calendula-vastagbel-tukrozes-1261x1536.jpg 1261w, https:\/\/calendula.hu\/wp-content\/uploads\/2026\/01\/calendula-vastagbel-tukrozes-1681x2048.jpg 1681w\" sizes=\"auto, (max-width: 2000px) 100vw, 2000px\" \/>\t\t\t\t\t\t\t\t\t\t\t\t\t\t\t<\/div>\n\t\t\t\t<\/div>\n\t\t\t\t<\/div>\n\t\t\t\t<\/div>\n\t\t\t\t\t<\/div>\n\t\t\t\t<\/div>\n\t\t\t\t<\/div>","protected":false},"excerpt":{"rendered":"<p>Vastagb\u00e9lt\u00fckr\u00f6z\u00e9s Dr. Kers\u00e1k J\u00e1nos, t\u00f6bb \u00e9vtizedes tapasztalat\u00e1val \u00e9s kiemelked\u0151 szakmai tud\u00e1s\u00e1val v\u00e1rja a p\u00e1cienseket klinik\u00e1nkon gasztroenteorol\u00f3giai vizsg\u00e1latokra. A vastagb\u00e9lt\u00fckr\u00f6z\u00e9s sor\u00e1n hajl\u00e9kony, kamer\u00e1val \u00e9s f\u00e9nyforr\u00e1ssal ell\u00e1tott eszk\u00f6zzel vizsg\u00e1lja \u00e1t a teljes vastagb\u00e9l bels\u0151 felsz\u00edn\u00e9t, valamint a v\u00e9konyb\u00e9l utols\u00f3 szakasz\u00e1t. A kolonoszk\u00f3pia c\u00e9lje a vastagb\u00e9lbetegs\u00e9gek &#8211; gyullad\u00e1sok, polipok, daganatok &#8211; korai felismer\u00e9se vagy a t\u00fcnetek (v\u00e9rz\u00e9s, hasmen\u00e9s, [&hellip;]<\/p>\n","protected":false},"author":9,"featured_media":0,"parent":0,"menu_order":0,"comment_status":"closed","ping_status":"closed","template":"page-templates\/dark-sidebar.php","meta":{"footnotes":""},"class_list":["post-11266","page","type-page","status-publish","hentry"],"yoast_head":"<!-- This site is optimized with the Yoast SEO Premium plugin v19.5 (Yoast SEO v27.4) - https:\/\/yoast.com\/product\/yoast-seo-premium-wordpress\/ -->\n<title>Vastagb\u00e9lt\u00fckr\u00f6z\u00e9s - Calendula Klinika - Si\u00f3fok<\/title>\n<meta name=\"robots\" content=\"index, follow, max-snippet:-1, max-image-preview:large, max-video-preview:-1\" \/>\n<link rel=\"canonical\" href=\"https:\/\/calendula.hu\/ru\/vastagbeltukrozes\/\" \/>\n<meta property=\"og:locale\" content=\"ru_RU\" \/>\n<meta property=\"og:type\" content=\"article\" \/>\n<meta property=\"og:title\" content=\"Vastagb\u00e9lt\u00fckr\u00f6z\u00e9s\" \/>\n<meta property=\"og:description\" content=\"Vastagb\u00e9lt\u00fckr\u00f6z\u00e9s Dr. Kers\u00e1k J\u00e1nos, t\u00f6bb \u00e9vtizedes tapasztalat\u00e1val \u00e9s kiemelked\u0151 szakmai tud\u00e1s\u00e1val v\u00e1rja a p\u00e1cienseket klinik\u00e1nkon gasztroenteorol\u00f3giai vizsg\u00e1latokra. A vastagb\u00e9lt\u00fckr\u00f6z\u00e9s sor\u00e1n hajl\u00e9kony, kamer\u00e1val \u00e9s f\u00e9nyforr\u00e1ssal ell\u00e1tott eszk\u00f6zzel vizsg\u00e1lja \u00e1t a teljes vastagb\u00e9l bels\u0151 felsz\u00edn\u00e9t, valamint a v\u00e9konyb\u00e9l utols\u00f3 szakasz\u00e1t. A kolonoszk\u00f3pia c\u00e9lje a vastagb\u00e9lbetegs\u00e9gek &#8211; gyullad\u00e1sok, polipok, daganatok &#8211; korai felismer\u00e9se vagy a t\u00fcnetek (v\u00e9rz\u00e9s, hasmen\u00e9s, [&hellip;]\" \/>\n<meta property=\"og:url\" content=\"https:\/\/calendula.hu\/ru\/vastagbeltukrozes\/\" \/>\n<meta property=\"og:site_name\" content=\"Calendula Klinika - Si\u00f3fok\" \/>\n<meta property=\"article:modified_time\" content=\"2026-02-20T14:57:55+00:00\" \/>\n<meta property=\"og:image\" content=\"https:\/\/calendula.hu\/wp-content\/uploads\/2026\/01\/calendula-vastagbel-tukrozes.jpg\" \/>\n\t<meta property=\"og:image:width\" content=\"2000\" \/>\n\t<meta property=\"og:image:height\" content=\"2437\" \/>\n\t<meta property=\"og:image:type\" content=\"image\/jpeg\" \/>\n<meta name=\"twitter:card\" content=\"summary_large_image\" \/>\n<meta name=\"twitter:label1\" content=\"\u041f\u0440\u0438\u043c\u0435\u0440\u043d\u043e\u0435 \u0432\u0440\u0435\u043c\u044f \u0434\u043b\u044f \u0447\u0442\u0435\u043d\u0438\u044f\" \/>\n\t<meta name=\"twitter:data1\" content=\"1 \u043c\u0438\u043d\u0443\u0442\u0430\" \/>\n<script type=\"application\/ld+json\" class=\"yoast-schema-graph\">{\"@context\":\"https:\\\/\\\/schema.org\",\"@graph\":[{\"@type\":\"WebPage\",\"@id\":\"https:\\\/\\\/calendula.hu\\\/vastagbeltukrozes\\\/\",\"url\":\"https:\\\/\\\/calendula.hu\\\/vastagbeltukrozes\\\/\",\"name\":\"Vastagb\u00e9lt\u00fckr\u00f6z\u00e9s - Calendula Klinika - Si\u00f3fok\",\"isPartOf\":{\"@id\":\"https:\\\/\\\/calendula.hu\\\/#website\"},\"primaryImageOfPage\":{\"@id\":\"https:\\\/\\\/calendula.hu\\\/vastagbeltukrozes\\\/#primaryimage\"},\"image\":{\"@id\":\"https:\\\/\\\/calendula.hu\\\/vastagbeltukrozes\\\/#primaryimage\"},\"thumbnailUrl\":\"https:\\\/\\\/calendula.hu\\\/wp-content\\\/uploads\\\/2026\\\/01\\\/calendula-vastagbel-tukrozes.jpg\",\"datePublished\":\"2026-01-15T08:24:29+00:00\",\"dateModified\":\"2026-02-20T14:57:55+00:00\",\"breadcrumb\":{\"@id\":\"https:\\\/\\\/calendula.hu\\\/vastagbeltukrozes\\\/#breadcrumb\"},\"inLanguage\":\"ru-RU\",\"potentialAction\":[{\"@type\":\"ReadAction\",\"target\":[\"https:\\\/\\\/calendula.hu\\\/vastagbeltukrozes\\\/\"]}]},{\"@type\":\"ImageObject\",\"inLanguage\":\"ru-RU\",\"@id\":\"https:\\\/\\\/calendula.hu\\\/vastagbeltukrozes\\\/#primaryimage\",\"url\":\"https:\\\/\\\/calendula.hu\\\/wp-content\\\/uploads\\\/2026\\\/01\\\/calendula-vastagbel-tukrozes.jpg\",\"contentUrl\":\"https:\\\/\\\/calendula.hu\\\/wp-content\\\/uploads\\\/2026\\\/01\\\/calendula-vastagbel-tukrozes.jpg\"},{\"@type\":\"BreadcrumbList\",\"@id\":\"https:\\\/\\\/calendula.hu\\\/vastagbeltukrozes\\\/#breadcrumb\",\"itemListElement\":[{\"@type\":\"ListItem\",\"position\":1,\"name\":\"Home\",\"item\":\"https:\\\/\\\/calendula.hu\\\/\"},{\"@type\":\"ListItem\",\"position\":2,\"name\":\"Vastagb\u00e9lt\u00fckr\u00f6z\u00e9s\"}]},{\"@type\":\"WebSite\",\"@id\":\"https:\\\/\\\/calendula.hu\\\/#website\",\"url\":\"https:\\\/\\\/calendula.hu\\\/\",\"name\":\"Calendula Klinika - Si\u00f3fok\",\"description\":\"\",\"potentialAction\":[{\"@type\":\"SearchAction\",\"target\":{\"@type\":\"EntryPoint\",\"urlTemplate\":\"https:\\\/\\\/calendula.hu\\\/?s={search_term_string}\"},\"query-input\":{\"@type\":\"PropertyValueSpecification\",\"valueRequired\":true,\"valueName\":\"search_term_string\"}}],\"inLanguage\":\"ru-RU\"}]}<\/script>\n<!-- \/ Yoast SEO Premium plugin. -->","yoast_head_json":{"title":"Vastagb\u00e9lt\u00fckr\u00f6z\u00e9s - Calendula Klinika - Si\u00f3fok","robots":{"index":"index","follow":"follow","max-snippet":"max-snippet:-1","max-image-preview":"max-image-preview:large","max-video-preview":"max-video-preview:-1"},"canonical":"https:\/\/calendula.hu\/ru\/vastagbeltukrozes\/","og_locale":"ru_RU","og_type":"article","og_title":"Vastagb\u00e9lt\u00fckr\u00f6z\u00e9s","og_description":"Vastagb\u00e9lt\u00fckr\u00f6z\u00e9s Dr. Kers\u00e1k J\u00e1nos, t\u00f6bb \u00e9vtizedes tapasztalat\u00e1val \u00e9s kiemelked\u0151 szakmai tud\u00e1s\u00e1val v\u00e1rja a p\u00e1cienseket klinik\u00e1nkon gasztroenteorol\u00f3giai vizsg\u00e1latokra. A vastagb\u00e9lt\u00fckr\u00f6z\u00e9s sor\u00e1n hajl\u00e9kony, kamer\u00e1val \u00e9s f\u00e9nyforr\u00e1ssal ell\u00e1tott eszk\u00f6zzel vizsg\u00e1lja \u00e1t a teljes vastagb\u00e9l bels\u0151 felsz\u00edn\u00e9t, valamint a v\u00e9konyb\u00e9l utols\u00f3 szakasz\u00e1t. A kolonoszk\u00f3pia c\u00e9lje a vastagb\u00e9lbetegs\u00e9gek &#8211; gyullad\u00e1sok, polipok, daganatok &#8211; korai felismer\u00e9se vagy a t\u00fcnetek (v\u00e9rz\u00e9s, hasmen\u00e9s, [&hellip;]","og_url":"https:\/\/calendula.hu\/ru\/vastagbeltukrozes\/","og_site_name":"Calendula Klinika - Si\u00f3fok","article_modified_time":"2026-02-20T14:57:55+00:00","og_image":[{"width":2000,"height":2437,"url":"https:\/\/calendula.hu\/wp-content\/uploads\/2026\/01\/calendula-vastagbel-tukrozes.jpg","type":"image\/jpeg"}],"twitter_card":"summary_large_image","twitter_misc":{"\u041f\u0440\u0438\u043c\u0435\u0440\u043d\u043e\u0435 \u0432\u0440\u0435\u043c\u044f \u0434\u043b\u044f \u0447\u0442\u0435\u043d\u0438\u044f":"1 \u043c\u0438\u043d\u0443\u0442\u0430"},"schema":{"@context":"https:\/\/schema.org","@graph":[{"@type":"WebPage","@id":"https:\/\/calendula.hu\/vastagbeltukrozes\/","url":"https:\/\/calendula.hu\/vastagbeltukrozes\/","name":"Vastagb\u00e9lt\u00fckr\u00f6z\u00e9s - Calendula Klinika - Si\u00f3fok","isPartOf":{"@id":"https:\/\/calendula.hu\/#website"},"primaryImageOfPage":{"@id":"https:\/\/calendula.hu\/vastagbeltukrozes\/#primaryimage"},"image":{"@id":"https:\/\/calendula.hu\/vastagbeltukrozes\/#primaryimage"},"thumbnailUrl":"https:\/\/calendula.hu\/wp-content\/uploads\/2026\/01\/calendula-vastagbel-tukrozes.jpg","datePublished":"2026-01-15T08:24:29+00:00","dateModified":"2026-02-20T14:57:55+00:00","breadcrumb":{"@id":"https:\/\/calendula.hu\/vastagbeltukrozes\/#breadcrumb"},"inLanguage":"ru-RU","potentialAction":[{"@type":"ReadAction","target":["https:\/\/calendula.hu\/vastagbeltukrozes\/"]}]},{"@type":"ImageObject","inLanguage":"ru-RU","@id":"https:\/\/calendula.hu\/vastagbeltukrozes\/#primaryimage","url":"https:\/\/calendula.hu\/wp-content\/uploads\/2026\/01\/calendula-vastagbel-tukrozes.jpg","contentUrl":"https:\/\/calendula.hu\/wp-content\/uploads\/2026\/01\/calendula-vastagbel-tukrozes.jpg"},{"@type":"BreadcrumbList","@id":"https:\/\/calendula.hu\/vastagbeltukrozes\/#breadcrumb","itemListElement":[{"@type":"ListItem","position":1,"name":"Home","item":"https:\/\/calendula.hu\/"},{"@type":"ListItem","position":2,"name":"Vastagb\u00e9lt\u00fckr\u00f6z\u00e9s"}]},{"@type":"WebSite","@id":"https:\/\/calendula.hu\/#website","url":"https:\/\/calendula.hu\/","name":"Calendula Klinika - Si\u00f3fok","description":"","potentialAction":[{"@type":"SearchAction","target":{"@type":"EntryPoint","urlTemplate":"https:\/\/calendula.hu\/?s={search_term_string}"},"query-input":{"@type":"PropertyValueSpecification","valueRequired":true,"valueName":"search_term_string"}}],"inLanguage":"ru-RU"}]}},"_links":{"self":[{"href":"https:\/\/calendula.hu\/ru\/wp-json\/wp\/v2\/pages\/11266","targetHints":{"allow":["GET"]}}],"collection":[{"href":"https:\/\/calendula.hu\/ru\/wp-json\/wp\/v2\/pages"}],"about":[{"href":"https:\/\/calendula.hu\/ru\/wp-json\/wp\/v2\/types\/page"}],"author":[{"embeddable":true,"href":"https:\/\/calendula.hu\/ru\/wp-json\/wp\/v2\/users\/9"}],"replies":[{"embeddable":true,"href":"https:\/\/calendula.hu\/ru\/wp-json\/wp\/v2\/comments?post=11266"}],"version-history":[{"count":22,"href":"https:\/\/calendula.hu\/ru\/wp-json\/wp\/v2\/pages\/11266\/revisions"}],"predecessor-version":[{"id":12414,"href":"https:\/\/calendula.hu\/ru\/wp-json\/wp\/v2\/pages\/11266\/revisions\/12414"}],"wp:attachment":[{"href":"https:\/\/calendula.hu\/ru\/wp-json\/wp\/v2\/media?parent=11266"}],"curies":[{"name":"wp","href":"https:\/\/api.w.org\/{rel}","templated":true}]}}