{"id":11272,"date":"2026-01-15T09:25:19","date_gmt":"2026-01-15T08:25:19","guid":{"rendered":"https:\/\/calendula.hu\/?page_id=11272"},"modified":"2026-02-20T16:06:50","modified_gmt":"2026-02-20T15:06:50","slug":"vervetel-es-vizeletvizsgalat","status":"publish","type":"page","link":"https:\/\/calendula.hu\/ru\/vervetel-es-vizeletvizsgalat\/","title":{"rendered":"\u0410\u043d\u0430\u043b\u0438\u0437\u044b \u043a\u0440\u043e\u0432\u0438 \u0438 \u043c\u043e\u0447\u0438"},"content":{"rendered":"<div data-elementor-type=\"wp-page\" data-elementor-id=\"11272\" class=\"elementor elementor-11272\" data-elementor-post-type=\"page\">\n\t\t\t\t<div class=\"elementor-element elementor-element-7c60c91 e-con-full e-flex e-con e-parent\" data-id=\"7c60c91\" data-element_type=\"container\" data-e-type=\"container\">\n\t\t\t\t<div class=\"elementor-element elementor-element-624961f elementor-align-left elementor-widget elementor-widget-pages-banner\" data-id=\"624961f\" data-element_type=\"widget\" data-e-type=\"widget\" data-widget_type=\"pages-banner.default\">\n\t\t\t\t<div class=\"elementor-widget-container\">\n\t\t\t\t\t\r\n\t\t\t\t<div class=\"banner-header section-padding valign bg-img bg-fixed\" data-overlay-dark=\"4\" data-background=\"https:\/\/calendula.hu\/wp-content\/uploads\/2026\/01\/calendula-vervetel-banner.jpg\">\r\n\t\t\t\t\t<div class=\"container\">\r\n\t\t\t\t<div class=\"row\">\r\n\t\t\t\t\t<div class=\"col-md-12 caption mt-90\">\r\n\t\t\t\t\t\t\t\t\t\t\t\t\t\t\t\t\t\t<h1>\u0410\u043d\u0430\u043b\u0438\u0437\u044b \u043a\u0440\u043e\u0432\u0438 \u0438 \u043c\u043e\u0447\u0438 <\/h1>\r\n\t\t\t\t\t\t\t\t\t\t\t<\/div>\r\n\t\t\t\t<\/div>\r\n\t\t\t<\/div>\r\n\t\t<\/div>\r\n\r\n\t\t\t\t\t<\/div>\n\t\t\t\t<\/div>\n\t\t\t\t<\/div>\n\t\t<div class=\"elementor-element elementor-element-3388e54 e-flex e-con-boxed e-con e-parent\" data-id=\"3388e54\" data-element_type=\"container\" data-e-type=\"container\" data-settings=\"{&quot;shape_divider_top&quot;:&quot;opacity-fan&quot;,&quot;shape_divider_bottom&quot;:&quot;opacity-fan&quot;}\">\n\t\t\t\t\t<div class=\"e-con-inner\">\n\t\t\t\t<div class=\"elementor-shape elementor-shape-top\" aria-hidden=\"true\" data-negative=\"false\">\n\t\t\t<svg xmlns=\"http:\/\/www.w3.org\/2000\/svg\" viewbox=\"0 0 283.5 19.6\" preserveaspectratio=\"none\">\n\t<path class=\"elementor-shape-fill\" style=\"opacity:0.33\" d=\"M0 0L0 18.8 141.8 4.1 283.5 18.8 283.5 0z\"\/>\n\t<path class=\"elementor-shape-fill\" style=\"opacity:0.33\" d=\"M0 0L0 12.6 141.8 4 283.5 12.6 283.5 0z\"\/>\n\t<path class=\"elementor-shape-fill\" style=\"opacity:0.33\" d=\"M0 0L0 6.4 141.8 4 283.5 6.4 283.5 0z\"\/>\n\t<path class=\"elementor-shape-fill\" d=\"M0 0L0 1.2 141.8 4 283.5 1.2 283.5 0z\"\/>\n<\/svg>\t\t<\/div>\n\t\t\t\t<div class=\"elementor-shape elementor-shape-bottom\" aria-hidden=\"true\" data-negative=\"false\">\n\t\t\t<svg xmlns=\"http:\/\/www.w3.org\/2000\/svg\" viewbox=\"0 0 283.5 19.6\" preserveaspectratio=\"none\">\n\t<path class=\"elementor-shape-fill\" style=\"opacity:0.33\" d=\"M0 0L0 18.8 141.8 4.1 283.5 18.8 283.5 0z\"\/>\n\t<path class=\"elementor-shape-fill\" style=\"opacity:0.33\" d=\"M0 0L0 12.6 141.8 4 283.5 12.6 283.5 0z\"\/>\n\t<path class=\"elementor-shape-fill\" style=\"opacity:0.33\" d=\"M0 0L0 6.4 141.8 4 283.5 6.4 283.5 0z\"\/>\n\t<path class=\"elementor-shape-fill\" d=\"M0 0L0 1.2 141.8 4 283.5 1.2 283.5 0z\"\/>\n<\/svg>\t\t<\/div>\n\t\t<div class=\"elementor-element elementor-element-958a7ba e-con-full e-flex e-con e-child\" data-id=\"958a7ba\" data-element_type=\"container\" data-e-type=\"container\">\n\t\t<div class=\"elementor-element elementor-element-c4a49cc e-con-full e-flex e-con e-child\" data-id=\"c4a49cc\" data-element_type=\"container\" data-e-type=\"container\">\n\t\t\t\t<div class=\"elementor-element elementor-element-6561ada elementor-widget elementor-widget-heading\" data-id=\"6561ada\" data-element_type=\"widget\" data-e-type=\"widget\" data-widget_type=\"heading.default\">\n\t\t\t\t<div class=\"elementor-widget-container\">\n\t\t\t\t\t<h3 class=\"elementor-heading-title elementor-size-default\">\u0410\u043d\u0430\u043b\u0438\u0437 \u043a\u0440\u043e\u0432\u0438: \u0410\u043d\u0430\u043b\u0438\u0437 \u043a\u0440\u043e\u0432\u0438 \u0434\u0430\u0451\u0442 \u043f\u043e\u043b\u043d\u043e\u0435 \u043f\u0440\u0435\u0434\u0441\u0442\u0430\u0432\u043b\u0435\u043d\u0438\u0435 \u043e \u0432\u0430\u0448\u0435\u043c \u0441\u043e\u0441\u0442\u043e\u044f\u043d\u0438\u0438 \u0437\u0434\u043e\u0440\u043e\u0432\u044c\u044f \u0438 \u043f\u0440\u0435\u0434\u043e\u0441\u0442\u0430\u0432\u043b\u044f\u0435\u0442 \u0442\u043e\u0447\u043d\u0443\u044e \u0438\u043d\u0444\u043e\u0440\u043c\u0430\u0446\u0438\u044e \u043e \u0440\u0430\u0431\u043e\u0442\u0435 \u0432\u043d\u0443\u0442\u0440\u0435\u043d\u043d\u0438\u0445 \u043e\u0440\u0433\u0430\u043d\u043e\u0432. \u041f\u043e\u0441\u043b\u0435 \u043e\u0446\u0435\u043d\u043a\u0438 \u0440\u0435\u0437\u0443\u043b\u044c\u0442\u0430\u0442\u043e\u0432 \u0434\u043e\u043a\u0442\u043e\u0440 \u0414\u0438\u0430\u043d\u0430 \u041f\u0440\u043e\u0441\u0435\u043d\u044f\u043a \u0421\u043a\u043e\u043f\u0438\u043d\u0446\u0435\u0432\u043d\u0435 \u043f\u0440\u0435\u0434\u043e\u0441\u0442\u0430\u0432\u0438\u0442 \u043f\u043e\u043b\u043d\u043e\u0435 \u043e\u0431\u044a\u044f\u0441\u043d\u0435\u043d\u0438\u0435 \u0432\u0430\u0448\u0435\u0433\u043e \u0441\u043e\u0441\u0442\u043e\u044f\u043d\u0438\u044f. \u041f\u043e\u0436\u0430\u043b\u0443\u0439\u0441\u0442\u0430, \u043f\u0440\u0438\u0445\u043e\u0434\u0438\u0442\u0435 \u043d\u0430 \u0437\u0430\u0431\u043e\u0440 \u043a\u0440\u043e\u0432\u0438 \u043d\u0430\u0442\u043e\u0449\u0430\u043a \u043f\u043e\u0441\u043b\u0435 9\u201312 \u0447\u0430\u0441\u043e\u0432; \u0440\u0430\u0437\u0440\u0435\u0448\u0435\u043d\u043e \u043f\u0438\u0442\u044c \u0442\u043e\u043b\u044c\u043a\u043e \u0432\u043e\u0434\u0443.<\/h3>\t\t\t\t<\/div>\n\t\t\t\t<\/div>\n\t\t\t\t<\/div>\n\t\t<div class=\"elementor-element elementor-element-b2633ed e-con-full e-flex e-con e-child\" data-id=\"b2633ed\" data-element_type=\"container\" data-e-type=\"container\">\n\t\t\t\t<div class=\"elementor-element elementor-element-c9a6065 elementor-widget elementor-widget-image\" data-id=\"c9a6065\" data-element_type=\"widget\" data-e-type=\"widget\" data-widget_type=\"image.default\">\n\t\t\t\t<div class=\"elementor-widget-container\">\n\t\t\t\t\t\t\t\t\t\t\t\t\t\t\t<img loading=\"lazy\" decoding=\"async\" width=\"1024\" height=\"1536\" src=\"https:\/\/calendula.hu\/wp-content\/uploads\/2026\/01\/calendula-vervetel.jpg\" class=\"attachment-full size-full wp-image-11405\" alt=\"calendula-vervetel\" srcset=\"https:\/\/calendula.hu\/wp-content\/uploads\/2026\/01\/calendula-vervetel.jpg 1024w, https:\/\/calendula.hu\/wp-content\/uploads\/2026\/01\/calendula-vervetel-200x300.jpg 200w, https:\/\/calendula.hu\/wp-content\/uploads\/2026\/01\/calendula-vervetel-683x1024.jpg 683w, https:\/\/calendula.hu\/wp-content\/uploads\/2026\/01\/calendula-vervetel-768x1152.jpg 768w\" sizes=\"auto, (max-width: 1024px) 100vw, 1024px\" \/>\t\t\t\t\t\t\t\t\t\t\t\t\t\t\t<\/div>\n\t\t\t\t<\/div>\n\t\t\t\t<\/div>\n\t\t\t\t<\/div>\n\t\t<div class=\"elementor-element elementor-element-fb715bc e-con-full e-flex e-con e-child\" data-id=\"fb715bc\" data-element_type=\"container\" data-e-type=\"container\">\n\t\t<div class=\"elementor-element elementor-element-3817f25 e-con-full e-flex e-con e-child\" data-id=\"3817f25\" data-element_type=\"container\" data-e-type=\"container\">\n\t\t\t\t<div class=\"elementor-element elementor-element-92b210e elementor-widget elementor-widget-heading\" data-id=\"92b210e\" data-element_type=\"widget\" data-e-type=\"widget\" data-widget_type=\"heading.default\">\n\t\t\t\t<div class=\"elementor-widget-container\">\n\t\t\t\t\t<h3 class=\"elementor-heading-title elementor-size-default\">\u0410\u043d\u0430\u043b\u0438\u0437 \u043c\u043e\u0447\u0438: \u0430\u043d\u0430\u043b\u0438\u0437 \u043f\u043e\u043c\u043e\u0433\u0430\u0435\u0442 \u0432\u044b\u044f\u0432\u0438\u0442\u044c \u0438\u043d\u0444\u0435\u043a\u0446\u0438\u0438 \u043c\u043e\u0447\u0435\u0432\u044b\u0432\u043e\u0434\u044f\u0449\u0438\u0445 \u043f\u0443\u0442\u0435\u0439, \u0437\u0430\u0431\u043e\u043b\u0435\u0432\u0430\u043d\u0438\u044f \u043f\u043e\u0447\u0435\u043a, \u0434\u0438\u0430\u0431\u0435\u0442 \u0438 \u0434\u0440\u0443\u0433\u0438\u0435 \u043f\u0440\u043e\u0431\u043b\u0435\u043c\u044b \u0432\u043d\u0443\u0442\u0440\u0435\u043d\u043d\u0438\u0445 \u043e\u0440\u0433\u0430\u043d\u043e\u0432, \u0430 \u0442\u0430\u043a\u0436\u0435 \u0434\u0430\u0435\u0442 \u0442\u043e\u0447\u043d\u043e\u0435 \u043f\u0440\u0435\u0434\u0441\u0442\u0430\u0432\u043b\u0435\u043d\u0438\u0435 \u043e\u0431 \u043e\u0431\u043c\u0435\u043d\u0435 \u0432\u0435\u0449\u0435\u0441\u0442\u0432 \u0432 \u043e\u0440\u0433\u0430\u043d\u0438\u0437\u043c\u0435. \u0420\u0435\u0437\u0443\u043b\u044c\u0442\u0430\u0442\u044b \u0430\u043d\u0430\u043b\u0438\u0437\u043e\u0432 \u043e\u0446\u0435\u043d\u0438\u0432\u0430\u044e\u0442\u0441\u044f \u043d\u0430\u0448\u0438\u043c\u0438 \u0432\u0440\u0430\u0447\u0430\u043c\u0438, \u043a\u043e\u0442\u043e\u0440\u044b\u0435 \u043f\u0440\u0435\u0434\u043e\u0441\u0442\u0430\u0432\u043b\u044f\u044e\u0442 \u043f\u0430\u0446\u0438\u0435\u043d\u0442\u0443 \u043f\u043e\u043b\u043d\u0443\u044e \u0438\u043d\u0444\u043e\u0440\u043c\u0430\u0446\u0438\u044e.<\/h3>\t\t\t\t<\/div>\n\t\t\t\t<\/div>\n\t\t\t\t<\/div>\n\t\t<div class=\"elementor-element elementor-element-f32346b e-con-full e-flex e-con e-child\" data-id=\"f32346b\" data-element_type=\"container\" data-e-type=\"container\">\n\t\t\t\t<div class=\"elementor-element elementor-element-30cf620 elementor-widget elementor-widget-image\" data-id=\"30cf620\" data-element_type=\"widget\" data-e-type=\"widget\" data-widget_type=\"image.default\">\n\t\t\t\t<div class=\"elementor-widget-container\">\n\t\t\t\t\t\t\t\t\t\t\t\t\t\t\t<img loading=\"lazy\" decoding=\"async\" width=\"1024\" height=\"1536\" src=\"https:\/\/calendula.hu\/wp-content\/uploads\/2026\/01\/calendula-vizeletvetel.jpg\" class=\"attachment-full size-full wp-image-11423\" alt=\"calendula-vizeletvetel\" srcset=\"https:\/\/calendula.hu\/wp-content\/uploads\/2026\/01\/calendula-vizeletvetel.jpg 1024w, https:\/\/calendula.hu\/wp-content\/uploads\/2026\/01\/calendula-vizeletvetel-200x300.jpg 200w, https:\/\/calendula.hu\/wp-content\/uploads\/2026\/01\/calendula-vizeletvetel-683x1024.jpg 683w, https:\/\/calendula.hu\/wp-content\/uploads\/2026\/01\/calendula-vizeletvetel-768x1152.jpg 768w\" sizes=\"auto, (max-width: 1024px) 100vw, 1024px\" \/>\t\t\t\t\t\t\t\t\t\t\t\t\t\t\t<\/div>\n\t\t\t\t<\/div>\n\t\t\t\t<\/div>\n\t\t\t\t<\/div>\n\t\t\t\t\t<\/div>\n\t\t\t\t<\/div>\n\t\t\t\t<\/div>","protected":false},"excerpt":{"rendered":"<p>V\u00e9rv\u00e9tel \u00e9s vizeletvizsg\u00e1lat V\u00e9rv\u00e9tel: V\u00e9rv\u00e9tellel \u00e1tfog\u00f3 k\u00e9pet kaphatunk eg\u00e9szs\u00e9g\u00fcgyi \u00e1llapotunkr\u00f3l. Pontos inform\u00e1ci\u00f3t ad a szervezet bels\u0151 m\u0171k\u00f6d\u00e9s\u00e9r\u0151l. Szkopincevn\u00e9 Dr. Proszeny\u00e1k Di\u00e1na a v\u00e9reredm\u00e9ny ki\u00e9rt\u00e9kel\u00e9se ut\u00e1n teljes t\u00e1j\u00e9koztat\u00e1st ny\u00fajt a p\u00e1ciensek sz\u00e1m\u00e1ra \u00e1llapotukr\u00f3l. V\u00e9rv\u00e9telre k\u00e9rem 9-12 \u00f3r\u00e1s \u00e9hgyomorral \u00e9rkezzen, csak vizet szabad fogyasztani. Vizeletvizsg\u00e1lat: A vizsg\u00e1lat seg\u00edt felt\u00e1rni a h\u00fagy\u00fati fert\u0151z\u00e9seket, vesebetegs\u00e9geket, cukorbetegs\u00e9get \u00e9s m\u00e1s belgy\u00f3gy\u00e1szati [&hellip;]<\/p>\n","protected":false},"author":9,"featured_media":0,"parent":0,"menu_order":0,"comment_status":"closed","ping_status":"closed","template":"page-templates\/dark-sidebar.php","meta":{"footnotes":""},"class_list":["post-11272","page","type-page","status-publish","hentry"],"yoast_head":"<!-- This site is optimized with the Yoast SEO Premium plugin v19.5 (Yoast SEO v27.4) - https:\/\/yoast.com\/product\/yoast-seo-premium-wordpress\/ -->\n<title>V\u00e9rv\u00e9tel \u00e9s vizeletvizsg\u00e1lat - Calendula Klinika - Si\u00f3fok<\/title>\n<meta name=\"robots\" content=\"index, follow, max-snippet:-1, max-image-preview:large, max-video-preview:-1\" \/>\n<link rel=\"canonical\" href=\"https:\/\/calendula.hu\/ru\/vervetel-es-vizeletvizsgalat\/\" \/>\n<meta property=\"og:locale\" content=\"ru_RU\" \/>\n<meta property=\"og:type\" content=\"article\" \/>\n<meta property=\"og:title\" content=\"V\u00e9rv\u00e9tel \u00e9s vizeletvizsg\u00e1lat\" \/>\n<meta property=\"og:description\" content=\"V\u00e9rv\u00e9tel \u00e9s vizeletvizsg\u00e1lat V\u00e9rv\u00e9tel: V\u00e9rv\u00e9tellel \u00e1tfog\u00f3 k\u00e9pet kaphatunk eg\u00e9szs\u00e9g\u00fcgyi \u00e1llapotunkr\u00f3l. Pontos inform\u00e1ci\u00f3t ad a szervezet bels\u0151 m\u0171k\u00f6d\u00e9s\u00e9r\u0151l. Szkopincevn\u00e9 Dr. Proszeny\u00e1k Di\u00e1na a v\u00e9reredm\u00e9ny ki\u00e9rt\u00e9kel\u00e9se ut\u00e1n teljes t\u00e1j\u00e9koztat\u00e1st ny\u00fajt a p\u00e1ciensek sz\u00e1m\u00e1ra \u00e1llapotukr\u00f3l. V\u00e9rv\u00e9telre k\u00e9rem 9-12 \u00f3r\u00e1s \u00e9hgyomorral \u00e9rkezzen, csak vizet szabad fogyasztani. Vizeletvizsg\u00e1lat: A vizsg\u00e1lat seg\u00edt felt\u00e1rni a h\u00fagy\u00fati fert\u0151z\u00e9seket, vesebetegs\u00e9geket, cukorbetegs\u00e9get \u00e9s m\u00e1s belgy\u00f3gy\u00e1szati [&hellip;]\" \/>\n<meta property=\"og:url\" content=\"https:\/\/calendula.hu\/ru\/vervetel-es-vizeletvizsgalat\/\" \/>\n<meta property=\"og:site_name\" content=\"Calendula Klinika - Si\u00f3fok\" \/>\n<meta property=\"article:modified_time\" content=\"2026-02-20T15:06:50+00:00\" \/>\n<meta property=\"og:image\" content=\"https:\/\/calendula.hu\/wp-content\/uploads\/2026\/01\/calendula-vervetel.jpg\" \/>\n\t<meta property=\"og:image:width\" content=\"1024\" \/>\n\t<meta property=\"og:image:height\" content=\"1536\" \/>\n\t<meta property=\"og:image:type\" content=\"image\/jpeg\" \/>\n<meta name=\"twitter:card\" content=\"summary_large_image\" \/>\n<meta name=\"twitter:label1\" content=\"\u041f\u0440\u0438\u043c\u0435\u0440\u043d\u043e\u0435 \u0432\u0440\u0435\u043c\u044f \u0434\u043b\u044f \u0447\u0442\u0435\u043d\u0438\u044f\" \/>\n\t<meta name=\"twitter:data1\" content=\"1 \u043c\u0438\u043d\u0443\u0442\u0430\" \/>\n<script type=\"application\/ld+json\" class=\"yoast-schema-graph\">{\"@context\":\"https:\\\/\\\/schema.org\",\"@graph\":[{\"@type\":\"WebPage\",\"@id\":\"https:\\\/\\\/calendula.hu\\\/vervetel-es-vizeletvizsgalat\\\/\",\"url\":\"https:\\\/\\\/calendula.hu\\\/vervetel-es-vizeletvizsgalat\\\/\",\"name\":\"V\u00e9rv\u00e9tel \u00e9s vizeletvizsg\u00e1lat - Calendula Klinika - Si\u00f3fok\",\"isPartOf\":{\"@id\":\"https:\\\/\\\/calendula.hu\\\/#website\"},\"primaryImageOfPage\":{\"@id\":\"https:\\\/\\\/calendula.hu\\\/vervetel-es-vizeletvizsgalat\\\/#primaryimage\"},\"image\":{\"@id\":\"https:\\\/\\\/calendula.hu\\\/vervetel-es-vizeletvizsgalat\\\/#primaryimage\"},\"thumbnailUrl\":\"https:\\\/\\\/calendula.hu\\\/wp-content\\\/uploads\\\/2026\\\/01\\\/calendula-vervetel.jpg\",\"datePublished\":\"2026-01-15T08:25:19+00:00\",\"dateModified\":\"2026-02-20T15:06:50+00:00\",\"breadcrumb\":{\"@id\":\"https:\\\/\\\/calendula.hu\\\/vervetel-es-vizeletvizsgalat\\\/#breadcrumb\"},\"inLanguage\":\"ru-RU\",\"potentialAction\":[{\"@type\":\"ReadAction\",\"target\":[\"https:\\\/\\\/calendula.hu\\\/vervetel-es-vizeletvizsgalat\\\/\"]}]},{\"@type\":\"ImageObject\",\"inLanguage\":\"ru-RU\",\"@id\":\"https:\\\/\\\/calendula.hu\\\/vervetel-es-vizeletvizsgalat\\\/#primaryimage\",\"url\":\"https:\\\/\\\/calendula.hu\\\/wp-content\\\/uploads\\\/2026\\\/01\\\/calendula-vervetel.jpg\",\"contentUrl\":\"https:\\\/\\\/calendula.hu\\\/wp-content\\\/uploads\\\/2026\\\/01\\\/calendula-vervetel.jpg\"},{\"@type\":\"BreadcrumbList\",\"@id\":\"https:\\\/\\\/calendula.hu\\\/vervetel-es-vizeletvizsgalat\\\/#breadcrumb\",\"itemListElement\":[{\"@type\":\"ListItem\",\"position\":1,\"name\":\"Home\",\"item\":\"https:\\\/\\\/calendula.hu\\\/\"},{\"@type\":\"ListItem\",\"position\":2,\"name\":\"V\u00e9rv\u00e9tel \u00e9s vizeletvizsg\u00e1lat\"}]},{\"@type\":\"WebSite\",\"@id\":\"https:\\\/\\\/calendula.hu\\\/#website\",\"url\":\"https:\\\/\\\/calendula.hu\\\/\",\"name\":\"Calendula Klinika - Si\u00f3fok\",\"description\":\"\",\"potentialAction\":[{\"@type\":\"SearchAction\",\"target\":{\"@type\":\"EntryPoint\",\"urlTemplate\":\"https:\\\/\\\/calendula.hu\\\/?s={search_term_string}\"},\"query-input\":{\"@type\":\"PropertyValueSpecification\",\"valueRequired\":true,\"valueName\":\"search_term_string\"}}],\"inLanguage\":\"ru-RU\"}]}<\/script>\n<!-- \/ Yoast SEO Premium plugin. -->","yoast_head_json":{"title":"V\u00e9rv\u00e9tel \u00e9s vizeletvizsg\u00e1lat - Calendula Klinika - Si\u00f3fok","robots":{"index":"index","follow":"follow","max-snippet":"max-snippet:-1","max-image-preview":"max-image-preview:large","max-video-preview":"max-video-preview:-1"},"canonical":"https:\/\/calendula.hu\/ru\/vervetel-es-vizeletvizsgalat\/","og_locale":"ru_RU","og_type":"article","og_title":"V\u00e9rv\u00e9tel \u00e9s vizeletvizsg\u00e1lat","og_description":"V\u00e9rv\u00e9tel \u00e9s vizeletvizsg\u00e1lat V\u00e9rv\u00e9tel: V\u00e9rv\u00e9tellel \u00e1tfog\u00f3 k\u00e9pet kaphatunk eg\u00e9szs\u00e9g\u00fcgyi \u00e1llapotunkr\u00f3l. Pontos inform\u00e1ci\u00f3t ad a szervezet bels\u0151 m\u0171k\u00f6d\u00e9s\u00e9r\u0151l. Szkopincevn\u00e9 Dr. Proszeny\u00e1k Di\u00e1na a v\u00e9reredm\u00e9ny ki\u00e9rt\u00e9kel\u00e9se ut\u00e1n teljes t\u00e1j\u00e9koztat\u00e1st ny\u00fajt a p\u00e1ciensek sz\u00e1m\u00e1ra \u00e1llapotukr\u00f3l. V\u00e9rv\u00e9telre k\u00e9rem 9-12 \u00f3r\u00e1s \u00e9hgyomorral \u00e9rkezzen, csak vizet szabad fogyasztani. Vizeletvizsg\u00e1lat: A vizsg\u00e1lat seg\u00edt felt\u00e1rni a h\u00fagy\u00fati fert\u0151z\u00e9seket, vesebetegs\u00e9geket, cukorbetegs\u00e9get \u00e9s m\u00e1s belgy\u00f3gy\u00e1szati [&hellip;]","og_url":"https:\/\/calendula.hu\/ru\/vervetel-es-vizeletvizsgalat\/","og_site_name":"Calendula Klinika - Si\u00f3fok","article_modified_time":"2026-02-20T15:06:50+00:00","og_image":[{"width":1024,"height":1536,"url":"https:\/\/calendula.hu\/wp-content\/uploads\/2026\/01\/calendula-vervetel.jpg","type":"image\/jpeg"}],"twitter_card":"summary_large_image","twitter_misc":{"\u041f\u0440\u0438\u043c\u0435\u0440\u043d\u043e\u0435 \u0432\u0440\u0435\u043c\u044f \u0434\u043b\u044f \u0447\u0442\u0435\u043d\u0438\u044f":"1 \u043c\u0438\u043d\u0443\u0442\u0430"},"schema":{"@context":"https:\/\/schema.org","@graph":[{"@type":"WebPage","@id":"https:\/\/calendula.hu\/vervetel-es-vizeletvizsgalat\/","url":"https:\/\/calendula.hu\/vervetel-es-vizeletvizsgalat\/","name":"V\u00e9rv\u00e9tel \u00e9s vizeletvizsg\u00e1lat - Calendula Klinika - Si\u00f3fok","isPartOf":{"@id":"https:\/\/calendula.hu\/#website"},"primaryImageOfPage":{"@id":"https:\/\/calendula.hu\/vervetel-es-vizeletvizsgalat\/#primaryimage"},"image":{"@id":"https:\/\/calendula.hu\/vervetel-es-vizeletvizsgalat\/#primaryimage"},"thumbnailUrl":"https:\/\/calendula.hu\/wp-content\/uploads\/2026\/01\/calendula-vervetel.jpg","datePublished":"2026-01-15T08:25:19+00:00","dateModified":"2026-02-20T15:06:50+00:00","breadcrumb":{"@id":"https:\/\/calendula.hu\/vervetel-es-vizeletvizsgalat\/#breadcrumb"},"inLanguage":"ru-RU","potentialAction":[{"@type":"ReadAction","target":["https:\/\/calendula.hu\/vervetel-es-vizeletvizsgalat\/"]}]},{"@type":"ImageObject","inLanguage":"ru-RU","@id":"https:\/\/calendula.hu\/vervetel-es-vizeletvizsgalat\/#primaryimage","url":"https:\/\/calendula.hu\/wp-content\/uploads\/2026\/01\/calendula-vervetel.jpg","contentUrl":"https:\/\/calendula.hu\/wp-content\/uploads\/2026\/01\/calendula-vervetel.jpg"},{"@type":"BreadcrumbList","@id":"https:\/\/calendula.hu\/vervetel-es-vizeletvizsgalat\/#breadcrumb","itemListElement":[{"@type":"ListItem","position":1,"name":"Home","item":"https:\/\/calendula.hu\/"},{"@type":"ListItem","position":2,"name":"V\u00e9rv\u00e9tel \u00e9s vizeletvizsg\u00e1lat"}]},{"@type":"WebSite","@id":"https:\/\/calendula.hu\/#website","url":"https:\/\/calendula.hu\/","name":"Calendula Klinika - Si\u00f3fok","description":"","potentialAction":[{"@type":"SearchAction","target":{"@type":"EntryPoint","urlTemplate":"https:\/\/calendula.hu\/?s={search_term_string}"},"query-input":{"@type":"PropertyValueSpecification","valueRequired":true,"valueName":"search_term_string"}}],"inLanguage":"ru-RU"}]}},"_links":{"self":[{"href":"https:\/\/calendula.hu\/ru\/wp-json\/wp\/v2\/pages\/11272","targetHints":{"allow":["GET"]}}],"collection":[{"href":"https:\/\/calendula.hu\/ru\/wp-json\/wp\/v2\/pages"}],"about":[{"href":"https:\/\/calendula.hu\/ru\/wp-json\/wp\/v2\/types\/page"}],"author":[{"embeddable":true,"href":"https:\/\/calendula.hu\/ru\/wp-json\/wp\/v2\/users\/9"}],"replies":[{"embeddable":true,"href":"https:\/\/calendula.hu\/ru\/wp-json\/wp\/v2\/comments?post=11272"}],"version-history":[{"count":112,"href":"https:\/\/calendula.hu\/ru\/wp-json\/wp\/v2\/pages\/11272\/revisions"}],"predecessor-version":[{"id":12453,"href":"https:\/\/calendula.hu\/ru\/wp-json\/wp\/v2\/pages\/11272\/revisions\/12453"}],"wp:attachment":[{"href":"https:\/\/calendula.hu\/ru\/wp-json\/wp\/v2\/media?parent=11272"}],"curies":[{"name":"wp","href":"https:\/\/api.w.org\/{rel}","templated":true}]}}