{"id":13221,"date":"2026-04-14T16:23:08","date_gmt":"2026-04-14T14:23:08","guid":{"rendered":"https:\/\/calendula.hu\/?page_id=13221"},"modified":"2026-04-16T13:16:23","modified_gmt":"2026-04-16T11:16:23","slug":"szallas-etkezes-ayurveda-haz","status":"publish","type":"page","link":"https:\/\/calendula.hu\/ru\/szallas-etkezes-ayurveda-haz\/","title":{"rendered":"Sz\u00e1ll\u00e1s-\u00e9tkez\u00e9s-ayurv\u00e9da h\u00e1z"},"content":{"rendered":"<div data-elementor-type=\"wp-page\" data-elementor-id=\"13221\" class=\"elementor elementor-13221\" data-elementor-post-type=\"page\">\n\t\t\t\t\t\t<section class=\"elementor-section elementor-top-section elementor-element elementor-element-3f30a5c elementor-section-boxed elementor-section-height-default elementor-section-height-default\" data-id=\"3f30a5c\" data-element_type=\"section\" data-e-type=\"section\">\n\t\t\t\t\t\t<div class=\"elementor-container elementor-column-gap-default\">\n\t\t\t\t\t<div class=\"elementor-column elementor-col-100 elementor-top-column elementor-element elementor-element-3ee5271\" data-id=\"3ee5271\" data-element_type=\"column\" data-e-type=\"column\">\n\t\t\t<div class=\"elementor-widget-wrap elementor-element-populated\">\n\t\t\t\t\t\t<div class=\"elementor-element elementor-element-a3096d3 elementor-align-left elementor-widget elementor-widget-pages-banner\" data-id=\"a3096d3\" data-element_type=\"widget\" data-e-type=\"widget\" data-widget_type=\"pages-banner.default\">\n\t\t\t\t<div class=\"elementor-widget-container\">\n\t\t\t\t\t\r\n\t\t\t\t<div class=\"banner-header section-padding valign bg-img bg-fixed\" data-overlay-dark=\"4\" data-background=\"https:\/\/calendula.hu\/wp-content\/uploads\/2025\/02\/calendula-ayurveda-haz-2.jpg\">\r\n\t\t\t\t\t<div class=\"container\">\r\n\t\t\t\t<div class=\"row\">\r\n\t\t\t\t\t<div class=\"col-md-12 caption mt-90\">\r\n\t\t\t\t\t\t\t\t\t\t\t\t<h5>\u041a\u043b\u0438\u043d\u0438\u043a\u0430 Calendula \u2013 \u0414\u043e\u043c \u0430\u044e\u0440\u0432\u0435\u0434\u044b<\/h5>\r\n\t\t\t\t\t\t\t\t\t\t\t\t\t\t\t\t\t\t<h1>\u041d\u043e\u043c\u0435\u0440\u0430<\/h1>\r\n\t\t\t\t\t\t\t\t\t\t\t<\/div>\r\n\t\t\t\t<\/div>\r\n\t\t\t<\/div>\r\n\t\t<\/div>\r\n\r\n\t\t\t\t\t<\/div>\n\t\t\t\t<\/div>\n\t\t\t\t\t<\/div>\n\t\t<\/div>\n\t\t\t\t\t<\/div>\n\t\t<\/section>\n\t\t<div class=\"elementor-element elementor-element-2985745 e-ecs-flex e-flex e-con-boxed e-con e-parent\" data-id=\"2985745\" data-element_type=\"container\" data-e-type=\"container\" data-settings=\"{&quot;shape_divider_top&quot;:&quot;opacity-tilt&quot;,&quot;shape_divider_bottom&quot;:&quot;opacity-fan&quot;,&quot;ecs_container_type&quot;:&quot;flex&quot;}\">\n\t\t\t\t\t<div class=\"e-con-inner\">\n\t\t\t\t<div class=\"elementor-shape elementor-shape-top\" aria-hidden=\"true\" data-negative=\"false\">\n\t\t\t<svg xmlns=\"http:\/\/www.w3.org\/2000\/svg\" viewbox=\"0 0 2600 131.1\" preserveaspectratio=\"none\">\n\t<path class=\"elementor-shape-fill\" d=\"M0 0L2600 0 2600 69.1 0 0z\"\/>\n\t<path class=\"elementor-shape-fill\" style=\"opacity:0.5\" d=\"M0 0L2600 0 2600 69.1 0 69.1z\"\/>\n\t<path class=\"elementor-shape-fill\" style=\"opacity:0.25\" d=\"M2600 0L0 0 0 130.1 2600 69.1z\"\/>\n<\/svg>\t\t<\/div>\n\t\t\t\t<div class=\"elementor-shape elementor-shape-bottom\" aria-hidden=\"true\" data-negative=\"false\">\n\t\t\t<svg xmlns=\"http:\/\/www.w3.org\/2000\/svg\" viewbox=\"0 0 283.5 19.6\" preserveaspectratio=\"none\">\n\t<path class=\"elementor-shape-fill\" style=\"opacity:0.33\" d=\"M0 0L0 18.8 141.8 4.1 283.5 18.8 283.5 0z\"\/>\n\t<path class=\"elementor-shape-fill\" style=\"opacity:0.33\" d=\"M0 0L0 12.6 141.8 4 283.5 12.6 283.5 0z\"\/>\n\t<path class=\"elementor-shape-fill\" style=\"opacity:0.33\" d=\"M0 0L0 6.4 141.8 4 283.5 6.4 283.5 0z\"\/>\n\t<path class=\"elementor-shape-fill\" d=\"M0 0L0 1.2 141.8 4 283.5 1.2 283.5 0z\"\/>\n<\/svg>\t\t<\/div>\n\t\t\t\t<div class=\"elementor-element elementor-element-dd918ce elementor-widget elementor-widget-heading\" data-id=\"dd918ce\" data-element_type=\"widget\" data-e-type=\"widget\" data-widget_type=\"heading.default\">\n\t\t\t\t<div class=\"elementor-widget-container\">\n\t\t\t\t\t<div class=\"elementor-heading-title elementor-size-default\">\u0413\u043e\u0441\u0442\u0438\u043d\u0438\u0446\u0430 \u0432 \u0421\u0438\u043e\u0444\u043e\u043a\u0435, \u043d\u0430\u0441\u0442\u0440\u043e\u0435\u043d\u043d\u0430\u044f \u043d\u0430 \u0433\u0430\u0440\u043c\u043e\u043d\u0438\u044e<\/div>\t\t\t\t<\/div>\n\t\t\t\t<\/div>\n\t\t\t\t<div class=\"elementor-element elementor-element-14e2ffc elementor-widget elementor-widget-heading\" data-id=\"14e2ffc\" data-element_type=\"widget\" data-e-type=\"widget\" data-widget_type=\"heading.default\">\n\t\t\t\t<div class=\"elementor-widget-container\">\n\t\t\t\t\t<div class=\"elementor-heading-title elementor-size-default\">\u0410\u044e\u0440\u0432\u0435\u0434\u0438\u0447\u0435\u0441\u043a\u0438\u0439 \u0434\u043e\u043c Calendula<\/div>\t\t\t\t<\/div>\n\t\t\t\t<\/div>\n\t\t\t\t<div class=\"elementor-element elementor-element-fa97506 elementor-widget elementor-widget-text-editor\" data-id=\"fa97506\" data-element_type=\"widget\" data-e-type=\"widget\" data-widget_type=\"text-editor.default\">\n\t\t\t\t<div class=\"elementor-widget-container\">\n\t\t\t\t\t\t\t\t\t<p>\u0410\u044e\u0440\u0432\u0435\u0434\u0438\u0447\u0435\u0441\u043a\u0438\u0439 \u0434\u043e\u043c Calendula \u043f\u0440\u0435\u0434\u043b\u0430\u0433\u0430\u0435\u0442 \u0441\u043f\u043e\u043a\u043e\u0439\u043d\u043e\u0435 \u0438 \u043a\u043e\u043c\u0444\u043e\u0440\u0442\u043d\u043e\u0435 \u0440\u0430\u0437\u043c\u0435\u0449\u0435\u043d\u0438\u0435 \u0434\u043b\u044f \u0442\u0435\u0445, \u043a\u0442\u043e \u0445\u043e\u0447\u0435\u0442 \u043e\u0442\u0434\u043e\u0445\u043d\u0443\u0442\u044c \u0438\u043b\u0438 \u0432\u043e\u0441\u0441\u0442\u0430\u043d\u043e\u0432\u0438\u0442\u044c \u0441\u0438\u043b\u044b \u0432 \u0442\u0438\u0445\u043e\u0439 \u0438 \u0443\u043f\u043e\u0440\u044f\u0434\u043e\u0447\u0435\u043d\u043d\u043e\u0439 \u043e\u0431\u0441\u0442\u0430\u043d\u043e\u0432\u043a\u0435.<\/p>\t\t\t\t\t\t\t\t<\/div>\n\t\t\t\t<\/div>\n\t\t\t\t<div class=\"elementor-element elementor-element-ab77208 elementor-widget elementor-widget-text-editor\" data-id=\"ab77208\" data-element_type=\"widget\" data-e-type=\"widget\" data-widget_type=\"text-editor.default\">\n\t\t\t\t<div class=\"elementor-widget-container\">\n\t\t\t\t\t\t\t\t\t<p data-start=\"283\" data-end=\"395\"><strong>\u0414\u043e\u043c \u0432 \u043f\u0435\u0440\u0432\u0443\u044e \u043e\u0447\u0435\u0440\u0435\u0434\u044c \u0434\u043e\u0441\u0442\u0443\u043f\u0435\u043d \u0434\u043b\u044f \u0433\u043e\u0441\u0442\u0435\u0439, \u0443\u0447\u0430\u0441\u0442\u0432\u0443\u044e\u0449\u0438\u0445 \u0432 \u043f\u0440\u043e\u0433\u0440\u0430\u043c\u043c\u0430\u0445 \u00ab\u0412\u0435\u0441\u0435\u043d\u043d\u044f\u044f \u043e\u0447\u0438\u0441\u0442\u043a\u0430\u00bb \u0438 \u00ab\u0423\u043f\u0440\u0430\u0432\u043b\u0435\u043d\u0438\u0435 \u0441\u0442\u0440\u0435\u0441\u0441\u043e\u043c\u00bb.<\/strong><\/p><p data-start=\"397\" data-end=\"669\">\u0414\u043b\u044f \u0437\u0434\u0430\u043d\u0438\u044f \u0445\u0430\u0440\u0430\u043a\u0442\u0435\u0440\u043d\u044b \u043b\u0430\u043a\u043e\u043d\u0438\u0447\u043d\u044b\u0435 \u043f\u0440\u043e\u0441\u0442\u0440\u0430\u043d\u0441\u0442\u0432\u0430 \u0438 \u043d\u0430\u0442\u0443\u0440\u0430\u043b\u044c\u043d\u044b\u0435 \u043c\u0430\u0442\u0435\u0440\u0438\u0430\u043b\u044b, \u0441\u043e\u0437\u0434\u0430\u044e\u0449\u0438\u0435 \u043f\u0440\u0438\u044f\u0442\u043d\u0443\u044e \u0438 \u043e\u0442\u043a\u0440\u044b\u0442\u0443\u044e \u0430\u0442\u043c\u043e\u0441\u0444\u0435\u0440\u0443 \u0434\u043b\u044f \u043e\u0442\u0434\u044b\u0445\u0430. \u0420\u0430\u0441\u043f\u043e\u043b\u043e\u0436\u0435\u043d\u0438\u0435 \u0437\u0434\u0430\u043d\u0438\u044f \u043f\u0440\u0430\u043a\u0442\u0438\u0447\u043d\u043e\u0435: \u043c\u0435\u0441\u0442\u0430 \u043f\u0440\u043e\u0446\u0435\u0434\u0443\u0440 \u0438 \u043f\u0438\u0442\u0430\u043d\u0438\u044f \u043d\u0430\u0445\u043e\u0434\u044f\u0442\u0441\u044f \u0432 \u043f\u0435\u0448\u0435\u0439 \u0434\u043e\u0441\u0442\u0443\u043f\u043d\u043e\u0441\u0442\u0438, \u0431\u043b\u0430\u0433\u043e\u0434\u0430\u0440\u044f \u0447\u0435\u043c\u0443 \u0434\u043d\u0435\u0432\u043d\u044b\u0435 \u043f\u0440\u043e\u0433\u0440\u0430\u043c\u043c\u044b \u0443\u0434\u043e\u0431\u043d\u043e \u0441\u043e\u0431\u043b\u044e\u0434\u0430\u0442\u044c.<\/p>\t\t\t\t\t\t\t\t<\/div>\n\t\t\t\t<\/div>\n\t\t\t\t\t<\/div>\n\t\t\t\t<\/div>\n\t\t\t\t<section class=\"elementor-section elementor-top-section elementor-element elementor-element-7fc669d elementor-section-boxed elementor-section-height-default elementor-section-height-default\" data-id=\"7fc669d\" data-element_type=\"section\" data-e-type=\"section\">\n\t\t\t\t\t\t<div class=\"elementor-container elementor-column-gap-default\">\n\t\t\t\t\t<div class=\"elementor-column elementor-col-100 elementor-top-column elementor-element elementor-element-0566f63\" data-id=\"0566f63\" data-element_type=\"column\" data-e-type=\"column\">\n\t\t\t<div class=\"elementor-widget-wrap elementor-element-populated\">\n\t\t\t\t\t\t<div class=\"elementor-element elementor-element-9577f34 two-column-rooms elementor-align-center elementor-widget elementor-widget-home-room\" data-id=\"9577f34\" data-element_type=\"widget\" data-e-type=\"widget\" data-widget_type=\"home-room.default\">\n\t\t\t\t<div class=\"elementor-widget-container\">\n\t\t\t\t\t\n\t\t\t\t<section class=\"rooms1 section-padding bg-black\" data-scroll-index=\"1\">\n\t\t\t \n\t\t\t<div class=\"container\">\n\t\t\t\t<div class=\"row\">\n\t\t\t\t\t<div class=\"col-md-12\">\n\t\t\t\t\t\t\t\t\t\t\t\t\t\t\t\t\t<\/div>\n\t\t\t\t<\/div>\n\t\t\t\t<div class=\"row\">\n\t\t\t\t\t\t\t\t\t\t\t\t\t\t\t\t\t\t<div class=\"col-md-4\">\n\t\t\t\t\t\t\t\t<div class=\"item\">\n\t\t\t\t\t\t\t\t\t<div class=\"position-re o-hidden\"> <img decoding=\"async\" src=\"https:\/\/calendula.hu\/wp-content\/uploads\/2023\/03\/CALENDULA_311.jpg\" alt=\"\"> <\/div> \n\t\t\t\t\t\t\t\t\t\t\t\t\t\t\t\t\t\t<div class=\"con\">\n\t\t\t\t\t\t\t\t\t\t<h6><a href=\"https:\/\/calendula.hu\/ru\/room\/double\/\"><\/a><\/h6>\n\t\t\t\t\t\t\t\t\t\t<h5><a href=\"https:\/\/calendula.hu\/ru\/room\/double\/\">\u0421\u0442\u0430\u043d\u0434\u0430\u0440\u0442\u043d\u044b\u0439 \u0434\u0432\u0443\u0445\u043c\u0435\u0441\u0442\u043d\u044b\u0439<\/a> <\/h5>\n\t\t\t\t\t\t\t\t\t\t<div class=\"line\"><\/div>\n\t\t\t\t\t\t\t\t\t\t<div class=\"row facilities\">\n\t\t\t\t\t\t\t\t\t\t\t<div class=\"col col-md-7\">\n\t\t\t\t\t\t\t\t\t\t\t\t<ul>\n\t\t\t\t\t\t\t\t\t\t\t\t\t<ul>\r\n<li><\/li>\r\n<li><\/li>\r\n<li><\/li>\r\n<li><\/li>\r\n<\/ul>\r\n\t\t\t\t\t\t\t\t\t\t\t\t<\/ul>\n\t\t\t\t\t\t\t\t\t\t\t<\/div>\n\t\t\t\t\t\t\t\t\t\t\t<div class=\"col col-md-5 text-right\">\n\t\t\t\t\t\t\t\t\t\t\t\t\t\t\t\t\t\t\t\t\t\t\t\t<div class=\"permalink\"><a href=\"https:\/\/calendula.hu\/ru\/room\/double\/\">Details <i class=\"ti-arrow-right\"><\/i><\/a><\/div>\n\t\t\t\t\t\t\t\t\t\t\t\t\t\t\t\t\t\t\t\t\t\t\t<\/div>\n\t\t\t\t\t\t\t\t\t\t<\/div>\n\t\t\t\t\t\t\t\t\t<\/div>\n\t\t\t\t\t\t\t\t<\/div>\n\t\t\t\t\t\t\t<\/div>\n\t\t\t\t\t\t\t\t\t\t\t\t\t\t\t\t\t\t\t\t\t\t\t\t<div class=\"col-md-4\">\n\t\t\t\t\t\t\t\t<div class=\"item\">\n\t\t\t\t\t\t\t\t\t<div class=\"position-re o-hidden\"> <img decoding=\"async\" src=\"https:\/\/calendula.hu\/wp-content\/uploads\/2023\/02\/CALENDULA_256-1.jpg\" alt=\"\"> <\/div> \n\t\t\t\t\t\t\t\t\t\t\t\t\t\t\t\t\t\t<div class=\"con\">\n\t\t\t\t\t\t\t\t\t\t<h6><a href=\"https:\/\/calendula.hu\/ru\/room\/standard-erkelyes\/\"><\/a><\/h6>\n\t\t\t\t\t\t\t\t\t\t<h5><a href=\"https:\/\/calendula.hu\/ru\/room\/standard-erkelyes\/\">\u0421\u0442\u0430\u043d\u0434\u0430\u0440\u0442 \u0441 \u0431\u0430\u043b\u043a\u043e\u043d\u043e\u043c<\/a> <\/h5>\n\t\t\t\t\t\t\t\t\t\t<div class=\"line\"><\/div>\n\t\t\t\t\t\t\t\t\t\t<div class=\"row facilities\">\n\t\t\t\t\t\t\t\t\t\t\t<div class=\"col col-md-7\">\n\t\t\t\t\t\t\t\t\t\t\t\t<ul>\n\t\t\t\t\t\t\t\t\t\t\t\t\t<ul>\r\n<li><\/li>\r\n<li><\/li>\r\n<li><\/li>\r\n<li><\/li>\r\n<\/ul>\r\n\t\t\t\t\t\t\t\t\t\t\t\t<\/ul>\n\t\t\t\t\t\t\t\t\t\t\t<\/div>\n\t\t\t\t\t\t\t\t\t\t\t<div class=\"col col-md-5 text-right\">\n\t\t\t\t\t\t\t\t\t\t\t\t\t\t\t\t\t\t\t\t\t\t\t\t<div class=\"permalink\"><a href=\"https:\/\/calendula.hu\/ru\/room\/standard-erkelyes\/\">Details <i class=\"ti-arrow-right\"><\/i><\/a><\/div>\n\t\t\t\t\t\t\t\t\t\t\t\t\t\t\t\t\t\t\t\t\t\t\t<\/div>\n\t\t\t\t\t\t\t\t\t\t<\/div>\n\t\t\t\t\t\t\t\t\t<\/div>\n\t\t\t\t\t\t\t\t<\/div>\n\t\t\t\t\t\t\t<\/div>\n\t\t\t\t\t\t\t\t\t\t\t\t\t\t\t<\/div>\n\t\t\t<\/div>\n\t\t<\/section>\n\n\t\t\t\t\t<\/div>\n\t\t\t\t<\/div>\n\t\t\t\t\t<\/div>\n\t\t<\/div>\n\t\t\t\t\t<\/div>\n\t\t<\/section>\n\t\t\t\t<section class=\"elementor-section elementor-top-section elementor-element elementor-element-fc94d2d elementor-section-boxed elementor-section-height-default elementor-section-height-default\" data-id=\"fc94d2d\" data-element_type=\"section\" data-e-type=\"section\">\n\t\t\t\t\t\t<div class=\"elementor-container elementor-column-gap-default\">\n\t\t\t\t\t<div class=\"elementor-column elementor-col-100 elementor-top-column elementor-element elementor-element-4a385d7\" data-id=\"4a385d7\" data-element_type=\"column\" data-e-type=\"column\">\n\t\t\t<div class=\"elementor-widget-wrap elementor-element-populated\">\n\t\t\t\t\t\t<div class=\"elementor-element elementor-element-219bdd0 elementor-widget elementor-widget-text-editor\" data-id=\"219bdd0\" data-element_type=\"widget\" data-e-type=\"widget\" data-widget_type=\"text-editor.default\">\n\t\t\t\t<div class=\"elementor-widget-container\">\n\t\t\t\t\t\t\t\t\t<p>\u041a\u0430\u043a\u043e\u0439 \u0431\u044b \u043d\u043e\u043c\u0435\u0440 \u0432\u044b \u043d\u0438 \u0432\u044b\u0431\u0440\u0430\u043b\u0438, \u0432 \u043d\u0430\u0448\u0435\u0439 \u043a\u043b\u0438\u043d\u0438\u043a\u0435 \u0441\u043e\u0437\u0434\u0430\u043d\u044b \u0432\u0441\u0435 \u0443\u0441\u043b\u043e\u0432\u0438\u044f \u0434\u043b\u044f \u0442\u043e\u0433\u043e, \u0447\u0442\u043e\u0431\u044b \u0432\u0430\u0448\u0435 \u043f\u0440\u0435\u0431\u044b\u0432\u0430\u043d\u0438\u0435 \u0431\u044b\u043b\u043e \u043c\u0430\u043a\u0441\u0438\u043c\u0430\u043b\u044c\u043d\u043e \u043a\u043e\u043c\u0444\u043e\u0440\u0442\u043d\u044b\u043c, \u0430 \u043b\u0435\u0447\u0435\u043d\u0438\u0435 \u2014 \u043c\u0430\u043a\u0441\u0438\u043c\u0430\u043b\u044c\u043d\u043e \u044d\u0444\u0444\u0435\u043a\u0442\u0438\u0432\u043d\u044b\u043c.<\/p><p>\u041a\u043b\u0438\u043d\u0438\u043a\u0430 \u043f\u0440\u0435\u0434\u043e\u0441\u0442\u0430\u0432\u043b\u044f\u0435\u0442 \u0442\u0440\u0430\u043d\u0441\u0444\u0435\u0440\u043d\u044b\u0435 \u0443\u0441\u043b\u0443\u0433\u0438 \u043c\u0435\u0436\u0434\u0443\u00a0<strong>\u0411\u0443\u0434\u0430\u043f\u0435\u0448\u0442\u043e\u043c, \u0412\u0435\u043d\u043e\u0439, \u0428\u0430\u0440\u043c\u0435\u043b\u043b\u0435\u043a\u043e\u043c \u0438 \u0428\u0438\u043e\u0444\u043e\u043a\u043e\u043c.<\/strong> \u0414\u043b\u044f \u0433\u043e\u0441\u0442\u0435\u0439, \u043f\u0440\u0438\u0431\u044b\u0432\u0430\u044e\u0449\u0438\u0445 \u043d\u0430 \u0430\u0432\u0442\u043e\u043c\u043e\u0431\u0438\u043b\u0435, \u043f\u0440\u0435\u0434\u0443\u0441\u043c\u043e\u0442\u0440\u0435\u043d\u0430 \u0431\u0435\u0441\u043f\u043b\u0430\u0442\u043d\u0430\u044f \u043f\u0430\u0440\u043a\u043e\u0432\u043a\u0430 \u043d\u0430 \u0442\u0435\u0440\u0440\u0438\u0442\u043e\u0440\u0438\u0438.<\/p><p>\u041e\u0431\u0440\u0430\u0442\u0438\u0442\u0435 \u0432\u043d\u0438\u043c\u0430\u043d\u0438\u0435, \u0447\u0442\u043e \u043f\u0440\u043e\u0436\u0438\u0432\u0430\u043d\u0438\u0435 \u043c\u043e\u0436\u043d\u043e \u0437\u0430\u0431\u0440\u043e\u043d\u0438\u0440\u043e\u0432\u0430\u0442\u044c \u0442\u043e\u043b\u044c\u043a\u043e \u0432\u043c\u0435\u0441\u0442\u0435 \u0441 \u043b\u0435\u0447\u0435\u043d\u0438\u0435\u043c!<\/p><p><strong>\u041f\u0440\u043e\u0446\u0435\u0441\u0441 \u0431\u0440\u043e\u043d\u0438\u0440\u043e\u0432\u0430\u043d\u0438\u044f:\u00a0<\/strong>\u041f\u043e\u0436\u0430\u043b\u0443\u0439\u0441\u0442\u0430, \u043e\u0442\u043f\u0440\u0430\u0432\u044c\u0442\u0435 \u0437\u0430\u043f\u0440\u043e\u0441 \u043d\u0430 \u0431\u0440\u043e\u043d\u0438\u0440\u043e\u0432\u0430\u043d\u0438\u0435 \u043d\u0430 \u0430\u0434\u0440\u0435\u0441\u00a0<a href=\"mailto:info@calendula.hu\">info@calendula.hu<\/a>\u00a0\u0438\u043b\u0438 \u0441\u0432\u044f\u0436\u0438\u0442\u0435\u0441\u044c \u0441 \u043d\u0430\u043c\u0438 \u043f\u043e \u0442\u0435\u043b\u0435\u0444\u043e\u043d\u0443:\u00a0<a href=\"tel:+36 20 261 7447\">+36 20 261 7447<\/a>. \u0423\u043a\u0430\u0436\u0438\u0442\u0435 \u0436\u0435\u043b\u0430\u0435\u043c\u0443\u044e \u0434\u0430\u0442\u0443 \u0437\u0430\u0435\u0437\u0434\u0430 \u0438 \u0432\u0430\u0448\u0438 \u043a\u043e\u043d\u0442\u0430\u043a\u0442\u043d\u044b\u0435 \u0434\u0430\u043d\u043d\u044b\u0435. \u041f\u043e\u0441\u043b\u0435 \u044d\u0442\u043e\u0433\u043e \u043d\u0430\u0448 \u043c\u0435\u043d\u0435\u0434\u0436\u0435\u0440 \u0441\u0432\u044f\u0436\u0435\u0442\u0441\u044f \u0441 \u0432\u0430\u043c\u0438 \u0438 \u043f\u0440\u0435\u0434\u043e\u0441\u0442\u0430\u0432\u0438\u0442 \u0438\u043d\u0444\u043e\u0440\u043c\u0430\u0446\u0438\u044e \u043e \u0434\u043e\u0441\u0442\u0443\u043f\u043d\u044b\u0445 \u043d\u043e\u043c\u0435\u0440\u0430\u0445 \u043d\u0430 \u0432\u044b\u0431\u0440\u0430\u043d\u043d\u044b\u0439 \u043f\u0435\u0440\u0438\u043e\u0434.<\/p>\t\t\t\t\t\t\t\t<\/div>\n\t\t\t\t<\/div>\n\t\t\t\t\t<\/div>\n\t\t<\/div>\n\t\t\t\t\t<\/div>\n\t\t<\/section>\n\t\t\t\t<\/div>","protected":false},"excerpt":{"rendered":"<p>Calendula klinika &#8211; Ayurv\u00e9da-h\u00e1z Szob\u00e1k Harm\u00f3ni\u00e1ra hangolt sz\u00e1ll\u00e1s Si\u00f3fokon Calendula Ayurv\u00e9da h\u00e1z A Calendula Ayurveda H\u00e1z nyugodt, k\u00e9nyelmes sz\u00e1ll\u00e1st biztos\u00edt azoknak, akik rendezett, csendes k\u00f6rnyezetben szeretn\u00e9nek pihenni vagy felt\u00f6lt\u0151dni.A h\u00e1z els\u0151sorban a Tavaszi tisztul\u00e1s \u00e9s a Stressz menedzsment programokon r\u00e9szt vev\u0151 vend\u00e9gek sz\u00e1m\u00e1ra \u00e9rhet\u0151 el.A kialak\u00edt\u00e1sra a letisztult terek \u00e9s term\u00e9szetes anyagok jellemz\u0151ek, amelyek kellemes, [&hellip;]<\/p>\n","protected":false},"author":9,"featured_media":0,"parent":0,"menu_order":0,"comment_status":"closed","ping_status":"closed","template":"page-templates\/dark-sidebar.php","meta":{"footnotes":""},"class_list":["post-13221","page","type-page","status-publish","hentry"],"yoast_head":"<!-- This site is optimized with the Yoast SEO Premium plugin v19.5 (Yoast SEO v27.5) - https:\/\/yoast.com\/product\/yoast-seo-premium-wordpress\/ -->\n<title>Sz\u00e1ll\u00e1s-\u00e9tkez\u00e9s-ayurv\u00e9da h\u00e1z - Calendula Klinika - Si\u00f3fok<\/title>\n<meta name=\"robots\" content=\"index, follow, max-snippet:-1, max-image-preview:large, max-video-preview:-1\" \/>\n<link rel=\"canonical\" href=\"https:\/\/calendula.hu\/ru\/szallas-etkezes-ayurveda-haz\/\" \/>\n<meta property=\"og:locale\" content=\"ru_RU\" \/>\n<meta property=\"og:type\" content=\"article\" \/>\n<meta property=\"og:title\" content=\"Sz\u00e1ll\u00e1s-\u00e9tkez\u00e9s-ayurv\u00e9da h\u00e1z\" \/>\n<meta property=\"og:description\" content=\"Calendula klinika &#8211; Ayurv\u00e9da-h\u00e1z Szob\u00e1k Harm\u00f3ni\u00e1ra hangolt sz\u00e1ll\u00e1s Si\u00f3fokon Calendula Ayurv\u00e9da h\u00e1z A Calendula Ayurveda H\u00e1z nyugodt, k\u00e9nyelmes sz\u00e1ll\u00e1st biztos\u00edt azoknak, akik rendezett, csendes k\u00f6rnyezetben szeretn\u00e9nek pihenni vagy felt\u00f6lt\u0151dni.A h\u00e1z els\u0151sorban a Tavaszi tisztul\u00e1s \u00e9s a Stressz menedzsment programokon r\u00e9szt vev\u0151 vend\u00e9gek sz\u00e1m\u00e1ra \u00e9rhet\u0151 el.A kialak\u00edt\u00e1sra a letisztult terek \u00e9s term\u00e9szetes anyagok jellemz\u0151ek, amelyek kellemes, [&hellip;]\" \/>\n<meta property=\"og:url\" content=\"https:\/\/calendula.hu\/ru\/szallas-etkezes-ayurveda-haz\/\" \/>\n<meta property=\"og:site_name\" content=\"Calendula Klinika - Si\u00f3fok\" \/>\n<meta property=\"article:modified_time\" content=\"2026-04-16T11:16:23+00:00\" \/>\n<meta property=\"og:image\" content=\"https:\/\/calendula.hu\/wp-content\/uploads\/2023\/03\/CALENDULA_311.jpg\" \/>\n<meta name=\"twitter:card\" content=\"summary_large_image\" \/>\n<meta name=\"twitter:label1\" content=\"\u041f\u0440\u0438\u043c\u0435\u0440\u043d\u043e\u0435 \u0432\u0440\u0435\u043c\u044f \u0434\u043b\u044f \u0447\u0442\u0435\u043d\u0438\u044f\" \/>\n\t<meta name=\"twitter:data1\" content=\"2 \u043c\u0438\u043d\u0443\u0442\u044b\" \/>\n<script type=\"application\/ld+json\" class=\"yoast-schema-graph\">{\"@context\":\"https:\\\/\\\/schema.org\",\"@graph\":[{\"@type\":\"WebPage\",\"@id\":\"https:\\\/\\\/calendula.hu\\\/szallas-etkezes-ayurveda-haz\\\/\",\"url\":\"https:\\\/\\\/calendula.hu\\\/szallas-etkezes-ayurveda-haz\\\/\",\"name\":\"Sz\u00e1ll\u00e1s-\u00e9tkez\u00e9s-ayurv\u00e9da h\u00e1z - Calendula Klinika - Si\u00f3fok\",\"isPartOf\":{\"@id\":\"https:\\\/\\\/calendula.hu\\\/#website\"},\"primaryImageOfPage\":{\"@id\":\"https:\\\/\\\/calendula.hu\\\/szallas-etkezes-ayurveda-haz\\\/#primaryimage\"},\"image\":{\"@id\":\"https:\\\/\\\/calendula.hu\\\/szallas-etkezes-ayurveda-haz\\\/#primaryimage\"},\"thumbnailUrl\":\"https:\\\/\\\/calendula.hu\\\/wp-content\\\/uploads\\\/2023\\\/03\\\/CALENDULA_311.jpg\",\"datePublished\":\"2026-04-14T14:23:08+00:00\",\"dateModified\":\"2026-04-16T11:16:23+00:00\",\"breadcrumb\":{\"@id\":\"https:\\\/\\\/calendula.hu\\\/szallas-etkezes-ayurveda-haz\\\/#breadcrumb\"},\"inLanguage\":\"ru-RU\",\"potentialAction\":[{\"@type\":\"ReadAction\",\"target\":[\"https:\\\/\\\/calendula.hu\\\/szallas-etkezes-ayurveda-haz\\\/\"]}]},{\"@type\":\"ImageObject\",\"inLanguage\":\"ru-RU\",\"@id\":\"https:\\\/\\\/calendula.hu\\\/szallas-etkezes-ayurveda-haz\\\/#primaryimage\",\"url\":\"https:\\\/\\\/calendula.hu\\\/wp-content\\\/uploads\\\/2023\\\/03\\\/CALENDULA_311.jpg\",\"contentUrl\":\"https:\\\/\\\/calendula.hu\\\/wp-content\\\/uploads\\\/2023\\\/03\\\/CALENDULA_311.jpg\"},{\"@type\":\"BreadcrumbList\",\"@id\":\"https:\\\/\\\/calendula.hu\\\/szallas-etkezes-ayurveda-haz\\\/#breadcrumb\",\"itemListElement\":[{\"@type\":\"ListItem\",\"position\":1,\"name\":\"Home\",\"item\":\"https:\\\/\\\/calendula.hu\\\/hu\\\/\"},{\"@type\":\"ListItem\",\"position\":2,\"name\":\"Sz\u00e1ll\u00e1s-\u00e9tkez\u00e9s-ayurv\u00e9da h\u00e1z\"}]},{\"@type\":\"WebSite\",\"@id\":\"https:\\\/\\\/calendula.hu\\\/#website\",\"url\":\"https:\\\/\\\/calendula.hu\\\/\",\"name\":\"Calendula Klinika - Si\u00f3fok\",\"description\":\"\",\"potentialAction\":[{\"@type\":\"SearchAction\",\"target\":{\"@type\":\"EntryPoint\",\"urlTemplate\":\"https:\\\/\\\/calendula.hu\\\/?s={search_term_string}\"},\"query-input\":{\"@type\":\"PropertyValueSpecification\",\"valueRequired\":true,\"valueName\":\"search_term_string\"}}],\"inLanguage\":\"ru-RU\"}]}<\/script>\n<!-- \/ Yoast SEO Premium plugin. -->","yoast_head_json":{"title":"Sz\u00e1ll\u00e1s-\u00e9tkez\u00e9s-ayurv\u00e9da h\u00e1z - Calendula Klinika - Si\u00f3fok","robots":{"index":"index","follow":"follow","max-snippet":"max-snippet:-1","max-image-preview":"max-image-preview:large","max-video-preview":"max-video-preview:-1"},"canonical":"https:\/\/calendula.hu\/ru\/szallas-etkezes-ayurveda-haz\/","og_locale":"ru_RU","og_type":"article","og_title":"Sz\u00e1ll\u00e1s-\u00e9tkez\u00e9s-ayurv\u00e9da h\u00e1z","og_description":"Calendula klinika &#8211; Ayurv\u00e9da-h\u00e1z Szob\u00e1k Harm\u00f3ni\u00e1ra hangolt sz\u00e1ll\u00e1s Si\u00f3fokon Calendula Ayurv\u00e9da h\u00e1z A Calendula Ayurveda H\u00e1z nyugodt, k\u00e9nyelmes sz\u00e1ll\u00e1st biztos\u00edt azoknak, akik rendezett, csendes k\u00f6rnyezetben szeretn\u00e9nek pihenni vagy felt\u00f6lt\u0151dni.A h\u00e1z els\u0151sorban a Tavaszi tisztul\u00e1s \u00e9s a Stressz menedzsment programokon r\u00e9szt vev\u0151 vend\u00e9gek sz\u00e1m\u00e1ra \u00e9rhet\u0151 el.A kialak\u00edt\u00e1sra a letisztult terek \u00e9s term\u00e9szetes anyagok jellemz\u0151ek, amelyek kellemes, [&hellip;]","og_url":"https:\/\/calendula.hu\/ru\/szallas-etkezes-ayurveda-haz\/","og_site_name":"Calendula Klinika - Si\u00f3fok","article_modified_time":"2026-04-16T11:16:23+00:00","og_image":[{"url":"https:\/\/calendula.hu\/wp-content\/uploads\/2023\/03\/CALENDULA_311.jpg","type":"","width":"","height":""}],"twitter_card":"summary_large_image","twitter_misc":{"\u041f\u0440\u0438\u043c\u0435\u0440\u043d\u043e\u0435 \u0432\u0440\u0435\u043c\u044f \u0434\u043b\u044f \u0447\u0442\u0435\u043d\u0438\u044f":"2 \u043c\u0438\u043d\u0443\u0442\u044b"},"schema":{"@context":"https:\/\/schema.org","@graph":[{"@type":"WebPage","@id":"https:\/\/calendula.hu\/szallas-etkezes-ayurveda-haz\/","url":"https:\/\/calendula.hu\/szallas-etkezes-ayurveda-haz\/","name":"Sz\u00e1ll\u00e1s-\u00e9tkez\u00e9s-ayurv\u00e9da h\u00e1z - Calendula Klinika - Si\u00f3fok","isPartOf":{"@id":"https:\/\/calendula.hu\/#website"},"primaryImageOfPage":{"@id":"https:\/\/calendula.hu\/szallas-etkezes-ayurveda-haz\/#primaryimage"},"image":{"@id":"https:\/\/calendula.hu\/szallas-etkezes-ayurveda-haz\/#primaryimage"},"thumbnailUrl":"https:\/\/calendula.hu\/wp-content\/uploads\/2023\/03\/CALENDULA_311.jpg","datePublished":"2026-04-14T14:23:08+00:00","dateModified":"2026-04-16T11:16:23+00:00","breadcrumb":{"@id":"https:\/\/calendula.hu\/szallas-etkezes-ayurveda-haz\/#breadcrumb"},"inLanguage":"ru-RU","potentialAction":[{"@type":"ReadAction","target":["https:\/\/calendula.hu\/szallas-etkezes-ayurveda-haz\/"]}]},{"@type":"ImageObject","inLanguage":"ru-RU","@id":"https:\/\/calendula.hu\/szallas-etkezes-ayurveda-haz\/#primaryimage","url":"https:\/\/calendula.hu\/wp-content\/uploads\/2023\/03\/CALENDULA_311.jpg","contentUrl":"https:\/\/calendula.hu\/wp-content\/uploads\/2023\/03\/CALENDULA_311.jpg"},{"@type":"BreadcrumbList","@id":"https:\/\/calendula.hu\/szallas-etkezes-ayurveda-haz\/#breadcrumb","itemListElement":[{"@type":"ListItem","position":1,"name":"Home","item":"https:\/\/calendula.hu\/hu\/"},{"@type":"ListItem","position":2,"name":"Sz\u00e1ll\u00e1s-\u00e9tkez\u00e9s-ayurv\u00e9da h\u00e1z"}]},{"@type":"WebSite","@id":"https:\/\/calendula.hu\/#website","url":"https:\/\/calendula.hu\/","name":"Calendula Klinika - Si\u00f3fok","description":"","potentialAction":[{"@type":"SearchAction","target":{"@type":"EntryPoint","urlTemplate":"https:\/\/calendula.hu\/?s={search_term_string}"},"query-input":{"@type":"PropertyValueSpecification","valueRequired":true,"valueName":"search_term_string"}}],"inLanguage":"ru-RU"}]}},"_links":{"self":[{"href":"https:\/\/calendula.hu\/ru\/wp-json\/wp\/v2\/pages\/13221","targetHints":{"allow":["GET"]}}],"collection":[{"href":"https:\/\/calendula.hu\/ru\/wp-json\/wp\/v2\/pages"}],"about":[{"href":"https:\/\/calendula.hu\/ru\/wp-json\/wp\/v2\/types\/page"}],"author":[{"embeddable":true,"href":"https:\/\/calendula.hu\/ru\/wp-json\/wp\/v2\/users\/9"}],"replies":[{"embeddable":true,"href":"https:\/\/calendula.hu\/ru\/wp-json\/wp\/v2\/comments?post=13221"}],"version-history":[{"count":13,"href":"https:\/\/calendula.hu\/ru\/wp-json\/wp\/v2\/pages\/13221\/revisions"}],"predecessor-version":[{"id":13237,"href":"https:\/\/calendula.hu\/ru\/wp-json\/wp\/v2\/pages\/13221\/revisions\/13237"}],"wp:attachment":[{"href":"https:\/\/calendula.hu\/ru\/wp-json\/wp\/v2\/media?parent=13221"}],"curies":[{"name":"wp","href":"https:\/\/api.w.org\/{rel}","templated":true}]}}