{"id":11471,"date":"2026-01-23T08:41:05","date_gmt":"2026-01-23T07:41:05","guid":{"rendered":"https:\/\/calendula.hu\/?page_id=11471"},"modified":"2026-02-20T16:11:14","modified_gmt":"2026-02-20T15:11:14","slug":"kollagenes-mezoterapia","status":"publish","type":"page","link":"https:\/\/calendula.hu\/sk\/kollagenes-mezoterapia\/","title":{"rendered":"Kolag\u00e9nov\u00e1 mezoterapia"},"content":{"rendered":"<div data-elementor-type=\"wp-page\" data-elementor-id=\"11471\" class=\"elementor elementor-11471\" data-elementor-post-type=\"page\">\n\t\t\t\t<div class=\"elementor-element elementor-element-0217c07 e-con-full e-flex e-con e-parent\" data-id=\"0217c07\" data-element_type=\"container\" data-e-type=\"container\">\n\t\t\t\t<div class=\"elementor-element elementor-element-cb28d38 elementor-align-left elementor-widget elementor-widget-pages-banner\" data-id=\"cb28d38\" data-element_type=\"widget\" data-e-type=\"widget\" data-widget_type=\"pages-banner.default\">\n\t\t\t\t<div class=\"elementor-widget-container\">\n\t\t\t\t\t\r\n\t\t\t\t<div class=\"banner-header section-padding valign bg-img bg-fixed\" data-overlay-dark=\"4\" data-background=\"https:\/\/calendula.hu\/wp-content\/uploads\/2026\/01\/calendula-kollagen-kezeles.png\">\r\n\t\t\t\t\t<div class=\"container\">\r\n\t\t\t\t<div class=\"row\">\r\n\t\t\t\t\t<div class=\"col-md-12 caption mt-90\">\r\n\t\t\t\t\t\t\t\t\t\t\t\t\t\t\t\t\t\t<h1>Kolag\u00e9nov\u00e1 mezoterapia<\/h1>\r\n\t\t\t\t\t\t\t\t\t\t\t<\/div>\r\n\t\t\t\t<\/div>\r\n\t\t\t<\/div>\r\n\t\t<\/div>\r\n\r\n\t\t\t\t\t<\/div>\n\t\t\t\t<\/div>\n\t\t\t\t<\/div>\n\t\t<div class=\"elementor-element elementor-element-34ac8c7 e-flex e-con-boxed e-con e-parent\" data-id=\"34ac8c7\" data-element_type=\"container\" data-e-type=\"container\" data-settings=\"{&quot;shape_divider_top&quot;:&quot;opacity-fan&quot;,&quot;shape_divider_bottom&quot;:&quot;opacity-fan&quot;}\">\n\t\t\t\t\t<div class=\"e-con-inner\">\n\t\t\t\t<div class=\"elementor-shape elementor-shape-top\" aria-hidden=\"true\" data-negative=\"false\">\n\t\t\t<svg xmlns=\"http:\/\/www.w3.org\/2000\/svg\" viewbox=\"0 0 283.5 19.6\" preserveaspectratio=\"none\">\n\t<path class=\"elementor-shape-fill\" style=\"opacity:0.33\" d=\"M0 0L0 18.8 141.8 4.1 283.5 18.8 283.5 0z\"\/>\n\t<path class=\"elementor-shape-fill\" style=\"opacity:0.33\" d=\"M0 0L0 12.6 141.8 4 283.5 12.6 283.5 0z\"\/>\n\t<path class=\"elementor-shape-fill\" style=\"opacity:0.33\" d=\"M0 0L0 6.4 141.8 4 283.5 6.4 283.5 0z\"\/>\n\t<path class=\"elementor-shape-fill\" d=\"M0 0L0 1.2 141.8 4 283.5 1.2 283.5 0z\"\/>\n<\/svg>\t\t<\/div>\n\t\t\t\t<div class=\"elementor-shape elementor-shape-bottom\" aria-hidden=\"true\" data-negative=\"false\">\n\t\t\t<svg xmlns=\"http:\/\/www.w3.org\/2000\/svg\" viewbox=\"0 0 283.5 19.6\" preserveaspectratio=\"none\">\n\t<path class=\"elementor-shape-fill\" style=\"opacity:0.33\" d=\"M0 0L0 18.8 141.8 4.1 283.5 18.8 283.5 0z\"\/>\n\t<path class=\"elementor-shape-fill\" style=\"opacity:0.33\" d=\"M0 0L0 12.6 141.8 4 283.5 12.6 283.5 0z\"\/>\n\t<path class=\"elementor-shape-fill\" style=\"opacity:0.33\" d=\"M0 0L0 6.4 141.8 4 283.5 6.4 283.5 0z\"\/>\n\t<path class=\"elementor-shape-fill\" d=\"M0 0L0 1.2 141.8 4 283.5 1.2 283.5 0z\"\/>\n<\/svg>\t\t<\/div>\n\t\t<div class=\"elementor-element elementor-element-6d67fa6 e-grid e-con-full e-con e-child\" data-id=\"6d67fa6\" data-element_type=\"container\" data-e-type=\"container\">\n\t\t<div class=\"elementor-element elementor-element-b593baf e-con-full e-flex e-con e-child\" data-id=\"b593baf\" data-element_type=\"container\" data-e-type=\"container\">\n\t\t\t\t<div class=\"elementor-element elementor-element-9b3e64e elementor-widget elementor-widget-heading\" data-id=\"9b3e64e\" data-element_type=\"widget\" data-e-type=\"widget\" data-widget_type=\"heading.default\">\n\t\t\t\t<div class=\"elementor-widget-container\">\n\t\t\t\t\t<h3 class=\"elementor-heading-title elementor-size-default\">T\u00e1to kolag\u00e9nov\u00e1 mezoterapia je ide\u00e1lnou vo\u013ebou pre ka\u017ed\u00e9ho, kto t\u00fa\u017ei po svie\u017eom a \u017eiarivom vzh\u013eade, tr\u00e1pi ho vr\u00e1sky a h\u013ead\u00e1 pr\u00edrodn\u00e9 rie\u0161enia pre omladenie poko\u017eky.<\/h3>\t\t\t\t<\/div>\n\t\t\t\t<\/div>\n\t\t\t\t<div class=\"elementor-element elementor-element-8205585 elementor-widget elementor-widget-text-editor\" data-id=\"8205585\" data-element_type=\"widget\" data-e-type=\"widget\" data-widget_type=\"text-editor.default\">\n\t\t\t\t<div class=\"elementor-widget-container\">\n\t\t\t\t\t\t\t\t\t<h3><strong style=\"font-size: 16px;\">Vhodn\u00e9 pre:<\/strong><\/h3><ul><li>na spevnenie zrelej poko\u017eky (tv\u00e1r, krk, dekolt, ruky),<\/li><li>na redukciu vr\u00e1sok,<\/li><li>na revitaliz\u00e1ciu slnkom po\u0161koden\u00e9, suchej, mdl\u00e9 poko\u017eky,<\/li><li>na vy\u017eivenie vlasovej poko\u017eky,<\/li><li>na estetick\u00e9 o\u0161etrenie jaziev.<\/li><\/ul><p>Pr\u00edrodn\u00e1 proced\u00fara na omladenie poko\u017eky, ktor\u00e1 nesp\u00f4sobuje umel\u00e9 zmeny.<\/p>\t\t\t\t\t\t\t\t<\/div>\n\t\t\t\t<\/div>\n\t\t\t\t<\/div>\n\t\t<div class=\"elementor-element elementor-element-71ebd0c e-con-full e-flex e-con e-child\" data-id=\"71ebd0c\" data-element_type=\"container\" data-e-type=\"container\">\n\t\t\t\t<div class=\"elementor-element elementor-element-3389018 elementor-widget elementor-widget-image\" data-id=\"3389018\" data-element_type=\"widget\" data-e-type=\"widget\" data-widget_type=\"image.default\">\n\t\t\t\t<div class=\"elementor-widget-container\">\n\t\t\t\t\t\t\t\t\t\t\t\t\t\t\t<img loading=\"lazy\" decoding=\"async\" width=\"667\" height=\"1000\" src=\"https:\/\/calendula.hu\/wp-content\/uploads\/2026\/01\/calendula-kollagen-kezeles.png\" class=\"attachment-full size-full wp-image-11577\" alt=\"calendula-kollagen-kezeles\" srcset=\"https:\/\/calendula.hu\/wp-content\/uploads\/2026\/01\/calendula-kollagen-kezeles.png 667w, https:\/\/calendula.hu\/wp-content\/uploads\/2026\/01\/calendula-kollagen-kezeles-200x300.png 200w, https:\/\/calendula.hu\/wp-content\/uploads\/2026\/01\/calendula-kollagen-kezeles-8x12.png 8w\" sizes=\"auto, (max-width: 667px) 100vw, 667px\" \/>\t\t\t\t\t\t\t\t\t\t\t\t\t\t\t<\/div>\n\t\t\t\t<\/div>\n\t\t\t\t<\/div>\n\t\t\t\t<\/div>\n\t\t\t\t\t<\/div>\n\t\t\t\t<\/div>\n\t\t\t\t<\/div>","protected":false},"excerpt":{"rendered":"<p>Kollag\u00e9nes mezoter\u00e1pia Mindenki, aki \u00fcde \u00e9s friss kin\u00e9zetre v\u00e1gyik, akit zavarnak a r\u00e1ncok \u00e9s aki keresi a term\u00e9szetes b\u0151rfiatal\u00edt\u00f3 megold\u00e1sokat t\u00f6k\u00e9letes v\u00e1laszt\u00e1s ez a kollag\u00e9nes mezoter\u00e1pi\u00e1s kezel\u00e9s. Alkalmas:\u00e9rett b\u0151r feszes\u00edt\u00e9s\u00e9re (arc, nyak, dekolt\u00e1zs, k\u00e9zfej),r\u00e1ncok cs\u00f6kkent\u00e9s\u00e9re,napf\u00e9nyk\u00e1rosodott sz\u00e1raz fak\u00f3 b\u0151r revitaliz\u00e1l\u00e1s\u00e1ra,hajas fejb\u0151r t\u00e1pl\u00e1l\u00e1s\u00e1ra,hegek eszt\u00e9tikai kezel\u00e9s\u00e9re.Term\u00e9szetes b\u0151rfiatal\u00edt\u0151 elj\u00e1r\u00e1s, amely nem okoz mesterk\u00e9lt v\u00e1ltoz\u00e1st.<\/p>","protected":false},"author":9,"featured_media":0,"parent":0,"menu_order":0,"comment_status":"closed","ping_status":"closed","template":"page-templates\/dark-sidebar.php","meta":{"footnotes":""},"class_list":["post-11471","page","type-page","status-publish","hentry"],"yoast_head":"<!-- This site is optimized with the Yoast SEO Premium plugin v19.5 (Yoast SEO v27.4) - https:\/\/yoast.com\/product\/yoast-seo-premium-wordpress\/ -->\n<title>Kollag\u00e9nes mezoter\u00e1pia - Calendula Klinika - Si\u00f3fok<\/title>\n<meta name=\"robots\" content=\"index, follow, max-snippet:-1, max-image-preview:large, max-video-preview:-1\" \/>\n<link rel=\"canonical\" href=\"https:\/\/calendula.hu\/sk\/kollagenes-mezoterapia\/\" \/>\n<meta property=\"og:locale\" content=\"sk_SK\" \/>\n<meta property=\"og:type\" content=\"article\" \/>\n<meta property=\"og:title\" content=\"Kollag\u00e9nes mezoter\u00e1pia\" \/>\n<meta property=\"og:description\" content=\"Kollag\u00e9nes mezoter\u00e1pia Mindenki, aki \u00fcde \u00e9s friss kin\u00e9zetre v\u00e1gyik, akit zavarnak a r\u00e1ncok \u00e9s aki keresi a term\u00e9szetes b\u0151rfiatal\u00edt\u00f3 megold\u00e1sokat t\u00f6k\u00e9letes v\u00e1laszt\u00e1s ez a kollag\u00e9nes mezoter\u00e1pi\u00e1s kezel\u00e9s. Alkalmas:\u00e9rett b\u0151r feszes\u00edt\u00e9s\u00e9re (arc, nyak, dekolt\u00e1zs, k\u00e9zfej),r\u00e1ncok cs\u00f6kkent\u00e9s\u00e9re,napf\u00e9nyk\u00e1rosodott sz\u00e1raz fak\u00f3 b\u0151r revitaliz\u00e1l\u00e1s\u00e1ra,hajas fejb\u0151r t\u00e1pl\u00e1l\u00e1s\u00e1ra,hegek eszt\u00e9tikai kezel\u00e9s\u00e9re.Term\u00e9szetes b\u0151rfiatal\u00edt\u0151 elj\u00e1r\u00e1s, amely nem okoz mesterk\u00e9lt v\u00e1ltoz\u00e1st.\" \/>\n<meta property=\"og:url\" content=\"https:\/\/calendula.hu\/sk\/kollagenes-mezoterapia\/\" \/>\n<meta property=\"og:site_name\" content=\"Calendula Klinika - Si\u00f3fok\" \/>\n<meta property=\"article:modified_time\" content=\"2026-02-20T15:11:14+00:00\" \/>\n<meta property=\"og:image\" content=\"https:\/\/calendula.hu\/wp-content\/uploads\/2026\/01\/calendula-kollagen-kezeles.png\" \/>\n\t<meta property=\"og:image:width\" content=\"667\" \/>\n\t<meta property=\"og:image:height\" content=\"1000\" \/>\n\t<meta property=\"og:image:type\" content=\"image\/png\" \/>\n<meta name=\"twitter:card\" content=\"summary_large_image\" \/>\n<meta name=\"twitter:label1\" content=\"Predpokladan\u00fd \u010das \u010d\u00edtania\" \/>\n\t<meta name=\"twitter:data1\" content=\"1 min\u00fata\" \/>\n<script type=\"application\/ld+json\" class=\"yoast-schema-graph\">{\"@context\":\"https:\\\/\\\/schema.org\",\"@graph\":[{\"@type\":\"WebPage\",\"@id\":\"https:\\\/\\\/calendula.hu\\\/kollagenes-mezoterapia\\\/\",\"url\":\"https:\\\/\\\/calendula.hu\\\/kollagenes-mezoterapia\\\/\",\"name\":\"Kollag\u00e9nes mezoter\u00e1pia - Calendula Klinika - Si\u00f3fok\",\"isPartOf\":{\"@id\":\"https:\\\/\\\/calendula.hu\\\/#website\"},\"primaryImageOfPage\":{\"@id\":\"https:\\\/\\\/calendula.hu\\\/kollagenes-mezoterapia\\\/#primaryimage\"},\"image\":{\"@id\":\"https:\\\/\\\/calendula.hu\\\/kollagenes-mezoterapia\\\/#primaryimage\"},\"thumbnailUrl\":\"https:\\\/\\\/calendula.hu\\\/wp-content\\\/uploads\\\/2026\\\/01\\\/calendula-kollagen-kezeles.png\",\"datePublished\":\"2026-01-23T07:41:05+00:00\",\"dateModified\":\"2026-02-20T15:11:14+00:00\",\"breadcrumb\":{\"@id\":\"https:\\\/\\\/calendula.hu\\\/kollagenes-mezoterapia\\\/#breadcrumb\"},\"inLanguage\":\"sk-SK\",\"potentialAction\":[{\"@type\":\"ReadAction\",\"target\":[\"https:\\\/\\\/calendula.hu\\\/kollagenes-mezoterapia\\\/\"]}]},{\"@type\":\"ImageObject\",\"inLanguage\":\"sk-SK\",\"@id\":\"https:\\\/\\\/calendula.hu\\\/kollagenes-mezoterapia\\\/#primaryimage\",\"url\":\"https:\\\/\\\/calendula.hu\\\/wp-content\\\/uploads\\\/2026\\\/01\\\/calendula-kollagen-kezeles.png\",\"contentUrl\":\"https:\\\/\\\/calendula.hu\\\/wp-content\\\/uploads\\\/2026\\\/01\\\/calendula-kollagen-kezeles.png\"},{\"@type\":\"BreadcrumbList\",\"@id\":\"https:\\\/\\\/calendula.hu\\\/kollagenes-mezoterapia\\\/#breadcrumb\",\"itemListElement\":[{\"@type\":\"ListItem\",\"position\":1,\"name\":\"Home\",\"item\":\"https:\\\/\\\/calendula.hu\\\/\"},{\"@type\":\"ListItem\",\"position\":2,\"name\":\"Kollag\u00e9nes mezoter\u00e1pia\"}]},{\"@type\":\"WebSite\",\"@id\":\"https:\\\/\\\/calendula.hu\\\/#website\",\"url\":\"https:\\\/\\\/calendula.hu\\\/\",\"name\":\"Calendula Klinika - Si\u00f3fok\",\"description\":\"\",\"potentialAction\":[{\"@type\":\"SearchAction\",\"target\":{\"@type\":\"EntryPoint\",\"urlTemplate\":\"https:\\\/\\\/calendula.hu\\\/?s={search_term_string}\"},\"query-input\":{\"@type\":\"PropertyValueSpecification\",\"valueRequired\":true,\"valueName\":\"search_term_string\"}}],\"inLanguage\":\"sk-SK\"}]}<\/script>\n<!-- \/ Yoast SEO Premium plugin. -->","yoast_head_json":{"title":"Kollag\u00e9nes mezoter\u00e1pia - Calendula Klinika - Si\u00f3fok","robots":{"index":"index","follow":"follow","max-snippet":"max-snippet:-1","max-image-preview":"max-image-preview:large","max-video-preview":"max-video-preview:-1"},"canonical":"https:\/\/calendula.hu\/sk\/kollagenes-mezoterapia\/","og_locale":"sk_SK","og_type":"article","og_title":"Kollag\u00e9nes mezoter\u00e1pia","og_description":"Kollag\u00e9nes mezoter\u00e1pia Mindenki, aki \u00fcde \u00e9s friss kin\u00e9zetre v\u00e1gyik, akit zavarnak a r\u00e1ncok \u00e9s aki keresi a term\u00e9szetes b\u0151rfiatal\u00edt\u00f3 megold\u00e1sokat t\u00f6k\u00e9letes v\u00e1laszt\u00e1s ez a kollag\u00e9nes mezoter\u00e1pi\u00e1s kezel\u00e9s. Alkalmas:\u00e9rett b\u0151r feszes\u00edt\u00e9s\u00e9re (arc, nyak, dekolt\u00e1zs, k\u00e9zfej),r\u00e1ncok cs\u00f6kkent\u00e9s\u00e9re,napf\u00e9nyk\u00e1rosodott sz\u00e1raz fak\u00f3 b\u0151r revitaliz\u00e1l\u00e1s\u00e1ra,hajas fejb\u0151r t\u00e1pl\u00e1l\u00e1s\u00e1ra,hegek eszt\u00e9tikai kezel\u00e9s\u00e9re.Term\u00e9szetes b\u0151rfiatal\u00edt\u0151 elj\u00e1r\u00e1s, amely nem okoz mesterk\u00e9lt v\u00e1ltoz\u00e1st.","og_url":"https:\/\/calendula.hu\/sk\/kollagenes-mezoterapia\/","og_site_name":"Calendula Klinika - Si\u00f3fok","article_modified_time":"2026-02-20T15:11:14+00:00","og_image":[{"width":667,"height":1000,"url":"https:\/\/calendula.hu\/wp-content\/uploads\/2026\/01\/calendula-kollagen-kezeles.png","type":"image\/png"}],"twitter_card":"summary_large_image","twitter_misc":{"Predpokladan\u00fd \u010das \u010d\u00edtania":"1 min\u00fata"},"schema":{"@context":"https:\/\/schema.org","@graph":[{"@type":"WebPage","@id":"https:\/\/calendula.hu\/kollagenes-mezoterapia\/","url":"https:\/\/calendula.hu\/kollagenes-mezoterapia\/","name":"Kollag\u00e9nes mezoter\u00e1pia - Calendula Klinika - Si\u00f3fok","isPartOf":{"@id":"https:\/\/calendula.hu\/#website"},"primaryImageOfPage":{"@id":"https:\/\/calendula.hu\/kollagenes-mezoterapia\/#primaryimage"},"image":{"@id":"https:\/\/calendula.hu\/kollagenes-mezoterapia\/#primaryimage"},"thumbnailUrl":"https:\/\/calendula.hu\/wp-content\/uploads\/2026\/01\/calendula-kollagen-kezeles.png","datePublished":"2026-01-23T07:41:05+00:00","dateModified":"2026-02-20T15:11:14+00:00","breadcrumb":{"@id":"https:\/\/calendula.hu\/kollagenes-mezoterapia\/#breadcrumb"},"inLanguage":"sk-SK","potentialAction":[{"@type":"ReadAction","target":["https:\/\/calendula.hu\/kollagenes-mezoterapia\/"]}]},{"@type":"ImageObject","inLanguage":"sk-SK","@id":"https:\/\/calendula.hu\/kollagenes-mezoterapia\/#primaryimage","url":"https:\/\/calendula.hu\/wp-content\/uploads\/2026\/01\/calendula-kollagen-kezeles.png","contentUrl":"https:\/\/calendula.hu\/wp-content\/uploads\/2026\/01\/calendula-kollagen-kezeles.png"},{"@type":"BreadcrumbList","@id":"https:\/\/calendula.hu\/kollagenes-mezoterapia\/#breadcrumb","itemListElement":[{"@type":"ListItem","position":1,"name":"Home","item":"https:\/\/calendula.hu\/"},{"@type":"ListItem","position":2,"name":"Kollag\u00e9nes mezoter\u00e1pia"}]},{"@type":"WebSite","@id":"https:\/\/calendula.hu\/#website","url":"https:\/\/calendula.hu\/","name":"Klinika Calendula - Siofok","description":"","potentialAction":[{"@type":"SearchAction","target":{"@type":"EntryPoint","urlTemplate":"https:\/\/calendula.hu\/?s={search_term_string}"},"query-input":{"@type":"PropertyValueSpecification","valueRequired":true,"valueName":"search_term_string"}}],"inLanguage":"sk-SK"}]}},"_links":{"self":[{"href":"https:\/\/calendula.hu\/sk\/wp-json\/wp\/v2\/pages\/11471","targetHints":{"allow":["GET"]}}],"collection":[{"href":"https:\/\/calendula.hu\/sk\/wp-json\/wp\/v2\/pages"}],"about":[{"href":"https:\/\/calendula.hu\/sk\/wp-json\/wp\/v2\/types\/page"}],"author":[{"embeddable":true,"href":"https:\/\/calendula.hu\/sk\/wp-json\/wp\/v2\/users\/9"}],"replies":[{"embeddable":true,"href":"https:\/\/calendula.hu\/sk\/wp-json\/wp\/v2\/comments?post=11471"}],"version-history":[{"count":64,"href":"https:\/\/calendula.hu\/sk\/wp-json\/wp\/v2\/pages\/11471\/revisions"}],"predecessor-version":[{"id":12459,"href":"https:\/\/calendula.hu\/sk\/wp-json\/wp\/v2\/pages\/11471\/revisions\/12459"}],"wp:attachment":[{"href":"https:\/\/calendula.hu\/sk\/wp-json\/wp\/v2\/media?parent=11471"}],"curies":[{"name":"wp","href":"https:\/\/api.w.org\/{rel}","templated":true}]}}