{"id":11473,"date":"2026-01-23T08:41:34","date_gmt":"2026-01-23T07:41:34","guid":{"rendered":"https:\/\/calendula.hu\/?page_id=11473"},"modified":"2026-02-20T16:13:56","modified_gmt":"2026-02-20T15:13:56","slug":"hylauronsavas-feltoltesek","status":"publish","type":"page","link":"https:\/\/calendula.hu\/sk\/hylauronsavas-feltoltesek\/","title":{"rendered":"Doplnenie kyseliny hylaur\u00f3novej"},"content":{"rendered":"<div data-elementor-type=\"wp-page\" data-elementor-id=\"11473\" class=\"elementor elementor-11473\" data-elementor-post-type=\"page\">\n\t\t\t\t<div class=\"elementor-element elementor-element-88d792c e-con-full e-flex e-con e-parent\" data-id=\"88d792c\" data-element_type=\"container\" data-e-type=\"container\">\n\t\t\t\t<div class=\"elementor-element elementor-element-6fe1a16 elementor-align-left elementor-widget elementor-widget-pages-banner\" data-id=\"6fe1a16\" data-element_type=\"widget\" data-e-type=\"widget\" data-widget_type=\"pages-banner.default\">\n\t\t\t\t<div class=\"elementor-widget-container\">\n\t\t\t\t\t\r\n\t\t\t\t<div class=\"banner-header section-padding valign bg-img bg-fixed\" data-overlay-dark=\"4\" data-background=\"https:\/\/calendula.hu\/wp-content\/uploads\/2026\/01\/calendula-hyaluron-toltes.png\">\r\n\t\t\t\t\t<div class=\"container\">\r\n\t\t\t\t<div class=\"row\">\r\n\t\t\t\t\t<div class=\"col-md-12 caption mt-90\">\r\n\t\t\t\t\t\t\t\t\t\t\t\t\t\t\t\t\t\t<h1>Doplnenie kyseliny hylaur\u00f3novej<\/h1>\r\n\t\t\t\t\t\t\t\t\t\t\t<\/div>\r\n\t\t\t\t<\/div>\r\n\t\t\t<\/div>\r\n\t\t<\/div>\r\n\r\n\t\t\t\t\t<\/div>\n\t\t\t\t<\/div>\n\t\t\t\t<\/div>\n\t\t<div class=\"elementor-element elementor-element-bdd95a7 e-flex e-con-boxed e-con e-parent\" data-id=\"bdd95a7\" data-element_type=\"container\" data-e-type=\"container\" data-settings=\"{&quot;shape_divider_top&quot;:&quot;opacity-fan&quot;,&quot;shape_divider_bottom&quot;:&quot;opacity-fan&quot;}\">\n\t\t\t\t\t<div class=\"e-con-inner\">\n\t\t\t\t<div class=\"elementor-shape elementor-shape-top\" aria-hidden=\"true\" data-negative=\"false\">\n\t\t\t<svg xmlns=\"http:\/\/www.w3.org\/2000\/svg\" viewbox=\"0 0 283.5 19.6\" preserveaspectratio=\"none\">\n\t<path class=\"elementor-shape-fill\" style=\"opacity:0.33\" d=\"M0 0L0 18.8 141.8 4.1 283.5 18.8 283.5 0z\"\/>\n\t<path class=\"elementor-shape-fill\" style=\"opacity:0.33\" d=\"M0 0L0 12.6 141.8 4 283.5 12.6 283.5 0z\"\/>\n\t<path class=\"elementor-shape-fill\" style=\"opacity:0.33\" d=\"M0 0L0 6.4 141.8 4 283.5 6.4 283.5 0z\"\/>\n\t<path class=\"elementor-shape-fill\" d=\"M0 0L0 1.2 141.8 4 283.5 1.2 283.5 0z\"\/>\n<\/svg>\t\t<\/div>\n\t\t\t\t<div class=\"elementor-shape elementor-shape-bottom\" aria-hidden=\"true\" data-negative=\"false\">\n\t\t\t<svg xmlns=\"http:\/\/www.w3.org\/2000\/svg\" viewbox=\"0 0 283.5 19.6\" preserveaspectratio=\"none\">\n\t<path class=\"elementor-shape-fill\" style=\"opacity:0.33\" d=\"M0 0L0 18.8 141.8 4.1 283.5 18.8 283.5 0z\"\/>\n\t<path class=\"elementor-shape-fill\" style=\"opacity:0.33\" d=\"M0 0L0 12.6 141.8 4 283.5 12.6 283.5 0z\"\/>\n\t<path class=\"elementor-shape-fill\" style=\"opacity:0.33\" d=\"M0 0L0 6.4 141.8 4 283.5 6.4 283.5 0z\"\/>\n\t<path class=\"elementor-shape-fill\" d=\"M0 0L0 1.2 141.8 4 283.5 1.2 283.5 0z\"\/>\n<\/svg>\t\t<\/div>\n\t\t<div class=\"elementor-element elementor-element-db13bae e-grid e-con-full e-con e-child\" data-id=\"db13bae\" data-element_type=\"container\" data-e-type=\"container\">\n\t\t<div class=\"elementor-element elementor-element-e9be59d e-con-full e-flex e-con e-child\" data-id=\"e9be59d\" data-element_type=\"container\" data-e-type=\"container\">\n\t\t\t\t<div class=\"elementor-element elementor-element-5d949a7 elementor-widget elementor-widget-heading\" data-id=\"5d949a7\" data-element_type=\"widget\" data-e-type=\"widget\" data-widget_type=\"heading.default\">\n\t\t\t\t<div class=\"elementor-widget-container\">\n\t\t\t\t\t<h3 class=\"elementor-heading-title elementor-size-default\">Estetick\u00e9 v\u00fdplne s kyselinou hyalur\u00f3novou pom\u00e1haj\u00fa revitalizova\u0165 tv\u00e1r a z\u00e1rove\u0148 zachova\u0165 zdravie poko\u017eky a jej prirodzen\u00fa kr\u00e1su. Cie\u013eom proced\u00fary je obnovi\u0165 svie\u017eos\u0165 tv\u00e1re, udr\u017ea\u0165 harmonick\u00fd vzh\u013ead, hydratova\u0165 poko\u017eku a doplni\u0165 straten\u00fd objem. V\u0161etky z\u00e1kroky s\u00fa vykon\u00e1van\u00e9 s lek\u00e1rskou odbornos\u0165ou a pod anest\u00e9ziou. Ide o prirodzen\u00e9 rie\u0161enie, preto\u017ee kyselina hyalur\u00f3nov\u00e1 je l\u00e1tka prirodzene pr\u00edtomn\u00e1 v tele. Dr. Di\u00e1na Proszeny\u00e1k, lek\u00e1rka Kliniky Calendula, venuje osobitn\u00fa pozornos\u0165 zachovaniu prirodzen\u00fdch proporci\u00ed a individu\u00e1lnej kr\u00e1sy po\u010das o\u0161etrenia. Na\u0161e slu\u017eby s\u00fa dostupn\u00e9 pre v\u0161etk\u00fdch a na na\u0161ej klinike v Si\u00f3foku poskytujeme r\u00fdchle term\u00edny a o\u0161etrenie bez \u010dakania.<\/h3>\t\t\t\t<\/div>\n\t\t\t\t<\/div>\n\t\t\t\t<\/div>\n\t\t<div class=\"elementor-element elementor-element-a512579 e-con-full e-flex e-con e-child\" data-id=\"a512579\" data-element_type=\"container\" data-e-type=\"container\">\n\t\t\t\t<div class=\"elementor-element elementor-element-07b03b9 elementor-widget elementor-widget-image\" data-id=\"07b03b9\" data-element_type=\"widget\" data-e-type=\"widget\" data-widget_type=\"image.default\">\n\t\t\t\t<div class=\"elementor-widget-container\">\n\t\t\t\t\t\t\t\t\t\t\t\t\t\t\t<img loading=\"lazy\" decoding=\"async\" width=\"667\" height=\"1000\" src=\"https:\/\/calendula.hu\/wp-content\/uploads\/2026\/01\/calendula-hyaluron-toltes.png\" class=\"attachment-full size-full wp-image-11578\" alt=\"calendula-hyaluron-toltes\" srcset=\"https:\/\/calendula.hu\/wp-content\/uploads\/2026\/01\/calendula-hyaluron-toltes.png 667w, https:\/\/calendula.hu\/wp-content\/uploads\/2026\/01\/calendula-hyaluron-toltes-200x300.png 200w, https:\/\/calendula.hu\/wp-content\/uploads\/2026\/01\/calendula-hyaluron-toltes-8x12.png 8w\" sizes=\"auto, (max-width: 667px) 100vw, 667px\" \/>\t\t\t\t\t\t\t\t\t\t\t\t\t\t\t<\/div>\n\t\t\t\t<\/div>\n\t\t\t\t<\/div>\n\t\t\t\t<\/div>\n\t\t\t\t\t<\/div>\n\t\t\t\t<\/div>\n\t\t\t\t<\/div>","protected":false},"excerpt":{"rendered":"<p>Hylauronsavas felt\u00f6lt\u00e9sek A hylauronsavas eszt\u00e9tikai felt\u00f6lt\u00e9s seg\u00edt arc revitaliz\u00e1ci\u00f3j\u00e1ban, a b\u0151r eg\u00e9szs\u00e9g\u00e9nek \u00e9s term\u00e9szetes sz\u00e9ps\u00e9g\u00e9nek meg\u0151rz\u00e9s\u00e9ben. C\u00e9lja az arc frissess\u00e9g\u00e9nek vissza\u00e1ll\u00edt\u00e1sa \u00e9s a harmonikus megjelen\u00e9s fenntart\u00e1sa, a b\u0151r hidrat\u00e1l\u00e1sa, valamint az elvesztett volumen p\u00f3tl\u00e1sa. Minden beavatkoz\u00e1s orvosi szak\u00e9rtelemmel, \u00e9rz\u00e9stelen\u00edt\u00e9s mellett t\u00f6rt\u00e9nik.\u00a0 Term\u00e9szetes megold\u00e1s hiszen a hylauronsav a szervezet\u00fcnkben is jelen l\u00e9v\u0151 anyag. Dr. Proszeny\u00e1k Di\u00e1na, [&hellip;]<\/p>\n","protected":false},"author":9,"featured_media":0,"parent":0,"menu_order":0,"comment_status":"closed","ping_status":"closed","template":"page-templates\/dark-sidebar.php","meta":{"footnotes":""},"class_list":["post-11473","page","type-page","status-publish","hentry"],"yoast_head":"<!-- This site is optimized with the Yoast SEO Premium plugin v19.5 (Yoast SEO v27.4) - https:\/\/yoast.com\/product\/yoast-seo-premium-wordpress\/ -->\n<title>Hylauronsavas felt\u00f6lt\u00e9sek - Calendula Klinika - Si\u00f3fok<\/title>\n<meta name=\"robots\" content=\"index, follow, max-snippet:-1, max-image-preview:large, max-video-preview:-1\" \/>\n<link rel=\"canonical\" href=\"https:\/\/calendula.hu\/sk\/hylauronsavas-feltoltesek\/\" \/>\n<meta property=\"og:locale\" content=\"sk_SK\" \/>\n<meta property=\"og:type\" content=\"article\" \/>\n<meta property=\"og:title\" content=\"Hylauronsavas felt\u00f6lt\u00e9sek\" \/>\n<meta property=\"og:description\" content=\"Hylauronsavas felt\u00f6lt\u00e9sek A hylauronsavas eszt\u00e9tikai felt\u00f6lt\u00e9s seg\u00edt arc revitaliz\u00e1ci\u00f3j\u00e1ban, a b\u0151r eg\u00e9szs\u00e9g\u00e9nek \u00e9s term\u00e9szetes sz\u00e9ps\u00e9g\u00e9nek meg\u0151rz\u00e9s\u00e9ben. C\u00e9lja az arc frissess\u00e9g\u00e9nek vissza\u00e1ll\u00edt\u00e1sa \u00e9s a harmonikus megjelen\u00e9s fenntart\u00e1sa, a b\u0151r hidrat\u00e1l\u00e1sa, valamint az elvesztett volumen p\u00f3tl\u00e1sa. Minden beavatkoz\u00e1s orvosi szak\u00e9rtelemmel, \u00e9rz\u00e9stelen\u00edt\u00e9s mellett t\u00f6rt\u00e9nik.\u00a0 Term\u00e9szetes megold\u00e1s hiszen a hylauronsav a szervezet\u00fcnkben is jelen l\u00e9v\u0151 anyag. Dr. Proszeny\u00e1k Di\u00e1na, [&hellip;]\" \/>\n<meta property=\"og:url\" content=\"https:\/\/calendula.hu\/sk\/hylauronsavas-feltoltesek\/\" \/>\n<meta property=\"og:site_name\" content=\"Calendula Klinika - Si\u00f3fok\" \/>\n<meta property=\"article:modified_time\" content=\"2026-02-20T15:13:56+00:00\" \/>\n<meta property=\"og:image\" content=\"https:\/\/calendula.hu\/wp-content\/uploads\/2026\/01\/calendula-hyaluron-toltes.png\" \/>\n\t<meta property=\"og:image:width\" content=\"667\" \/>\n\t<meta property=\"og:image:height\" content=\"1000\" \/>\n\t<meta property=\"og:image:type\" content=\"image\/png\" \/>\n<meta name=\"twitter:card\" content=\"summary_large_image\" \/>\n<meta name=\"twitter:label1\" content=\"Predpokladan\u00fd \u010das \u010d\u00edtania\" \/>\n\t<meta name=\"twitter:data1\" content=\"1 min\u00fata\" \/>\n<script type=\"application\/ld+json\" class=\"yoast-schema-graph\">{\"@context\":\"https:\\\/\\\/schema.org\",\"@graph\":[{\"@type\":\"WebPage\",\"@id\":\"https:\\\/\\\/calendula.hu\\\/hylauronsavas-feltoltesek\\\/\",\"url\":\"https:\\\/\\\/calendula.hu\\\/hylauronsavas-feltoltesek\\\/\",\"name\":\"Hylauronsavas felt\u00f6lt\u00e9sek - Calendula Klinika - Si\u00f3fok\",\"isPartOf\":{\"@id\":\"https:\\\/\\\/calendula.hu\\\/#website\"},\"primaryImageOfPage\":{\"@id\":\"https:\\\/\\\/calendula.hu\\\/hylauronsavas-feltoltesek\\\/#primaryimage\"},\"image\":{\"@id\":\"https:\\\/\\\/calendula.hu\\\/hylauronsavas-feltoltesek\\\/#primaryimage\"},\"thumbnailUrl\":\"https:\\\/\\\/calendula.hu\\\/wp-content\\\/uploads\\\/2026\\\/01\\\/calendula-hyaluron-toltes.png\",\"datePublished\":\"2026-01-23T07:41:34+00:00\",\"dateModified\":\"2026-02-20T15:13:56+00:00\",\"breadcrumb\":{\"@id\":\"https:\\\/\\\/calendula.hu\\\/hylauronsavas-feltoltesek\\\/#breadcrumb\"},\"inLanguage\":\"sk-SK\",\"potentialAction\":[{\"@type\":\"ReadAction\",\"target\":[\"https:\\\/\\\/calendula.hu\\\/hylauronsavas-feltoltesek\\\/\"]}]},{\"@type\":\"ImageObject\",\"inLanguage\":\"sk-SK\",\"@id\":\"https:\\\/\\\/calendula.hu\\\/hylauronsavas-feltoltesek\\\/#primaryimage\",\"url\":\"https:\\\/\\\/calendula.hu\\\/wp-content\\\/uploads\\\/2026\\\/01\\\/calendula-hyaluron-toltes.png\",\"contentUrl\":\"https:\\\/\\\/calendula.hu\\\/wp-content\\\/uploads\\\/2026\\\/01\\\/calendula-hyaluron-toltes.png\"},{\"@type\":\"BreadcrumbList\",\"@id\":\"https:\\\/\\\/calendula.hu\\\/hylauronsavas-feltoltesek\\\/#breadcrumb\",\"itemListElement\":[{\"@type\":\"ListItem\",\"position\":1,\"name\":\"Home\",\"item\":\"https:\\\/\\\/calendula.hu\\\/\"},{\"@type\":\"ListItem\",\"position\":2,\"name\":\"Hylauronsavas felt\u00f6lt\u00e9sek\"}]},{\"@type\":\"WebSite\",\"@id\":\"https:\\\/\\\/calendula.hu\\\/#website\",\"url\":\"https:\\\/\\\/calendula.hu\\\/\",\"name\":\"Calendula Klinika - Si\u00f3fok\",\"description\":\"\",\"potentialAction\":[{\"@type\":\"SearchAction\",\"target\":{\"@type\":\"EntryPoint\",\"urlTemplate\":\"https:\\\/\\\/calendula.hu\\\/?s={search_term_string}\"},\"query-input\":{\"@type\":\"PropertyValueSpecification\",\"valueRequired\":true,\"valueName\":\"search_term_string\"}}],\"inLanguage\":\"sk-SK\"}]}<\/script>\n<!-- \/ Yoast SEO Premium plugin. -->","yoast_head_json":{"title":"Hylauronsavas felt\u00f6lt\u00e9sek - Calendula Klinika - Si\u00f3fok","robots":{"index":"index","follow":"follow","max-snippet":"max-snippet:-1","max-image-preview":"max-image-preview:large","max-video-preview":"max-video-preview:-1"},"canonical":"https:\/\/calendula.hu\/sk\/hylauronsavas-feltoltesek\/","og_locale":"sk_SK","og_type":"article","og_title":"Hylauronsavas felt\u00f6lt\u00e9sek","og_description":"Hylauronsavas felt\u00f6lt\u00e9sek A hylauronsavas eszt\u00e9tikai felt\u00f6lt\u00e9s seg\u00edt arc revitaliz\u00e1ci\u00f3j\u00e1ban, a b\u0151r eg\u00e9szs\u00e9g\u00e9nek \u00e9s term\u00e9szetes sz\u00e9ps\u00e9g\u00e9nek meg\u0151rz\u00e9s\u00e9ben. C\u00e9lja az arc frissess\u00e9g\u00e9nek vissza\u00e1ll\u00edt\u00e1sa \u00e9s a harmonikus megjelen\u00e9s fenntart\u00e1sa, a b\u0151r hidrat\u00e1l\u00e1sa, valamint az elvesztett volumen p\u00f3tl\u00e1sa. Minden beavatkoz\u00e1s orvosi szak\u00e9rtelemmel, \u00e9rz\u00e9stelen\u00edt\u00e9s mellett t\u00f6rt\u00e9nik.\u00a0 Term\u00e9szetes megold\u00e1s hiszen a hylauronsav a szervezet\u00fcnkben is jelen l\u00e9v\u0151 anyag. Dr. Proszeny\u00e1k Di\u00e1na, [&hellip;]","og_url":"https:\/\/calendula.hu\/sk\/hylauronsavas-feltoltesek\/","og_site_name":"Calendula Klinika - Si\u00f3fok","article_modified_time":"2026-02-20T15:13:56+00:00","og_image":[{"width":667,"height":1000,"url":"https:\/\/calendula.hu\/wp-content\/uploads\/2026\/01\/calendula-hyaluron-toltes.png","type":"image\/png"}],"twitter_card":"summary_large_image","twitter_misc":{"Predpokladan\u00fd \u010das \u010d\u00edtania":"1 min\u00fata"},"schema":{"@context":"https:\/\/schema.org","@graph":[{"@type":"WebPage","@id":"https:\/\/calendula.hu\/hylauronsavas-feltoltesek\/","url":"https:\/\/calendula.hu\/hylauronsavas-feltoltesek\/","name":"Hylauronsavas felt\u00f6lt\u00e9sek - Calendula Klinika - Si\u00f3fok","isPartOf":{"@id":"https:\/\/calendula.hu\/#website"},"primaryImageOfPage":{"@id":"https:\/\/calendula.hu\/hylauronsavas-feltoltesek\/#primaryimage"},"image":{"@id":"https:\/\/calendula.hu\/hylauronsavas-feltoltesek\/#primaryimage"},"thumbnailUrl":"https:\/\/calendula.hu\/wp-content\/uploads\/2026\/01\/calendula-hyaluron-toltes.png","datePublished":"2026-01-23T07:41:34+00:00","dateModified":"2026-02-20T15:13:56+00:00","breadcrumb":{"@id":"https:\/\/calendula.hu\/hylauronsavas-feltoltesek\/#breadcrumb"},"inLanguage":"sk-SK","potentialAction":[{"@type":"ReadAction","target":["https:\/\/calendula.hu\/hylauronsavas-feltoltesek\/"]}]},{"@type":"ImageObject","inLanguage":"sk-SK","@id":"https:\/\/calendula.hu\/hylauronsavas-feltoltesek\/#primaryimage","url":"https:\/\/calendula.hu\/wp-content\/uploads\/2026\/01\/calendula-hyaluron-toltes.png","contentUrl":"https:\/\/calendula.hu\/wp-content\/uploads\/2026\/01\/calendula-hyaluron-toltes.png"},{"@type":"BreadcrumbList","@id":"https:\/\/calendula.hu\/hylauronsavas-feltoltesek\/#breadcrumb","itemListElement":[{"@type":"ListItem","position":1,"name":"Home","item":"https:\/\/calendula.hu\/"},{"@type":"ListItem","position":2,"name":"Hylauronsavas felt\u00f6lt\u00e9sek"}]},{"@type":"WebSite","@id":"https:\/\/calendula.hu\/#website","url":"https:\/\/calendula.hu\/","name":"Klinika Calendula - Siofok","description":"","potentialAction":[{"@type":"SearchAction","target":{"@type":"EntryPoint","urlTemplate":"https:\/\/calendula.hu\/?s={search_term_string}"},"query-input":{"@type":"PropertyValueSpecification","valueRequired":true,"valueName":"search_term_string"}}],"inLanguage":"sk-SK"}]}},"_links":{"self":[{"href":"https:\/\/calendula.hu\/sk\/wp-json\/wp\/v2\/pages\/11473","targetHints":{"allow":["GET"]}}],"collection":[{"href":"https:\/\/calendula.hu\/sk\/wp-json\/wp\/v2\/pages"}],"about":[{"href":"https:\/\/calendula.hu\/sk\/wp-json\/wp\/v2\/types\/page"}],"author":[{"embeddable":true,"href":"https:\/\/calendula.hu\/sk\/wp-json\/wp\/v2\/users\/9"}],"replies":[{"embeddable":true,"href":"https:\/\/calendula.hu\/sk\/wp-json\/wp\/v2\/comments?post=11473"}],"version-history":[{"count":37,"href":"https:\/\/calendula.hu\/sk\/wp-json\/wp\/v2\/pages\/11473\/revisions"}],"predecessor-version":[{"id":12468,"href":"https:\/\/calendula.hu\/sk\/wp-json\/wp\/v2\/pages\/11473\/revisions\/12468"}],"wp:attachment":[{"href":"https:\/\/calendula.hu\/sk\/wp-json\/wp\/v2\/media?parent=11473"}],"curies":[{"name":"wp","href":"https:\/\/api.w.org\/{rel}","templated":true}]}}