{"id":13221,"date":"2026-04-14T16:23:08","date_gmt":"2026-04-14T14:23:08","guid":{"rendered":"https:\/\/calendula.hu\/?page_id=13221"},"modified":"2026-04-16T13:16:23","modified_gmt":"2026-04-16T11:16:23","slug":"szallas-etkezes-ayurveda-haz","status":"publish","type":"page","link":"https:\/\/calendula.hu\/sk\/szallas-etkezes-ayurveda-haz\/","title":{"rendered":"Sz\u00e1ll\u00e1s-\u00e9tkez\u00e9s-ayurv\u00e9da h\u00e1z"},"content":{"rendered":"<div data-elementor-type=\"wp-page\" data-elementor-id=\"13221\" class=\"elementor elementor-13221\" data-elementor-post-type=\"page\">\n\t\t\t\t\t\t<section class=\"elementor-section elementor-top-section elementor-element elementor-element-3f30a5c elementor-section-boxed elementor-section-height-default elementor-section-height-default\" data-id=\"3f30a5c\" data-element_type=\"section\" data-e-type=\"section\">\n\t\t\t\t\t\t<div class=\"elementor-container elementor-column-gap-default\">\n\t\t\t\t\t<div class=\"elementor-column elementor-col-100 elementor-top-column elementor-element elementor-element-3ee5271\" data-id=\"3ee5271\" data-element_type=\"column\" data-e-type=\"column\">\n\t\t\t<div class=\"elementor-widget-wrap elementor-element-populated\">\n\t\t\t\t\t\t<div class=\"elementor-element elementor-element-a3096d3 elementor-align-left elementor-widget elementor-widget-pages-banner\" data-id=\"a3096d3\" data-element_type=\"widget\" data-e-type=\"widget\" data-widget_type=\"pages-banner.default\">\n\t\t\t\t<div class=\"elementor-widget-container\">\n\t\t\t\t\t\r\n\t\t\t\t<div class=\"banner-header section-padding valign bg-img bg-fixed\" data-overlay-dark=\"4\" data-background=\"https:\/\/calendula.hu\/wp-content\/uploads\/2025\/02\/calendula-ayurveda-haz-2.jpg\">\r\n\t\t\t\t\t<div class=\"container\">\r\n\t\t\t\t<div class=\"row\">\r\n\t\t\t\t\t<div class=\"col-md-12 caption mt-90\">\r\n\t\t\t\t\t\t\t\t\t\t\t\t<h5>Klinika Calendula \u2013 \u00c1jurv\u00e9dsky dom<\/h5>\r\n\t\t\t\t\t\t\t\t\t\t\t\t\t\t\t\t\t\t<h1>Izby<\/h1>\r\n\t\t\t\t\t\t\t\t\t\t\t<\/div>\r\n\t\t\t\t<\/div>\r\n\t\t\t<\/div>\r\n\t\t<\/div>\r\n\r\n\t\t\t\t\t<\/div>\n\t\t\t\t<\/div>\n\t\t\t\t\t<\/div>\n\t\t<\/div>\n\t\t\t\t\t<\/div>\n\t\t<\/section>\n\t\t<div class=\"elementor-element elementor-element-2985745 e-ecs-flex e-flex e-con-boxed e-con e-parent\" data-id=\"2985745\" data-element_type=\"container\" data-e-type=\"container\" data-settings=\"{&quot;shape_divider_top&quot;:&quot;opacity-tilt&quot;,&quot;shape_divider_bottom&quot;:&quot;opacity-fan&quot;,&quot;ecs_container_type&quot;:&quot;flex&quot;}\">\n\t\t\t\t\t<div class=\"e-con-inner\">\n\t\t\t\t<div class=\"elementor-shape elementor-shape-top\" aria-hidden=\"true\" data-negative=\"false\">\n\t\t\t<svg xmlns=\"http:\/\/www.w3.org\/2000\/svg\" viewbox=\"0 0 2600 131.1\" preserveaspectratio=\"none\">\n\t<path class=\"elementor-shape-fill\" d=\"M0 0L2600 0 2600 69.1 0 0z\"\/>\n\t<path class=\"elementor-shape-fill\" style=\"opacity:0.5\" d=\"M0 0L2600 0 2600 69.1 0 69.1z\"\/>\n\t<path class=\"elementor-shape-fill\" style=\"opacity:0.25\" d=\"M2600 0L0 0 0 130.1 2600 69.1z\"\/>\n<\/svg>\t\t<\/div>\n\t\t\t\t<div class=\"elementor-shape elementor-shape-bottom\" aria-hidden=\"true\" data-negative=\"false\">\n\t\t\t<svg xmlns=\"http:\/\/www.w3.org\/2000\/svg\" viewbox=\"0 0 283.5 19.6\" preserveaspectratio=\"none\">\n\t<path class=\"elementor-shape-fill\" style=\"opacity:0.33\" d=\"M0 0L0 18.8 141.8 4.1 283.5 18.8 283.5 0z\"\/>\n\t<path class=\"elementor-shape-fill\" style=\"opacity:0.33\" d=\"M0 0L0 12.6 141.8 4 283.5 12.6 283.5 0z\"\/>\n\t<path class=\"elementor-shape-fill\" style=\"opacity:0.33\" d=\"M0 0L0 6.4 141.8 4 283.5 6.4 283.5 0z\"\/>\n\t<path class=\"elementor-shape-fill\" d=\"M0 0L0 1.2 141.8 4 283.5 1.2 283.5 0z\"\/>\n<\/svg>\t\t<\/div>\n\t\t\t\t<div class=\"elementor-element elementor-element-dd918ce elementor-widget elementor-widget-heading\" data-id=\"dd918ce\" data-element_type=\"widget\" data-e-type=\"widget\" data-widget_type=\"heading.default\">\n\t\t\t\t<div class=\"elementor-widget-container\">\n\t\t\t\t\t<div class=\"elementor-heading-title elementor-size-default\">Ubytovanie v Si\u00f3foku laden\u00e9 na harm\u00f3niu<\/div>\t\t\t\t<\/div>\n\t\t\t\t<\/div>\n\t\t\t\t<div class=\"elementor-element elementor-element-14e2ffc elementor-widget elementor-widget-heading\" data-id=\"14e2ffc\" data-element_type=\"widget\" data-e-type=\"widget\" data-widget_type=\"heading.default\">\n\t\t\t\t<div class=\"elementor-widget-container\">\n\t\t\t\t\t<div class=\"elementor-heading-title elementor-size-default\">Calendula \u00c1jurv\u00e9dsky dom<\/div>\t\t\t\t<\/div>\n\t\t\t\t<\/div>\n\t\t\t\t<div class=\"elementor-element elementor-element-fa97506 elementor-widget elementor-widget-text-editor\" data-id=\"fa97506\" data-element_type=\"widget\" data-e-type=\"widget\" data-widget_type=\"text-editor.default\">\n\t\t\t\t<div class=\"elementor-widget-container\">\n\t\t\t\t\t\t\t\t\t<p>Calendula \u00c1jurv\u00e9dsky dom poskytuje pokojn\u00e9 a pohodln\u00e9 ubytovanie pre t\u00fdch, ktor\u00ed si chc\u00fa odd\u00fdchnu\u0165 alebo na\u010derpa\u0165 energiu v tichom a upravenom prostred\u00ed.<\/p>\t\t\t\t\t\t\t\t<\/div>\n\t\t\t\t<\/div>\n\t\t\t\t<div class=\"elementor-element elementor-element-ab77208 elementor-widget elementor-widget-text-editor\" data-id=\"ab77208\" data-element_type=\"widget\" data-e-type=\"widget\" data-widget_type=\"text-editor.default\">\n\t\t\t\t<div class=\"elementor-widget-container\">\n\t\t\t\t\t\t\t\t\t<p data-start=\"283\" data-end=\"395\"><strong>Dom je ur\u010den\u00fd predov\u0161etk\u00fdm pre host\u00ed, ktor\u00ed sa z\u00fa\u010dast\u0148uj\u00fa programov Jarn\u00e1 o\u010dista a Mana\u017ement stresu.<\/strong><\/p><p data-start=\"397\" data-end=\"669\">Charakteristick\u00e9 s\u00fa \u010dist\u00e9, minimalistick\u00e9 priestory a pr\u00edrodn\u00e9 materi\u00e1ly, ktor\u00e9 vytv\u00e1raj\u00fa pr\u00edjemn\u00e9 a preh\u013eadn\u00e9 prostredie na oddych. Umiestnenie budovy je praktick\u00e9: miesta proced\u00far a stravovania s\u00fa dostupn\u00e9 kr\u00e1tkou prech\u00e1dzkou, tak\u017ee denn\u00fd program je pohodlne realizovate\u013en\u00fd.<\/p>\t\t\t\t\t\t\t\t<\/div>\n\t\t\t\t<\/div>\n\t\t\t\t\t<\/div>\n\t\t\t\t<\/div>\n\t\t\t\t<section class=\"elementor-section elementor-top-section elementor-element elementor-element-7fc669d elementor-section-boxed elementor-section-height-default elementor-section-height-default\" data-id=\"7fc669d\" data-element_type=\"section\" data-e-type=\"section\">\n\t\t\t\t\t\t<div class=\"elementor-container elementor-column-gap-default\">\n\t\t\t\t\t<div class=\"elementor-column elementor-col-100 elementor-top-column elementor-element elementor-element-0566f63\" data-id=\"0566f63\" data-element_type=\"column\" data-e-type=\"column\">\n\t\t\t<div class=\"elementor-widget-wrap elementor-element-populated\">\n\t\t\t\t\t\t<div class=\"elementor-element elementor-element-9577f34 two-column-rooms elementor-align-center elementor-widget elementor-widget-home-room\" data-id=\"9577f34\" data-element_type=\"widget\" data-e-type=\"widget\" data-widget_type=\"home-room.default\">\n\t\t\t\t<div class=\"elementor-widget-container\">\n\t\t\t\t\t\n\t\t\t\t<section class=\"rooms1 section-padding bg-black\" data-scroll-index=\"1\">\n\t\t\t \n\t\t\t<div class=\"container\">\n\t\t\t\t<div class=\"row\">\n\t\t\t\t\t<div class=\"col-md-12\">\n\t\t\t\t\t\t\t\t\t\t\t\t\t\t\t\t\t<\/div>\n\t\t\t\t<\/div>\n\t\t\t\t<div class=\"row\">\n\t\t\t\t\t\t\t\t\t\t\t\t\t\t\t\t\t\t<div class=\"col-md-4\">\n\t\t\t\t\t\t\t\t<div class=\"item\">\n\t\t\t\t\t\t\t\t\t<div class=\"position-re o-hidden\"> <img decoding=\"async\" src=\"https:\/\/calendula.hu\/wp-content\/uploads\/2023\/03\/CALENDULA_311.jpg\" alt=\"\"> <\/div> \n\t\t\t\t\t\t\t\t\t\t\t\t\t\t\t\t\t\t<div class=\"con\">\n\t\t\t\t\t\t\t\t\t\t<h6><a href=\"https:\/\/calendula.hu\/sk\/room\/double\/\"><\/a><\/h6>\n\t\t\t\t\t\t\t\t\t\t<h5><a href=\"https:\/\/calendula.hu\/sk\/room\/double\/\">\u0160tandardn\u00e1 dvojl\u00f4\u017ekov\u00e1 izba<\/a> <\/h5>\n\t\t\t\t\t\t\t\t\t\t<div class=\"line\"><\/div>\n\t\t\t\t\t\t\t\t\t\t<div class=\"row facilities\">\n\t\t\t\t\t\t\t\t\t\t\t<div class=\"col col-md-7\">\n\t\t\t\t\t\t\t\t\t\t\t\t<ul>\n\t\t\t\t\t\t\t\t\t\t\t\t\t<ul>\r\n<li><\/li>\r\n<li><\/li>\r\n<li><\/li>\r\n<li><\/li>\r\n<\/ul>\r\n\t\t\t\t\t\t\t\t\t\t\t\t<\/ul>\n\t\t\t\t\t\t\t\t\t\t\t<\/div>\n\t\t\t\t\t\t\t\t\t\t\t<div class=\"col col-md-5 text-right\">\n\t\t\t\t\t\t\t\t\t\t\t\t\t\t\t\t\t\t\t\t\t\t\t\t<div class=\"permalink\"><a href=\"https:\/\/calendula.hu\/sk\/room\/double\/\">Details <i class=\"ti-arrow-right\"><\/i><\/a><\/div>\n\t\t\t\t\t\t\t\t\t\t\t\t\t\t\t\t\t\t\t\t\t\t\t<\/div>\n\t\t\t\t\t\t\t\t\t\t<\/div>\n\t\t\t\t\t\t\t\t\t<\/div>\n\t\t\t\t\t\t\t\t<\/div>\n\t\t\t\t\t\t\t<\/div>\n\t\t\t\t\t\t\t\t\t\t\t\t\t\t\t\t\t\t\t\t\t\t\t\t<div class=\"col-md-4\">\n\t\t\t\t\t\t\t\t<div class=\"item\">\n\t\t\t\t\t\t\t\t\t<div class=\"position-re o-hidden\"> <img decoding=\"async\" src=\"https:\/\/calendula.hu\/wp-content\/uploads\/2023\/02\/CALENDULA_256-1.jpg\" alt=\"\"> <\/div> \n\t\t\t\t\t\t\t\t\t\t\t\t\t\t\t\t\t\t<div class=\"con\">\n\t\t\t\t\t\t\t\t\t\t<h6><a href=\"https:\/\/calendula.hu\/sk\/room\/standard-erkelyes\/\"><\/a><\/h6>\n\t\t\t\t\t\t\t\t\t\t<h5><a href=\"https:\/\/calendula.hu\/sk\/room\/standard-erkelyes\/\">\u0160tandard s balk\u00f3nom<\/a> <\/h5>\n\t\t\t\t\t\t\t\t\t\t<div class=\"line\"><\/div>\n\t\t\t\t\t\t\t\t\t\t<div class=\"row facilities\">\n\t\t\t\t\t\t\t\t\t\t\t<div class=\"col col-md-7\">\n\t\t\t\t\t\t\t\t\t\t\t\t<ul>\n\t\t\t\t\t\t\t\t\t\t\t\t\t<ul>\r\n<li><\/li>\r\n<li><\/li>\r\n<li><\/li>\r\n<li><\/li>\r\n<\/ul>\r\n\t\t\t\t\t\t\t\t\t\t\t\t<\/ul>\n\t\t\t\t\t\t\t\t\t\t\t<\/div>\n\t\t\t\t\t\t\t\t\t\t\t<div class=\"col col-md-5 text-right\">\n\t\t\t\t\t\t\t\t\t\t\t\t\t\t\t\t\t\t\t\t\t\t\t\t<div class=\"permalink\"><a href=\"https:\/\/calendula.hu\/sk\/room\/standard-erkelyes\/\">Details <i class=\"ti-arrow-right\"><\/i><\/a><\/div>\n\t\t\t\t\t\t\t\t\t\t\t\t\t\t\t\t\t\t\t\t\t\t\t<\/div>\n\t\t\t\t\t\t\t\t\t\t<\/div>\n\t\t\t\t\t\t\t\t\t<\/div>\n\t\t\t\t\t\t\t\t<\/div>\n\t\t\t\t\t\t\t<\/div>\n\t\t\t\t\t\t\t\t\t\t\t\t\t\t\t<\/div>\n\t\t\t<\/div>\n\t\t<\/section>\n\n\t\t\t\t\t<\/div>\n\t\t\t\t<\/div>\n\t\t\t\t\t<\/div>\n\t\t<\/div>\n\t\t\t\t\t<\/div>\n\t\t<\/section>\n\t\t\t\t<section class=\"elementor-section elementor-top-section elementor-element elementor-element-fc94d2d elementor-section-boxed elementor-section-height-default elementor-section-height-default\" data-id=\"fc94d2d\" data-element_type=\"section\" data-e-type=\"section\">\n\t\t\t\t\t\t<div class=\"elementor-container elementor-column-gap-default\">\n\t\t\t\t\t<div class=\"elementor-column elementor-col-100 elementor-top-column elementor-element elementor-element-4a385d7\" data-id=\"4a385d7\" data-element_type=\"column\" data-e-type=\"column\">\n\t\t\t<div class=\"elementor-widget-wrap elementor-element-populated\">\n\t\t\t\t\t\t<div class=\"elementor-element elementor-element-219bdd0 elementor-widget elementor-widget-text-editor\" data-id=\"219bdd0\" data-element_type=\"widget\" data-e-type=\"widget\" data-widget_type=\"text-editor.default\">\n\t\t\t\t<div class=\"elementor-widget-container\">\n\t\t\t\t\t\t\t\t\t<p>Nech si vyberiete ak\u00fako\u013evek izbu, v na\u0161ej klinike sme vytvorili v\u0161etky podmienky, aby bol v\u00e1\u0161 pobyt \u010do najpohodlnej\u0161\u00ed a lie\u010dba \u010do najefekt\u00edvnej\u0161ia.<\/p><p>Klinika poskytuje transferov\u00e9 slu\u017eby medzi\u00a0<strong>Budape\u0161\u0165ou, Vied\u0148ou, S\u00e1rmell\u00e9kom a Si\u00f3fokom.<\/strong> Pre host\u00ed prich\u00e1dzaj\u00facich autom je k dispoz\u00edcii bezplatn\u00e9 parkovanie priamo na mieste.<\/p><p>Upozor\u0148ujeme, \u017ee ubytovanie je mo\u017en\u00e9 rezervova\u0165 len s lie\u010dbou!<\/p><p><strong>Postup rezerv\u00e1cie:\u00a0<\/strong>Svoju \u017eiados\u0165 o rezerv\u00e1ciu za\u0161lite na\u00a0<a href=\"mailto:info@calendula.hu\">info@calendula.hu<\/a>\u00a0alebo n\u00e1s kontaktujte telefonicky na \u010d\u00edsle\u00a0<a href=\"tel:+36 20 261 7447\">+36 20 261 7447<\/a>. Uve\u010fte, pros\u00edm, po\u017eadovan\u00fd d\u00e1tum pr\u00edchodu a svoje kontaktn\u00e9 \u00fadaje. N\u00e1sledne v\u00e1s bude kontaktova\u0165 n\u00e1\u0161 mana\u017e\u00e9r a poskytne v\u00e1m inform\u00e1cie o dostupn\u00fdch izb\u00e1ch v danom term\u00edne.<\/p>\t\t\t\t\t\t\t\t<\/div>\n\t\t\t\t<\/div>\n\t\t\t\t\t<\/div>\n\t\t<\/div>\n\t\t\t\t\t<\/div>\n\t\t<\/section>\n\t\t\t\t<\/div>","protected":false},"excerpt":{"rendered":"<p>Calendula klinika &#8211; Ayurv\u00e9da-h\u00e1z Szob\u00e1k Harm\u00f3ni\u00e1ra hangolt sz\u00e1ll\u00e1s Si\u00f3fokon Calendula Ayurv\u00e9da h\u00e1z A Calendula Ayurveda H\u00e1z nyugodt, k\u00e9nyelmes sz\u00e1ll\u00e1st biztos\u00edt azoknak, akik rendezett, csendes k\u00f6rnyezetben szeretn\u00e9nek pihenni vagy felt\u00f6lt\u0151dni.A h\u00e1z els\u0151sorban a Tavaszi tisztul\u00e1s \u00e9s a Stressz menedzsment programokon r\u00e9szt vev\u0151 vend\u00e9gek sz\u00e1m\u00e1ra \u00e9rhet\u0151 el.A kialak\u00edt\u00e1sra a letisztult terek \u00e9s term\u00e9szetes anyagok jellemz\u0151ek, amelyek kellemes, [&hellip;]<\/p>\n","protected":false},"author":9,"featured_media":0,"parent":0,"menu_order":0,"comment_status":"closed","ping_status":"closed","template":"page-templates\/dark-sidebar.php","meta":{"footnotes":""},"class_list":["post-13221","page","type-page","status-publish","hentry"],"yoast_head":"<!-- This site is optimized with the Yoast SEO Premium plugin v19.5 (Yoast SEO v27.5) - https:\/\/yoast.com\/product\/yoast-seo-premium-wordpress\/ -->\n<title>Sz\u00e1ll\u00e1s-\u00e9tkez\u00e9s-ayurv\u00e9da h\u00e1z - Calendula Klinika - Si\u00f3fok<\/title>\n<meta name=\"robots\" content=\"index, follow, max-snippet:-1, max-image-preview:large, max-video-preview:-1\" \/>\n<link rel=\"canonical\" href=\"https:\/\/calendula.hu\/sk\/szallas-etkezes-ayurveda-haz\/\" \/>\n<meta property=\"og:locale\" content=\"sk_SK\" \/>\n<meta property=\"og:type\" content=\"article\" \/>\n<meta property=\"og:title\" content=\"Sz\u00e1ll\u00e1s-\u00e9tkez\u00e9s-ayurv\u00e9da h\u00e1z\" \/>\n<meta property=\"og:description\" content=\"Calendula klinika &#8211; Ayurv\u00e9da-h\u00e1z Szob\u00e1k Harm\u00f3ni\u00e1ra hangolt sz\u00e1ll\u00e1s Si\u00f3fokon Calendula Ayurv\u00e9da h\u00e1z A Calendula Ayurveda H\u00e1z nyugodt, k\u00e9nyelmes sz\u00e1ll\u00e1st biztos\u00edt azoknak, akik rendezett, csendes k\u00f6rnyezetben szeretn\u00e9nek pihenni vagy felt\u00f6lt\u0151dni.A h\u00e1z els\u0151sorban a Tavaszi tisztul\u00e1s \u00e9s a Stressz menedzsment programokon r\u00e9szt vev\u0151 vend\u00e9gek sz\u00e1m\u00e1ra \u00e9rhet\u0151 el.A kialak\u00edt\u00e1sra a letisztult terek \u00e9s term\u00e9szetes anyagok jellemz\u0151ek, amelyek kellemes, [&hellip;]\" \/>\n<meta property=\"og:url\" content=\"https:\/\/calendula.hu\/sk\/szallas-etkezes-ayurveda-haz\/\" \/>\n<meta property=\"og:site_name\" content=\"Calendula Klinika - Si\u00f3fok\" \/>\n<meta property=\"article:modified_time\" content=\"2026-04-16T11:16:23+00:00\" \/>\n<meta property=\"og:image\" content=\"https:\/\/calendula.hu\/wp-content\/uploads\/2023\/03\/CALENDULA_311.jpg\" \/>\n<meta name=\"twitter:card\" content=\"summary_large_image\" \/>\n<meta name=\"twitter:label1\" content=\"Predpokladan\u00fd \u010das \u010d\u00edtania\" \/>\n\t<meta name=\"twitter:data1\" content=\"2 min\u00faty\" \/>\n<script type=\"application\/ld+json\" class=\"yoast-schema-graph\">{\"@context\":\"https:\\\/\\\/schema.org\",\"@graph\":[{\"@type\":\"WebPage\",\"@id\":\"https:\\\/\\\/calendula.hu\\\/szallas-etkezes-ayurveda-haz\\\/\",\"url\":\"https:\\\/\\\/calendula.hu\\\/szallas-etkezes-ayurveda-haz\\\/\",\"name\":\"Sz\u00e1ll\u00e1s-\u00e9tkez\u00e9s-ayurv\u00e9da h\u00e1z - Calendula Klinika - Si\u00f3fok\",\"isPartOf\":{\"@id\":\"https:\\\/\\\/calendula.hu\\\/#website\"},\"primaryImageOfPage\":{\"@id\":\"https:\\\/\\\/calendula.hu\\\/szallas-etkezes-ayurveda-haz\\\/#primaryimage\"},\"image\":{\"@id\":\"https:\\\/\\\/calendula.hu\\\/szallas-etkezes-ayurveda-haz\\\/#primaryimage\"},\"thumbnailUrl\":\"https:\\\/\\\/calendula.hu\\\/wp-content\\\/uploads\\\/2023\\\/03\\\/CALENDULA_311.jpg\",\"datePublished\":\"2026-04-14T14:23:08+00:00\",\"dateModified\":\"2026-04-16T11:16:23+00:00\",\"breadcrumb\":{\"@id\":\"https:\\\/\\\/calendula.hu\\\/szallas-etkezes-ayurveda-haz\\\/#breadcrumb\"},\"inLanguage\":\"sk-SK\",\"potentialAction\":[{\"@type\":\"ReadAction\",\"target\":[\"https:\\\/\\\/calendula.hu\\\/szallas-etkezes-ayurveda-haz\\\/\"]}]},{\"@type\":\"ImageObject\",\"inLanguage\":\"sk-SK\",\"@id\":\"https:\\\/\\\/calendula.hu\\\/szallas-etkezes-ayurveda-haz\\\/#primaryimage\",\"url\":\"https:\\\/\\\/calendula.hu\\\/wp-content\\\/uploads\\\/2023\\\/03\\\/CALENDULA_311.jpg\",\"contentUrl\":\"https:\\\/\\\/calendula.hu\\\/wp-content\\\/uploads\\\/2023\\\/03\\\/CALENDULA_311.jpg\"},{\"@type\":\"BreadcrumbList\",\"@id\":\"https:\\\/\\\/calendula.hu\\\/szallas-etkezes-ayurveda-haz\\\/#breadcrumb\",\"itemListElement\":[{\"@type\":\"ListItem\",\"position\":1,\"name\":\"Home\",\"item\":\"https:\\\/\\\/calendula.hu\\\/hu\\\/\"},{\"@type\":\"ListItem\",\"position\":2,\"name\":\"Sz\u00e1ll\u00e1s-\u00e9tkez\u00e9s-ayurv\u00e9da h\u00e1z\"}]},{\"@type\":\"WebSite\",\"@id\":\"https:\\\/\\\/calendula.hu\\\/#website\",\"url\":\"https:\\\/\\\/calendula.hu\\\/\",\"name\":\"Calendula Klinika - Si\u00f3fok\",\"description\":\"\",\"potentialAction\":[{\"@type\":\"SearchAction\",\"target\":{\"@type\":\"EntryPoint\",\"urlTemplate\":\"https:\\\/\\\/calendula.hu\\\/?s={search_term_string}\"},\"query-input\":{\"@type\":\"PropertyValueSpecification\",\"valueRequired\":true,\"valueName\":\"search_term_string\"}}],\"inLanguage\":\"sk-SK\"}]}<\/script>\n<!-- \/ Yoast SEO Premium plugin. -->","yoast_head_json":{"title":"Sz\u00e1ll\u00e1s-\u00e9tkez\u00e9s-ayurv\u00e9da h\u00e1z - Calendula Klinika - Si\u00f3fok","robots":{"index":"index","follow":"follow","max-snippet":"max-snippet:-1","max-image-preview":"max-image-preview:large","max-video-preview":"max-video-preview:-1"},"canonical":"https:\/\/calendula.hu\/sk\/szallas-etkezes-ayurveda-haz\/","og_locale":"sk_SK","og_type":"article","og_title":"Sz\u00e1ll\u00e1s-\u00e9tkez\u00e9s-ayurv\u00e9da h\u00e1z","og_description":"Calendula klinika &#8211; Ayurv\u00e9da-h\u00e1z Szob\u00e1k Harm\u00f3ni\u00e1ra hangolt sz\u00e1ll\u00e1s Si\u00f3fokon Calendula Ayurv\u00e9da h\u00e1z A Calendula Ayurveda H\u00e1z nyugodt, k\u00e9nyelmes sz\u00e1ll\u00e1st biztos\u00edt azoknak, akik rendezett, csendes k\u00f6rnyezetben szeretn\u00e9nek pihenni vagy felt\u00f6lt\u0151dni.A h\u00e1z els\u0151sorban a Tavaszi tisztul\u00e1s \u00e9s a Stressz menedzsment programokon r\u00e9szt vev\u0151 vend\u00e9gek sz\u00e1m\u00e1ra \u00e9rhet\u0151 el.A kialak\u00edt\u00e1sra a letisztult terek \u00e9s term\u00e9szetes anyagok jellemz\u0151ek, amelyek kellemes, [&hellip;]","og_url":"https:\/\/calendula.hu\/sk\/szallas-etkezes-ayurveda-haz\/","og_site_name":"Calendula Klinika - Si\u00f3fok","article_modified_time":"2026-04-16T11:16:23+00:00","og_image":[{"url":"https:\/\/calendula.hu\/wp-content\/uploads\/2023\/03\/CALENDULA_311.jpg","type":"","width":"","height":""}],"twitter_card":"summary_large_image","twitter_misc":{"Predpokladan\u00fd \u010das \u010d\u00edtania":"2 min\u00faty"},"schema":{"@context":"https:\/\/schema.org","@graph":[{"@type":"WebPage","@id":"https:\/\/calendula.hu\/szallas-etkezes-ayurveda-haz\/","url":"https:\/\/calendula.hu\/szallas-etkezes-ayurveda-haz\/","name":"Sz\u00e1ll\u00e1s-\u00e9tkez\u00e9s-ayurv\u00e9da h\u00e1z - Calendula Klinika - Si\u00f3fok","isPartOf":{"@id":"https:\/\/calendula.hu\/#website"},"primaryImageOfPage":{"@id":"https:\/\/calendula.hu\/szallas-etkezes-ayurveda-haz\/#primaryimage"},"image":{"@id":"https:\/\/calendula.hu\/szallas-etkezes-ayurveda-haz\/#primaryimage"},"thumbnailUrl":"https:\/\/calendula.hu\/wp-content\/uploads\/2023\/03\/CALENDULA_311.jpg","datePublished":"2026-04-14T14:23:08+00:00","dateModified":"2026-04-16T11:16:23+00:00","breadcrumb":{"@id":"https:\/\/calendula.hu\/szallas-etkezes-ayurveda-haz\/#breadcrumb"},"inLanguage":"sk-SK","potentialAction":[{"@type":"ReadAction","target":["https:\/\/calendula.hu\/szallas-etkezes-ayurveda-haz\/"]}]},{"@type":"ImageObject","inLanguage":"sk-SK","@id":"https:\/\/calendula.hu\/szallas-etkezes-ayurveda-haz\/#primaryimage","url":"https:\/\/calendula.hu\/wp-content\/uploads\/2023\/03\/CALENDULA_311.jpg","contentUrl":"https:\/\/calendula.hu\/wp-content\/uploads\/2023\/03\/CALENDULA_311.jpg"},{"@type":"BreadcrumbList","@id":"https:\/\/calendula.hu\/szallas-etkezes-ayurveda-haz\/#breadcrumb","itemListElement":[{"@type":"ListItem","position":1,"name":"Home","item":"https:\/\/calendula.hu\/hu\/"},{"@type":"ListItem","position":2,"name":"Sz\u00e1ll\u00e1s-\u00e9tkez\u00e9s-ayurv\u00e9da h\u00e1z"}]},{"@type":"WebSite","@id":"https:\/\/calendula.hu\/#website","url":"https:\/\/calendula.hu\/","name":"Klinika Calendula - Siofok","description":"","potentialAction":[{"@type":"SearchAction","target":{"@type":"EntryPoint","urlTemplate":"https:\/\/calendula.hu\/?s={search_term_string}"},"query-input":{"@type":"PropertyValueSpecification","valueRequired":true,"valueName":"search_term_string"}}],"inLanguage":"sk-SK"}]}},"_links":{"self":[{"href":"https:\/\/calendula.hu\/sk\/wp-json\/wp\/v2\/pages\/13221","targetHints":{"allow":["GET"]}}],"collection":[{"href":"https:\/\/calendula.hu\/sk\/wp-json\/wp\/v2\/pages"}],"about":[{"href":"https:\/\/calendula.hu\/sk\/wp-json\/wp\/v2\/types\/page"}],"author":[{"embeddable":true,"href":"https:\/\/calendula.hu\/sk\/wp-json\/wp\/v2\/users\/9"}],"replies":[{"embeddable":true,"href":"https:\/\/calendula.hu\/sk\/wp-json\/wp\/v2\/comments?post=13221"}],"version-history":[{"count":13,"href":"https:\/\/calendula.hu\/sk\/wp-json\/wp\/v2\/pages\/13221\/revisions"}],"predecessor-version":[{"id":13237,"href":"https:\/\/calendula.hu\/sk\/wp-json\/wp\/v2\/pages\/13221\/revisions\/13237"}],"wp:attachment":[{"href":"https:\/\/calendula.hu\/sk\/wp-json\/wp\/v2\/media?parent=13221"}],"curies":[{"name":"wp","href":"https:\/\/api.w.org\/{rel}","templated":true}]}}