{"id":1882,"date":"2023-01-28T12:01:09","date_gmt":"2023-01-28T11:01:09","guid":{"rendered":"https:\/\/calendula.hu\/?page_id=1882"},"modified":"2023-04-12T13:06:58","modified_gmt":"2023-04-12T11:06:58","slug":"rolunk-laboratoriumunk","status":"publish","type":"page","link":"https:\/\/calendula.hu\/sk\/rolunk-laboratoriumunk\/","title":{"rendered":"R\u00f3lunk-laborat\u00f3riumunk"},"content":{"rendered":"<div data-elementor-type=\"wp-page\" data-elementor-id=\"1882\" class=\"elementor elementor-1882\" data-elementor-post-type=\"page\">\n\t\t\t\t\t\t<section class=\"elementor-section elementor-top-section elementor-element elementor-element-6190c2c elementor-section-full_width elementor-section-height-default elementor-section-height-default\" data-id=\"6190c2c\" data-element_type=\"section\" data-e-type=\"section\">\n\t\t\t\t\t\t<div class=\"elementor-container elementor-column-gap-no\">\n\t\t\t\t\t<div class=\"elementor-column elementor-col-100 elementor-top-column elementor-element elementor-element-1b7124e\" data-id=\"1b7124e\" data-element_type=\"column\" data-e-type=\"column\">\n\t\t\t<div class=\"elementor-widget-wrap elementor-element-populated\">\n\t\t\t\t\t\t<div class=\"elementor-element elementor-element-71f1641 elementor-align-left elementor-widget elementor-widget-pages-banner\" data-id=\"71f1641\" data-element_type=\"widget\" data-e-type=\"widget\" data-widget_type=\"pages-banner.default\">\n\t\t\t\t<div class=\"elementor-widget-container\">\n\t\t\t\t\t\r\n\t\t\t\t<div class=\"banner-header section-padding valign bg-img bg-fixed\" data-overlay-dark=\"4\" data-background=\"https:\/\/calendula.hu\/wp-content\/uploads\/2023\/04\/IMG7587.jpg\">\r\n\t\t\t\t\t<div class=\"container\">\r\n\t\t\t\t<div class=\"row\">\r\n\t\t\t\t\t<div class=\"col-md-12 caption mt-90\">\r\n\t\t\t\t\t\t\t\t\t\t\t\t<h5>Zistite viac<\/h5>\r\n\t\t\t\t\t\t\t\t\t\t\t\t\t\t\t\t\t\t<h1>Calendula Pharma Co.<\/h1>\r\n\t\t\t\t\t\t\t\t\t\t\t<\/div>\r\n\t\t\t\t<\/div>\r\n\t\t\t<\/div>\r\n\t\t<\/div>\r\n\r\n\t\t\t\t\t<\/div>\n\t\t\t\t<\/div>\n\t\t\t\t\t<\/div>\n\t\t<\/div>\n\t\t\t\t\t<\/div>\n\t\t<\/section>\n\t\t\t\t<section class=\"elementor-section elementor-top-section elementor-element elementor-element-1e6dca8 elementor-section-full_width elementor-section-height-default elementor-section-height-default\" data-id=\"1e6dca8\" data-element_type=\"section\" data-e-type=\"section\">\n\t\t\t\t\t\t<div class=\"elementor-container elementor-column-gap-no\">\n\t\t\t\t\t<div class=\"elementor-column elementor-col-100 elementor-top-column elementor-element elementor-element-1f2ff29\" data-id=\"1f2ff29\" data-element_type=\"column\" data-e-type=\"column\">\n\t\t\t<div class=\"elementor-widget-wrap elementor-element-populated\">\n\t\t\t\t\t\t<div class=\"elementor-element elementor-element-405c631 elementor-align-left no-star-content elementor-widget elementor-widget-pages-restaurant-content\" data-id=\"405c631\" data-element_type=\"widget\" data-e-type=\"widget\" data-widget_type=\"pages-restaurant-content.default\">\n\t\t\t\t<div class=\"elementor-widget-container\">\n\t\t\t\t\t\n\t\t<section class=\"rooms-page section-padding\" data-scroll-index=\"1\">\n\t\t\t<div class=\"container\">\n\t\t\t\t<div class=\"row\">\n\t\t\t\t\t<div class=\"col-md-12 text-left\"> \n\t\t\t\t\t\t\t\t\t\t\t\t<span>\n\t\t\t\t\t\t\t\t\t\t\t\t\t\t\t<i class=\"star-rating\"><\/i>\n\t\t\t\t\t\t\t\t<i class=\"star-rating\"><\/i>\n\t\t\t\t\t\t\t\t<i class=\"star-rating\"><\/i>\n\t\t\t\t\t\t\t\t<i class=\"star-rating\"><\/i>\n\t\t\t\t\t\t\t\t\t\t\t\t\t<\/span>\n\t\t\t\t\t\t\t\t\t\t\t\t\t\t\t\t\t\t\t<div class=\"section-subtitle\">Gy\u00f3gyn\u00f6v\u00e9ny laborat\u00f3riumunk<\/div>\n\t\t\t\t\t\t\t\t\t\t\t\t\t\t\t\t\t\t\t<div class=\"section-title\">N\u00f6v\u00e9nyi gy\u00f3gyk\u00e9sz\u00edtm\u00e9nyek saj\u00e1t el\u0151\u00e1ll\u00edt\u00e1sa<\/div>\n\t\t\t\t\t\t\t\t\t\t\t<\/div>\n\t\t\t\t\t<div class=\"col-md-12\">\n\t\t\t\t\t\t\t\t\t\t\t\t<p class=\"mb-30\">A CALENDULA Klinika t\u00f6bb mint 30 \u00e9vvel ezel\u0151tt kezdte el a n\u00e9pi \u00e9s a keleti orvostudom\u00e1ny fitorecept\u00far\u00e1inak alkalmaz\u00e1s\u00e1t az orvosi gyakorlatban. B\u00e1rki, aki seg\u00edts\u00e9get keres, egyedi eset, amely mindig kih\u00edv\u00e1st jelent az orvos sz\u00e1m\u00e1ra. \u00c1tgondolva azt, hogy az \u00f3kori orvosok mik\u00e9ppen gy\u00f3gy\u00edtottak, megvizsg\u00e1ltuk Avicenna \u201eAz orvostudom\u00e1ny k\u00e1nonja\u201d c\u00edm\u0171 munk\u00e1j\u00e1t. Elsz\u00e1nts\u00e1got \u00e9rezt\u00fcnk arra, hogy l\u00e9trehozzuk az \u00e1ltala le\u00edrt k\u00e9sz\u00edtm\u00e9nyeket, ez\u00e9rt a K\u00f6zel-Keletre indultunk azzal a c\u00e9llal, hogy megismerj\u00fck az arab gy\u00f3gyszerk\u00f6nyvet. Indi\u00e1ban \u00e9s K\u00edn\u00e1ban kerest\u00fck az egyedi fitoformul\u00e1kat, illetve kezel\u00e9si m\u00f3dszereket, s v\u00e9g\u00fcl eljutottunk az ayurv\u00e9dikus orvosl\u00e1shoz, gy\u00f3gyszer\u00e9szethez.<br>\n\n<br>A klinik\u00e1nkon, a saj\u00e1t k\u00f6r\u00fclm\u00e9nyeink k\u00f6z\u00f6tt \u00fajb\u00f3l fel\u00e9p\u00edtett\u00fck, alkalmaztuk \u00e9s tov\u00e1bbra is napi rendszeress\u00e9ggel megfigyelj\u00fck az \u00e9vezredek \u00f3ta l\u00e9trehozott fitoreceptek hat\u00e9konys\u00e1g\u00e1t, eredm\u00e9nyess\u00e9g\u00e9t. <br>A Calendula Pharma Co. t\u00f6rt\u00e9nete n\u00e9gy, Egyiptomb\u00f3l hozott b\u0151r\u00f6nddel kezd\u0151d\u00f6tt. Napjainkra m\u00e1r k\u00e9t \u00e9s f\u00e9lezer fitopreparat\u00far\u00e1t fejlesztett\u00fcnk ki. A gy\u00e1rt\u00e1sukhoz sz\u00fcks\u00e9ges alapanyagokat Indi\u00e1b\u00f3l, K\u00edn\u00e1b\u00f3l, Vietnamb\u00f3l import\u00e1ljuk, de nem maradnak ki az eur\u00f3pai orsz\u00e1gok sem, tov\u00e1bb\u00e1 Magyarorsz\u00e1g \u00f6kol\u00f3giailag tiszta r\u00e9szeinek gy\u00f3gyn\u00f6v\u00e9nyekkel \u00f6vezett kincsei. Mindezt annak \u00e9rdek\u00e9ben tessz\u00fck, hogy lehet\u0151s\u00e9g\u00fcnk legyen mindenkinek szem\u00e9lyre szabott gy\u00f3gyszert el\u0151\u00e1ll\u00edtani.<\/p>\n\n<h6>Hivat\u00e1sunk a gy\u00f3gy\u00edt\u00e1s<\/h6>\nA n\u00f6v\u00e9nyi gy\u00f3gyk\u00e9sz\u00edtm\u00e9nyek el\u0151\u00e1ll\u00edt\u00e1sa n\u00e1lunk nem kereskedelmi c\u00e9lb\u00f3l indult, azonban sikereinek k\u00f6sz\u00f6nhet\u0151en m\u00e9gis \u00f6n\u00e1ll\u00f3 \u00e1gazatt\u00e1 n\u0151tte ki mag\u00e1t. K\u00e9sz\u00edtm\u00e9nyeinket rendel\u00e9seinken hozz\u00e1nk fordul\u00f3 p\u00e1cienseink, valamint klinik\u00e1nkon fekv\u0151 betegeink  kezel\u00e9s\u00e9re k\u00e9sz\u00edtj\u00fck \u00e9s haszn\u00e1ljuk int\u00e9zm\u00e9ny\u00fcnkben, illetve a betegek t\u00e1voz\u00e1sa ut\u00e1n, a kezel\u00e9s otthoni folytat\u00e1s\u00e1ra adjuk. Ez egy saj\u00e1t gy\u00f3gyszert\u00e1r, amelyben saj\u00e1t fejleszt\u00e9s\u0171 gy\u00f3gyn\u00f6v\u00e9ny alap\u00fa t\u00f6rzs-gy\u00f3gyszereket gy\u00e1rtunk p\u00e1cienseink sz\u00e1m\u00e1ra. Ezeket a gy\u00f3gyszereket orvos koll\u00e9g\u00e1ink \u00edrj\u00e1k el\u0151 a p\u00e1ciensek sz\u00e1m\u00e1ra - szem\u00e9lyre szabottan.<br>\n<br>A leg\u00e1ltal\u00e1nosabb probl\u00e9m\u00e1kra, illetve megel\u0151z\u00e9sre kidolgozott gy\u00f3gyn\u00f6v\u00e9ny k\u00e9sz\u00edtm\u00e9nyeinket, melyek orvosi rendelv\u00e9ny n\u00e9lk\u00fcl is alkalmazhat\u00f3k, el\u00e9rhet\u0151v\u00e9 tett\u00fck a lakoss\u00e1gi piacon. Ezek \u00e9trend-kieg\u00e9sz\u00edt\u0151 kateg\u00f3ri\u00e1ba sorolt, biol\u00f3giailag akt\u00edv \u00e9lelmiszer-adal\u00e9kanyagok (BAA) az anyagcsere folyamatok optimaliz\u00e1l\u00e1s\u00e1ra, a szervek \u00e9s a szervezet m\u0171k\u00f6d\u00e9si \u00e1llapot\u00e1nak jav\u00edt\u00e1s\u00e1ra, a betegs\u00e9gek kock\u00e1zat\u00e1nak cs\u00f6kkent\u00e9s\u00e9re, a gastrointestinalis mikrofl\u00f3ra normaliz\u00e1l\u00e1s\u00e1ra.<br>\n\n<br><h6>Term\u00e9keink<\/h6>\nT\u00f6rzsgy\u00f3gyszerek \u00e9s \u00e9trend-kieg\u00e9sz\u00edt\u0151k<br>\n\n<br>T\u00f6rzsk\u00e9sz\u00edtm\u00e9nyek \u2013 olyan gy\u00f3gyszerek, amelyek receptj\u00e9t orvos \u00e1ll\u00edtja \u00f6ssze. Ezeket gy\u00f3gyszer\u00e9sz k\u00e9sz\u00edti el a betegek sz\u00e1m\u00e1ra. M\u00e1r t\u00f6bb mint m\u00e1sf\u00e9lezer ilyen gy\u00f3gyszer\u00fcnk van, hetente \u00fajat k\u00e9sz\u00edt\u00fcnk adott p\u00e1ciens sz\u00e1m\u00e1ra.<br>\n\n<br>BAA (biol\u00f3giailag akt\u00edv \u00e9trend-kieg\u00e9sz\u00edt\u0151) \u2013 kieg\u00e9sz\u00edt\u0151 \u00e9lelmiszer \u00e9s biol\u00f3giailag akt\u00edv anyagok forr\u00e1sa az anyagcsere optimaliz\u00e1l\u00e1s\u00e1ra, a szervek \u00e9s szervrendszerek m\u0171k\u00f6d\u00e9si \u00e1llapot\u00e1nak jav\u00edt\u00e1s\u00e1ra, a betegs\u00e9gek kock\u00e1zat\u00e1nak cs\u00f6kkent\u00e9s\u00e9re, a gyomor-b\u00e9l mikrofl\u00f3ra normaliz\u00e1l\u00e1s\u00e1ra.<br>\n\n<br>Gy\u00f3gyk\u00e9sz\u00edtm\u00e9nyek el\u0151\u00e1ll\u00edt\u00e1sa: ayurv\u00e9dikus, hagyom\u00e1nyos k\u00ednai orvosl\u00e1s (TCM), Avicenna, Galena, Dr. Szkopincev Dmitrij saj\u00e1t receptjei alapj\u00e1n.<br>\n\nKibocs\u00e1jt\u00e1si form\u00e1i: kapszul\u00e1k, pirul\u00e1k, porok, dzsemek, tinkt\u00far\u00e1k (p\u00e1rlat), dekotok (f\u0151zet), olajok, kr\u00e9mek.<br>\n\n\n\n<br><h6>Ayurv\u00e9dikus gy\u00f3gyszerek<\/h6>\n<p>Az ayurv\u00e9dikus gy\u00f3gyszerek el\u0151nye a gy\u00e1rt\u00e1si technol\u00f3gi\u00e1ban rejlik. <br>Az \u00f6sszet\u00e9tel\u00fck nem csup\u00e1n z\u00fazott n\u00f6v\u00e9nygy\u0171jtem\u00e9nyb\u0151l \u00e1ll, hanem fokozott hat\u00e1s\u00fa anyagokb\u00f3l. A gy\u00f3gyn\u00f6v\u00e9nyek egy r\u00e9sz\u00e9t porr\u00e1 apr\u00edtj\u00e1k, a m\u00e1sik r\u00e9sz\u00e9b\u0151l dekotot (f\u0151zetet) vagy kivonatot k\u00e9sz\u00edtenek. Mindegyiket egym\u00e1s ut\u00e1n \u00f6ssze\u0151rlik (az \u0151rl\u00e9si folyamat er\u0151s\u00edti a n\u00f6v\u00e9nyeket: min\u00e9l akt\u00edvabb ez a folyamat, ann\u00e1l nagyobb az energia\u00e9rt\u00e9k \u00e9s a ter\u00e1pi\u00e1s hat\u00e1s). Ezut\u00e1n a foly\u00e9kony \u00e9s a sz\u00e1raz r\u00e9szeket \u00f6sszekeverik, meghat\u00e1rozott h\u0151m\u00e9rs\u00e9kleten sz\u00e1r\u00edtj\u00e1k, majd \u00fajra \u00f6ssze\u0151rlik. <br> A t\u00f6bbkomponens\u0171 k\u00e9sz\u00edtm\u00e9nyek saj\u00e1toss\u00e1ga, hogy egyes \u00f6sszetev\u0151k c\u00e9lja a gy\u00f3gy\u00e1szati felsz\u00edv\u00f3d\u00e1s\u00e1nak jav\u00edt\u00e1sa, m\u00e1sok olyan sz\u00e1ll\u00edt\u00f3anyagk\u00e9nt m\u0171k\u00f6dnek, amelyek a c\u00e9lsejtekhez terelik ezeket, megint m\u00e1sok m\u0171k\u00f6d\u00e9s-szinergist\u00e1kk\u00e9nt m\u0171k\u00f6dnek, vagy tel\u00edttetik a testet. (Tel\u00edtetts\u00e9g, amikor a hat\u00f3anyagok koncentr\u00e1ci\u00f3ja megemelkedik ugyanabban a t\u00e9rfogatban.)<br>\n\n\n<br><h6>Calendula Pharma Co.<\/h6> A saj\u00e1t fitoreceptjeinkben haszn\u00e1lt \u00f6sszes behozott n\u00f6v\u00e9ny tan\u00fas\u00edtv\u00e1nnyal rendelkezik.\n\nAz egyedi gy\u00f3gyszer el\u0151\u00e1ll\u00edt\u00e1si rendszer\u00fcnkben az orvos \u00e1ll\u00edtja \u00f6sszes a receptet! Az ayurv\u00e9da, TCM, Avicenna receptje szerint k\u00e9sz\u00edtett \u00f6sszes gy\u00f3gyszert az eur\u00f3pai emberek em\u00e9szt\u0151rendszer\u00e9hez igaz\u00edtjuk.<br>\n\nMinden k\u00e9sz\u00edtm\u00e9ny, amit a n\u00f6v\u00e9ny eg\u00e9szs\u00e9g\u00fcgyi laborat\u00f3riumunkban \u00e1ll\u00edtunk el\u0151, kiz\u00e1r\u00f3lag a betegek gy\u00f3gy\u00edt\u00e1s\u00e1ra alkalmazzuk. <br>Nyitottak vagyunk m\u00e1s orvosokkal val\u00f3 egy\u00fcttm\u0171k\u00f6d\u00e9sre, k\u00e9szek vagyunk tan\u00edtani a gy\u00f3gyn\u00f6v\u00e9ny ter\u00e1pi\u00e1t, az ayurv\u00e9dikus alapokat, valamint a k\u00ednai farmakol\u00f3giai rendszereket, hogy koll\u00e9g\u00e1ink min\u00e9l sz\u00e9lesebb sk\u00e1l\u00e1n gy\u00f3gy\u00edthass\u00e1k betegeiket. Mi m\u00e1r tudjuk, hogy a gy\u00f3gyn\u00f6v\u00e9ny-ter\u00e1pi\u00e1nak hatalmas lehet\u0151s\u00e9ge van erre.\n<\/p>\t\t\t\t\t\t\t\t\t\t\t\t<ul class=\"list-unstyled page-list mb-30\">\n\t\t\t\t\t\t\t\t\t\t\t\t\t<\/ul>\n\t\t\t\t\t<\/div>\n\t\t\t\t<\/div>\n\t\t\t<\/div>\n\t\t<\/section>\n\n\t\t\t\t\t<\/div>\n\t\t\t\t<\/div>\n\t\t\t\t<div class=\"elementor-element elementor-element-517227d elementor-align-center elementor-widget elementor-widget-button\" data-id=\"517227d\" data-element_type=\"widget\" data-e-type=\"widget\" data-widget_type=\"button.default\">\n\t\t\t\t<div class=\"elementor-widget-container\">\n\t\t\t\t\t\t\t\t\t<div class=\"elementor-button-wrapper\">\n\t\t\t\t\t<a class=\"elementor-button elementor-button-link elementor-size-md\" href=\"https:\/\/calendulapharma.com\/\" target=\"_blank\">\n\t\t\t\t\t\t<span class=\"elementor-button-content-wrapper\">\n\t\t\t\t\t\t\t\t\t<span class=\"elementor-button-text\">Ir\u00e1ny a Calendula Pharma webshop<\/span>\n\t\t\t\t\t<\/span>\n\t\t\t\t\t<\/a>\n\t\t\t\t<\/div>\n\t\t\t\t\t\t\t\t<\/div>\n\t\t\t\t<\/div>\n\t\t\t\t<div class=\"elementor-element elementor-element-d68c4b8 elementor-align-left four-star-section elementor-widget elementor-widget-home-video\" data-id=\"d68c4b8\" data-element_type=\"widget\" data-e-type=\"widget\" data-widget_type=\"home-video.default\">\n\t\t\t\t<div class=\"elementor-widget-container\">\n\t\t\t\t\t\r\n\t\t\t\t<section class=\"video-wrapper video section-padding bg-img bg-fixed\" data-overlay-dark=\"3\" data-background=\"https:\/\/calendula.hu\/wp-content\/uploads\/2023\/02\/CALENDULA_193.jpg\">\r\n\t\t\t\t\t<h2 style=\"display: none!important;\">Cappa<\/h2>\r\n\t\t\t<div class=\"container\">\r\n\t\t\t\t<div class=\"row\">\r\n\t\t\t\t\t<div class=\"col-md-8 offset-md-2 text-center\">\r\n\t\t\t\t\t\t<span><i class=\"star-rating\"><\/i><i class=\"star-rating\"><\/i><i class=\"star-rating\"><\/i><i class=\"star-rating\"><\/i><i class=\"star-rating\"><\/i><\/span>\r\n\t\t\t\t\t\t\t\t\t\t\t\t<div class=\"section-subtitle\"><span>Bemutatjuk<\/span><\/div>\r\n\t\t\t\t\t\t\t\t\t\t\t\t\t\t\t\t\t\t<div class=\"section-title\"><span>Calendula Pharma Co.<\/span><\/div>\r\n\t\t\t\t\t\t\t\t\t\t\t<\/div>\r\n\t\t\t\t<\/div>\r\n\t\t\t\t<div class=\"row\">\r\n\t\t\t\t\t\t\t\t\t\t\t<div class=\"text-center col-md-12\">\r\n\t\t\t\t\t\t\t<a class=\"vid\" href=\"https:\/\/youtu.be\/7HRr2FzjuoY\">\r\n\t\t\t\t\t\t\t\t<div class=\"vid-butn\">\r\n\t\t\t\t\t\t\t\t\t<span class=\"icon\">\r\n\t\t\t\t\t\t\t\t\t\t<i class=\"ti-control-play\"><\/i>\r\n\t\t\t\t\t\t\t\t\t<\/span>\r\n\t\t\t\t\t\t\t\t<\/div>\r\n\t\t\t\t\t\t\t<\/a>\r\n\t\t\t\t\t\t<\/div>\r\n\t\t\t\t\t\t\t\t\t<\/div>\r\n\t\t\t<\/div>\r\n\t\t<\/section>\r\n\t\t\t\t\t\t\t<\/div>\n\t\t\t\t<\/div>\n\t\t\t\t\t<\/div>\n\t\t<\/div>\n\t\t\t\t\t<\/div>\n\t\t<\/section>\n\t\t\t\t<\/div>","protected":false},"excerpt":{"rendered":"<p>Ismerje meg Calendula Pharma Co. Gy\u00f3gyn\u00f6v\u00e9ny laborat\u00f3riumunk N\u00f6v\u00e9nyi gy\u00f3gyk\u00e9sz\u00edtm\u00e9nyek saj\u00e1t el\u0151\u00e1ll\u00edt\u00e1sa A CALENDULA Klinika t\u00f6bb mint 30 \u00e9vvel ezel\u0151tt kezdte el a n\u00e9pi \u00e9s a keleti orvostudom\u00e1ny fitorecept\u00far\u00e1inak alkalmaz\u00e1s\u00e1t az orvosi gyakorlatban. B\u00e1rki, aki seg\u00edts\u00e9get keres, egyedi eset, amely mindig kih\u00edv\u00e1st jelent az orvos sz\u00e1m\u00e1ra. \u00c1tgondolva azt, hogy az \u00f3kori orvosok mik\u00e9ppen gy\u00f3gy\u00edtottak, megvizsg\u00e1ltuk Avicenna [&hellip;]<\/p>\n","protected":false},"author":9,"featured_media":0,"parent":0,"menu_order":0,"comment_status":"closed","ping_status":"closed","template":"page-templates\/dark-sidebar.php","meta":{"footnotes":""},"class_list":["post-1882","page","type-page","status-publish","hentry"],"yoast_head":"<!-- This site is optimized with the Yoast SEO Premium plugin v19.5 (Yoast SEO v27.4) - https:\/\/yoast.com\/product\/yoast-seo-premium-wordpress\/ -->\n<title>R\u00f3lunk-laborat\u00f3riumunk - Calendula Klinika - Si\u00f3fok<\/title>\n<meta name=\"robots\" content=\"index, follow, max-snippet:-1, max-image-preview:large, max-video-preview:-1\" \/>\n<link rel=\"canonical\" href=\"https:\/\/calendula.hu\/sk\/rolunk-laboratoriumunk\/\" \/>\n<meta property=\"og:locale\" content=\"sk_SK\" \/>\n<meta property=\"og:type\" content=\"article\" \/>\n<meta property=\"og:title\" content=\"R\u00f3lunk-laborat\u00f3riumunk\" \/>\n<meta property=\"og:description\" content=\"Ismerje meg Calendula Pharma Co. Gy\u00f3gyn\u00f6v\u00e9ny laborat\u00f3riumunk N\u00f6v\u00e9nyi gy\u00f3gyk\u00e9sz\u00edtm\u00e9nyek saj\u00e1t el\u0151\u00e1ll\u00edt\u00e1sa A CALENDULA Klinika t\u00f6bb mint 30 \u00e9vvel ezel\u0151tt kezdte el a n\u00e9pi \u00e9s a keleti orvostudom\u00e1ny fitorecept\u00far\u00e1inak alkalmaz\u00e1s\u00e1t az orvosi gyakorlatban. B\u00e1rki, aki seg\u00edts\u00e9get keres, egyedi eset, amely mindig kih\u00edv\u00e1st jelent az orvos sz\u00e1m\u00e1ra. \u00c1tgondolva azt, hogy az \u00f3kori orvosok mik\u00e9ppen gy\u00f3gy\u00edtottak, megvizsg\u00e1ltuk Avicenna [&hellip;]\" \/>\n<meta property=\"og:url\" content=\"https:\/\/calendula.hu\/sk\/rolunk-laboratoriumunk\/\" \/>\n<meta property=\"og:site_name\" content=\"Calendula Klinika - Si\u00f3fok\" \/>\n<meta property=\"article:modified_time\" content=\"2023-04-12T11:06:58+00:00\" \/>\n<meta name=\"twitter:card\" content=\"summary_large_image\" \/>\n<meta name=\"twitter:label1\" content=\"Predpokladan\u00fd \u010das \u010d\u00edtania\" \/>\n\t<meta name=\"twitter:data1\" content=\"4 min\u00faty\" \/>\n<script type=\"application\/ld+json\" class=\"yoast-schema-graph\">{\"@context\":\"https:\\\/\\\/schema.org\",\"@graph\":[{\"@type\":\"WebPage\",\"@id\":\"https:\\\/\\\/calendula.hu\\\/rolunk-laboratoriumunk\\\/\",\"url\":\"https:\\\/\\\/calendula.hu\\\/rolunk-laboratoriumunk\\\/\",\"name\":\"R\u00f3lunk-laborat\u00f3riumunk - Calendula Klinika - Si\u00f3fok\",\"isPartOf\":{\"@id\":\"https:\\\/\\\/calendula.hu\\\/#website\"},\"datePublished\":\"2023-01-28T11:01:09+00:00\",\"dateModified\":\"2023-04-12T11:06:58+00:00\",\"breadcrumb\":{\"@id\":\"https:\\\/\\\/calendula.hu\\\/rolunk-laboratoriumunk\\\/#breadcrumb\"},\"inLanguage\":\"sk-SK\",\"potentialAction\":[{\"@type\":\"ReadAction\",\"target\":[\"https:\\\/\\\/calendula.hu\\\/rolunk-laboratoriumunk\\\/\"]}]},{\"@type\":\"BreadcrumbList\",\"@id\":\"https:\\\/\\\/calendula.hu\\\/rolunk-laboratoriumunk\\\/#breadcrumb\",\"itemListElement\":[{\"@type\":\"ListItem\",\"position\":1,\"name\":\"Home\",\"item\":\"https:\\\/\\\/calendula.hu\\\/\"},{\"@type\":\"ListItem\",\"position\":2,\"name\":\"R\u00f3lunk-laborat\u00f3riumunk\"}]},{\"@type\":\"WebSite\",\"@id\":\"https:\\\/\\\/calendula.hu\\\/#website\",\"url\":\"https:\\\/\\\/calendula.hu\\\/\",\"name\":\"Calendula Klinika - Si\u00f3fok\",\"description\":\"\",\"potentialAction\":[{\"@type\":\"SearchAction\",\"target\":{\"@type\":\"EntryPoint\",\"urlTemplate\":\"https:\\\/\\\/calendula.hu\\\/?s={search_term_string}\"},\"query-input\":{\"@type\":\"PropertyValueSpecification\",\"valueRequired\":true,\"valueName\":\"search_term_string\"}}],\"inLanguage\":\"sk-SK\"}]}<\/script>\n<!-- \/ Yoast SEO Premium plugin. -->","yoast_head_json":{"title":"R\u00f3lunk-laborat\u00f3riumunk - Calendula Klinika - Si\u00f3fok","robots":{"index":"index","follow":"follow","max-snippet":"max-snippet:-1","max-image-preview":"max-image-preview:large","max-video-preview":"max-video-preview:-1"},"canonical":"https:\/\/calendula.hu\/sk\/rolunk-laboratoriumunk\/","og_locale":"sk_SK","og_type":"article","og_title":"R\u00f3lunk-laborat\u00f3riumunk","og_description":"Ismerje meg Calendula Pharma Co. Gy\u00f3gyn\u00f6v\u00e9ny laborat\u00f3riumunk N\u00f6v\u00e9nyi gy\u00f3gyk\u00e9sz\u00edtm\u00e9nyek saj\u00e1t el\u0151\u00e1ll\u00edt\u00e1sa A CALENDULA Klinika t\u00f6bb mint 30 \u00e9vvel ezel\u0151tt kezdte el a n\u00e9pi \u00e9s a keleti orvostudom\u00e1ny fitorecept\u00far\u00e1inak alkalmaz\u00e1s\u00e1t az orvosi gyakorlatban. B\u00e1rki, aki seg\u00edts\u00e9get keres, egyedi eset, amely mindig kih\u00edv\u00e1st jelent az orvos sz\u00e1m\u00e1ra. \u00c1tgondolva azt, hogy az \u00f3kori orvosok mik\u00e9ppen gy\u00f3gy\u00edtottak, megvizsg\u00e1ltuk Avicenna [&hellip;]","og_url":"https:\/\/calendula.hu\/sk\/rolunk-laboratoriumunk\/","og_site_name":"Calendula Klinika - Si\u00f3fok","article_modified_time":"2023-04-12T11:06:58+00:00","twitter_card":"summary_large_image","twitter_misc":{"Predpokladan\u00fd \u010das \u010d\u00edtania":"4 min\u00faty"},"schema":{"@context":"https:\/\/schema.org","@graph":[{"@type":"WebPage","@id":"https:\/\/calendula.hu\/rolunk-laboratoriumunk\/","url":"https:\/\/calendula.hu\/rolunk-laboratoriumunk\/","name":"R\u00f3lunk-laborat\u00f3riumunk - Calendula Klinika - Si\u00f3fok","isPartOf":{"@id":"https:\/\/calendula.hu\/#website"},"datePublished":"2023-01-28T11:01:09+00:00","dateModified":"2023-04-12T11:06:58+00:00","breadcrumb":{"@id":"https:\/\/calendula.hu\/rolunk-laboratoriumunk\/#breadcrumb"},"inLanguage":"sk-SK","potentialAction":[{"@type":"ReadAction","target":["https:\/\/calendula.hu\/rolunk-laboratoriumunk\/"]}]},{"@type":"BreadcrumbList","@id":"https:\/\/calendula.hu\/rolunk-laboratoriumunk\/#breadcrumb","itemListElement":[{"@type":"ListItem","position":1,"name":"Home","item":"https:\/\/calendula.hu\/"},{"@type":"ListItem","position":2,"name":"R\u00f3lunk-laborat\u00f3riumunk"}]},{"@type":"WebSite","@id":"https:\/\/calendula.hu\/#website","url":"https:\/\/calendula.hu\/","name":"Klinika Calendula - Siofok","description":"","potentialAction":[{"@type":"SearchAction","target":{"@type":"EntryPoint","urlTemplate":"https:\/\/calendula.hu\/?s={search_term_string}"},"query-input":{"@type":"PropertyValueSpecification","valueRequired":true,"valueName":"search_term_string"}}],"inLanguage":"sk-SK"}]}},"_links":{"self":[{"href":"https:\/\/calendula.hu\/sk\/wp-json\/wp\/v2\/pages\/1882","targetHints":{"allow":["GET"]}}],"collection":[{"href":"https:\/\/calendula.hu\/sk\/wp-json\/wp\/v2\/pages"}],"about":[{"href":"https:\/\/calendula.hu\/sk\/wp-json\/wp\/v2\/types\/page"}],"author":[{"embeddable":true,"href":"https:\/\/calendula.hu\/sk\/wp-json\/wp\/v2\/users\/9"}],"replies":[{"embeddable":true,"href":"https:\/\/calendula.hu\/sk\/wp-json\/wp\/v2\/comments?post=1882"}],"version-history":[{"count":67,"href":"https:\/\/calendula.hu\/sk\/wp-json\/wp\/v2\/pages\/1882\/revisions"}],"predecessor-version":[{"id":6092,"href":"https:\/\/calendula.hu\/sk\/wp-json\/wp\/v2\/pages\/1882\/revisions\/6092"}],"wp:attachment":[{"href":"https:\/\/calendula.hu\/sk\/wp-json\/wp\/v2\/media?parent=1882"}],"curies":[{"name":"wp","href":"https:\/\/api.w.org\/{rel}","templated":true}]}}