{"id":2416,"date":"2023-02-05T11:56:04","date_gmt":"2023-02-05T10:56:04","guid":{"rendered":"https:\/\/calendula.hu\/?page_id=2416"},"modified":"2026-01-09T12:52:26","modified_gmt":"2026-01-09T11:52:26","slug":"szallas-etkezes-klasszik","status":"publish","type":"page","link":"https:\/\/calendula.hu\/sk\/szallas-etkezes-klasszik\/","title":{"rendered":"Sz\u00e1ll\u00e1s-\u00e9tkez\u00e9s-klasszik"},"content":{"rendered":"<div data-elementor-type=\"wp-page\" data-elementor-id=\"2416\" class=\"elementor elementor-2416\" data-elementor-post-type=\"page\">\n\t\t\t\t\t\t<section class=\"elementor-section elementor-top-section elementor-element elementor-element-3f30a5c elementor-section-boxed elementor-section-height-default elementor-section-height-default\" data-id=\"3f30a5c\" data-element_type=\"section\" data-e-type=\"section\">\n\t\t\t\t\t\t<div class=\"elementor-container elementor-column-gap-default\">\n\t\t\t\t\t<div class=\"elementor-column elementor-col-100 elementor-top-column elementor-element elementor-element-3ee5271\" data-id=\"3ee5271\" data-element_type=\"column\" data-e-type=\"column\">\n\t\t\t<div class=\"elementor-widget-wrap elementor-element-populated\">\n\t\t\t\t\t\t<div class=\"elementor-element elementor-element-a3096d3 elementor-align-left elementor-widget elementor-widget-pages-banner\" data-id=\"a3096d3\" data-element_type=\"widget\" data-e-type=\"widget\" data-widget_type=\"pages-banner.default\">\n\t\t\t\t<div class=\"elementor-widget-container\">\n\t\t\t\t\t\r\n\t\t\t\t<div class=\"banner-header section-padding valign bg-img bg-fixed\" data-overlay-dark=\"4\" data-background=\"https:\/\/calendula.hu\/wp-content\/uploads\/2023\/04\/IMG_7274_ok.jpg\">\r\n\t\t\t\t\t<div class=\"container\">\r\n\t\t\t\t<div class=\"row\">\r\n\t\t\t\t\t<div class=\"col-md-12 caption mt-90\">\r\n\t\t\t\t\t\t\t\t\t\t\t\t<h5>Calendula - Klasszik klinika<\/h5>\r\n\t\t\t\t\t\t\t\t\t\t\t\t\t\t\t\t\t\t<h1>Izby<\/h1>\r\n\t\t\t\t\t\t\t\t\t\t\t<\/div>\r\n\t\t\t\t<\/div>\r\n\t\t\t<\/div>\r\n\t\t<\/div>\r\n\r\n\t\t\t\t\t<\/div>\n\t\t\t\t<\/div>\n\t\t\t\t\t<\/div>\n\t\t<\/div>\n\t\t\t\t\t<\/div>\n\t\t<\/section>\n\t\t\t\t<section class=\"elementor-section elementor-top-section elementor-element elementor-element-7fc669d elementor-section-boxed elementor-section-height-default elementor-section-height-default\" data-id=\"7fc669d\" data-element_type=\"section\" data-e-type=\"section\">\n\t\t\t\t\t\t<div class=\"elementor-container elementor-column-gap-default\">\n\t\t\t\t\t<div class=\"elementor-column elementor-col-100 elementor-top-column elementor-element elementor-element-0566f63\" data-id=\"0566f63\" data-element_type=\"column\" data-e-type=\"column\">\n\t\t\t<div class=\"elementor-widget-wrap elementor-element-populated\">\n\t\t\t\t\t\t<div class=\"elementor-element elementor-element-9577f34 two-column-rooms elementor-align-center elementor-widget elementor-widget-home-room\" data-id=\"9577f34\" data-element_type=\"widget\" data-e-type=\"widget\" data-widget_type=\"home-room.default\">\n\t\t\t\t<div class=\"elementor-widget-container\">\n\t\t\t\t\t\n\t\t\t\t<section class=\"rooms1 section-padding bg-black\" data-scroll-index=\"1\">\n\t\t\t \n\t\t\t<div class=\"container\">\n\t\t\t\t<div class=\"row\">\n\t\t\t\t\t<div class=\"col-md-12\">\n\t\t\t\t\t\t\t\t\t\t\t\t\t\t\t\t\t<\/div>\n\t\t\t\t<\/div>\n\t\t\t\t<div class=\"row\">\n\t\t\t\t\t\t\t\t\t\t\t\t\t\t\t\t\t\t<div class=\"col-md-4\">\n\t\t\t\t\t\t\t\t<div class=\"item\">\n\t\t\t\t\t\t\t\t\t<div class=\"position-re o-hidden\"> <img decoding=\"async\" src=\"https:\/\/calendula.hu\/wp-content\/uploads\/2023\/03\/CALENDULA_311.jpg\" alt=\"\"> <\/div> \n\t\t\t\t\t\t\t\t\t\t\t\t\t\t\t\t\t\t<span class=\"category\"><a href=\"https:\/\/calendula.hu\/sk\/room\/double\/\">Booking<\/a><\/span>\n\t\t\t\t\t\t\t\t\t\t\t\t\t\t\t\t\t\t<div class=\"con\">\n\t\t\t\t\t\t\t\t\t\t<h6><a href=\"https:\/\/calendula.hu\/sk\/room\/double\/\"><\/a><\/h6>\n\t\t\t\t\t\t\t\t\t\t<h5><a href=\"https:\/\/calendula.hu\/sk\/room\/double\/\">\u0160tandardn\u00e1 dvojl\u00f4\u017ekov\u00e1 izba<\/a> <\/h5>\n\t\t\t\t\t\t\t\t\t\t<div class=\"line\"><\/div>\n\t\t\t\t\t\t\t\t\t\t<div class=\"row facilities\">\n\t\t\t\t\t\t\t\t\t\t\t<div class=\"col col-md-7\">\n\t\t\t\t\t\t\t\t\t\t\t\t<ul>\n\t\t\t\t\t\t\t\t\t\t\t\t\t<ul>\r\n<li><\/li>\r\n<li><\/li>\r\n<li><\/li>\r\n<li><\/li>\r\n<\/ul>\r\n\t\t\t\t\t\t\t\t\t\t\t\t<\/ul>\n\t\t\t\t\t\t\t\t\t\t\t<\/div>\n\t\t\t\t\t\t\t\t\t\t\t<div class=\"col col-md-5 text-right\">\n\t\t\t\t\t\t\t\t\t\t\t\t\t\t\t\t\t\t\t\t\t\t\t\t<div class=\"permalink\"><a href=\"https:\/\/calendula.hu\/sk\/room\/double\/\">Details <i class=\"ti-arrow-right\"><\/i><\/a><\/div>\n\t\t\t\t\t\t\t\t\t\t\t\t\t\t\t\t\t\t\t\t\t\t\t<\/div>\n\t\t\t\t\t\t\t\t\t\t<\/div>\n\t\t\t\t\t\t\t\t\t<\/div>\n\t\t\t\t\t\t\t\t<\/div>\n\t\t\t\t\t\t\t<\/div>\n\t\t\t\t\t\t\t\t\t\t\t\t\t\t\t\t\t\t\t\t\t\t\t\t<div class=\"col-md-4\">\n\t\t\t\t\t\t\t\t<div class=\"item\">\n\t\t\t\t\t\t\t\t\t<div class=\"position-re o-hidden\"> <img decoding=\"async\" src=\"https:\/\/calendula.hu\/wp-content\/uploads\/2023\/02\/CALENDULA_256-1.jpg\" alt=\"\"> <\/div> \n\t\t\t\t\t\t\t\t\t\t\t\t\t\t\t\t\t\t<span class=\"category\"><a href=\"https:\/\/calendula.hu\/sk\/room\/standard-erkelyes\/\">Booking<\/a><\/span>\n\t\t\t\t\t\t\t\t\t\t\t\t\t\t\t\t\t\t<div class=\"con\">\n\t\t\t\t\t\t\t\t\t\t<h6><a href=\"https:\/\/calendula.hu\/sk\/room\/standard-erkelyes\/\"><\/a><\/h6>\n\t\t\t\t\t\t\t\t\t\t<h5><a href=\"https:\/\/calendula.hu\/sk\/room\/standard-erkelyes\/\">\u0160tandard s balk\u00f3nom<\/a> <\/h5>\n\t\t\t\t\t\t\t\t\t\t<div class=\"line\"><\/div>\n\t\t\t\t\t\t\t\t\t\t<div class=\"row facilities\">\n\t\t\t\t\t\t\t\t\t\t\t<div class=\"col col-md-7\">\n\t\t\t\t\t\t\t\t\t\t\t\t<ul>\n\t\t\t\t\t\t\t\t\t\t\t\t\t<ul>\r\n<li><\/li>\r\n<li><\/li>\r\n<li><\/li>\r\n<li><\/li>\r\n<\/ul>\r\n\t\t\t\t\t\t\t\t\t\t\t\t<\/ul>\n\t\t\t\t\t\t\t\t\t\t\t<\/div>\n\t\t\t\t\t\t\t\t\t\t\t<div class=\"col col-md-5 text-right\">\n\t\t\t\t\t\t\t\t\t\t\t\t\t\t\t\t\t\t\t\t\t\t\t\t<div class=\"permalink\"><a href=\"https:\/\/calendula.hu\/sk\/room\/standard-erkelyes\/\">Details <i class=\"ti-arrow-right\"><\/i><\/a><\/div>\n\t\t\t\t\t\t\t\t\t\t\t\t\t\t\t\t\t\t\t\t\t\t\t<\/div>\n\t\t\t\t\t\t\t\t\t\t<\/div>\n\t\t\t\t\t\t\t\t\t<\/div>\n\t\t\t\t\t\t\t\t<\/div>\n\t\t\t\t\t\t\t<\/div>\n\t\t\t\t\t\t\t\t\t\t\t\t\t\t\t\t\t\t\t\t\t\t\t\t<div class=\"col-md-4\">\n\t\t\t\t\t\t\t\t<div class=\"item\">\n\t\t\t\t\t\t\t\t\t<div class=\"position-re o-hidden\"> <img decoding=\"async\" src=\"https:\/\/calendula.hu\/wp-content\/uploads\/2023\/02\/CALENDULA_256.jpg\" alt=\"\"> <\/div> \n\t\t\t\t\t\t\t\t\t\t\t\t\t\t\t\t\t\t<span class=\"category\"><a href=\"https:\/\/calendula.hu\/sk\/room\/standard-klasszik\/\">Booking<\/a><\/span>\n\t\t\t\t\t\t\t\t\t\t\t\t\t\t\t\t\t\t<div class=\"con\">\n\t\t\t\t\t\t\t\t\t\t<h6><a href=\"https:\/\/calendula.hu\/sk\/room\/standard-klasszik\/\">23.560 Ft<\/a><\/h6>\n\t\t\t\t\t\t\t\t\t\t<h5><a href=\"https:\/\/calendula.hu\/sk\/room\/standard-klasszik\/\">\u0160tandard<\/a> <\/h5>\n\t\t\t\t\t\t\t\t\t\t<div class=\"line\"><\/div>\n\t\t\t\t\t\t\t\t\t\t<div class=\"row facilities\">\n\t\t\t\t\t\t\t\t\t\t\t<div class=\"col col-md-7\">\n\t\t\t\t\t\t\t\t\t\t\t\t<ul>\n\t\t\t\t\t\t\t\t\t\t\t\t\t<ul>\n<li><\/li>\n<li><\/li>\n<li><\/li>\n<li><\/li>\n<\/ul>\n\t\t\t\t\t\t\t\t\t\t\t\t<\/ul>\n\t\t\t\t\t\t\t\t\t\t\t<\/div>\n\t\t\t\t\t\t\t\t\t\t\t<div class=\"col col-md-5 text-right\">\n\t\t\t\t\t\t\t\t\t\t\t\t\t\t\t\t\t\t\t\t\t\t\t\t<div class=\"permalink\"><a href=\"https:\/\/calendula.hu\/sk\/room\/standard-klasszik\/\">Details <i class=\"ti-arrow-right\"><\/i><\/a><\/div>\n\t\t\t\t\t\t\t\t\t\t\t\t\t\t\t\t\t\t\t\t\t\t\t<\/div>\n\t\t\t\t\t\t\t\t\t\t<\/div>\n\t\t\t\t\t\t\t\t\t<\/div>\n\t\t\t\t\t\t\t\t<\/div>\n\t\t\t\t\t\t\t<\/div>\n\t\t\t\t\t\t\t\t\t\t\t\t\t\t\t<\/div>\n\t\t\t<\/div>\n\t\t<\/section>\n\n\t\t\t\t\t<\/div>\n\t\t\t\t<\/div>\n\t\t\t\t\t<\/div>\n\t\t<\/div>\n\t\t\t\t\t<\/div>\n\t\t<\/section>\n\t\t\t\t<section class=\"elementor-section elementor-top-section elementor-element elementor-element-e8f1632 elementor-section-boxed elementor-section-height-default elementor-section-height-default\" data-id=\"e8f1632\" data-element_type=\"section\" data-e-type=\"section\">\n\t\t\t\t\t\t<div class=\"elementor-container elementor-column-gap-default\">\n\t\t\t\t\t<div class=\"elementor-column elementor-col-100 elementor-top-column elementor-element elementor-element-169871e\" data-id=\"169871e\" data-element_type=\"column\" data-e-type=\"column\">\n\t\t\t<div class=\"elementor-widget-wrap elementor-element-populated\">\n\t\t\t\t\t\t<div class=\"elementor-element elementor-element-2780811 elementor-widget elementor-widget-text-editor\" data-id=\"2780811\" data-element_type=\"widget\" data-e-type=\"widget\" data-widget_type=\"text-editor.default\">\n\t\t\t\t<div class=\"elementor-widget-container\">\n\t\t\t\t\t\t\t\t\t<p>Nech si vyberiete ak\u00fako\u013evek izbu, v na\u0161ej klinike sme vytvorili v\u0161etky podmienky, aby bol v\u00e1\u0161 pobyt \u010do najpohodlnej\u0161\u00ed a lie\u010dba \u010do najefekt\u00edvnej\u0161ia.<\/p><p>Klinika poskytuje transferov\u00e9 slu\u017eby medzi\u00a0<strong>Budape\u0161\u0165ou, Vied\u0148ou, S\u00e1rmell\u00e9kom a Si\u00f3fokom.<\/strong> Pre host\u00ed prich\u00e1dzaj\u00facich autom je k dispoz\u00edcii bezplatn\u00e9 parkovanie priamo na mieste.<\/p><p>Upozor\u0148ujeme, \u017ee ubytovanie je mo\u017en\u00e9 rezervova\u0165 len s lie\u010dbou!<\/p><p><strong>Postup rezerv\u00e1cie:\u00a0<\/strong>Svoju \u017eiados\u0165 o rezerv\u00e1ciu za\u0161lite na\u00a0<a href=\"mailto:info@calendula.hu\">info@calendula.hu<\/a>\u00a0alebo n\u00e1s kontaktujte telefonicky na \u010d\u00edsle\u00a0<a href=\"tel:+36 84 330 754\">+36 84 330 754<\/a>. Uve\u010fte, pros\u00edm, po\u017eadovan\u00fd d\u00e1tum pr\u00edchodu a svoje kontaktn\u00e9 \u00fadaje. N\u00e1sledne v\u00e1s bude kontaktova\u0165 n\u00e1\u0161 mana\u017e\u00e9r a poskytne v\u00e1m inform\u00e1cie o dostupn\u00fdch izb\u00e1ch v danom term\u00edne.<\/p>\t\t\t\t\t\t\t\t<\/div>\n\t\t\t\t<\/div>\n\t\t\t\t\t<\/div>\n\t\t<\/div>\n\t\t\t\t\t<\/div>\n\t\t<\/section>\n\t\t\t\t<section class=\"elementor-section elementor-top-section elementor-element elementor-element-d8853e8 elementor-section-full_width home-bottom-foglalas elementor-section-height-default elementor-section-height-default\" data-id=\"d8853e8\" data-element_type=\"section\" data-e-type=\"section\">\n\t\t\t\t\t\t<div class=\"elementor-container elementor-column-gap-no\">\n\t\t\t\t\t<div class=\"elementor-column elementor-col-100 elementor-top-column elementor-element elementor-element-79271c4\" data-id=\"79271c4\" data-element_type=\"column\" data-e-type=\"column\">\n\t\t\t<div class=\"elementor-widget-wrap elementor-element-populated\">\n\t\t\t\t\t\t<div class=\"elementor-element elementor-element-fcd2238 elementor-align-left elementor-widget elementor-widget-home-pricing\" data-id=\"fcd2238\" data-element_type=\"widget\" data-e-type=\"widget\" data-widget_type=\"home-pricing.default\">\n\t\t\t\t<div class=\"elementor-widget-container\">\n\t\t\t\t\t\r\n\t\t\t\t<section class=\"pricing section-padding bg-black\">\r\n\t\t\t \r\n\t\t\t<h2 style=\"display: none!important;\">Cappa<\/h2>\r\n\t\t\t<div class=\"container\">\r\n\t\t\t\t<div class=\"row\">\r\n\t\t\t\t\t<div class=\"col-md-4\">\r\n\t\t\t\t\t\t\t\t\t\t\t\t<div class=\"section-subtitle\"><span>Klasszikus klinika<\/span><\/div>\r\n\t\t\t\t\t\t\t\t\t\t\t\t\t\t\t\t\t\t<div class=\"section-title\"><span>Ceny<\/span><\/div>\r\n\t\t\t\t\t\t\t\t\t\t\t\t\t\t\t\t\t\t<p class=\"color-2\" style=\"padding-right: 3.5rem\">Svoju \u017eiados\u0165 o rezerv\u00e1ciu m\u00f4\u017eete odosla\u0165 prostredn\u00edctvom formul\u00e1ra v dolnej \u010dasti str\u00e1nky a my v\u00e1m zavol\u00e1me sp\u00e4\u0165 e-mailom alebo telefonicky a dohodneme si s vami term\u00edn stretnutia.<\/p>\n<p class=\"color-2\">K dispoz\u00edcii sme v\u00e1m aj na ni\u017e\u0161ie uvedenom telef\u00f3nnom \u010d\u00edsle, ak si \u017eel\u00e1te svoju rezerv\u00e1ciu uskuto\u010dni\u0165 priamo s na\u0161imi recep\u010dn\u00fdmi pracovn\u00edkmi. <\/p>\t\t\t\t\t\t\t\t\t\t\t\t\t\t\t\t\t\t<div class=\"reservations mb-30\">\r\n\t\t\t\t\t\t\t<div class=\"icon\"><span class=\"flaticon-call\"><\/span><\/div>\r\n\t\t\t\t\t\t\t<div class=\"text\">\r\n\t\t\t\t\t\t\t\t<p class=\"color-2\">Rezerv\u00e1cia<\/p><a class=\"color-2\" href=\"tel:+3684330754\">36 84 330 754<\/a>\t\t\t\t\t\t\t<\/div>\r\n\t\t\t\t\t\t<\/div>\r\n\t\t\t\t\t\t\t\t\t\t\t<\/div>\r\n\t\t\t\t\t<div class=\"col-md-8\">\r\n\t\t\t\t\t\t<div class=\"owl-carousel owl-theme\">\r\n\t\t\t\t\t\t\t\t\t\t\t\t\t\t\t<div class=\"pricing-card\">\r\n\t\t\t\t\t\t\t\t\t\t\t\t\t\t\t\t\t\t<img decoding=\"async\" src=\"https:\/\/calendula.hu\/wp-content\/uploads\/2023\/03\/CALENDULA_288.jpg\" alt=\"\">\r\n\t\t\t\t\t\t\t\t\t\t\t\t\t\t\t\t\t\t<div class=\"desc\">\r\n\t\t\t\t\t\t\t\t\t\t\t\t\t\t\t\t\t\t\t\t<div class=\"name\">\u0160tandard<\/div>\r\n\t\t\t\t\t\t\t\t\t\t\t\t\t\t\t\t\t\t\t\t\t\t\t\t\t\t\t\t\t\t<div class=\"amount\">23.560 Ft<span>\/ noc<\/span><\/div>\r\n\t\t\t\t\t\t\t\t\t\t\t\t\t\t\t\t\t\t\t\t\t\t\t\t\t\t\t\t\t\t<ul class=\"list-unstyled list\">\r\n\t\t\t\t\t\t\t\t\t\t\t<li><i class=\"ti-check\"><\/i> 1 f\u0151<\/li>\n<li><i class=\"ti-check\"><\/i> 14 m2<\/li>\n<li><i class=\"ti-close unavailable\"><\/i>Balk\u00f3n<\/li>\t\t\t\t\t\t\t\t\t\t<\/ul>\r\n\t\t\t\t\t\t\t\t\t\t\t\t\t\t\t\t\t\t\t<\/div>\r\n\t\t\t\t\t\t\t\t<\/div>\r\n\t\t\t\t\t\t\t\t\t\t\t\t\t\t\t<div class=\"pricing-card\">\r\n\t\t\t\t\t\t\t\t\t\t\t\t\t\t\t\t\t\t<img decoding=\"async\" src=\"https:\/\/calendula.hu\/wp-content\/uploads\/2023\/03\/CALENDULA_288.jpg\" alt=\"\">\r\n\t\t\t\t\t\t\t\t\t\t\t\t\t\t\t\t\t\t<div class=\"desc\">\r\n\t\t\t\t\t\t\t\t\t\t\t\t\t\t\t\t\t\t\t\t<div class=\"name\">\u0160tandard s balk\u00f3nom<\/div>\r\n\t\t\t\t\t\t\t\t\t\t\t\t\t\t\t\t\t\t\t\t\t\t\t\t\t\t\t\t\t\t<div class=\"amount\">29.640 Ft<span>\/ noc<\/span><\/div>\r\n\t\t\t\t\t\t\t\t\t\t\t\t\t\t\t\t\t\t\t\t\t\t\t\t\t\t\t\t\t\t<ul class=\"list-unstyled list\">\r\n\t\t\t\t\t\t\t\t\t\t\t<li><i class=\"ti-check\"><\/i> 1-2 osoby<\/li>\n<li><i class=\"ti-check\"><\/i> 17 m2<\/li>\n<li><i class=\"ti-check\"><\/i> Balk\u00f3n<\/li>\t\t\t\t\t\t\t\t\t\t<\/ul>\r\n\t\t\t\t\t\t\t\t\t\t\t\t\t\t\t\t\t\t\t<\/div>\r\n\t\t\t\t\t\t\t\t<\/div>\r\n\t\t\t\t\t\t\t\t\t\t\t\t\t\t\t<div class=\"pricing-card\">\r\n\t\t\t\t\t\t\t\t\t\t\t\t\t\t\t\t\t\t<img decoding=\"async\" src=\"https:\/\/calendula.hu\/wp-content\/uploads\/2023\/04\/CALENDULA_311.jpg\" alt=\"\">\r\n\t\t\t\t\t\t\t\t\t\t\t\t\t\t\t\t\t\t<div class=\"desc\">\r\n\t\t\t\t\t\t\t\t\t\t\t\t\t\t\t\t\t\t\t\t<div class=\"name\">\u0160tandardn\u00e1 dvojl\u00f4\u017ekov\u00e1 izba<\/div>\r\n\t\t\t\t\t\t\t\t\t\t\t\t\t\t\t\t\t\t\t\t\t\t\t\t\t\t\t\t\t\t<div class=\"amount\">37.620 Ft<span>\/ noc<\/span><\/div>\r\n\t\t\t\t\t\t\t\t\t\t\t\t\t\t\t\t\t\t\t\t\t\t\t\t\t\t\t\t\t\t<ul class=\"list-unstyled list\">\r\n\t\t\t\t\t\t\t\t\t\t\t<li><i class=\"ti-check\"><\/i> 1-2 osoby<\/li>\n<li><i class=\"ti-check\"><\/i> 18 m2<\/li>\n<li><i class=\"ti-close unavailable\"><\/i>Balk\u00f3n<\/li>\t\t\t\t\t\t\t\t\t\t<\/ul>\r\n\t\t\t\t\t\t\t\t\t\t\t\t\t\t\t\t\t\t\t<\/div>\r\n\t\t\t\t\t\t\t\t<\/div>\r\n\t\t\t\t\t\t\t\t\t\t\t\t\t<\/div>\r\n\t\t\t\t\t<\/div>\r\n\t\t\t\t<\/div>\r\n\t\t\t<\/div>\r\n\t\t<\/section>\r\n\t\t\t\t\t<\/div>\n\t\t\t\t<\/div>\n\t\t\t\t<div class=\"elementor-element elementor-element-87af5a8 elementor-align-left home-bottom-foglalas elementor-widget elementor-widget-global elementor-global-3672 elementor-widget-home-testimonials-2\" data-id=\"87af5a8\" data-element_type=\"widget\" data-e-type=\"widget\" data-widget_type=\"home-testimonials-2.default\">\n\t\t\t\t<div class=\"elementor-widget-container\">\n\t\t\t\t\t\n\t\t<section class=\"testimonials\">\n\t\t\t\t\t\t<div class=\"background bg-img bg-fixed section-padding pb-0\" data-background=\"https:\/\/calendula.hu\/wp-content\/uploads\/2024\/10\/calendula-klinika-etterem.webp\" data-overlay-dark=\"2\">\n\t\t\t\t\t\t\t<div class=\"container\">\n\t\t\t\t\t<div class=\"row\">\n\t\t\t\t\t\t<!-- Reservation -->\n\t\t\t\t\t\t<div class=\"col-md-5 mb-30 mt-30\">\n\t\t\t\t\t\t\t<p>\t\t\t\t\t\t\t\t<i class=\"star-rating\"><\/i>\n\t\t\t\t\t\t\t\t<i class=\"star-rating\"><\/i>\n\t\t\t\t\t\t\t\t<i class=\"star-rating\"><\/i>\n\t\t\t\t\t\t\t\t<i class=\"star-rating\"><\/i>\n\t\t\t\t\t\t\t<\/p>\n\t\t\t\t\t\t\t\t\t\t\t\t\t\t<h5><h6>Synt\u00e9za z\u00e1padnej a v\u00fdchodnej medic\u00edny <\/h6>\n<h6>Komplexn\u00e9 lie\u010debn\u00e9 programy<\/h6>\n<h6>Modern\u00e1 diagnostika<\/h6>\n<h6>Vlastn\u00e1 v\u00fdroba liekov<\/h6>\n<h6>Zdrav\u00e9 stravovanie<\/h6>\n<h6>4-hviezdi\u010dkov\u00fd hotel <\/h6>\n<h6> Priate\u013esk\u00e9, rodinn\u00e9 prostredie<\/h6>\n\n<br>\n<br><\/h5>\n\t\t\t\t\t\t\t\t\t\t\t\t\t\t\t\t\t\t\t\t\t<div class=\"reservations mb-30\">\n\t\t\t\t\t\t\t\t<div class=\"icon color-1\"><span class=\"flaticon-call\"><\/span><\/div>\n\t\t\t\t\t\t\t\t<div class=\"text\">\n\t\t\t\t\t\t\t\t\t<p class=\"color-1\">Te\u0161\u00edme sa na v\u00e1\u0161 telefon\u00e1t<\/p> <a class=\"color-1\" href=\"tel:+36202617447\">+36 20 261 7447 <\/a>\t\t\t\t\t\t\t\t<\/div>\n\t\t\t\t\t\t\t<\/div>\n\t\t\t\t\t\t\t\t\t\t\t\t\t\t\t\t\t\t\t\t<\/div>\n\t\t\t\t\t\t<!-- Booking From -->\n\t\t\t\t\t\t<div class=\"col-md-5 offset-md-2\">\n\t\t\t\t\t\t\t<div class=\"booking-box\">\n\t\t\t\t\t\t\t\t<div class=\"head-box\">\n\t\t\t\t\t\t\t\t\t\t\t\t\t\t\t\t\t\t\t\t\t\t\t\t\t\t<\/div>\n\t\t\t\t\t\t\t\t\t\t\t\t\t\t\t\t<div class=\"booking-inner clearfix\">\n\t\t\t\t\t\t\t\t\t <div class=\"butn-light mb-30\" style=\"text-align: center\">\n                        <a href=\"https:\/\/calendula.hu\/kapcsolat\/\"><span>Kontaktujte n\u00e1s!<\/span><\/a>\n<\/div>\t\t\t\t\t\t\t\t<\/div>\n\t\t\t\t\t\t\t\t\t\t\t\t\t\t\t<\/div>\n\t\t\t\t\t\t<\/div>\n\t\t\t\t\t<\/div>\n\t\t\t\t<\/div>\n\t\t\t<\/div>\n\t\t<\/section>\n\n\t\t\t\t\t<\/div>\n\t\t\t\t<\/div>\n\t\t\t\t\t<\/div>\n\t\t<\/div>\n\t\t\t\t\t<\/div>\n\t\t<\/section>\n\t\t\t\t<\/div>","protected":false},"excerpt":{"rendered":"<p>Calendula &#8211; Klasszik klinika Szob\u00e1k Booking 37.620 Ft Standard Double Details Booking 29.640 Ft Standard erk\u00e9lyes Details Booking 23.560 Ft Standard Details B\u00e1rmely szob\u00e1t is v\u00e1lasztja, klinik\u00e1nkon az \u00f6sszes felt\u00e9telt megteremtett\u00fck annak \u00e9rdek\u00e9ben, hogy tart\u00f3zkod\u00e1sa a lehet\u0151 legk\u00e9nyelmesebb \u00e9s a kezel\u00e9s min\u00e9l hat\u00e9konyabb legyen.A klinika\u00a0transzfer-szolg\u00e1ltat\u00e1sokat\u00a0ny\u00fajt\u00a0Budapest, B\u00e9cs, S\u00e1rmell\u00e9k \u00e9s Si\u00f3fok k\u00f6z\u00f6tt.\u00a0Aut\u00f3val \u00e9rkez\u0151k r\u00e9sz\u00e9re a helysz\u00ednen\u00a0ingyenes parkol\u00e1si\u00a0lehet\u0151s\u00e9g [&hellip;]<\/p>\n","protected":false},"author":9,"featured_media":0,"parent":0,"menu_order":0,"comment_status":"closed","ping_status":"closed","template":"page-templates\/dark-sidebar.php","meta":{"footnotes":""},"class_list":["post-2416","page","type-page","status-publish","hentry"],"yoast_head":"<!-- This site is optimized with the Yoast SEO Premium plugin v19.5 (Yoast SEO v27.4) - https:\/\/yoast.com\/product\/yoast-seo-premium-wordpress\/ -->\n<title>Klasszikus klinika sz\u00e1ll\u00e1s Si\u00f3fok \u2013 Calendula Klinika\u200b<\/title>\n<meta name=\"description\" content=\"Klasszikus klinika, sz\u00e1ll\u00e1s Si\u00f3fokon a Calendula Klinik\u00e1n. K\u00e9nyelmes szob\u00e1k, exkluz\u00edv k\u00f6rnyezet \u00e9s gy\u00f3gykezel\u00e9sek egy helyen.\" \/>\n<meta name=\"robots\" content=\"index, follow, max-snippet:-1, max-image-preview:large, max-video-preview:-1\" \/>\n<link rel=\"canonical\" href=\"https:\/\/calendula.hu\/sk\/szallas-etkezes-klasszik\/\" \/>\n<meta property=\"og:locale\" content=\"sk_SK\" \/>\n<meta property=\"og:type\" content=\"article\" \/>\n<meta property=\"og:title\" content=\"Sz\u00e1ll\u00e1s-\u00e9tkez\u00e9s-klasszik\" \/>\n<meta property=\"og:description\" content=\"Klasszikus klinika, sz\u00e1ll\u00e1s Si\u00f3fokon a Calendula Klinik\u00e1n. K\u00e9nyelmes szob\u00e1k, exkluz\u00edv k\u00f6rnyezet \u00e9s gy\u00f3gykezel\u00e9sek egy helyen.\" \/>\n<meta property=\"og:url\" content=\"https:\/\/calendula.hu\/sk\/szallas-etkezes-klasszik\/\" \/>\n<meta property=\"og:site_name\" content=\"Calendula Klinika - Si\u00f3fok\" \/>\n<meta property=\"article:modified_time\" content=\"2026-01-09T11:52:26+00:00\" \/>\n<meta property=\"og:image\" content=\"https:\/\/calendula.hu\/wp-content\/uploads\/2023\/03\/CALENDULA_311.jpg\" \/>\n<meta name=\"twitter:card\" content=\"summary_large_image\" \/>\n<meta name=\"twitter:label1\" content=\"Predpokladan\u00fd \u010das \u010d\u00edtania\" \/>\n\t<meta name=\"twitter:data1\" content=\"4 min\u00faty\" \/>\n<script type=\"application\/ld+json\" class=\"yoast-schema-graph\">{\"@context\":\"https:\\\/\\\/schema.org\",\"@graph\":[{\"@type\":\"WebPage\",\"@id\":\"https:\\\/\\\/calendula.hu\\\/szallas-etkezes-klasszik\\\/\",\"url\":\"https:\\\/\\\/calendula.hu\\\/szallas-etkezes-klasszik\\\/\",\"name\":\"Klasszikus klinika sz\u00e1ll\u00e1s Si\u00f3fok \u2013 Calendula Klinika\u200b\",\"isPartOf\":{\"@id\":\"https:\\\/\\\/calendula.hu\\\/#website\"},\"primaryImageOfPage\":{\"@id\":\"https:\\\/\\\/calendula.hu\\\/szallas-etkezes-klasszik\\\/#primaryimage\"},\"image\":{\"@id\":\"https:\\\/\\\/calendula.hu\\\/szallas-etkezes-klasszik\\\/#primaryimage\"},\"thumbnailUrl\":\"https:\\\/\\\/calendula.hu\\\/wp-content\\\/uploads\\\/2023\\\/03\\\/CALENDULA_311.jpg\",\"datePublished\":\"2023-02-05T10:56:04+00:00\",\"dateModified\":\"2026-01-09T11:52:26+00:00\",\"description\":\"Klasszikus klinika, sz\u00e1ll\u00e1s Si\u00f3fokon a Calendula Klinik\u00e1n. K\u00e9nyelmes szob\u00e1k, exkluz\u00edv k\u00f6rnyezet \u00e9s gy\u00f3gykezel\u00e9sek egy helyen.\",\"breadcrumb\":{\"@id\":\"https:\\\/\\\/calendula.hu\\\/szallas-etkezes-klasszik\\\/#breadcrumb\"},\"inLanguage\":\"sk-SK\",\"potentialAction\":[{\"@type\":\"ReadAction\",\"target\":[\"https:\\\/\\\/calendula.hu\\\/szallas-etkezes-klasszik\\\/\"]}]},{\"@type\":\"ImageObject\",\"inLanguage\":\"sk-SK\",\"@id\":\"https:\\\/\\\/calendula.hu\\\/szallas-etkezes-klasszik\\\/#primaryimage\",\"url\":\"https:\\\/\\\/calendula.hu\\\/wp-content\\\/uploads\\\/2023\\\/03\\\/CALENDULA_311.jpg\",\"contentUrl\":\"https:\\\/\\\/calendula.hu\\\/wp-content\\\/uploads\\\/2023\\\/03\\\/CALENDULA_311.jpg\"},{\"@type\":\"BreadcrumbList\",\"@id\":\"https:\\\/\\\/calendula.hu\\\/szallas-etkezes-klasszik\\\/#breadcrumb\",\"itemListElement\":[{\"@type\":\"ListItem\",\"position\":1,\"name\":\"Home\",\"item\":\"https:\\\/\\\/calendula.hu\\\/\"},{\"@type\":\"ListItem\",\"position\":2,\"name\":\"Sz\u00e1ll\u00e1s-\u00e9tkez\u00e9s-klasszik\"}]},{\"@type\":\"WebSite\",\"@id\":\"https:\\\/\\\/calendula.hu\\\/#website\",\"url\":\"https:\\\/\\\/calendula.hu\\\/\",\"name\":\"Calendula Klinika - Si\u00f3fok\",\"description\":\"\",\"potentialAction\":[{\"@type\":\"SearchAction\",\"target\":{\"@type\":\"EntryPoint\",\"urlTemplate\":\"https:\\\/\\\/calendula.hu\\\/?s={search_term_string}\"},\"query-input\":{\"@type\":\"PropertyValueSpecification\",\"valueRequired\":true,\"valueName\":\"search_term_string\"}}],\"inLanguage\":\"sk-SK\"}]}<\/script>\n<!-- \/ Yoast SEO Premium plugin. -->","yoast_head_json":{"title":"Klasszikus klinika sz\u00e1ll\u00e1s Si\u00f3fok \u2013 Calendula Klinika\u200b","description":"Klasszikus klinika, sz\u00e1ll\u00e1s Si\u00f3fokon a Calendula Klinik\u00e1n. K\u00e9nyelmes szob\u00e1k, exkluz\u00edv k\u00f6rnyezet \u00e9s gy\u00f3gykezel\u00e9sek egy helyen.","robots":{"index":"index","follow":"follow","max-snippet":"max-snippet:-1","max-image-preview":"max-image-preview:large","max-video-preview":"max-video-preview:-1"},"canonical":"https:\/\/calendula.hu\/sk\/szallas-etkezes-klasszik\/","og_locale":"sk_SK","og_type":"article","og_title":"Sz\u00e1ll\u00e1s-\u00e9tkez\u00e9s-klasszik","og_description":"Klasszikus klinika, sz\u00e1ll\u00e1s Si\u00f3fokon a Calendula Klinik\u00e1n. K\u00e9nyelmes szob\u00e1k, exkluz\u00edv k\u00f6rnyezet \u00e9s gy\u00f3gykezel\u00e9sek egy helyen.","og_url":"https:\/\/calendula.hu\/sk\/szallas-etkezes-klasszik\/","og_site_name":"Calendula Klinika - Si\u00f3fok","article_modified_time":"2026-01-09T11:52:26+00:00","og_image":[{"url":"https:\/\/calendula.hu\/wp-content\/uploads\/2023\/03\/CALENDULA_311.jpg","type":"","width":"","height":""}],"twitter_card":"summary_large_image","twitter_misc":{"Predpokladan\u00fd \u010das \u010d\u00edtania":"4 min\u00faty"},"schema":{"@context":"https:\/\/schema.org","@graph":[{"@type":"WebPage","@id":"https:\/\/calendula.hu\/szallas-etkezes-klasszik\/","url":"https:\/\/calendula.hu\/szallas-etkezes-klasszik\/","name":"Klasszikus klinika sz\u00e1ll\u00e1s Si\u00f3fok \u2013 Calendula Klinika\u200b","isPartOf":{"@id":"https:\/\/calendula.hu\/#website"},"primaryImageOfPage":{"@id":"https:\/\/calendula.hu\/szallas-etkezes-klasszik\/#primaryimage"},"image":{"@id":"https:\/\/calendula.hu\/szallas-etkezes-klasszik\/#primaryimage"},"thumbnailUrl":"https:\/\/calendula.hu\/wp-content\/uploads\/2023\/03\/CALENDULA_311.jpg","datePublished":"2023-02-05T10:56:04+00:00","dateModified":"2026-01-09T11:52:26+00:00","description":"Klasszikus klinika, sz\u00e1ll\u00e1s Si\u00f3fokon a Calendula Klinik\u00e1n. K\u00e9nyelmes szob\u00e1k, exkluz\u00edv k\u00f6rnyezet \u00e9s gy\u00f3gykezel\u00e9sek egy helyen.","breadcrumb":{"@id":"https:\/\/calendula.hu\/szallas-etkezes-klasszik\/#breadcrumb"},"inLanguage":"sk-SK","potentialAction":[{"@type":"ReadAction","target":["https:\/\/calendula.hu\/szallas-etkezes-klasszik\/"]}]},{"@type":"ImageObject","inLanguage":"sk-SK","@id":"https:\/\/calendula.hu\/szallas-etkezes-klasszik\/#primaryimage","url":"https:\/\/calendula.hu\/wp-content\/uploads\/2023\/03\/CALENDULA_311.jpg","contentUrl":"https:\/\/calendula.hu\/wp-content\/uploads\/2023\/03\/CALENDULA_311.jpg"},{"@type":"BreadcrumbList","@id":"https:\/\/calendula.hu\/szallas-etkezes-klasszik\/#breadcrumb","itemListElement":[{"@type":"ListItem","position":1,"name":"Home","item":"https:\/\/calendula.hu\/"},{"@type":"ListItem","position":2,"name":"Sz\u00e1ll\u00e1s-\u00e9tkez\u00e9s-klasszik"}]},{"@type":"WebSite","@id":"https:\/\/calendula.hu\/#website","url":"https:\/\/calendula.hu\/","name":"Klinika Calendula - Siofok","description":"","potentialAction":[{"@type":"SearchAction","target":{"@type":"EntryPoint","urlTemplate":"https:\/\/calendula.hu\/?s={search_term_string}"},"query-input":{"@type":"PropertyValueSpecification","valueRequired":true,"valueName":"search_term_string"}}],"inLanguage":"sk-SK"}]}},"_links":{"self":[{"href":"https:\/\/calendula.hu\/sk\/wp-json\/wp\/v2\/pages\/2416","targetHints":{"allow":["GET"]}}],"collection":[{"href":"https:\/\/calendula.hu\/sk\/wp-json\/wp\/v2\/pages"}],"about":[{"href":"https:\/\/calendula.hu\/sk\/wp-json\/wp\/v2\/types\/page"}],"author":[{"embeddable":true,"href":"https:\/\/calendula.hu\/sk\/wp-json\/wp\/v2\/users\/9"}],"replies":[{"embeddable":true,"href":"https:\/\/calendula.hu\/sk\/wp-json\/wp\/v2\/comments?post=2416"}],"version-history":[{"count":98,"href":"https:\/\/calendula.hu\/sk\/wp-json\/wp\/v2\/pages\/2416\/revisions"}],"predecessor-version":[{"id":10634,"href":"https:\/\/calendula.hu\/sk\/wp-json\/wp\/v2\/pages\/2416\/revisions\/10634"}],"wp:attachment":[{"href":"https:\/\/calendula.hu\/sk\/wp-json\/wp\/v2\/media?parent=2416"}],"curies":[{"name":"wp","href":"https:\/\/api.w.org\/{rel}","templated":true}]}}