{"id":3676,"date":"2023-02-19T05:00:32","date_gmt":"2023-02-19T04:00:32","guid":{"rendered":"https:\/\/calendula.hu\/?page_id=3676"},"modified":"2025-04-07T13:26:07","modified_gmt":"2025-04-07T11:26:07","slug":"foglalas","status":"publish","type":"page","link":"https:\/\/calendula.hu\/sk\/foglalas\/","title":{"rendered":"Rezerv\u00e1cia"},"content":{"rendered":"\t\t<div data-elementor-type=\"wp-page\" data-elementor-id=\"3676\" class=\"elementor elementor-3676\" data-elementor-post-type=\"page\">\n\t\t\t\t\t\t<section class=\"elementor-section elementor-top-section elementor-element elementor-element-6aa4bf4 elementor-section-full_width elementor-section-height-min-height elementor-section-height-default elementor-section-items-middle\" data-id=\"6aa4bf4\" data-element_type=\"section\" data-e-type=\"section\" data-settings=\"{&quot;background_background&quot;:&quot;classic&quot;}\">\n\t\t\t\t\t\t\t<div class=\"elementor-background-overlay\"><\/div>\n\t\t\t\t\t\t\t<div class=\"elementor-container elementor-column-gap-default\">\n\t\t\t\t\t<div class=\"elementor-column elementor-col-100 elementor-top-column elementor-element elementor-element-8db90cf\" data-id=\"8db90cf\" data-element_type=\"column\" data-e-type=\"column\">\n\t\t\t<div class=\"elementor-widget-wrap elementor-element-populated\">\n\t\t\t\t\t\t<div class=\"elementor-element elementor-element-f3b8310 elementor-widget elementor-widget-text-editor\" data-id=\"f3b8310\" data-element_type=\"widget\" data-e-type=\"widget\" data-widget_type=\"text-editor.default\">\n\t\t\t\t<div class=\"elementor-widget-container\">\n\t\t\t\t\t\t\t\t\t<h2><strong>Szobafoglal\u00e1s a Calendula Klinik\u00e1n<\/strong><\/h2>\t\t\t\t\t\t\t\t<\/div>\n\t\t\t\t<\/div>\n\t\t\t\t<div class=\"elementor-element elementor-element-f209b22 elementor-widget elementor-widget-text-editor\" data-id=\"f209b22\" data-element_type=\"widget\" data-e-type=\"widget\" data-widget_type=\"text-editor.default\">\n\t\t\t\t<div class=\"elementor-widget-container\">\n\t\t\t\t\t\t\t\t\tFelh\u00edvjuk figyelm\u00e9t, hogy az adatlap bek\u00fcld\u00e9se nem jelent r\u00f6gz\u00edtett, visszaigazolt foglal\u00e1st. Foglal\u00e1si k\u00e9relm\u00e9nek be\u00e9rkez\u00e9s\u00e9t k\u00f6vet\u0151en felvessz\u00fck \u00d6nnel a kapcsolatot!\n\nSz\u00e1ll\u00e1s csak kezel\u00e9ssel egy\u00fctt foglalhat\u00f3.\t\t\t\t\t\t\t\t<\/div>\n\t\t\t\t<\/div>\n\t\t\t\t<div class=\"elementor-element elementor-element-09fe5ae elementor-button-align-center elementor-widget elementor-widget-form\" data-id=\"09fe5ae\" data-element_type=\"widget\" data-e-type=\"widget\" data-settings=\"{&quot;step_next_label&quot;:&quot;Next&quot;,&quot;step_previous_label&quot;:&quot;Previous&quot;,&quot;button_width&quot;:&quot;100&quot;,&quot;step_type&quot;:&quot;number_text&quot;,&quot;step_icon_shape&quot;:&quot;circle&quot;}\" data-widget_type=\"form.default\">\n\t\t\t\t<div class=\"elementor-widget-container\">\n\t\t\t\t\t\t\t<form class=\"elementor-form\" method=\"post\" name=\"Booking form\" aria-label=\"Booking form\">\n\t\t\t<input type=\"hidden\" name=\"post_id\" value=\"3676\"\/>\n\t\t\t<input type=\"hidden\" name=\"form_id\" value=\"09fe5ae\"\/>\n\t\t\t<input type=\"hidden\" name=\"referer_title\" value=\"Calendula Klinika &#8211; Si\u00f3fok\" \/>\n\n\t\t\t\n\t\t\t<div class=\"elementor-form-fields-wrapper elementor-labels-\">\n\t\t\t\t\t\t\t\t<div class=\"elementor-field-type-text elementor-field-group elementor-column elementor-field-group-name elementor-col-50 elementor-field-required\">\n\t\t\t\t\t\t\t\t\t\t\t\t<label for=\"form-field-name\" class=\"elementor-field-label elementor-screen-only\">\n\t\t\t\t\t\t\t\tN\u00e9v\t\t\t\t\t\t\t<\/label>\n\t\t\t\t\t\t\t\t\t\t\t\t\t\t<input size=\"1\" type=\"text\" name=\"form_fields[name]\" id=\"form-field-name\" class=\"elementor-field elementor-size-md  elementor-field-textual\" placeholder=\"Teljes N\u00e9v *\" required=\"required\">\n\t\t\t\t\t\t\t\t\t\t\t<\/div>\n\t\t\t\t\t\t\t\t<div class=\"elementor-field-type-text elementor-field-group elementor-column elementor-field-group-telefon elementor-col-50 elementor-field-required\">\n\t\t\t\t\t\t\t\t\t\t\t\t<label for=\"form-field-telefon\" class=\"elementor-field-label elementor-screen-only\">\n\t\t\t\t\t\t\t\tTelefonsz\u00e1m\t\t\t\t\t\t\t<\/label>\n\t\t\t\t\t\t\t\t\t\t\t\t\t\t<input size=\"1\" type=\"text\" name=\"form_fields[telefon]\" id=\"form-field-telefon\" class=\"elementor-field elementor-size-md  elementor-field-textual\" placeholder=\"Telefonsz\u00e1m (pl. +36 20 261 7447) *\" required=\"required\">\n\t\t\t\t\t\t\t\t\t\t\t<\/div>\n\t\t\t\t\t\t\t\t<div class=\"elementor-field-type-email elementor-field-group elementor-column elementor-field-group-email elementor-col-50 elementor-field-required\">\n\t\t\t\t\t\t\t\t\t\t\t\t<label for=\"form-field-email\" class=\"elementor-field-label elementor-screen-only\">\n\t\t\t\t\t\t\t\tEmail\t\t\t\t\t\t\t<\/label>\n\t\t\t\t\t\t\t\t\t\t\t\t\t\t<input size=\"1\" type=\"email\" name=\"form_fields[email]\" id=\"form-field-email\" class=\"elementor-field elementor-size-md  elementor-field-textual\" placeholder=\"emailcim@gmail.com*\" required=\"required\">\n\t\t\t\t\t\t\t\t\t\t\t<\/div>\n\t\t\t\t\t\t\t\t<div class=\"elementor-field-type-text elementor-field-group elementor-column elementor-field-group-field_ae56f87 elementor-col-50 elementor-field-required\">\n\t\t\t\t\t\t\t\t\t\t\t\t<label for=\"form-field-field_ae56f87\" class=\"elementor-field-label elementor-screen-only\">\n\t\t\t\t\t\t\t\tSzem\u00e9lyek sz\u00e1ma\t\t\t\t\t\t\t<\/label>\n\t\t\t\t\t\t\t\t\t\t\t\t\t\t<input size=\"1\" type=\"text\" name=\"form_fields[field_ae56f87]\" id=\"form-field-field_ae56f87\" class=\"elementor-field elementor-size-md  elementor-field-textual\" placeholder=\"Szem\u00e9lyek sz\u00e1ma *\" required=\"required\">\n\t\t\t\t\t\t\t\t\t\t\t<\/div>\n\t\t\t\t\t\t\t\t<div class=\"elementor-field-type-text elementor-field-group elementor-column elementor-field-group-field_a715994 elementor-col-33 elementor-field-required\">\n\t\t\t\t\t\t\t\t\t\t\t\t<label for=\"form-field-field_a715994\" class=\"elementor-field-label elementor-screen-only\">\n\t\t\t\t\t\t\t\t\u00c9rkez\u00e9s\t\t\t\t\t\t\t<\/label>\n\t\t\t\t\t\t\t\t\t\t\t\t\t\t<input size=\"1\" type=\"text\" name=\"form_fields[field_a715994]\" id=\"form-field-field_a715994\" class=\"elementor-field elementor-size-md  elementor-field-textual\" placeholder=\"\u00c9rkez\u00e9s *\" required=\"required\">\n\t\t\t\t\t\t\t\t\t\t\t<\/div>\n\t\t\t\t\t\t\t\t<div class=\"elementor-field-type-text elementor-field-group elementor-column elementor-field-group-field_011e5dc elementor-col-33 elementor-field-required\">\n\t\t\t\t\t\t\t\t\t\t\t\t<label for=\"form-field-field_011e5dc\" class=\"elementor-field-label elementor-screen-only\">\n\t\t\t\t\t\t\t\tT\u00e1voz\u00e1s\t\t\t\t\t\t\t<\/label>\n\t\t\t\t\t\t\t\t\t\t\t\t\t\t<input size=\"1\" type=\"text\" name=\"form_fields[field_011e5dc]\" id=\"form-field-field_011e5dc\" class=\"elementor-field elementor-size-md  elementor-field-textual\" placeholder=\"T\u00e1voz\u00e1s *\" required=\"required\">\n\t\t\t\t\t\t\t\t\t\t\t<\/div>\n\t\t\t\t\t\t\t\t<div class=\"elementor-field-type-text elementor-field-group elementor-column elementor-field-group-field_a776787 elementor-col-33 elementor-field-required\">\n\t\t\t\t\t\t\t\t\t\t\t\t<label for=\"form-field-field_a776787\" class=\"elementor-field-label elementor-screen-only\">\n\t\t\t\t\t\t\t\tSz\u00e1ll\u00e1s\t\t\t\t\t\t\t<\/label>\n\t\t\t\t\t\t\t\t\t\t\t\t\t\t<input size=\"1\" type=\"text\" name=\"form_fields[field_a776787]\" id=\"form-field-field_a776787\" class=\"elementor-field elementor-size-md  elementor-field-textual\" placeholder=\"Sz\u00e1ll\u00e1s *\" required=\"required\">\n\t\t\t\t\t\t\t\t\t\t\t<\/div>\n\t\t\t\t\t\t\t\t<div class=\"elementor-field-type-textarea elementor-field-group elementor-column elementor-field-group-message elementor-col-100\">\n\t\t\t\t\t\t\t\t\t\t\t\t<label for=\"form-field-message\" class=\"elementor-field-label elementor-screen-only\">\n\t\t\t\t\t\t\t\t\u00dczenet\t\t\t\t\t\t\t<\/label>\n\t\t\t\t\t\t<textarea class=\"elementor-field-textual elementor-field  elementor-size-md\" name=\"form_fields[message]\" id=\"form-field-message\" rows=\"3\" placeholder=\"K\u00e9rj\u00fck itt jelezze speci\u00e1lis ig\u00e9nyeit vagy ha t\u00f6bb szob\u00e1t ig\u00e9nyelne. \"><\/textarea>\t\t\t\t<\/div>\n\t\t\t\t\t\t\t\t<div class=\"elementor-field-type-acceptance elementor-field-group elementor-column elementor-field-group-field_4e90499 elementor-col-100 elementor-field-required\">\n\t\t\t\t\t\t\t\t\t\t\t\t<label for=\"form-field-field_4e90499\" class=\"elementor-field-label elementor-screen-only\">\n\t\t\t\t\t\t\t\tHozz\u00e1j\u00e1rul\u00e1s\t\t\t\t\t\t\t<\/label>\n\t\t\t\t\t\t\t\t<div class=\"elementor-field-subgroup\">\n\t\t\t<span class=\"elementor-field-option\">\n\t\t\t\t<input type=\"checkbox\" name=\"form_fields[field_4e90499]\" id=\"form-field-field_4e90499\" class=\"elementor-field elementor-size-md  elementor-acceptance-field\" required=\"required\">\n\t\t\t\t<label for=\"form-field-field_4e90499\"><span style=\"color: white\">Hozz\u00e1j\u00e1rulok adataimnak az <a href=\"\/adatkezelesi-tajekoztato\/\">Adatkezel\u00e9si t\u00e1j\u00e9koztat\u00f3ban<\/a> le\u00edrtak szerinti kezel\u00e9s\u00e9hez.<\/span><\/label>\t\t\t<\/span>\n\t\t<\/div>\n\t\t\t\t\t\t<\/div>\n\t\t\t\t\t\t\t\t<div class=\"elementor-field-group elementor-column elementor-field-type-submit elementor-col-100 e-form__buttons\">\n\t\t\t\t\t<button class=\"elementor-button elementor-size-xl\" type=\"submit\">\n\t\t\t\t\t\t<span class=\"elementor-button-content-wrapper\">\n\t\t\t\t\t\t\t\t\t\t\t\t\t\t\t\t\t\t\t\t\t\t<span class=\"elementor-button-text\">Foglal\u00e1s<\/span>\n\t\t\t\t\t\t\t\t\t\t\t\t\t<\/span>\n\t\t\t\t\t<\/button>\n\t\t\t\t<\/div>\n\t\t\t<\/div>\n\t\t<\/form>\n\t\t\t\t\t\t<\/div>\n\t\t\t\t<\/div>\n\t\t\t\t\t<\/div>\n\t\t<\/div>\n\t\t\t\t\t<\/div>\n\t\t<\/section>\n\t\t\t\t<\/div>\n\t\t","protected":false},"excerpt":{"rendered":"<p>Szobafoglal\u00e1s a Calendula Klinik\u00e1n Felh\u00edvjuk figyelm\u00e9t, hogy az adatlap bek\u00fcld\u00e9se nem jelent r\u00f6gz\u00edtett, visszaigazolt foglal\u00e1st. Foglal\u00e1si k\u00e9relm\u00e9nek be\u00e9rkez\u00e9s\u00e9t k\u00f6vet\u0151en felvessz\u00fck \u00d6nnel a kapcsolatot! Sz\u00e1ll\u00e1s csak kezel\u00e9ssel egy\u00fctt foglalhat\u00f3.<\/p>","protected":false},"author":9,"featured_media":6059,"parent":0,"menu_order":0,"comment_status":"closed","ping_status":"closed","template":"page-templates\/dark-sidebar.php","meta":{"footnotes":""},"class_list":["post-3676","page","type-page","status-publish","has-post-thumbnail","hentry"],"yoast_head":"<!-- This site is optimized with the Yoast SEO Premium plugin v19.5 (Yoast SEO v27.4) - https:\/\/yoast.com\/product\/yoast-seo-premium-wordpress\/ -->\n<title>Sz\u00e1ll\u00e1sfoglal\u00e1s Calendula Klinika \u2013 Foglaljon szob\u00e1t Si\u00f3fokon\u200b<\/title>\n<meta name=\"description\" content=\"Sz\u00e1ll\u00e1sfoglal\u00e1s a Calendula Klinik\u00e1n Si\u00f3fokon. T\u00f6ltse ki online \u0171rlapunkat, \u00e9s koll\u00e9g\u00e1ink hamarosan felveszik \u00d6nnel a kapcsolatot.\u200b\" \/>\n<meta name=\"robots\" content=\"index, follow, max-snippet:-1, max-image-preview:large, max-video-preview:-1\" \/>\n<link rel=\"canonical\" href=\"https:\/\/calendula.hu\/sk\/foglalas\/\" \/>\n<meta property=\"og:locale\" content=\"sk_SK\" \/>\n<meta property=\"og:type\" content=\"article\" \/>\n<meta property=\"og:title\" content=\"Foglal\u00e1s\" \/>\n<meta property=\"og:description\" content=\"Sz\u00e1ll\u00e1sfoglal\u00e1s a Calendula Klinik\u00e1n Si\u00f3fokon. T\u00f6ltse ki online \u0171rlapunkat, \u00e9s koll\u00e9g\u00e1ink hamarosan felveszik \u00d6nnel a kapcsolatot.\u200b\" \/>\n<meta property=\"og:url\" content=\"https:\/\/calendula.hu\/sk\/foglalas\/\" \/>\n<meta property=\"og:site_name\" content=\"Calendula Klinika - Si\u00f3fok\" \/>\n<meta property=\"article:modified_time\" content=\"2025-04-07T11:26:07+00:00\" \/>\n<meta property=\"og:image\" content=\"https:\/\/calendula.hu\/wp-content\/uploads\/2023\/04\/Calendula0035.jpg\" \/>\n\t<meta property=\"og:image:width\" content=\"1920\" \/>\n\t<meta property=\"og:image:height\" content=\"1676\" \/>\n\t<meta property=\"og:image:type\" content=\"image\/jpeg\" \/>\n<meta name=\"twitter:card\" content=\"summary_large_image\" \/>\n<meta name=\"twitter:label1\" content=\"Predpokladan\u00fd \u010das \u010d\u00edtania\" \/>\n\t<meta name=\"twitter:data1\" content=\"1 min\u00fata\" \/>\n<script type=\"application\/ld+json\" class=\"yoast-schema-graph\">{\"@context\":\"https:\\\/\\\/schema.org\",\"@graph\":[{\"@type\":\"WebPage\",\"@id\":\"https:\\\/\\\/calendula.hu\\\/foglalas\\\/\",\"url\":\"https:\\\/\\\/calendula.hu\\\/foglalas\\\/\",\"name\":\"Sz\u00e1ll\u00e1sfoglal\u00e1s Calendula Klinika \u2013 Foglaljon szob\u00e1t Si\u00f3fokon\u200b\",\"isPartOf\":{\"@id\":\"https:\\\/\\\/calendula.hu\\\/#website\"},\"primaryImageOfPage\":{\"@id\":\"https:\\\/\\\/calendula.hu\\\/foglalas\\\/#primaryimage\"},\"image\":{\"@id\":\"https:\\\/\\\/calendula.hu\\\/foglalas\\\/#primaryimage\"},\"thumbnailUrl\":\"https:\\\/\\\/calendula.hu\\\/wp-content\\\/uploads\\\/2023\\\/04\\\/Calendula0035.jpg\",\"datePublished\":\"2023-02-19T04:00:32+00:00\",\"dateModified\":\"2025-04-07T11:26:07+00:00\",\"description\":\"Sz\u00e1ll\u00e1sfoglal\u00e1s a Calendula Klinik\u00e1n Si\u00f3fokon. T\u00f6ltse ki online \u0171rlapunkat, \u00e9s koll\u00e9g\u00e1ink hamarosan felveszik \u00d6nnel a kapcsolatot.\u200b\",\"breadcrumb\":{\"@id\":\"https:\\\/\\\/calendula.hu\\\/foglalas\\\/#breadcrumb\"},\"inLanguage\":\"sk-SK\",\"potentialAction\":[{\"@type\":\"ReadAction\",\"target\":[\"https:\\\/\\\/calendula.hu\\\/foglalas\\\/\"]}]},{\"@type\":\"ImageObject\",\"inLanguage\":\"sk-SK\",\"@id\":\"https:\\\/\\\/calendula.hu\\\/foglalas\\\/#primaryimage\",\"url\":\"https:\\\/\\\/calendula.hu\\\/wp-content\\\/uploads\\\/2023\\\/04\\\/Calendula0035.jpg\",\"contentUrl\":\"https:\\\/\\\/calendula.hu\\\/wp-content\\\/uploads\\\/2023\\\/04\\\/Calendula0035.jpg\",\"width\":1920,\"height\":1676},{\"@type\":\"BreadcrumbList\",\"@id\":\"https:\\\/\\\/calendula.hu\\\/foglalas\\\/#breadcrumb\",\"itemListElement\":[{\"@type\":\"ListItem\",\"position\":1,\"name\":\"Home\",\"item\":\"https:\\\/\\\/calendula.hu\\\/\"},{\"@type\":\"ListItem\",\"position\":2,\"name\":\"Foglal\u00e1s\"}]},{\"@type\":\"WebSite\",\"@id\":\"https:\\\/\\\/calendula.hu\\\/#website\",\"url\":\"https:\\\/\\\/calendula.hu\\\/\",\"name\":\"Calendula Klinika - Si\u00f3fok\",\"description\":\"\",\"potentialAction\":[{\"@type\":\"SearchAction\",\"target\":{\"@type\":\"EntryPoint\",\"urlTemplate\":\"https:\\\/\\\/calendula.hu\\\/?s={search_term_string}\"},\"query-input\":{\"@type\":\"PropertyValueSpecification\",\"valueRequired\":true,\"valueName\":\"search_term_string\"}}],\"inLanguage\":\"sk-SK\"}]}<\/script>\n<!-- \/ Yoast SEO Premium plugin. -->","yoast_head_json":{"title":"Sz\u00e1ll\u00e1sfoglal\u00e1s Calendula Klinika \u2013 Foglaljon szob\u00e1t Si\u00f3fokon\u200b","description":"Sz\u00e1ll\u00e1sfoglal\u00e1s a Calendula Klinik\u00e1n Si\u00f3fokon. T\u00f6ltse ki online \u0171rlapunkat, \u00e9s koll\u00e9g\u00e1ink hamarosan felveszik \u00d6nnel a kapcsolatot.\u200b","robots":{"index":"index","follow":"follow","max-snippet":"max-snippet:-1","max-image-preview":"max-image-preview:large","max-video-preview":"max-video-preview:-1"},"canonical":"https:\/\/calendula.hu\/sk\/foglalas\/","og_locale":"sk_SK","og_type":"article","og_title":"Foglal\u00e1s","og_description":"Sz\u00e1ll\u00e1sfoglal\u00e1s a Calendula Klinik\u00e1n Si\u00f3fokon. T\u00f6ltse ki online \u0171rlapunkat, \u00e9s koll\u00e9g\u00e1ink hamarosan felveszik \u00d6nnel a kapcsolatot.\u200b","og_url":"https:\/\/calendula.hu\/sk\/foglalas\/","og_site_name":"Calendula Klinika - Si\u00f3fok","article_modified_time":"2025-04-07T11:26:07+00:00","og_image":[{"width":1920,"height":1676,"url":"https:\/\/calendula.hu\/wp-content\/uploads\/2023\/04\/Calendula0035.jpg","type":"image\/jpeg"}],"twitter_card":"summary_large_image","twitter_misc":{"Predpokladan\u00fd \u010das \u010d\u00edtania":"1 min\u00fata"},"schema":{"@context":"https:\/\/schema.org","@graph":[{"@type":"WebPage","@id":"https:\/\/calendula.hu\/foglalas\/","url":"https:\/\/calendula.hu\/foglalas\/","name":"Sz\u00e1ll\u00e1sfoglal\u00e1s Calendula Klinika \u2013 Foglaljon szob\u00e1t Si\u00f3fokon\u200b","isPartOf":{"@id":"https:\/\/calendula.hu\/#website"},"primaryImageOfPage":{"@id":"https:\/\/calendula.hu\/foglalas\/#primaryimage"},"image":{"@id":"https:\/\/calendula.hu\/foglalas\/#primaryimage"},"thumbnailUrl":"https:\/\/calendula.hu\/wp-content\/uploads\/2023\/04\/Calendula0035.jpg","datePublished":"2023-02-19T04:00:32+00:00","dateModified":"2025-04-07T11:26:07+00:00","description":"Sz\u00e1ll\u00e1sfoglal\u00e1s a Calendula Klinik\u00e1n Si\u00f3fokon. T\u00f6ltse ki online \u0171rlapunkat, \u00e9s koll\u00e9g\u00e1ink hamarosan felveszik \u00d6nnel a kapcsolatot.\u200b","breadcrumb":{"@id":"https:\/\/calendula.hu\/foglalas\/#breadcrumb"},"inLanguage":"sk-SK","potentialAction":[{"@type":"ReadAction","target":["https:\/\/calendula.hu\/foglalas\/"]}]},{"@type":"ImageObject","inLanguage":"sk-SK","@id":"https:\/\/calendula.hu\/foglalas\/#primaryimage","url":"https:\/\/calendula.hu\/wp-content\/uploads\/2023\/04\/Calendula0035.jpg","contentUrl":"https:\/\/calendula.hu\/wp-content\/uploads\/2023\/04\/Calendula0035.jpg","width":1920,"height":1676},{"@type":"BreadcrumbList","@id":"https:\/\/calendula.hu\/foglalas\/#breadcrumb","itemListElement":[{"@type":"ListItem","position":1,"name":"Home","item":"https:\/\/calendula.hu\/"},{"@type":"ListItem","position":2,"name":"Foglal\u00e1s"}]},{"@type":"WebSite","@id":"https:\/\/calendula.hu\/#website","url":"https:\/\/calendula.hu\/","name":"Klinika Calendula - Siofok","description":"","potentialAction":[{"@type":"SearchAction","target":{"@type":"EntryPoint","urlTemplate":"https:\/\/calendula.hu\/?s={search_term_string}"},"query-input":{"@type":"PropertyValueSpecification","valueRequired":true,"valueName":"search_term_string"}}],"inLanguage":"sk-SK"}]}},"_links":{"self":[{"href":"https:\/\/calendula.hu\/sk\/wp-json\/wp\/v2\/pages\/3676","targetHints":{"allow":["GET"]}}],"collection":[{"href":"https:\/\/calendula.hu\/sk\/wp-json\/wp\/v2\/pages"}],"about":[{"href":"https:\/\/calendula.hu\/sk\/wp-json\/wp\/v2\/types\/page"}],"author":[{"embeddable":true,"href":"https:\/\/calendula.hu\/sk\/wp-json\/wp\/v2\/users\/9"}],"replies":[{"embeddable":true,"href":"https:\/\/calendula.hu\/sk\/wp-json\/wp\/v2\/comments?post=3676"}],"version-history":[{"count":37,"href":"https:\/\/calendula.hu\/sk\/wp-json\/wp\/v2\/pages\/3676\/revisions"}],"predecessor-version":[{"id":8940,"href":"https:\/\/calendula.hu\/sk\/wp-json\/wp\/v2\/pages\/3676\/revisions\/8940"}],"wp:featuredmedia":[{"embeddable":true,"href":"https:\/\/calendula.hu\/sk\/wp-json\/wp\/v2\/media\/6059"}],"wp:attachment":[{"href":"https:\/\/calendula.hu\/sk\/wp-json\/wp\/v2\/media?parent=3676"}],"curies":[{"name":"wp","href":"https:\/\/api.w.org\/{rel}","templated":true}]}}