{"id":9690,"date":"2025-09-25T14:58:20","date_gmt":"2025-09-25T12:58:20","guid":{"rendered":"https:\/\/calendula.hu\/?page_id=9690"},"modified":"2026-01-26T16:11:36","modified_gmt":"2026-01-26T15:11:36","slug":"feliratkozas","status":"publish","type":"page","link":"https:\/\/calendula.hu\/sk\/feliratkozas\/","title":{"rendered":"Prihl\u00e1si\u0165 sa na"},"content":{"rendered":"<div data-elementor-type=\"wp-page\" data-elementor-id=\"9690\" class=\"elementor elementor-9690\" data-elementor-post-type=\"page\">\n\t\t\t\t\t\t<section class=\"elementor-section elementor-top-section elementor-element elementor-element-74bef35 elementor-section-full_width elementor-section-height-default elementor-section-height-default\" data-id=\"74bef35\" data-element_type=\"section\" data-e-type=\"section\">\n\t\t\t\t\t\t<div class=\"elementor-container elementor-column-gap-no\">\n\t\t\t\t\t<div class=\"elementor-column elementor-col-100 elementor-top-column elementor-element elementor-element-55fedf7\" data-id=\"55fedf7\" data-element_type=\"column\" data-e-type=\"column\">\n\t\t\t<div class=\"elementor-widget-wrap elementor-element-populated\">\n\t\t\t\t\t\t<div class=\"elementor-element elementor-element-9302405 elementor-align-left e-transform e-transform elementor-widget elementor-widget-pages-banner\" data-id=\"9302405\" data-element_type=\"widget\" data-e-type=\"widget\" data-settings=\"{&quot;_transform_translateX_effect&quot;:{&quot;unit&quot;:&quot;px&quot;,&quot;size&quot;:1,&quot;sizes&quot;:[]},&quot;_transform_translateY_effect&quot;:{&quot;unit&quot;:&quot;px&quot;,&quot;size&quot;:1,&quot;sizes&quot;:[]},&quot;_transform_scale_effect&quot;:{&quot;unit&quot;:&quot;px&quot;,&quot;size&quot;:1,&quot;sizes&quot;:[]},&quot;_transform_translateX_effect_tablet&quot;:{&quot;unit&quot;:&quot;px&quot;,&quot;size&quot;:&quot;&quot;,&quot;sizes&quot;:[]},&quot;_transform_translateX_effect_mobile&quot;:{&quot;unit&quot;:&quot;px&quot;,&quot;size&quot;:&quot;&quot;,&quot;sizes&quot;:[]},&quot;_transform_translateY_effect_tablet&quot;:{&quot;unit&quot;:&quot;px&quot;,&quot;size&quot;:&quot;&quot;,&quot;sizes&quot;:[]},&quot;_transform_translateY_effect_mobile&quot;:{&quot;unit&quot;:&quot;px&quot;,&quot;size&quot;:&quot;&quot;,&quot;sizes&quot;:[]},&quot;_transform_scale_effect_tablet&quot;:{&quot;unit&quot;:&quot;px&quot;,&quot;size&quot;:&quot;&quot;,&quot;sizes&quot;:[]},&quot;_transform_scale_effect_mobile&quot;:{&quot;unit&quot;:&quot;px&quot;,&quot;size&quot;:&quot;&quot;,&quot;sizes&quot;:[]}}\" data-widget_type=\"pages-banner.default\">\n\t\t\t\t<div class=\"elementor-widget-container\">\n\t\t\t\t\t\r\n\t\t\t\t<div class=\"banner-header section-padding valign bg-img bg-fixed\" data-overlay-dark=\"4\" data-background=\"https:\/\/calendula.hu\/wp-content\/uploads\/2023\/04\/Calendula0007.jpg\">\r\n\t\t\t\t\t<div class=\"container\">\r\n\t\t\t\t<div class=\"row\">\r\n\t\t\t\t\t<div class=\"col-md-12 caption mt-90\">\r\n\t\t\t\t\t\t\t\t\t\t\t\t<h5>Tegy\u00e9l t\u00f6bbet eg\u00e9szs\u00e9ged\u00e9rt term\u00e9szetes \u00faton!<\/h5>\r\n\t\t\t\t\t\t\t\t\t\t\t\t\t\t\t\t\t\t<h1>Feliratkoz\u00f3k\u00e9nt hasznos \u00fatmutat\u00f3kat, szezon\u00e1lis eg\u00e9szs\u00e9gtippeket \u00e9s exkluz\u00edv  aj\u00e1nlatokat k\u00fcld\u00fcnk neked.<\/h1>\r\n\t\t\t\t\t\t\t\t\t\t\t<\/div>\r\n\t\t\t\t<\/div>\r\n\t\t\t<\/div>\r\n\t\t<\/div>\r\n\r\n\t\t\t\t\t<\/div>\n\t\t\t\t<\/div>\n\t\t\t\t\t<\/div>\n\t\t<\/div>\n\t\t\t\t\t<\/div>\n\t\t<\/section>\n\t\t\t\t<section class=\"elementor-section elementor-top-section elementor-element elementor-element-352f026 elementor-section-full_width elementor-section-height-default elementor-section-height-default\" data-id=\"352f026\" data-element_type=\"section\" data-e-type=\"section\" data-settings=\"{&quot;background_background&quot;:&quot;classic&quot;}\">\n\t\t\t\t\t\t<div class=\"elementor-container elementor-column-gap-no\">\n\t\t\t\t\t<div class=\"elementor-column elementor-col-100 elementor-top-column elementor-element elementor-element-96e7b42 newsletter-form\" data-id=\"96e7b42\" data-element_type=\"column\" data-e-type=\"column\">\n\t\t\t<div class=\"elementor-widget-wrap elementor-element-populated\">\n\t\t\t\t\t\t<div class=\"elementor-element elementor-element-41eda93 elementor-widget elementor-widget-heading\" data-id=\"41eda93\" data-element_type=\"widget\" data-e-type=\"widget\" data-widget_type=\"heading.default\">\n\t\t\t\t<div class=\"elementor-widget-container\">\n\t\t\t\t\t<h2 class=\"elementor-heading-title elementor-size-default\">Iratkozzon fel a h\u00edrlevel\u00fcnkre, hogy els\u0151k\u00e9nt  <br \/>\n\u00e9rtes\u00fclj\u00f6n a kiemelt aj\u00e1nlatainkr\u00f3l!\n\n<\/h2>\t\t\t\t<\/div>\n\t\t\t\t<\/div>\n\t\t\t\t\t<\/div>\n\t\t<\/div>\n\t\t\t\t\t<\/div>\n\t\t<\/section>\n\t\t\t\t<section class=\"elementor-section elementor-top-section elementor-element elementor-element-8c12172 elementor-section-full_width elementor-section-height-default elementor-section-height-default\" data-id=\"8c12172\" data-element_type=\"section\" data-e-type=\"section\" data-settings=\"{&quot;background_background&quot;:&quot;classic&quot;}\">\n\t\t\t\t\t\t<div class=\"elementor-container elementor-column-gap-no\">\n\t\t\t\t\t<div class=\"elementor-column elementor-col-100 elementor-top-column elementor-element elementor-element-045ba10 newsletter-form\" data-id=\"045ba10\" data-element_type=\"column\" data-e-type=\"column\">\n\t\t\t<div class=\"elementor-widget-wrap elementor-element-populated\">\n\t\t\t\t\t\t<div class=\"elementor-element elementor-element-4d07458 newsletter-form elementor-widget elementor-widget-html\" data-id=\"4d07458\" data-element_type=\"widget\" data-e-type=\"widget\" data-widget_type=\"html.default\">\n\t\t\t\t<div class=\"elementor-widget-container\">\n\t\t\t\t\t<div id=\"mktr-embedded-form-container-68d513e02fcb8423c4084abe\" class=\"mktr-embedded-form-container\"  style=\"display: none\"><\/div>\t\t\t\t<\/div>\n\t\t\t\t<\/div>\n\t\t\t\t\t<\/div>\n\t\t<\/div>\n\t\t\t\t\t<\/div>\n\t\t<\/section>\n\t\t\t\t<\/div>","protected":false},"excerpt":{"rendered":"<p>Tegy\u00e9l t\u00f6bbet eg\u00e9szs\u00e9ged\u00e9rt term\u00e9szetes \u00faton! Feliratkoz\u00f3k\u00e9nt hasznos \u00fatmutat\u00f3kat, szezon\u00e1lis eg\u00e9szs\u00e9gtippeket \u00e9s exkluz\u00edv aj\u00e1nlatokat k\u00fcld\u00fcnk neked. Iratkozzon fel a h\u00edrlevel\u00fcnkre, hogy els\u0151k\u00e9nt \u00e9rtes\u00fclj\u00f6n a kiemelt aj\u00e1nlatainkr\u00f3l!<\/p>","protected":false},"author":9,"featured_media":2168,"parent":0,"menu_order":0,"comment_status":"closed","ping_status":"closed","template":"page-templates\/dark-sidebar.php","meta":{"footnotes":""},"class_list":["post-9690","page","type-page","status-publish","has-post-thumbnail","hentry"],"yoast_head":"<!-- This site is optimized with the Yoast SEO Premium plugin v19.5 (Yoast SEO v27.3) - https:\/\/yoast.com\/product\/yoast-seo-premium-wordpress\/ -->\n<title>Kapcsolatfelv\u00e9tel \u00e9s Id\u0151pontfoglal\u00e1s | Calendula Klinika<\/title>\n<meta name=\"description\" content=\"Ig\u00e9nyeljen orvosi konzult\u00e1ci\u00f3t vagy foglaljon id\u0151pontot vizsg\u00e1lataink vagy kezel\u00e9seink egyik\u00e9re. Gyors \u00e9s egyszer\u0171 id\u0151pontfoglal\u00e1s.\" \/>\n<meta name=\"robots\" content=\"index, follow, max-snippet:-1, max-image-preview:large, max-video-preview:-1\" \/>\n<link rel=\"canonical\" href=\"https:\/\/calendula.hu\/sk\/feliratkozas\/\" \/>\n<meta property=\"og:locale\" content=\"sk_SK\" \/>\n<meta property=\"og:type\" content=\"article\" \/>\n<meta property=\"og:title\" content=\"Feliratkoz\u00e1s\" \/>\n<meta property=\"og:description\" content=\"Ig\u00e9nyeljen orvosi konzult\u00e1ci\u00f3t vagy foglaljon id\u0151pontot vizsg\u00e1lataink vagy kezel\u00e9seink egyik\u00e9re. Gyors \u00e9s egyszer\u0171 id\u0151pontfoglal\u00e1s.\" \/>\n<meta property=\"og:url\" content=\"https:\/\/calendula.hu\/sk\/feliratkozas\/\" \/>\n<meta property=\"og:site_name\" content=\"Calendula Klinika - Si\u00f3fok\" \/>\n<meta property=\"article:modified_time\" content=\"2026-01-26T15:11:36+00:00\" \/>\n<meta property=\"og:image\" content=\"https:\/\/calendula.hu\/wp-content\/uploads\/2024\/10\/calendula-klinika-szembol.webp\" \/>\n\t<meta property=\"og:image:width\" content=\"1344\" \/>\n\t<meta property=\"og:image:height\" content=\"757\" \/>\n\t<meta property=\"og:image:type\" content=\"image\/webp\" \/>\n<meta name=\"twitter:card\" content=\"summary_large_image\" \/>\n<meta name=\"twitter:label1\" content=\"Predpokladan\u00fd \u010das \u010d\u00edtania\" \/>\n\t<meta name=\"twitter:data1\" content=\"1 min\u00fata\" \/>\n<script type=\"application\/ld+json\" class=\"yoast-schema-graph\">{\"@context\":\"https:\\\/\\\/schema.org\",\"@graph\":[{\"@type\":\"WebPage\",\"@id\":\"https:\\\/\\\/calendula.hu\\\/feliratkozas\\\/\",\"url\":\"https:\\\/\\\/calendula.hu\\\/feliratkozas\\\/\",\"name\":\"Kapcsolatfelv\u00e9tel \u00e9s Id\u0151pontfoglal\u00e1s | Calendula Klinika\",\"isPartOf\":{\"@id\":\"https:\\\/\\\/calendula.hu\\\/#website\"},\"primaryImageOfPage\":{\"@id\":\"https:\\\/\\\/calendula.hu\\\/feliratkozas\\\/#primaryimage\"},\"image\":{\"@id\":\"https:\\\/\\\/calendula.hu\\\/feliratkozas\\\/#primaryimage\"},\"thumbnailUrl\":\"https:\\\/\\\/calendula.hu\\\/wp-content\\\/uploads\\\/2023\\\/01\\\/CALENDULA_119_.jpg\",\"datePublished\":\"2025-09-25T12:58:20+00:00\",\"dateModified\":\"2026-01-26T15:11:36+00:00\",\"description\":\"Ig\u00e9nyeljen orvosi konzult\u00e1ci\u00f3t vagy foglaljon id\u0151pontot vizsg\u00e1lataink vagy kezel\u00e9seink egyik\u00e9re. Gyors \u00e9s egyszer\u0171 id\u0151pontfoglal\u00e1s.\",\"breadcrumb\":{\"@id\":\"https:\\\/\\\/calendula.hu\\\/feliratkozas\\\/#breadcrumb\"},\"inLanguage\":\"sk-SK\",\"potentialAction\":[{\"@type\":\"ReadAction\",\"target\":[\"https:\\\/\\\/calendula.hu\\\/feliratkozas\\\/\"]}]},{\"@type\":\"ImageObject\",\"inLanguage\":\"sk-SK\",\"@id\":\"https:\\\/\\\/calendula.hu\\\/feliratkozas\\\/#primaryimage\",\"url\":\"https:\\\/\\\/calendula.hu\\\/wp-content\\\/uploads\\\/2023\\\/01\\\/CALENDULA_119_.jpg\",\"contentUrl\":\"https:\\\/\\\/calendula.hu\\\/wp-content\\\/uploads\\\/2023\\\/01\\\/CALENDULA_119_.jpg\",\"width\":600,\"height\":600},{\"@type\":\"BreadcrumbList\",\"@id\":\"https:\\\/\\\/calendula.hu\\\/feliratkozas\\\/#breadcrumb\",\"itemListElement\":[{\"@type\":\"ListItem\",\"position\":1,\"name\":\"Home\",\"item\":\"https:\\\/\\\/calendula.hu\\\/\"},{\"@type\":\"ListItem\",\"position\":2,\"name\":\"Feliratkoz\u00e1s\"}]},{\"@type\":\"WebSite\",\"@id\":\"https:\\\/\\\/calendula.hu\\\/#website\",\"url\":\"https:\\\/\\\/calendula.hu\\\/\",\"name\":\"Calendula Klinika - Si\u00f3fok\",\"description\":\"\",\"potentialAction\":[{\"@type\":\"SearchAction\",\"target\":{\"@type\":\"EntryPoint\",\"urlTemplate\":\"https:\\\/\\\/calendula.hu\\\/?s={search_term_string}\"},\"query-input\":{\"@type\":\"PropertyValueSpecification\",\"valueRequired\":true,\"valueName\":\"search_term_string\"}}],\"inLanguage\":\"sk-SK\"}]}<\/script>\n<!-- \/ Yoast SEO Premium plugin. -->","yoast_head_json":{"title":"Kapcsolatfelv\u00e9tel \u00e9s Id\u0151pontfoglal\u00e1s | Calendula Klinika","description":"Ig\u00e9nyeljen orvosi konzult\u00e1ci\u00f3t vagy foglaljon id\u0151pontot vizsg\u00e1lataink vagy kezel\u00e9seink egyik\u00e9re. Gyors \u00e9s egyszer\u0171 id\u0151pontfoglal\u00e1s.","robots":{"index":"index","follow":"follow","max-snippet":"max-snippet:-1","max-image-preview":"max-image-preview:large","max-video-preview":"max-video-preview:-1"},"canonical":"https:\/\/calendula.hu\/sk\/feliratkozas\/","og_locale":"sk_SK","og_type":"article","og_title":"Feliratkoz\u00e1s","og_description":"Ig\u00e9nyeljen orvosi konzult\u00e1ci\u00f3t vagy foglaljon id\u0151pontot vizsg\u00e1lataink vagy kezel\u00e9seink egyik\u00e9re. Gyors \u00e9s egyszer\u0171 id\u0151pontfoglal\u00e1s.","og_url":"https:\/\/calendula.hu\/sk\/feliratkozas\/","og_site_name":"Calendula Klinika - Si\u00f3fok","article_modified_time":"2026-01-26T15:11:36+00:00","og_image":[{"width":1344,"height":757,"url":"https:\/\/calendula.hu\/wp-content\/uploads\/2024\/10\/calendula-klinika-szembol.webp","type":"image\/webp"}],"twitter_card":"summary_large_image","twitter_misc":{"Predpokladan\u00fd \u010das \u010d\u00edtania":"1 min\u00fata"},"schema":{"@context":"https:\/\/schema.org","@graph":[{"@type":"WebPage","@id":"https:\/\/calendula.hu\/feliratkozas\/","url":"https:\/\/calendula.hu\/feliratkozas\/","name":"Kapcsolatfelv\u00e9tel \u00e9s Id\u0151pontfoglal\u00e1s | Calendula Klinika","isPartOf":{"@id":"https:\/\/calendula.hu\/#website"},"primaryImageOfPage":{"@id":"https:\/\/calendula.hu\/feliratkozas\/#primaryimage"},"image":{"@id":"https:\/\/calendula.hu\/feliratkozas\/#primaryimage"},"thumbnailUrl":"https:\/\/calendula.hu\/wp-content\/uploads\/2023\/01\/CALENDULA_119_.jpg","datePublished":"2025-09-25T12:58:20+00:00","dateModified":"2026-01-26T15:11:36+00:00","description":"Ig\u00e9nyeljen orvosi konzult\u00e1ci\u00f3t vagy foglaljon id\u0151pontot vizsg\u00e1lataink vagy kezel\u00e9seink egyik\u00e9re. Gyors \u00e9s egyszer\u0171 id\u0151pontfoglal\u00e1s.","breadcrumb":{"@id":"https:\/\/calendula.hu\/feliratkozas\/#breadcrumb"},"inLanguage":"sk-SK","potentialAction":[{"@type":"ReadAction","target":["https:\/\/calendula.hu\/feliratkozas\/"]}]},{"@type":"ImageObject","inLanguage":"sk-SK","@id":"https:\/\/calendula.hu\/feliratkozas\/#primaryimage","url":"https:\/\/calendula.hu\/wp-content\/uploads\/2023\/01\/CALENDULA_119_.jpg","contentUrl":"https:\/\/calendula.hu\/wp-content\/uploads\/2023\/01\/CALENDULA_119_.jpg","width":600,"height":600},{"@type":"BreadcrumbList","@id":"https:\/\/calendula.hu\/feliratkozas\/#breadcrumb","itemListElement":[{"@type":"ListItem","position":1,"name":"Home","item":"https:\/\/calendula.hu\/"},{"@type":"ListItem","position":2,"name":"Feliratkoz\u00e1s"}]},{"@type":"WebSite","@id":"https:\/\/calendula.hu\/#website","url":"https:\/\/calendula.hu\/","name":"Klinika Calendula - Siofok","description":"","potentialAction":[{"@type":"SearchAction","target":{"@type":"EntryPoint","urlTemplate":"https:\/\/calendula.hu\/?s={search_term_string}"},"query-input":{"@type":"PropertyValueSpecification","valueRequired":true,"valueName":"search_term_string"}}],"inLanguage":"sk-SK"}]}},"_links":{"self":[{"href":"https:\/\/calendula.hu\/sk\/wp-json\/wp\/v2\/pages\/9690","targetHints":{"allow":["GET"]}}],"collection":[{"href":"https:\/\/calendula.hu\/sk\/wp-json\/wp\/v2\/pages"}],"about":[{"href":"https:\/\/calendula.hu\/sk\/wp-json\/wp\/v2\/types\/page"}],"author":[{"embeddable":true,"href":"https:\/\/calendula.hu\/sk\/wp-json\/wp\/v2\/users\/9"}],"replies":[{"embeddable":true,"href":"https:\/\/calendula.hu\/sk\/wp-json\/wp\/v2\/comments?post=9690"}],"version-history":[{"count":94,"href":"https:\/\/calendula.hu\/sk\/wp-json\/wp\/v2\/pages\/9690\/revisions"}],"predecessor-version":[{"id":11575,"href":"https:\/\/calendula.hu\/sk\/wp-json\/wp\/v2\/pages\/9690\/revisions\/11575"}],"wp:featuredmedia":[{"embeddable":true,"href":"https:\/\/calendula.hu\/sk\/wp-json\/wp\/v2\/media\/2168"}],"wp:attachment":[{"href":"https:\/\/calendula.hu\/sk\/wp-json\/wp\/v2\/media?parent=9690"}],"curies":[{"name":"wp","href":"https:\/\/api.w.org\/{rel}","templated":true}]}}